{"id":26391,"date":"2023-05-10T12:07:23","date_gmt":"2023-05-10T10:07:23","guid":{"rendered":"https:\/\/librairie7l.com\/?post_type=product&#038;p=26391"},"modified":"2026-04-18T06:09:32","modified_gmt":"2026-04-18T04:09:32","slug":"bleu-histoire-dune-couleur-2","status":"publish","type":"product","link":"https:\/\/librairie7l.com\/en\/produit\/bleu-histoire-dune-couleur-2\/","title":{"rendered":"BLEU ; HISTOIRE D&#8217;UNE COULEUR"},"content":{"rendered":"<p>Bleu L&#8217;histoire de la couleur bleue dans les soci\u00e9t\u00e9s europ\u00e9ennes est celle d&#8217;un complet renversement : pour les Grecs et les Romains, cette couleur compte peu ; elle est m\u00eame d\u00e9sagr\u00e9able \u00e0 l&#8217;oeil. Or aujourd&#8217;hui, partout en Europe, le bleu est de tr\u00e8s loin la couleur pr\u00e9f\u00e9r\u00e9e (devant le vert et le rouge).<br \/>\nL&#8217;ouvrage de Michel Pastoureau raconte l&#8217;histoire de ce renversement, en insistant sur les pratiques sociales de la couleur (\u00e9toffes et v\u00eatements, vie quotidienne, symboles) et sur sa place dans la cr\u00e9ation litt\u00e9raire et artistique, depuis les soci\u00e9t\u00e9s antiques et m\u00e9di\u00e9vales jusqu&#8217;\u00e0 l&#8217;\u00e9poque moderne. Il analyse \u00e9galement le triomphe du bleu \u00e0 l&#8217;\u00e9poque contemporaine, dresse un bilan de ses emplois et significations, et s&#8217;interroge sur son avenir.<\/p>\n","protected":false},"excerpt":{"rendered":"<p>Bleu L&#8217;histoire de la couleur bleue dans les soci\u00e9t\u00e9s europ\u00e9ennes est celle d&#8217;un complet renversement : pour les Grecs et les Romains, cette couleur compte peu ; elle est m\u00eame d\u00e9sagr\u00e9able \u00e0 l&#8217;oeil. Or aujourd&#8217;hui, partout en Europe, le bleu est de tr\u00e8s loin la couleur pr\u00e9f\u00e9r\u00e9e (devant le vert et le rouge). L&#8217;ouvrage de [&hellip;]<\/p>\n","protected":false},"featured_media":26389,"template":"","meta":[],"product_cat":[55,2948,47,2953],"product_tag":[],"acf":[],"yoast_head":"<!-- This site is optimized with the Yoast SEO plugin v20.11 - https:\/\/yoast.com\/wordpress\/plugins\/seo\/ -->\n<title>BLEU ; HISTOIRE D&#039;UNE COULEUR - Librairie 7L<\/title>\n<meta name=\"robots\" content=\"index, follow, max-snippet:-1, max-image-preview:large, max-video-preview:-1\" \/>\n<link rel=\"canonical\" href=\"https:\/\/librairie7l.com\/en\/produit\/bleu-histoire-dune-couleur-2\/\" \/>\n<meta property=\"og:locale\" content=\"en_US\" \/>\n<meta property=\"og:type\" content=\"article\" \/>\n<meta property=\"og:title\" content=\"BLEU ; HISTOIRE D&#039;UNE COULEUR - Librairie 7L\" \/>\n<meta property=\"og:description\" content=\"Bleu L&#8217;histoire de la couleur bleue dans les soci\u00e9t\u00e9s europ\u00e9ennes est celle d&#8217;un complet renversement : pour les Grecs et les Romains, cette couleur compte peu ; elle est m\u00eame d\u00e9sagr\u00e9able \u00e0 l&#8217;oeil. Or aujourd&#8217;hui, partout en Europe, le bleu est de tr\u00e8s loin la couleur pr\u00e9f\u00e9r\u00e9e (devant le vert et le rouge). L&#8217;ouvrage de [&hellip;]\" \/>\n<meta property=\"og:url\" content=\"https:\/\/librairie7l.com\/en\/produit\/bleu-histoire-dune-couleur-2\/\" \/>\n<meta property=\"og:site_name\" content=\"Librairie 7L\" \/>\n<meta property=\"article:modified_time\" content=\"2026-04-18T04:09:32+00:00\" \/>\n<meta property=\"og:image\" content=\"https:\/\/librairie7l.com\/wp-content\/uploads\/2013\/09\/9782757840016_1_75.jpg\" \/>\n\t<meta property=\"og:image:width\" content=\"1000\" \/>\n\t<meta property=\"og:image:height\" content=\"1643\" \/>\n\t<meta property=\"og:image:type\" content=\"image\/jpeg\" \/>\n<meta name=\"twitter:card\" content=\"summary_large_image\" \/>\n<meta name=\"twitter:label1\" content=\"Est. reading time\" \/>\n\t<meta name=\"twitter:data1\" content=\"1 minute\" \/>\n<script type=\"application\/ld+json\" class=\"yoast-schema-graph\">{\"@context\":\"https:\/\/schema.org\",\"@graph\":[{\"@type\":\"WebPage\",\"@id\":\"https:\/\/librairie7l.com\/en\/produit\/bleu-histoire-dune-couleur-2\/\",\"url\":\"https:\/\/librairie7l.com\/en\/produit\/bleu-histoire-dune-couleur-2\/\",\"name\":\"BLEU ; HISTOIRE D'UNE COULEUR - Librairie 7L\",\"isPartOf\":{\"@id\":\"https:\/\/librairie7l.com\/en\/#website\"},\"datePublished\":\"2023-05-10T10:07:23+00:00\",\"dateModified\":\"2026-04-18T04:09:32+00:00\",\"breadcrumb\":{\"@id\":\"https:\/\/librairie7l.com\/en\/produit\/bleu-histoire-dune-couleur-2\/#breadcrumb\"},\"inLanguage\":\"en-US\",\"potentialAction\":[{\"@type\":\"ReadAction\",\"target\":[\"https:\/\/librairie7l.com\/en\/produit\/bleu-histoire-dune-couleur-2\/\"]}]},{\"@type\":\"BreadcrumbList\",\"@id\":\"https:\/\/librairie7l.com\/en\/produit\/bleu-histoire-dune-couleur-2\/#breadcrumb\",\"itemListElement\":[{\"@type\":\"ListItem\",\"position\":1,\"name\":\"Accueil\",\"item\":\"https:\/\/librairie7l.com\/en\/\"},{\"@type\":\"ListItem\",\"position\":2,\"name\":\"Shop\",\"item\":\"https:\/\/librairie7l.com\/en\/shop\/\"},{\"@type\":\"ListItem\",\"position\":3,\"name\":\"BLEU ; HISTOIRE D&#8217;UNE COULEUR\"}]},{\"@type\":\"WebSite\",\"@id\":\"https:\/\/librairie7l.com\/en\/#website\",\"url\":\"https:\/\/librairie7l.com\/en\/\",\"name\":\"Librairie 7L\",\"description\":\"Librairie fond\u00e9e en 1999 par Karl Lagerfeld \u00e0 Paris\",\"publisher\":{\"@id\":\"https:\/\/librairie7l.com\/en\/#organization\"},\"potentialAction\":[{\"@type\":\"SearchAction\",\"target\":{\"@type\":\"EntryPoint\",\"urlTemplate\":\"https:\/\/librairie7l.com\/en\/?s={search_term_string}\"},\"query-input\":\"required name=search_term_string\"}],\"inLanguage\":\"en-US\"},{\"@type\":\"Organization\",\"@id\":\"https:\/\/librairie7l.com\/en\/#organization\",\"name\":\"Librairie 7L\",\"url\":\"https:\/\/librairie7l.com\/en\/\",\"logo\":{\"@type\":\"ImageObject\",\"inLanguage\":\"en-US\",\"@id\":\"https:\/\/librairie7l.com\/en\/#\/schema\/logo\/image\/\",\"url\":\"https:\/\/librairie7l.com\/wp-content\/uploads\/2022\/08\/logo-1.png\",\"contentUrl\":\"https:\/\/librairie7l.com\/wp-content\/uploads\/2022\/08\/logo-1.png\",\"width\":227,\"height\":301,\"caption\":\"Librairie 7L\"},\"image\":{\"@id\":\"https:\/\/librairie7l.com\/en\/#\/schema\/logo\/image\/\"}}]}<\/script>\n<!-- \/ Yoast SEO plugin. -->","yoast_head_json":{"title":"BLEU ; HISTOIRE D'UNE COULEUR - Librairie 7L","robots":{"index":"index","follow":"follow","max-snippet":"max-snippet:-1","max-image-preview":"max-image-preview:large","max-video-preview":"max-video-preview:-1"},"canonical":"https:\/\/librairie7l.com\/en\/produit\/bleu-histoire-dune-couleur-2\/","og_locale":"en_US","og_type":"article","og_title":"BLEU ; HISTOIRE D'UNE COULEUR - Librairie 7L","og_description":"Bleu L&#8217;histoire de la couleur bleue dans les soci\u00e9t\u00e9s europ\u00e9ennes est celle d&#8217;un complet renversement : pour les Grecs et les Romains, cette couleur compte peu ; elle est m\u00eame d\u00e9sagr\u00e9able \u00e0 l&#8217;oeil. Or aujourd&#8217;hui, partout en Europe, le bleu est de tr\u00e8s loin la couleur pr\u00e9f\u00e9r\u00e9e (devant le vert et le rouge). L&#8217;ouvrage de [&hellip;]","og_url":"https:\/\/librairie7l.com\/en\/produit\/bleu-histoire-dune-couleur-2\/","og_site_name":"Librairie 7L","article_modified_time":"2026-04-18T04:09:32+00:00","og_image":[{"width":1000,"height":1643,"url":"https:\/\/librairie7l.com\/wp-content\/uploads\/2013\/09\/9782757840016_1_75.jpg","type":"image\/jpeg"}],"twitter_card":"summary_large_image","twitter_misc":{"Est. reading time":"1 minute"},"schema":{"@context":"https:\/\/schema.org","@graph":[{"@type":"WebPage","@id":"https:\/\/librairie7l.com\/en\/produit\/bleu-histoire-dune-couleur-2\/","url":"https:\/\/librairie7l.com\/en\/produit\/bleu-histoire-dune-couleur-2\/","name":"BLEU ; HISTOIRE D'UNE COULEUR - Librairie 7L","isPartOf":{"@id":"https:\/\/librairie7l.com\/en\/#website"},"datePublished":"2023-05-10T10:07:23+00:00","dateModified":"2026-04-18T04:09:32+00:00","breadcrumb":{"@id":"https:\/\/librairie7l.com\/en\/produit\/bleu-histoire-dune-couleur-2\/#breadcrumb"},"inLanguage":"en-US","potentialAction":[{"@type":"ReadAction","target":["https:\/\/librairie7l.com\/en\/produit\/bleu-histoire-dune-couleur-2\/"]}]},{"@type":"BreadcrumbList","@id":"https:\/\/librairie7l.com\/en\/produit\/bleu-histoire-dune-couleur-2\/#breadcrumb","itemListElement":[{"@type":"ListItem","position":1,"name":"Accueil","item":"https:\/\/librairie7l.com\/en\/"},{"@type":"ListItem","position":2,"name":"Shop","item":"https:\/\/librairie7l.com\/en\/shop\/"},{"@type":"ListItem","position":3,"name":"BLEU ; HISTOIRE D&#8217;UNE COULEUR"}]},{"@type":"WebSite","@id":"https:\/\/librairie7l.com\/en\/#website","url":"https:\/\/librairie7l.com\/en\/","name":"Librairie 7L","description":"Librairie fond\u00e9e en 1999 par Karl Lagerfeld \u00e0 Paris","publisher":{"@id":"https:\/\/librairie7l.com\/en\/#organization"},"potentialAction":[{"@type":"SearchAction","target":{"@type":"EntryPoint","urlTemplate":"https:\/\/librairie7l.com\/en\/?s={search_term_string}"},"query-input":"required name=search_term_string"}],"inLanguage":"en-US"},{"@type":"Organization","@id":"https:\/\/librairie7l.com\/en\/#organization","name":"Librairie 7L","url":"https:\/\/librairie7l.com\/en\/","logo":{"@type":"ImageObject","inLanguage":"en-US","@id":"https:\/\/librairie7l.com\/en\/#\/schema\/logo\/image\/","url":"https:\/\/librairie7l.com\/wp-content\/uploads\/2022\/08\/logo-1.png","contentUrl":"https:\/\/librairie7l.com\/wp-content\/uploads\/2022\/08\/logo-1.png","width":227,"height":301,"caption":"Librairie 7L"},"image":{"@id":"https:\/\/librairie7l.com\/en\/#\/schema\/logo\/image\/"}}]}},"_links":{"self":[{"href":"https:\/\/librairie7l.com\/en\/wp-json\/wp\/v2\/product\/26391"}],"collection":[{"href":"https:\/\/librairie7l.com\/en\/wp-json\/wp\/v2\/product"}],"about":[{"href":"https:\/\/librairie7l.com\/en\/wp-json\/wp\/v2\/types\/product"}],"wp:featuredmedia":[{"embeddable":true,"href":"https:\/\/librairie7l.com\/en\/wp-json\/wp\/v2\/media\/26389"}],"wp:attachment":[{"href":"https:\/\/librairie7l.com\/en\/wp-json\/wp\/v2\/media?parent=26391"}],"wp:term":[{"taxonomy":"product_cat","embeddable":true,"href":"https:\/\/librairie7l.com\/en\/wp-json\/wp\/v2\/product_cat?post=26391"},{"taxonomy":"product_tag","embeddable":true,"href":"https:\/\/librairie7l.com\/en\/wp-json\/wp\/v2\/product_tag?post=26391"}],"curies":[{"name":"wp","href":"https:\/\/api.w.org\/{rel}","templated":true}]}}