{"id":26399,"date":"2023-05-10T12:07:34","date_gmt":"2023-05-10T10:07:34","guid":{"rendered":"https:\/\/librairie7l.com\/?post_type=product&#038;p=26399"},"modified":"2026-04-07T21:22:25","modified_gmt":"2026-04-07T19:22:25","slug":"le-garde-manger-ideal-100-recettes-indispensables-pour-tout-cuisiner-transfor","status":"publish","type":"product","link":"https:\/\/librairie7l.com\/en\/produit\/le-garde-manger-ideal-100-recettes-indispensables-pour-tout-cuisiner-transfor\/","title":{"rendered":"LE GARDE-MANGER ID\u00c9AL : 100 RECETTES INDISPENSABLES POUR TOUT CUISINER, TRANSFORMER, CONSERVER"},"content":{"rendered":"<p>\u00c0 l&#8217;\u00e8re du tout industriel et du suremballage, Le Grand Garde-manger de 180 \u00b0C vous invite \u00e0 limiter votre impact environnemental, faire des \u00e9conomies, et reprendre en main le contenu de votre assiette, pour devenir (presque) 100 % autonome en cuisine ! Objectifs : plus de go\u00fbt, moins d&#8217;emballages, et la satisfaction de savoir concocter des pr\u00e9parations traditionnelles dont beaucoup ont disparu des livres de cuisine.<br \/>\nGr\u00e2ce \u00e0 des explications pr\u00e9cises et des recettes illustr\u00e9es, vous apprendrez \u00e0 \u00e9laborer vous-m\u00eame les diff\u00e9rents produits de votre garde-manger, ainsi qu&#8217;\u00e0 les conserver durablement, pour dire stop au g\u00e2chis. De la tapenade aux sardines \u00e0 l&#8217;huile, de la p\u00e2te \u00e0 tartiner au th\u00e9 glac\u00e9, en passant par la moutarde, le ketchup ou la chapelure, le fait maison n&#8217;aura plus de secrets pour vous !<\/p>\n","protected":false},"excerpt":{"rendered":"<p>\u00c0 l&#8217;\u00e8re du tout industriel et du suremballage, Le Grand Garde-manger de 180 \u00b0C vous invite \u00e0 limiter votre impact environnemental, faire des \u00e9conomies, et reprendre en main le contenu de votre assiette, pour devenir (presque) 100 % autonome en cuisine ! Objectifs : plus de go\u00fbt, moins d&#8217;emballages, et la satisfaction de savoir concocter [&hellip;]<\/p>\n","protected":false},"featured_media":26397,"template":"","meta":[],"product_cat":[55,2948,2956,23],"product_tag":[],"acf":[],"yoast_head":"<!-- This site is optimized with the Yoast SEO plugin v20.11 - https:\/\/yoast.com\/wordpress\/plugins\/seo\/ -->\n<title>LE GARDE-MANGER ID\u00c9AL : 100 RECETTES INDISPENSABLES POUR TOUT CUISINER, TRANSFORMER, CONSERVER - Librairie 7L<\/title>\n<meta name=\"robots\" content=\"index, follow, max-snippet:-1, max-image-preview:large, max-video-preview:-1\" \/>\n<link rel=\"canonical\" href=\"https:\/\/librairie7l.com\/en\/produit\/le-garde-manger-ideal-100-recettes-indispensables-pour-tout-cuisiner-transfor\/\" \/>\n<meta property=\"og:locale\" content=\"en_US\" \/>\n<meta property=\"og:type\" content=\"article\" \/>\n<meta property=\"og:title\" content=\"LE GARDE-MANGER ID\u00c9AL : 100 RECETTES INDISPENSABLES POUR TOUT CUISINER, TRANSFORMER, CONSERVER - Librairie 7L\" \/>\n<meta property=\"og:description\" content=\"\u00c0 l&#8217;\u00e8re du tout industriel et du suremballage, Le Grand Garde-manger de 180 \u00b0C vous invite \u00e0 limiter votre impact environnemental, faire des \u00e9conomies, et reprendre en main le contenu de votre assiette, pour devenir (presque) 100 % autonome en cuisine ! Objectifs : plus de go\u00fbt, moins d&#8217;emballages, et la satisfaction de savoir concocter [&hellip;]\" \/>\n<meta property=\"og:url\" content=\"https:\/\/librairie7l.com\/en\/produit\/le-garde-manger-ideal-100-recettes-indispensables-pour-tout-cuisiner-transfor\/\" \/>\n<meta property=\"og:site_name\" content=\"Librairie 7L\" \/>\n<meta property=\"article:modified_time\" content=\"2026-04-07T19:22:25+00:00\" \/>\n<meta property=\"og:image\" content=\"https:\/\/librairie7l.com\/wp-content\/uploads\/2022\/05\/9791092254921_1_75.jpg\" \/>\n\t<meta property=\"og:image:width\" content=\"599\" \/>\n\t<meta property=\"og:image:height\" content=\"800\" \/>\n\t<meta property=\"og:image:type\" content=\"image\/jpeg\" \/>\n<meta name=\"twitter:card\" content=\"summary_large_image\" \/>\n<meta name=\"twitter:label1\" content=\"Est. reading time\" \/>\n\t<meta name=\"twitter:data1\" content=\"1 minute\" \/>\n<script type=\"application\/ld+json\" class=\"yoast-schema-graph\">{\"@context\":\"https:\/\/schema.org\",\"@graph\":[{\"@type\":\"WebPage\",\"@id\":\"https:\/\/librairie7l.com\/en\/produit\/le-garde-manger-ideal-100-recettes-indispensables-pour-tout-cuisiner-transfor\/\",\"url\":\"https:\/\/librairie7l.com\/en\/produit\/le-garde-manger-ideal-100-recettes-indispensables-pour-tout-cuisiner-transfor\/\",\"name\":\"LE GARDE-MANGER ID\u00c9AL : 100 RECETTES INDISPENSABLES POUR TOUT CUISINER, TRANSFORMER, CONSERVER - Librairie 7L\",\"isPartOf\":{\"@id\":\"https:\/\/librairie7l.com\/en\/#website\"},\"datePublished\":\"2023-05-10T10:07:34+00:00\",\"dateModified\":\"2026-04-07T19:22:25+00:00\",\"breadcrumb\":{\"@id\":\"https:\/\/librairie7l.com\/en\/produit\/le-garde-manger-ideal-100-recettes-indispensables-pour-tout-cuisiner-transfor\/#breadcrumb\"},\"inLanguage\":\"en-US\",\"potentialAction\":[{\"@type\":\"ReadAction\",\"target\":[\"https:\/\/librairie7l.com\/en\/produit\/le-garde-manger-ideal-100-recettes-indispensables-pour-tout-cuisiner-transfor\/\"]}]},{\"@type\":\"BreadcrumbList\",\"@id\":\"https:\/\/librairie7l.com\/en\/produit\/le-garde-manger-ideal-100-recettes-indispensables-pour-tout-cuisiner-transfor\/#breadcrumb\",\"itemListElement\":[{\"@type\":\"ListItem\",\"position\":1,\"name\":\"Accueil\",\"item\":\"https:\/\/librairie7l.com\/en\/\"},{\"@type\":\"ListItem\",\"position\":2,\"name\":\"Shop\",\"item\":\"https:\/\/librairie7l.com\/en\/shop\/\"},{\"@type\":\"ListItem\",\"position\":3,\"name\":\"LE GARDE-MANGER ID\u00c9AL : 100 RECETTES INDISPENSABLES POUR TOUT CUISINER, TRANSFORMER, CONSERVER\"}]},{\"@type\":\"WebSite\",\"@id\":\"https:\/\/librairie7l.com\/en\/#website\",\"url\":\"https:\/\/librairie7l.com\/en\/\",\"name\":\"Librairie 7L\",\"description\":\"Librairie fond\u00e9e en 1999 par Karl Lagerfeld \u00e0 Paris\",\"publisher\":{\"@id\":\"https:\/\/librairie7l.com\/en\/#organization\"},\"potentialAction\":[{\"@type\":\"SearchAction\",\"target\":{\"@type\":\"EntryPoint\",\"urlTemplate\":\"https:\/\/librairie7l.com\/en\/?s={search_term_string}\"},\"query-input\":\"required name=search_term_string\"}],\"inLanguage\":\"en-US\"},{\"@type\":\"Organization\",\"@id\":\"https:\/\/librairie7l.com\/en\/#organization\",\"name\":\"Librairie 7L\",\"url\":\"https:\/\/librairie7l.com\/en\/\",\"logo\":{\"@type\":\"ImageObject\",\"inLanguage\":\"en-US\",\"@id\":\"https:\/\/librairie7l.com\/en\/#\/schema\/logo\/image\/\",\"url\":\"https:\/\/librairie7l.com\/wp-content\/uploads\/2022\/08\/logo-1.png\",\"contentUrl\":\"https:\/\/librairie7l.com\/wp-content\/uploads\/2022\/08\/logo-1.png\",\"width\":227,\"height\":301,\"caption\":\"Librairie 7L\"},\"image\":{\"@id\":\"https:\/\/librairie7l.com\/en\/#\/schema\/logo\/image\/\"}}]}<\/script>\n<!-- \/ Yoast SEO plugin. -->","yoast_head_json":{"title":"LE GARDE-MANGER ID\u00c9AL : 100 RECETTES INDISPENSABLES POUR TOUT CUISINER, TRANSFORMER, CONSERVER - Librairie 7L","robots":{"index":"index","follow":"follow","max-snippet":"max-snippet:-1","max-image-preview":"max-image-preview:large","max-video-preview":"max-video-preview:-1"},"canonical":"https:\/\/librairie7l.com\/en\/produit\/le-garde-manger-ideal-100-recettes-indispensables-pour-tout-cuisiner-transfor\/","og_locale":"en_US","og_type":"article","og_title":"LE GARDE-MANGER ID\u00c9AL : 100 RECETTES INDISPENSABLES POUR TOUT CUISINER, TRANSFORMER, CONSERVER - Librairie 7L","og_description":"\u00c0 l&#8217;\u00e8re du tout industriel et du suremballage, Le Grand Garde-manger de 180 \u00b0C vous invite \u00e0 limiter votre impact environnemental, faire des \u00e9conomies, et reprendre en main le contenu de votre assiette, pour devenir (presque) 100 % autonome en cuisine ! Objectifs : plus de go\u00fbt, moins d&#8217;emballages, et la satisfaction de savoir concocter [&hellip;]","og_url":"https:\/\/librairie7l.com\/en\/produit\/le-garde-manger-ideal-100-recettes-indispensables-pour-tout-cuisiner-transfor\/","og_site_name":"Librairie 7L","article_modified_time":"2026-04-07T19:22:25+00:00","og_image":[{"width":599,"height":800,"url":"https:\/\/librairie7l.com\/wp-content\/uploads\/2022\/05\/9791092254921_1_75.jpg","type":"image\/jpeg"}],"twitter_card":"summary_large_image","twitter_misc":{"Est. reading time":"1 minute"},"schema":{"@context":"https:\/\/schema.org","@graph":[{"@type":"WebPage","@id":"https:\/\/librairie7l.com\/en\/produit\/le-garde-manger-ideal-100-recettes-indispensables-pour-tout-cuisiner-transfor\/","url":"https:\/\/librairie7l.com\/en\/produit\/le-garde-manger-ideal-100-recettes-indispensables-pour-tout-cuisiner-transfor\/","name":"LE GARDE-MANGER ID\u00c9AL : 100 RECETTES INDISPENSABLES POUR TOUT CUISINER, TRANSFORMER, CONSERVER - Librairie 7L","isPartOf":{"@id":"https:\/\/librairie7l.com\/en\/#website"},"datePublished":"2023-05-10T10:07:34+00:00","dateModified":"2026-04-07T19:22:25+00:00","breadcrumb":{"@id":"https:\/\/librairie7l.com\/en\/produit\/le-garde-manger-ideal-100-recettes-indispensables-pour-tout-cuisiner-transfor\/#breadcrumb"},"inLanguage":"en-US","potentialAction":[{"@type":"ReadAction","target":["https:\/\/librairie7l.com\/en\/produit\/le-garde-manger-ideal-100-recettes-indispensables-pour-tout-cuisiner-transfor\/"]}]},{"@type":"BreadcrumbList","@id":"https:\/\/librairie7l.com\/en\/produit\/le-garde-manger-ideal-100-recettes-indispensables-pour-tout-cuisiner-transfor\/#breadcrumb","itemListElement":[{"@type":"ListItem","position":1,"name":"Accueil","item":"https:\/\/librairie7l.com\/en\/"},{"@type":"ListItem","position":2,"name":"Shop","item":"https:\/\/librairie7l.com\/en\/shop\/"},{"@type":"ListItem","position":3,"name":"LE GARDE-MANGER ID\u00c9AL : 100 RECETTES INDISPENSABLES POUR TOUT CUISINER, TRANSFORMER, CONSERVER"}]},{"@type":"WebSite","@id":"https:\/\/librairie7l.com\/en\/#website","url":"https:\/\/librairie7l.com\/en\/","name":"Librairie 7L","description":"Librairie fond\u00e9e en 1999 par Karl Lagerfeld \u00e0 Paris","publisher":{"@id":"https:\/\/librairie7l.com\/en\/#organization"},"potentialAction":[{"@type":"SearchAction","target":{"@type":"EntryPoint","urlTemplate":"https:\/\/librairie7l.com\/en\/?s={search_term_string}"},"query-input":"required name=search_term_string"}],"inLanguage":"en-US"},{"@type":"Organization","@id":"https:\/\/librairie7l.com\/en\/#organization","name":"Librairie 7L","url":"https:\/\/librairie7l.com\/en\/","logo":{"@type":"ImageObject","inLanguage":"en-US","@id":"https:\/\/librairie7l.com\/en\/#\/schema\/logo\/image\/","url":"https:\/\/librairie7l.com\/wp-content\/uploads\/2022\/08\/logo-1.png","contentUrl":"https:\/\/librairie7l.com\/wp-content\/uploads\/2022\/08\/logo-1.png","width":227,"height":301,"caption":"Librairie 7L"},"image":{"@id":"https:\/\/librairie7l.com\/en\/#\/schema\/logo\/image\/"}}]}},"_links":{"self":[{"href":"https:\/\/librairie7l.com\/en\/wp-json\/wp\/v2\/product\/26399"}],"collection":[{"href":"https:\/\/librairie7l.com\/en\/wp-json\/wp\/v2\/product"}],"about":[{"href":"https:\/\/librairie7l.com\/en\/wp-json\/wp\/v2\/types\/product"}],"wp:featuredmedia":[{"embeddable":true,"href":"https:\/\/librairie7l.com\/en\/wp-json\/wp\/v2\/media\/26397"}],"wp:attachment":[{"href":"https:\/\/librairie7l.com\/en\/wp-json\/wp\/v2\/media?parent=26399"}],"wp:term":[{"taxonomy":"product_cat","embeddable":true,"href":"https:\/\/librairie7l.com\/en\/wp-json\/wp\/v2\/product_cat?post=26399"},{"taxonomy":"product_tag","embeddable":true,"href":"https:\/\/librairie7l.com\/en\/wp-json\/wp\/v2\/product_tag?post=26399"}],"curies":[{"name":"wp","href":"https:\/\/api.w.org\/{rel}","templated":true}]}}