{"id":26411,"date":"2023-05-10T12:07:50","date_gmt":"2023-05-10T10:07:50","guid":{"rendered":"https:\/\/librairie7l.com\/?post_type=product&#038;p=26411"},"modified":"2026-04-07T19:38:08","modified_gmt":"2026-04-07T17:38:08","slug":"arbres-des-racines-aux-feuilles","status":"publish","type":"product","link":"https:\/\/librairie7l.com\/en\/produit\/arbres-des-racines-aux-feuilles\/","title":{"rendered":"ARBRES : DES RACINES AUX FEUILLES"},"content":{"rendered":"<p>Les arbres sont \u00abnos muses, nos protecteurs et nos compagnons silencieux\u00bb, ils nous nourrissent, nous abritent, nous inspirent et nous gu\u00e9rissent.Paul Smith c\u00e9l\u00e8bre la vitalit\u00e9, l&#8217;incroyable force de r\u00e9silience et les surprenantes capacit\u00e9s de symbiose des arbres, selon le cycle de vie &#8211; graines, feuilles, forme, \u00e9corce, bois, fleurs et fruits. Au fil des pages, les illustrations nous plongent au coeur de l&#8217;anatomie de ces grands \u00eatres, dans toute leur diversit\u00e9 et les sch\u00e9mas et photographies mat\u00e9rialisent leur pr\u00e9sence dans nos vies et leur r\u00f4le au sein des cultures humaines au cours des si\u00e8cles.<\/p>\n","protected":false},"excerpt":{"rendered":"<p>Les arbres sont \u00abnos muses, nos protecteurs et nos compagnons silencieux\u00bb, ils nous nourrissent, nous abritent, nous inspirent et nous gu\u00e9rissent.Paul Smith c\u00e9l\u00e8bre la vitalit\u00e9, l&#8217;incroyable force de r\u00e9silience et les surprenantes capacit\u00e9s de symbiose des arbres, selon le cycle de vie &#8211; graines, feuilles, forme, \u00e9corce, bois, fleurs et fruits. Au fil des pages, [&hellip;]<\/p>\n","protected":false},"featured_media":26409,"template":"","meta":[],"product_cat":[55,2948,2956,23],"product_tag":[],"acf":[],"yoast_head":"<!-- This site is optimized with the Yoast SEO plugin v20.11 - https:\/\/yoast.com\/wordpress\/plugins\/seo\/ -->\n<title>ARBRES : DES RACINES AUX FEUILLES - Librairie 7L<\/title>\n<meta name=\"robots\" content=\"index, follow, max-snippet:-1, max-image-preview:large, max-video-preview:-1\" \/>\n<link rel=\"canonical\" href=\"https:\/\/librairie7l.com\/en\/produit\/arbres-des-racines-aux-feuilles\/\" \/>\n<meta property=\"og:locale\" content=\"en_US\" \/>\n<meta property=\"og:type\" content=\"article\" \/>\n<meta property=\"og:title\" content=\"ARBRES : DES RACINES AUX FEUILLES - Librairie 7L\" \/>\n<meta property=\"og:description\" content=\"Les arbres sont \u00abnos muses, nos protecteurs et nos compagnons silencieux\u00bb, ils nous nourrissent, nous abritent, nous inspirent et nous gu\u00e9rissent.Paul Smith c\u00e9l\u00e8bre la vitalit\u00e9, l&#8217;incroyable force de r\u00e9silience et les surprenantes capacit\u00e9s de symbiose des arbres, selon le cycle de vie &#8211; graines, feuilles, forme, \u00e9corce, bois, fleurs et fruits. Au fil des pages, [&hellip;]\" \/>\n<meta property=\"og:url\" content=\"https:\/\/librairie7l.com\/en\/produit\/arbres-des-racines-aux-feuilles\/\" \/>\n<meta property=\"og:site_name\" content=\"Librairie 7L\" \/>\n<meta property=\"article:modified_time\" content=\"2026-04-07T17:38:08+00:00\" \/>\n<meta property=\"og:image\" content=\"https:\/\/librairie7l.com\/wp-content\/uploads\/2022\/07\/9782080283863_1_75.jpg\" \/>\n\t<meta property=\"og:image:width\" content=\"600\" \/>\n\t<meta property=\"og:image:height\" content=\"737\" \/>\n\t<meta property=\"og:image:type\" content=\"image\/jpeg\" \/>\n<meta name=\"twitter:card\" content=\"summary_large_image\" \/>\n<meta name=\"twitter:label1\" content=\"Est. reading time\" \/>\n\t<meta name=\"twitter:data1\" content=\"1 minute\" \/>\n<script type=\"application\/ld+json\" class=\"yoast-schema-graph\">{\"@context\":\"https:\/\/schema.org\",\"@graph\":[{\"@type\":\"WebPage\",\"@id\":\"https:\/\/librairie7l.com\/en\/produit\/arbres-des-racines-aux-feuilles\/\",\"url\":\"https:\/\/librairie7l.com\/en\/produit\/arbres-des-racines-aux-feuilles\/\",\"name\":\"ARBRES : DES RACINES AUX FEUILLES - Librairie 7L\",\"isPartOf\":{\"@id\":\"https:\/\/librairie7l.com\/en\/#website\"},\"datePublished\":\"2023-05-10T10:07:50+00:00\",\"dateModified\":\"2026-04-07T17:38:08+00:00\",\"breadcrumb\":{\"@id\":\"https:\/\/librairie7l.com\/en\/produit\/arbres-des-racines-aux-feuilles\/#breadcrumb\"},\"inLanguage\":\"en-US\",\"potentialAction\":[{\"@type\":\"ReadAction\",\"target\":[\"https:\/\/librairie7l.com\/en\/produit\/arbres-des-racines-aux-feuilles\/\"]}]},{\"@type\":\"BreadcrumbList\",\"@id\":\"https:\/\/librairie7l.com\/en\/produit\/arbres-des-racines-aux-feuilles\/#breadcrumb\",\"itemListElement\":[{\"@type\":\"ListItem\",\"position\":1,\"name\":\"Accueil\",\"item\":\"https:\/\/librairie7l.com\/en\/\"},{\"@type\":\"ListItem\",\"position\":2,\"name\":\"Shop\",\"item\":\"https:\/\/librairie7l.com\/en\/shop\/\"},{\"@type\":\"ListItem\",\"position\":3,\"name\":\"ARBRES : DES RACINES AUX FEUILLES\"}]},{\"@type\":\"WebSite\",\"@id\":\"https:\/\/librairie7l.com\/en\/#website\",\"url\":\"https:\/\/librairie7l.com\/en\/\",\"name\":\"Librairie 7L\",\"description\":\"Librairie fond\u00e9e en 1999 par Karl Lagerfeld \u00e0 Paris\",\"publisher\":{\"@id\":\"https:\/\/librairie7l.com\/en\/#organization\"},\"potentialAction\":[{\"@type\":\"SearchAction\",\"target\":{\"@type\":\"EntryPoint\",\"urlTemplate\":\"https:\/\/librairie7l.com\/en\/?s={search_term_string}\"},\"query-input\":\"required name=search_term_string\"}],\"inLanguage\":\"en-US\"},{\"@type\":\"Organization\",\"@id\":\"https:\/\/librairie7l.com\/en\/#organization\",\"name\":\"Librairie 7L\",\"url\":\"https:\/\/librairie7l.com\/en\/\",\"logo\":{\"@type\":\"ImageObject\",\"inLanguage\":\"en-US\",\"@id\":\"https:\/\/librairie7l.com\/en\/#\/schema\/logo\/image\/\",\"url\":\"https:\/\/librairie7l.com\/wp-content\/uploads\/2022\/08\/logo-1.png\",\"contentUrl\":\"https:\/\/librairie7l.com\/wp-content\/uploads\/2022\/08\/logo-1.png\",\"width\":227,\"height\":301,\"caption\":\"Librairie 7L\"},\"image\":{\"@id\":\"https:\/\/librairie7l.com\/en\/#\/schema\/logo\/image\/\"}}]}<\/script>\n<!-- \/ Yoast SEO plugin. -->","yoast_head_json":{"title":"ARBRES : DES RACINES AUX FEUILLES - Librairie 7L","robots":{"index":"index","follow":"follow","max-snippet":"max-snippet:-1","max-image-preview":"max-image-preview:large","max-video-preview":"max-video-preview:-1"},"canonical":"https:\/\/librairie7l.com\/en\/produit\/arbres-des-racines-aux-feuilles\/","og_locale":"en_US","og_type":"article","og_title":"ARBRES : DES RACINES AUX FEUILLES - Librairie 7L","og_description":"Les arbres sont \u00abnos muses, nos protecteurs et nos compagnons silencieux\u00bb, ils nous nourrissent, nous abritent, nous inspirent et nous gu\u00e9rissent.Paul Smith c\u00e9l\u00e8bre la vitalit\u00e9, l&#8217;incroyable force de r\u00e9silience et les surprenantes capacit\u00e9s de symbiose des arbres, selon le cycle de vie &#8211; graines, feuilles, forme, \u00e9corce, bois, fleurs et fruits. Au fil des pages, [&hellip;]","og_url":"https:\/\/librairie7l.com\/en\/produit\/arbres-des-racines-aux-feuilles\/","og_site_name":"Librairie 7L","article_modified_time":"2026-04-07T17:38:08+00:00","og_image":[{"width":600,"height":737,"url":"https:\/\/librairie7l.com\/wp-content\/uploads\/2022\/07\/9782080283863_1_75.jpg","type":"image\/jpeg"}],"twitter_card":"summary_large_image","twitter_misc":{"Est. reading time":"1 minute"},"schema":{"@context":"https:\/\/schema.org","@graph":[{"@type":"WebPage","@id":"https:\/\/librairie7l.com\/en\/produit\/arbres-des-racines-aux-feuilles\/","url":"https:\/\/librairie7l.com\/en\/produit\/arbres-des-racines-aux-feuilles\/","name":"ARBRES : DES RACINES AUX FEUILLES - Librairie 7L","isPartOf":{"@id":"https:\/\/librairie7l.com\/en\/#website"},"datePublished":"2023-05-10T10:07:50+00:00","dateModified":"2026-04-07T17:38:08+00:00","breadcrumb":{"@id":"https:\/\/librairie7l.com\/en\/produit\/arbres-des-racines-aux-feuilles\/#breadcrumb"},"inLanguage":"en-US","potentialAction":[{"@type":"ReadAction","target":["https:\/\/librairie7l.com\/en\/produit\/arbres-des-racines-aux-feuilles\/"]}]},{"@type":"BreadcrumbList","@id":"https:\/\/librairie7l.com\/en\/produit\/arbres-des-racines-aux-feuilles\/#breadcrumb","itemListElement":[{"@type":"ListItem","position":1,"name":"Accueil","item":"https:\/\/librairie7l.com\/en\/"},{"@type":"ListItem","position":2,"name":"Shop","item":"https:\/\/librairie7l.com\/en\/shop\/"},{"@type":"ListItem","position":3,"name":"ARBRES : DES RACINES AUX FEUILLES"}]},{"@type":"WebSite","@id":"https:\/\/librairie7l.com\/en\/#website","url":"https:\/\/librairie7l.com\/en\/","name":"Librairie 7L","description":"Librairie fond\u00e9e en 1999 par Karl Lagerfeld \u00e0 Paris","publisher":{"@id":"https:\/\/librairie7l.com\/en\/#organization"},"potentialAction":[{"@type":"SearchAction","target":{"@type":"EntryPoint","urlTemplate":"https:\/\/librairie7l.com\/en\/?s={search_term_string}"},"query-input":"required name=search_term_string"}],"inLanguage":"en-US"},{"@type":"Organization","@id":"https:\/\/librairie7l.com\/en\/#organization","name":"Librairie 7L","url":"https:\/\/librairie7l.com\/en\/","logo":{"@type":"ImageObject","inLanguage":"en-US","@id":"https:\/\/librairie7l.com\/en\/#\/schema\/logo\/image\/","url":"https:\/\/librairie7l.com\/wp-content\/uploads\/2022\/08\/logo-1.png","contentUrl":"https:\/\/librairie7l.com\/wp-content\/uploads\/2022\/08\/logo-1.png","width":227,"height":301,"caption":"Librairie 7L"},"image":{"@id":"https:\/\/librairie7l.com\/en\/#\/schema\/logo\/image\/"}}]}},"_links":{"self":[{"href":"https:\/\/librairie7l.com\/en\/wp-json\/wp\/v2\/product\/26411"}],"collection":[{"href":"https:\/\/librairie7l.com\/en\/wp-json\/wp\/v2\/product"}],"about":[{"href":"https:\/\/librairie7l.com\/en\/wp-json\/wp\/v2\/types\/product"}],"wp:featuredmedia":[{"embeddable":true,"href":"https:\/\/librairie7l.com\/en\/wp-json\/wp\/v2\/media\/26409"}],"wp:attachment":[{"href":"https:\/\/librairie7l.com\/en\/wp-json\/wp\/v2\/media?parent=26411"}],"wp:term":[{"taxonomy":"product_cat","embeddable":true,"href":"https:\/\/librairie7l.com\/en\/wp-json\/wp\/v2\/product_cat?post=26411"},{"taxonomy":"product_tag","embeddable":true,"href":"https:\/\/librairie7l.com\/en\/wp-json\/wp\/v2\/product_tag?post=26411"}],"curies":[{"name":"wp","href":"https:\/\/api.w.org\/{rel}","templated":true}]}}