{"id":26415,"date":"2023-05-10T12:08:04","date_gmt":"2023-05-10T10:08:04","guid":{"rendered":"https:\/\/librairie7l.com\/?post_type=product&#038;p=26415"},"modified":"2026-04-16T22:46:20","modified_gmt":"2026-04-16T20:46:20","slug":"sexus-botanicus-volupte-vegetale-excentricite-organique-orgie-florale","status":"publish","type":"product","link":"https:\/\/librairie7l.com\/en\/produit\/sexus-botanicus-volupte-vegetale-excentricite-organique-orgie-florale\/","title":{"rendered":"SEXUS BOTANICUS : VOLUPT\u00c9 V\u00c9G\u00c9TALE, EXCENTRICIT\u00c9 ORGANIQUE, ORGIE FLORALE&#8230;"},"content":{"rendered":"<p>\u00abImaginez que pour mettre au monde un enfant, vous ayez besoin de faire appel au vent, \u00e0 l&#8217;eau, au feu ou \u00e0 une autre nature que la v\u00f4tre. Comme si vous demandiez \u00e0 un arbre d&#8217;apporter jusqu&#8217;\u00e0 vous l&#8217;\u00e9lu de votre coeur! Comme si le v\u00e9g\u00e9tal devenait le lien d&#8217;une union fructueuse entre vous et l&#8217;autre&#8230; Les plantes sont partout autour de nous et nous posons sur elles un regard tant\u00f4t distrait, tant\u00f4t \u00e9merveill\u00e9, sans soup\u00e7onner l&#8217;activit\u00e9 incessante qui r\u00e8gne derri\u00e8re leur relative immobilit\u00e9.\u00bbDes relations symbiotiques entre flore et faune, en passant par les tromperies et autres jeux de dupe, le mutualisme, l&#8217;influence des milieux et de l&#8217;\u00e9volution, Joanne Anton nous fait d\u00e9couvrir une vie sexuelle v\u00e9g\u00e9tale d\u00e9bordante d&#8217;inventivit\u00e9, voire d&#8217;excentricit\u00e9 pour les mammif\u00e8res que nous sommes. \u00c0 observer de plus pr\u00e8s la sexualit\u00e9 flamboyante des plantes qui savent se faire aimer par tant d&#8217;animaux, comment ne pas \u00eatre s\u00e9duit?<\/p>\n","protected":false},"excerpt":{"rendered":"<p>\u00abImaginez que pour mettre au monde un enfant, vous ayez besoin de faire appel au vent, \u00e0 l&#8217;eau, au feu ou \u00e0 une autre nature que la v\u00f4tre. Comme si vous demandiez \u00e0 un arbre d&#8217;apporter jusqu&#8217;\u00e0 vous l&#8217;\u00e9lu de votre coeur! Comme si le v\u00e9g\u00e9tal devenait le lien d&#8217;une union fructueuse entre vous et [&hellip;]<\/p>\n","protected":false},"featured_media":26413,"template":"","meta":[],"product_cat":[55,2948,2956,23],"product_tag":[],"acf":[],"yoast_head":"<!-- This site is optimized with the Yoast SEO plugin v20.11 - https:\/\/yoast.com\/wordpress\/plugins\/seo\/ -->\n<title>SEXUS BOTANICUS : VOLUPT\u00c9 V\u00c9G\u00c9TALE, EXCENTRICIT\u00c9 ORGANIQUE, ORGIE FLORALE... - Librairie 7L<\/title>\n<meta name=\"robots\" content=\"index, follow, max-snippet:-1, max-image-preview:large, max-video-preview:-1\" \/>\n<link rel=\"canonical\" href=\"https:\/\/librairie7l.com\/en\/produit\/sexus-botanicus-volupte-vegetale-excentricite-organique-orgie-florale\/\" \/>\n<meta property=\"og:locale\" content=\"en_US\" \/>\n<meta property=\"og:type\" content=\"article\" \/>\n<meta property=\"og:title\" content=\"SEXUS BOTANICUS : VOLUPT\u00c9 V\u00c9G\u00c9TALE, EXCENTRICIT\u00c9 ORGANIQUE, ORGIE FLORALE... - Librairie 7L\" \/>\n<meta property=\"og:description\" content=\"\u00abImaginez que pour mettre au monde un enfant, vous ayez besoin de faire appel au vent, \u00e0 l&#8217;eau, au feu ou \u00e0 une autre nature que la v\u00f4tre. Comme si vous demandiez \u00e0 un arbre d&#8217;apporter jusqu&#8217;\u00e0 vous l&#8217;\u00e9lu de votre coeur! Comme si le v\u00e9g\u00e9tal devenait le lien d&#8217;une union fructueuse entre vous et [&hellip;]\" \/>\n<meta property=\"og:url\" content=\"https:\/\/librairie7l.com\/en\/produit\/sexus-botanicus-volupte-vegetale-excentricite-organique-orgie-florale\/\" \/>\n<meta property=\"og:site_name\" content=\"Librairie 7L\" \/>\n<meta property=\"article:modified_time\" content=\"2026-04-16T20:46:20+00:00\" \/>\n<meta property=\"og:image\" content=\"https:\/\/librairie7l.com\/wp-content\/uploads\/2022\/07\/9782081515505_1_75.jpg\" \/>\n\t<meta property=\"og:image:width\" content=\"600\" \/>\n\t<meta property=\"og:image:height\" content=\"783\" \/>\n\t<meta property=\"og:image:type\" content=\"image\/jpeg\" \/>\n<meta name=\"twitter:card\" content=\"summary_large_image\" \/>\n<meta name=\"twitter:label1\" content=\"Est. reading time\" \/>\n\t<meta name=\"twitter:data1\" content=\"1 minute\" \/>\n<script type=\"application\/ld+json\" class=\"yoast-schema-graph\">{\"@context\":\"https:\/\/schema.org\",\"@graph\":[{\"@type\":\"WebPage\",\"@id\":\"https:\/\/librairie7l.com\/en\/produit\/sexus-botanicus-volupte-vegetale-excentricite-organique-orgie-florale\/\",\"url\":\"https:\/\/librairie7l.com\/en\/produit\/sexus-botanicus-volupte-vegetale-excentricite-organique-orgie-florale\/\",\"name\":\"SEXUS BOTANICUS : VOLUPT\u00c9 V\u00c9G\u00c9TALE, EXCENTRICIT\u00c9 ORGANIQUE, ORGIE FLORALE... - Librairie 7L\",\"isPartOf\":{\"@id\":\"https:\/\/librairie7l.com\/en\/#website\"},\"datePublished\":\"2023-05-10T10:08:04+00:00\",\"dateModified\":\"2026-04-16T20:46:20+00:00\",\"breadcrumb\":{\"@id\":\"https:\/\/librairie7l.com\/en\/produit\/sexus-botanicus-volupte-vegetale-excentricite-organique-orgie-florale\/#breadcrumb\"},\"inLanguage\":\"en-US\",\"potentialAction\":[{\"@type\":\"ReadAction\",\"target\":[\"https:\/\/librairie7l.com\/en\/produit\/sexus-botanicus-volupte-vegetale-excentricite-organique-orgie-florale\/\"]}]},{\"@type\":\"BreadcrumbList\",\"@id\":\"https:\/\/librairie7l.com\/en\/produit\/sexus-botanicus-volupte-vegetale-excentricite-organique-orgie-florale\/#breadcrumb\",\"itemListElement\":[{\"@type\":\"ListItem\",\"position\":1,\"name\":\"Accueil\",\"item\":\"https:\/\/librairie7l.com\/en\/\"},{\"@type\":\"ListItem\",\"position\":2,\"name\":\"Shop\",\"item\":\"https:\/\/librairie7l.com\/en\/shop\/\"},{\"@type\":\"ListItem\",\"position\":3,\"name\":\"SEXUS BOTANICUS : VOLUPT\u00c9 V\u00c9G\u00c9TALE, EXCENTRICIT\u00c9 ORGANIQUE, ORGIE FLORALE&#8230;\"}]},{\"@type\":\"WebSite\",\"@id\":\"https:\/\/librairie7l.com\/en\/#website\",\"url\":\"https:\/\/librairie7l.com\/en\/\",\"name\":\"Librairie 7L\",\"description\":\"Librairie fond\u00e9e en 1999 par Karl Lagerfeld \u00e0 Paris\",\"publisher\":{\"@id\":\"https:\/\/librairie7l.com\/en\/#organization\"},\"potentialAction\":[{\"@type\":\"SearchAction\",\"target\":{\"@type\":\"EntryPoint\",\"urlTemplate\":\"https:\/\/librairie7l.com\/en\/?s={search_term_string}\"},\"query-input\":\"required name=search_term_string\"}],\"inLanguage\":\"en-US\"},{\"@type\":\"Organization\",\"@id\":\"https:\/\/librairie7l.com\/en\/#organization\",\"name\":\"Librairie 7L\",\"url\":\"https:\/\/librairie7l.com\/en\/\",\"logo\":{\"@type\":\"ImageObject\",\"inLanguage\":\"en-US\",\"@id\":\"https:\/\/librairie7l.com\/en\/#\/schema\/logo\/image\/\",\"url\":\"https:\/\/librairie7l.com\/wp-content\/uploads\/2022\/08\/logo-1.png\",\"contentUrl\":\"https:\/\/librairie7l.com\/wp-content\/uploads\/2022\/08\/logo-1.png\",\"width\":227,\"height\":301,\"caption\":\"Librairie 7L\"},\"image\":{\"@id\":\"https:\/\/librairie7l.com\/en\/#\/schema\/logo\/image\/\"}}]}<\/script>\n<!-- \/ Yoast SEO plugin. -->","yoast_head_json":{"title":"SEXUS BOTANICUS : VOLUPT\u00c9 V\u00c9G\u00c9TALE, EXCENTRICIT\u00c9 ORGANIQUE, ORGIE FLORALE... - Librairie 7L","robots":{"index":"index","follow":"follow","max-snippet":"max-snippet:-1","max-image-preview":"max-image-preview:large","max-video-preview":"max-video-preview:-1"},"canonical":"https:\/\/librairie7l.com\/en\/produit\/sexus-botanicus-volupte-vegetale-excentricite-organique-orgie-florale\/","og_locale":"en_US","og_type":"article","og_title":"SEXUS BOTANICUS : VOLUPT\u00c9 V\u00c9G\u00c9TALE, EXCENTRICIT\u00c9 ORGANIQUE, ORGIE FLORALE... - Librairie 7L","og_description":"\u00abImaginez que pour mettre au monde un enfant, vous ayez besoin de faire appel au vent, \u00e0 l&#8217;eau, au feu ou \u00e0 une autre nature que la v\u00f4tre. Comme si vous demandiez \u00e0 un arbre d&#8217;apporter jusqu&#8217;\u00e0 vous l&#8217;\u00e9lu de votre coeur! Comme si le v\u00e9g\u00e9tal devenait le lien d&#8217;une union fructueuse entre vous et [&hellip;]","og_url":"https:\/\/librairie7l.com\/en\/produit\/sexus-botanicus-volupte-vegetale-excentricite-organique-orgie-florale\/","og_site_name":"Librairie 7L","article_modified_time":"2026-04-16T20:46:20+00:00","og_image":[{"width":600,"height":783,"url":"https:\/\/librairie7l.com\/wp-content\/uploads\/2022\/07\/9782081515505_1_75.jpg","type":"image\/jpeg"}],"twitter_card":"summary_large_image","twitter_misc":{"Est. reading time":"1 minute"},"schema":{"@context":"https:\/\/schema.org","@graph":[{"@type":"WebPage","@id":"https:\/\/librairie7l.com\/en\/produit\/sexus-botanicus-volupte-vegetale-excentricite-organique-orgie-florale\/","url":"https:\/\/librairie7l.com\/en\/produit\/sexus-botanicus-volupte-vegetale-excentricite-organique-orgie-florale\/","name":"SEXUS BOTANICUS : VOLUPT\u00c9 V\u00c9G\u00c9TALE, EXCENTRICIT\u00c9 ORGANIQUE, ORGIE FLORALE... - Librairie 7L","isPartOf":{"@id":"https:\/\/librairie7l.com\/en\/#website"},"datePublished":"2023-05-10T10:08:04+00:00","dateModified":"2026-04-16T20:46:20+00:00","breadcrumb":{"@id":"https:\/\/librairie7l.com\/en\/produit\/sexus-botanicus-volupte-vegetale-excentricite-organique-orgie-florale\/#breadcrumb"},"inLanguage":"en-US","potentialAction":[{"@type":"ReadAction","target":["https:\/\/librairie7l.com\/en\/produit\/sexus-botanicus-volupte-vegetale-excentricite-organique-orgie-florale\/"]}]},{"@type":"BreadcrumbList","@id":"https:\/\/librairie7l.com\/en\/produit\/sexus-botanicus-volupte-vegetale-excentricite-organique-orgie-florale\/#breadcrumb","itemListElement":[{"@type":"ListItem","position":1,"name":"Accueil","item":"https:\/\/librairie7l.com\/en\/"},{"@type":"ListItem","position":2,"name":"Shop","item":"https:\/\/librairie7l.com\/en\/shop\/"},{"@type":"ListItem","position":3,"name":"SEXUS BOTANICUS : VOLUPT\u00c9 V\u00c9G\u00c9TALE, EXCENTRICIT\u00c9 ORGANIQUE, ORGIE FLORALE&#8230;"}]},{"@type":"WebSite","@id":"https:\/\/librairie7l.com\/en\/#website","url":"https:\/\/librairie7l.com\/en\/","name":"Librairie 7L","description":"Librairie fond\u00e9e en 1999 par Karl Lagerfeld \u00e0 Paris","publisher":{"@id":"https:\/\/librairie7l.com\/en\/#organization"},"potentialAction":[{"@type":"SearchAction","target":{"@type":"EntryPoint","urlTemplate":"https:\/\/librairie7l.com\/en\/?s={search_term_string}"},"query-input":"required name=search_term_string"}],"inLanguage":"en-US"},{"@type":"Organization","@id":"https:\/\/librairie7l.com\/en\/#organization","name":"Librairie 7L","url":"https:\/\/librairie7l.com\/en\/","logo":{"@type":"ImageObject","inLanguage":"en-US","@id":"https:\/\/librairie7l.com\/en\/#\/schema\/logo\/image\/","url":"https:\/\/librairie7l.com\/wp-content\/uploads\/2022\/08\/logo-1.png","contentUrl":"https:\/\/librairie7l.com\/wp-content\/uploads\/2022\/08\/logo-1.png","width":227,"height":301,"caption":"Librairie 7L"},"image":{"@id":"https:\/\/librairie7l.com\/en\/#\/schema\/logo\/image\/"}}]}},"_links":{"self":[{"href":"https:\/\/librairie7l.com\/en\/wp-json\/wp\/v2\/product\/26415"}],"collection":[{"href":"https:\/\/librairie7l.com\/en\/wp-json\/wp\/v2\/product"}],"about":[{"href":"https:\/\/librairie7l.com\/en\/wp-json\/wp\/v2\/types\/product"}],"wp:featuredmedia":[{"embeddable":true,"href":"https:\/\/librairie7l.com\/en\/wp-json\/wp\/v2\/media\/26413"}],"wp:attachment":[{"href":"https:\/\/librairie7l.com\/en\/wp-json\/wp\/v2\/media?parent=26415"}],"wp:term":[{"taxonomy":"product_cat","embeddable":true,"href":"https:\/\/librairie7l.com\/en\/wp-json\/wp\/v2\/product_cat?post=26415"},{"taxonomy":"product_tag","embeddable":true,"href":"https:\/\/librairie7l.com\/en\/wp-json\/wp\/v2\/product_tag?post=26415"}],"curies":[{"name":"wp","href":"https:\/\/api.w.org\/{rel}","templated":true}]}}