{"id":26419,"date":"2023-05-10T12:08:11","date_gmt":"2023-05-10T10:08:11","guid":{"rendered":"https:\/\/librairie7l.com\/?post_type=product&#038;p=26419"},"modified":"2026-04-07T11:06:10","modified_gmt":"2026-04-07T09:06:10","slug":"oceans-explorer-le-monde-marin","status":"publish","type":"product","link":"https:\/\/librairie7l.com\/en\/produit\/oceans-explorer-le-monde-marin\/","title":{"rendered":"OC\u00c9ANS : EXPLORER LE MONDE MARIN"},"content":{"rendered":"<p>Les mers et les oc\u00e9ans du monde en images \u00e0 travers l&#8217;art, l&#8217;histoire, l&#8217;oc\u00e9anographie, la biologie marine et la culture.<\/p>\n<p>Dernier volet de la collection \u00ab Explorer \u00bb, Oc\u00e9ans embarque le lecteur dans un voyage \u00e0 travers les continents et les cultures \u00e0 la d\u00e9couverte des multiples oeuvres r\u00e9alis\u00e9es par les artistes et les cr\u00e9ateurs d&#8217;images inspir\u00e9es du monde marin. Pr\u00e9sentant la diversit\u00e9 des oc\u00e9ans du globe, au-dessus et en dessous de la surface des vagues, ce panorama couvre un large \u00e9ventail de styles et de techniques, des illustrations scientifiques aux sculptures en passant par les photographies sous-marine, la vid\u00e9o et les textiles, et adopte une progression visuellement \u00e9tonnante avec des oeuvres qui, ind\u00e9pendamment de toute chronologie, sont judicieusement associ\u00e9es pour offrir des comparaisons int\u00e9ressantes et r\u00e9v\u00e9latrices.<\/p>\n","protected":false},"excerpt":{"rendered":"<p>Les mers et les oc\u00e9ans du monde en images \u00e0 travers l&#8217;art, l&#8217;histoire, l&#8217;oc\u00e9anographie, la biologie marine et la culture. Dernier volet de la collection \u00ab Explorer \u00bb, Oc\u00e9ans embarque le lecteur dans un voyage \u00e0 travers les continents et les cultures \u00e0 la d\u00e9couverte des multiples oeuvres r\u00e9alis\u00e9es par les artistes et les cr\u00e9ateurs [&hellip;]<\/p>\n","protected":false},"featured_media":26417,"template":"","meta":[],"product_cat":[55,2948,2956,23],"product_tag":[],"acf":[],"yoast_head":"<!-- This site is optimized with the Yoast SEO plugin v20.11 - https:\/\/yoast.com\/wordpress\/plugins\/seo\/ -->\n<title>OC\u00c9ANS : EXPLORER LE MONDE MARIN - Librairie 7L<\/title>\n<meta name=\"robots\" content=\"index, follow, max-snippet:-1, max-image-preview:large, max-video-preview:-1\" \/>\n<link rel=\"canonical\" href=\"https:\/\/librairie7l.com\/en\/produit\/oceans-explorer-le-monde-marin\/\" \/>\n<meta property=\"og:locale\" content=\"en_US\" \/>\n<meta property=\"og:type\" content=\"article\" \/>\n<meta property=\"og:title\" content=\"OC\u00c9ANS : EXPLORER LE MONDE MARIN - Librairie 7L\" \/>\n<meta property=\"og:description\" content=\"Les mers et les oc\u00e9ans du monde en images \u00e0 travers l&#8217;art, l&#8217;histoire, l&#8217;oc\u00e9anographie, la biologie marine et la culture. Dernier volet de la collection \u00ab Explorer \u00bb, Oc\u00e9ans embarque le lecteur dans un voyage \u00e0 travers les continents et les cultures \u00e0 la d\u00e9couverte des multiples oeuvres r\u00e9alis\u00e9es par les artistes et les cr\u00e9ateurs [&hellip;]\" \/>\n<meta property=\"og:url\" content=\"https:\/\/librairie7l.com\/en\/produit\/oceans-explorer-le-monde-marin\/\" \/>\n<meta property=\"og:site_name\" content=\"Librairie 7L\" \/>\n<meta property=\"article:modified_time\" content=\"2026-04-07T09:06:10+00:00\" \/>\n<meta property=\"og:image\" content=\"https:\/\/librairie7l.com\/wp-content\/uploads\/2022\/06\/9781838665760_1_75.jpg\" \/>\n\t<meta property=\"og:image:width\" content=\"600\" \/>\n\t<meta property=\"og:image:height\" content=\"800\" \/>\n\t<meta property=\"og:image:type\" content=\"image\/jpeg\" \/>\n<meta name=\"twitter:card\" content=\"summary_large_image\" \/>\n<meta name=\"twitter:label1\" content=\"Est. reading time\" \/>\n\t<meta name=\"twitter:data1\" content=\"1 minute\" \/>\n<script type=\"application\/ld+json\" class=\"yoast-schema-graph\">{\"@context\":\"https:\/\/schema.org\",\"@graph\":[{\"@type\":\"WebPage\",\"@id\":\"https:\/\/librairie7l.com\/en\/produit\/oceans-explorer-le-monde-marin\/\",\"url\":\"https:\/\/librairie7l.com\/en\/produit\/oceans-explorer-le-monde-marin\/\",\"name\":\"OC\u00c9ANS : EXPLORER LE MONDE MARIN - Librairie 7L\",\"isPartOf\":{\"@id\":\"https:\/\/librairie7l.com\/en\/#website\"},\"datePublished\":\"2023-05-10T10:08:11+00:00\",\"dateModified\":\"2026-04-07T09:06:10+00:00\",\"breadcrumb\":{\"@id\":\"https:\/\/librairie7l.com\/en\/produit\/oceans-explorer-le-monde-marin\/#breadcrumb\"},\"inLanguage\":\"en-US\",\"potentialAction\":[{\"@type\":\"ReadAction\",\"target\":[\"https:\/\/librairie7l.com\/en\/produit\/oceans-explorer-le-monde-marin\/\"]}]},{\"@type\":\"BreadcrumbList\",\"@id\":\"https:\/\/librairie7l.com\/en\/produit\/oceans-explorer-le-monde-marin\/#breadcrumb\",\"itemListElement\":[{\"@type\":\"ListItem\",\"position\":1,\"name\":\"Accueil\",\"item\":\"https:\/\/librairie7l.com\/en\/\"},{\"@type\":\"ListItem\",\"position\":2,\"name\":\"Shop\",\"item\":\"https:\/\/librairie7l.com\/en\/shop\/\"},{\"@type\":\"ListItem\",\"position\":3,\"name\":\"OC\u00c9ANS : EXPLORER LE MONDE MARIN\"}]},{\"@type\":\"WebSite\",\"@id\":\"https:\/\/librairie7l.com\/en\/#website\",\"url\":\"https:\/\/librairie7l.com\/en\/\",\"name\":\"Librairie 7L\",\"description\":\"Librairie fond\u00e9e en 1999 par Karl Lagerfeld \u00e0 Paris\",\"publisher\":{\"@id\":\"https:\/\/librairie7l.com\/en\/#organization\"},\"potentialAction\":[{\"@type\":\"SearchAction\",\"target\":{\"@type\":\"EntryPoint\",\"urlTemplate\":\"https:\/\/librairie7l.com\/en\/?s={search_term_string}\"},\"query-input\":\"required name=search_term_string\"}],\"inLanguage\":\"en-US\"},{\"@type\":\"Organization\",\"@id\":\"https:\/\/librairie7l.com\/en\/#organization\",\"name\":\"Librairie 7L\",\"url\":\"https:\/\/librairie7l.com\/en\/\",\"logo\":{\"@type\":\"ImageObject\",\"inLanguage\":\"en-US\",\"@id\":\"https:\/\/librairie7l.com\/en\/#\/schema\/logo\/image\/\",\"url\":\"https:\/\/librairie7l.com\/wp-content\/uploads\/2022\/08\/logo-1.png\",\"contentUrl\":\"https:\/\/librairie7l.com\/wp-content\/uploads\/2022\/08\/logo-1.png\",\"width\":227,\"height\":301,\"caption\":\"Librairie 7L\"},\"image\":{\"@id\":\"https:\/\/librairie7l.com\/en\/#\/schema\/logo\/image\/\"}}]}<\/script>\n<!-- \/ Yoast SEO plugin. -->","yoast_head_json":{"title":"OC\u00c9ANS : EXPLORER LE MONDE MARIN - Librairie 7L","robots":{"index":"index","follow":"follow","max-snippet":"max-snippet:-1","max-image-preview":"max-image-preview:large","max-video-preview":"max-video-preview:-1"},"canonical":"https:\/\/librairie7l.com\/en\/produit\/oceans-explorer-le-monde-marin\/","og_locale":"en_US","og_type":"article","og_title":"OC\u00c9ANS : EXPLORER LE MONDE MARIN - Librairie 7L","og_description":"Les mers et les oc\u00e9ans du monde en images \u00e0 travers l&#8217;art, l&#8217;histoire, l&#8217;oc\u00e9anographie, la biologie marine et la culture. Dernier volet de la collection \u00ab Explorer \u00bb, Oc\u00e9ans embarque le lecteur dans un voyage \u00e0 travers les continents et les cultures \u00e0 la d\u00e9couverte des multiples oeuvres r\u00e9alis\u00e9es par les artistes et les cr\u00e9ateurs [&hellip;]","og_url":"https:\/\/librairie7l.com\/en\/produit\/oceans-explorer-le-monde-marin\/","og_site_name":"Librairie 7L","article_modified_time":"2026-04-07T09:06:10+00:00","og_image":[{"width":600,"height":800,"url":"https:\/\/librairie7l.com\/wp-content\/uploads\/2022\/06\/9781838665760_1_75.jpg","type":"image\/jpeg"}],"twitter_card":"summary_large_image","twitter_misc":{"Est. reading time":"1 minute"},"schema":{"@context":"https:\/\/schema.org","@graph":[{"@type":"WebPage","@id":"https:\/\/librairie7l.com\/en\/produit\/oceans-explorer-le-monde-marin\/","url":"https:\/\/librairie7l.com\/en\/produit\/oceans-explorer-le-monde-marin\/","name":"OC\u00c9ANS : EXPLORER LE MONDE MARIN - Librairie 7L","isPartOf":{"@id":"https:\/\/librairie7l.com\/en\/#website"},"datePublished":"2023-05-10T10:08:11+00:00","dateModified":"2026-04-07T09:06:10+00:00","breadcrumb":{"@id":"https:\/\/librairie7l.com\/en\/produit\/oceans-explorer-le-monde-marin\/#breadcrumb"},"inLanguage":"en-US","potentialAction":[{"@type":"ReadAction","target":["https:\/\/librairie7l.com\/en\/produit\/oceans-explorer-le-monde-marin\/"]}]},{"@type":"BreadcrumbList","@id":"https:\/\/librairie7l.com\/en\/produit\/oceans-explorer-le-monde-marin\/#breadcrumb","itemListElement":[{"@type":"ListItem","position":1,"name":"Accueil","item":"https:\/\/librairie7l.com\/en\/"},{"@type":"ListItem","position":2,"name":"Shop","item":"https:\/\/librairie7l.com\/en\/shop\/"},{"@type":"ListItem","position":3,"name":"OC\u00c9ANS : EXPLORER LE MONDE MARIN"}]},{"@type":"WebSite","@id":"https:\/\/librairie7l.com\/en\/#website","url":"https:\/\/librairie7l.com\/en\/","name":"Librairie 7L","description":"Librairie fond\u00e9e en 1999 par Karl Lagerfeld \u00e0 Paris","publisher":{"@id":"https:\/\/librairie7l.com\/en\/#organization"},"potentialAction":[{"@type":"SearchAction","target":{"@type":"EntryPoint","urlTemplate":"https:\/\/librairie7l.com\/en\/?s={search_term_string}"},"query-input":"required name=search_term_string"}],"inLanguage":"en-US"},{"@type":"Organization","@id":"https:\/\/librairie7l.com\/en\/#organization","name":"Librairie 7L","url":"https:\/\/librairie7l.com\/en\/","logo":{"@type":"ImageObject","inLanguage":"en-US","@id":"https:\/\/librairie7l.com\/en\/#\/schema\/logo\/image\/","url":"https:\/\/librairie7l.com\/wp-content\/uploads\/2022\/08\/logo-1.png","contentUrl":"https:\/\/librairie7l.com\/wp-content\/uploads\/2022\/08\/logo-1.png","width":227,"height":301,"caption":"Librairie 7L"},"image":{"@id":"https:\/\/librairie7l.com\/en\/#\/schema\/logo\/image\/"}}]}},"_links":{"self":[{"href":"https:\/\/librairie7l.com\/en\/wp-json\/wp\/v2\/product\/26419"}],"collection":[{"href":"https:\/\/librairie7l.com\/en\/wp-json\/wp\/v2\/product"}],"about":[{"href":"https:\/\/librairie7l.com\/en\/wp-json\/wp\/v2\/types\/product"}],"wp:featuredmedia":[{"embeddable":true,"href":"https:\/\/librairie7l.com\/en\/wp-json\/wp\/v2\/media\/26417"}],"wp:attachment":[{"href":"https:\/\/librairie7l.com\/en\/wp-json\/wp\/v2\/media?parent=26419"}],"wp:term":[{"taxonomy":"product_cat","embeddable":true,"href":"https:\/\/librairie7l.com\/en\/wp-json\/wp\/v2\/product_cat?post=26419"},{"taxonomy":"product_tag","embeddable":true,"href":"https:\/\/librairie7l.com\/en\/wp-json\/wp\/v2\/product_tag?post=26419"}],"curies":[{"name":"wp","href":"https:\/\/api.w.org\/{rel}","templated":true}]}}