{"id":26423,"date":"2023-05-10T12:08:16","date_gmt":"2023-05-10T10:08:16","guid":{"rendered":"https:\/\/librairie7l.com\/?post_type=product&#038;p=26423"},"modified":"2026-04-17T14:11:03","modified_gmt":"2026-04-17T12:11:03","slug":"journal-russe","status":"publish","type":"product","link":"https:\/\/librairie7l.com\/en\/produit\/journal-russe\/","title":{"rendered":"JOURNAL RUSSE"},"content":{"rendered":"<p>En 1947, John Steinbeck et Robert Capa voyagent quarante jours en URSS, de Moscou \u00e0 Stalingrad en passant par la G\u00e9orgie et l&#8217;Ukraine pour un reportage destin\u00e9 au New York Herald Tribune.Ce journal traduit par Philippe Jaworski, est pour la premi\u00e8re fois publi\u00e9 en fran\u00e7ais, dans son int\u00e9gralit\u00e9 avec les photographies de Capa.<\/p>\n","protected":false},"excerpt":{"rendered":"<p>En 1947, John Steinbeck et Robert Capa voyagent quarante jours en URSS, de Moscou \u00e0 Stalingrad en passant par la G\u00e9orgie et l&#8217;Ukraine pour un reportage destin\u00e9 au New York Herald Tribune.Ce journal traduit par Philippe Jaworski, est pour la premi\u00e8re fois publi\u00e9 en fran\u00e7ais, dans son int\u00e9gralit\u00e9 avec les photographies de Capa.<\/p>\n","protected":false},"featured_media":26421,"template":"","meta":[],"product_cat":[55,2948,2958,17],"product_tag":[],"acf":[],"yoast_head":"<!-- This site is optimized with the Yoast SEO plugin v20.11 - https:\/\/yoast.com\/wordpress\/plugins\/seo\/ -->\n<title>JOURNAL RUSSE - Librairie 7L<\/title>\n<meta name=\"robots\" content=\"index, follow, max-snippet:-1, max-image-preview:large, max-video-preview:-1\" \/>\n<link rel=\"canonical\" href=\"https:\/\/librairie7l.com\/en\/produit\/journal-russe\/\" \/>\n<meta property=\"og:locale\" content=\"en_US\" \/>\n<meta property=\"og:type\" content=\"article\" \/>\n<meta property=\"og:title\" content=\"JOURNAL RUSSE - Librairie 7L\" \/>\n<meta property=\"og:description\" content=\"En 1947, John Steinbeck et Robert Capa voyagent quarante jours en URSS, de Moscou \u00e0 Stalingrad en passant par la G\u00e9orgie et l&#8217;Ukraine pour un reportage destin\u00e9 au New York Herald Tribune.Ce journal traduit par Philippe Jaworski, est pour la premi\u00e8re fois publi\u00e9 en fran\u00e7ais, dans son int\u00e9gralit\u00e9 avec les photographies de Capa.\" \/>\n<meta property=\"og:url\" content=\"https:\/\/librairie7l.com\/en\/produit\/journal-russe\/\" \/>\n<meta property=\"og:site_name\" content=\"Librairie 7L\" \/>\n<meta property=\"article:modified_time\" content=\"2026-04-17T12:11:03+00:00\" \/>\n<meta property=\"og:image\" content=\"https:\/\/librairie7l.com\/wp-content\/uploads\/2022\/03\/9782072966484_1_75.jpg\" \/>\n\t<meta property=\"og:image:width\" content=\"600\" \/>\n\t<meta property=\"og:image:height\" content=\"758\" \/>\n\t<meta property=\"og:image:type\" content=\"image\/jpeg\" \/>\n<meta name=\"twitter:card\" content=\"summary_large_image\" \/>\n<script type=\"application\/ld+json\" class=\"yoast-schema-graph\">{\"@context\":\"https:\/\/schema.org\",\"@graph\":[{\"@type\":\"WebPage\",\"@id\":\"https:\/\/librairie7l.com\/en\/produit\/journal-russe\/\",\"url\":\"https:\/\/librairie7l.com\/en\/produit\/journal-russe\/\",\"name\":\"JOURNAL RUSSE - Librairie 7L\",\"isPartOf\":{\"@id\":\"https:\/\/librairie7l.com\/en\/#website\"},\"datePublished\":\"2023-05-10T10:08:16+00:00\",\"dateModified\":\"2026-04-17T12:11:03+00:00\",\"breadcrumb\":{\"@id\":\"https:\/\/librairie7l.com\/en\/produit\/journal-russe\/#breadcrumb\"},\"inLanguage\":\"en-US\",\"potentialAction\":[{\"@type\":\"ReadAction\",\"target\":[\"https:\/\/librairie7l.com\/en\/produit\/journal-russe\/\"]}]},{\"@type\":\"BreadcrumbList\",\"@id\":\"https:\/\/librairie7l.com\/en\/produit\/journal-russe\/#breadcrumb\",\"itemListElement\":[{\"@type\":\"ListItem\",\"position\":1,\"name\":\"Accueil\",\"item\":\"https:\/\/librairie7l.com\/en\/\"},{\"@type\":\"ListItem\",\"position\":2,\"name\":\"Shop\",\"item\":\"https:\/\/librairie7l.com\/en\/shop\/\"},{\"@type\":\"ListItem\",\"position\":3,\"name\":\"JOURNAL RUSSE\"}]},{\"@type\":\"WebSite\",\"@id\":\"https:\/\/librairie7l.com\/en\/#website\",\"url\":\"https:\/\/librairie7l.com\/en\/\",\"name\":\"Librairie 7L\",\"description\":\"Librairie fond\u00e9e en 1999 par Karl Lagerfeld \u00e0 Paris\",\"publisher\":{\"@id\":\"https:\/\/librairie7l.com\/en\/#organization\"},\"potentialAction\":[{\"@type\":\"SearchAction\",\"target\":{\"@type\":\"EntryPoint\",\"urlTemplate\":\"https:\/\/librairie7l.com\/en\/?s={search_term_string}\"},\"query-input\":\"required name=search_term_string\"}],\"inLanguage\":\"en-US\"},{\"@type\":\"Organization\",\"@id\":\"https:\/\/librairie7l.com\/en\/#organization\",\"name\":\"Librairie 7L\",\"url\":\"https:\/\/librairie7l.com\/en\/\",\"logo\":{\"@type\":\"ImageObject\",\"inLanguage\":\"en-US\",\"@id\":\"https:\/\/librairie7l.com\/en\/#\/schema\/logo\/image\/\",\"url\":\"https:\/\/librairie7l.com\/wp-content\/uploads\/2022\/08\/logo-1.png\",\"contentUrl\":\"https:\/\/librairie7l.com\/wp-content\/uploads\/2022\/08\/logo-1.png\",\"width\":227,\"height\":301,\"caption\":\"Librairie 7L\"},\"image\":{\"@id\":\"https:\/\/librairie7l.com\/en\/#\/schema\/logo\/image\/\"}}]}<\/script>\n<!-- \/ Yoast SEO plugin. -->","yoast_head_json":{"title":"JOURNAL RUSSE - Librairie 7L","robots":{"index":"index","follow":"follow","max-snippet":"max-snippet:-1","max-image-preview":"max-image-preview:large","max-video-preview":"max-video-preview:-1"},"canonical":"https:\/\/librairie7l.com\/en\/produit\/journal-russe\/","og_locale":"en_US","og_type":"article","og_title":"JOURNAL RUSSE - Librairie 7L","og_description":"En 1947, John Steinbeck et Robert Capa voyagent quarante jours en URSS, de Moscou \u00e0 Stalingrad en passant par la G\u00e9orgie et l&#8217;Ukraine pour un reportage destin\u00e9 au New York Herald Tribune.Ce journal traduit par Philippe Jaworski, est pour la premi\u00e8re fois publi\u00e9 en fran\u00e7ais, dans son int\u00e9gralit\u00e9 avec les photographies de Capa.","og_url":"https:\/\/librairie7l.com\/en\/produit\/journal-russe\/","og_site_name":"Librairie 7L","article_modified_time":"2026-04-17T12:11:03+00:00","og_image":[{"width":600,"height":758,"url":"https:\/\/librairie7l.com\/wp-content\/uploads\/2022\/03\/9782072966484_1_75.jpg","type":"image\/jpeg"}],"twitter_card":"summary_large_image","schema":{"@context":"https:\/\/schema.org","@graph":[{"@type":"WebPage","@id":"https:\/\/librairie7l.com\/en\/produit\/journal-russe\/","url":"https:\/\/librairie7l.com\/en\/produit\/journal-russe\/","name":"JOURNAL RUSSE - Librairie 7L","isPartOf":{"@id":"https:\/\/librairie7l.com\/en\/#website"},"datePublished":"2023-05-10T10:08:16+00:00","dateModified":"2026-04-17T12:11:03+00:00","breadcrumb":{"@id":"https:\/\/librairie7l.com\/en\/produit\/journal-russe\/#breadcrumb"},"inLanguage":"en-US","potentialAction":[{"@type":"ReadAction","target":["https:\/\/librairie7l.com\/en\/produit\/journal-russe\/"]}]},{"@type":"BreadcrumbList","@id":"https:\/\/librairie7l.com\/en\/produit\/journal-russe\/#breadcrumb","itemListElement":[{"@type":"ListItem","position":1,"name":"Accueil","item":"https:\/\/librairie7l.com\/en\/"},{"@type":"ListItem","position":2,"name":"Shop","item":"https:\/\/librairie7l.com\/en\/shop\/"},{"@type":"ListItem","position":3,"name":"JOURNAL RUSSE"}]},{"@type":"WebSite","@id":"https:\/\/librairie7l.com\/en\/#website","url":"https:\/\/librairie7l.com\/en\/","name":"Librairie 7L","description":"Librairie fond\u00e9e en 1999 par Karl Lagerfeld \u00e0 Paris","publisher":{"@id":"https:\/\/librairie7l.com\/en\/#organization"},"potentialAction":[{"@type":"SearchAction","target":{"@type":"EntryPoint","urlTemplate":"https:\/\/librairie7l.com\/en\/?s={search_term_string}"},"query-input":"required name=search_term_string"}],"inLanguage":"en-US"},{"@type":"Organization","@id":"https:\/\/librairie7l.com\/en\/#organization","name":"Librairie 7L","url":"https:\/\/librairie7l.com\/en\/","logo":{"@type":"ImageObject","inLanguage":"en-US","@id":"https:\/\/librairie7l.com\/en\/#\/schema\/logo\/image\/","url":"https:\/\/librairie7l.com\/wp-content\/uploads\/2022\/08\/logo-1.png","contentUrl":"https:\/\/librairie7l.com\/wp-content\/uploads\/2022\/08\/logo-1.png","width":227,"height":301,"caption":"Librairie 7L"},"image":{"@id":"https:\/\/librairie7l.com\/en\/#\/schema\/logo\/image\/"}}]}},"_links":{"self":[{"href":"https:\/\/librairie7l.com\/en\/wp-json\/wp\/v2\/product\/26423"}],"collection":[{"href":"https:\/\/librairie7l.com\/en\/wp-json\/wp\/v2\/product"}],"about":[{"href":"https:\/\/librairie7l.com\/en\/wp-json\/wp\/v2\/types\/product"}],"wp:featuredmedia":[{"embeddable":true,"href":"https:\/\/librairie7l.com\/en\/wp-json\/wp\/v2\/media\/26421"}],"wp:attachment":[{"href":"https:\/\/librairie7l.com\/en\/wp-json\/wp\/v2\/media?parent=26423"}],"wp:term":[{"taxonomy":"product_cat","embeddable":true,"href":"https:\/\/librairie7l.com\/en\/wp-json\/wp\/v2\/product_cat?post=26423"},{"taxonomy":"product_tag","embeddable":true,"href":"https:\/\/librairie7l.com\/en\/wp-json\/wp\/v2\/product_tag?post=26423"}],"curies":[{"name":"wp","href":"https:\/\/api.w.org\/{rel}","templated":true}]}}