{"id":26431,"date":"2023-05-10T12:08:49","date_gmt":"2023-05-10T10:08:49","guid":{"rendered":"https:\/\/librairie7l.com\/?post_type=product&#038;p=26431"},"modified":"2026-04-30T02:50:29","modified_gmt":"2026-04-30T00:50:29","slug":"une-vie-de-gouts-et-de-passions","status":"publish","type":"product","link":"https:\/\/librairie7l.com\/en\/produit\/une-vie-de-gouts-et-de-passions\/","title":{"rendered":"UNE VIE DE GO\u00dbTS ET DE PASSIONS"},"content":{"rendered":"<p>Pour la premi\u00e8re fois, Alain Ducasse nous offre ses inspirations, ses obsessions et ses espoirs pour la gastronomie, une vie de go\u00fbts et de passions, un quotidien de d\u00e9fis choisis.<br \/>\nIl raconte son enfance \u00e0 la ferme, un premier stage chez un routier, les \u00e9coles et les ma\u00eetres qui l&#8217;ont marqu\u00e9 et puis le temps de l&#8217;\u00e9mancipation, des grandes r\u00e9alisations et de la transmission. Il a fond\u00e9 des \u00e9coles, cr\u00e9\u00e9 des manufactures, form\u00e9 des centaines de chefs et ouvert de nombreux restaurants \u00e0 travers le monde. Il ne cesse de se r\u00e9inventer, de penser de nouvelles saveurs, de nouveaux gestes, de nouveaux ancrages, de nouveaux combats.<br \/>\nCe n&#8217;est pas un livre de m\u00e9moires ou de recettes mais une autre fa\u00e7on de partager l&#8217;\u00e9motion d&#8217;une table, d&#8217;un plat, d&#8217;un go\u00fbt.<\/p>\n<p>\u00ab Dans un livre inspir\u00e9, le cuisinier fran\u00e7ais Alain Ducasse l\u00e8ve enfin le voile sur ce qui chez lui mute et demeure. \u00bb Livre Hebdo \u00ab L&#8217;occasion de rendre \u00e0 ses ma\u00eetres un peu de ce qu&#8217;ils lui ont enseign\u00e9, et surtout de tracer les grandes lignes de la gastronomie et de la cr\u00e9ation de demain.\u00bb Le Journal du Dimanche \u00ab Sans cesse \u00e0 la recherche de nouveaut\u00e9, Alain Ducasse transmet, \u00e0 travers ce livre, tout ce qu&#8217;il sait sur la cuisine, qu&#8217;il veut soucieuse de la plan\u00e8te. \u00bb Le Chef<\/p>\n","protected":false},"excerpt":{"rendered":"<p>Pour la premi\u00e8re fois, Alain Ducasse nous offre ses inspirations, ses obsessions et ses espoirs pour la gastronomie, une vie de go\u00fbts et de passions, un quotidien de d\u00e9fis choisis. Il raconte son enfance \u00e0 la ferme, un premier stage chez un routier, les \u00e9coles et les ma\u00eetres qui l&#8217;ont marqu\u00e9 et puis le temps [&hellip;]<\/p>\n","protected":false},"featured_media":26429,"template":"","meta":[],"product_cat":[55,2948,2956,23],"product_tag":[],"acf":[],"yoast_head":"<!-- This site is optimized with the Yoast SEO plugin v20.11 - https:\/\/yoast.com\/wordpress\/plugins\/seo\/ -->\n<title>UNE VIE DE GO\u00dbTS ET DE PASSIONS - Librairie 7L<\/title>\n<meta name=\"robots\" content=\"index, follow, max-snippet:-1, max-image-preview:large, max-video-preview:-1\" \/>\n<link rel=\"canonical\" href=\"https:\/\/librairie7l.com\/en\/produit\/une-vie-de-gouts-et-de-passions\/\" \/>\n<meta property=\"og:locale\" content=\"en_US\" \/>\n<meta property=\"og:type\" content=\"article\" \/>\n<meta property=\"og:title\" content=\"UNE VIE DE GO\u00dbTS ET DE PASSIONS - Librairie 7L\" \/>\n<meta property=\"og:description\" content=\"Pour la premi\u00e8re fois, Alain Ducasse nous offre ses inspirations, ses obsessions et ses espoirs pour la gastronomie, une vie de go\u00fbts et de passions, un quotidien de d\u00e9fis choisis. Il raconte son enfance \u00e0 la ferme, un premier stage chez un routier, les \u00e9coles et les ma\u00eetres qui l&#8217;ont marqu\u00e9 et puis le temps [&hellip;]\" \/>\n<meta property=\"og:url\" content=\"https:\/\/librairie7l.com\/en\/produit\/une-vie-de-gouts-et-de-passions\/\" \/>\n<meta property=\"og:site_name\" content=\"Librairie 7L\" \/>\n<meta property=\"article:modified_time\" content=\"2026-04-30T00:50:29+00:00\" \/>\n<meta property=\"og:image\" content=\"https:\/\/librairie7l.com\/wp-content\/uploads\/2022\/07\/9782709668767_1_75.jpg\" \/>\n\t<meta property=\"og:image:width\" content=\"600\" \/>\n\t<meta property=\"og:image:height\" content=\"945\" \/>\n\t<meta property=\"og:image:type\" content=\"image\/jpeg\" \/>\n<meta name=\"twitter:card\" content=\"summary_large_image\" \/>\n<meta name=\"twitter:label1\" content=\"Est. reading time\" \/>\n\t<meta name=\"twitter:data1\" content=\"1 minute\" \/>\n<script type=\"application\/ld+json\" class=\"yoast-schema-graph\">{\"@context\":\"https:\/\/schema.org\",\"@graph\":[{\"@type\":\"WebPage\",\"@id\":\"https:\/\/librairie7l.com\/en\/produit\/une-vie-de-gouts-et-de-passions\/\",\"url\":\"https:\/\/librairie7l.com\/en\/produit\/une-vie-de-gouts-et-de-passions\/\",\"name\":\"UNE VIE DE GO\u00dbTS ET DE PASSIONS - Librairie 7L\",\"isPartOf\":{\"@id\":\"https:\/\/librairie7l.com\/en\/#website\"},\"datePublished\":\"2023-05-10T10:08:49+00:00\",\"dateModified\":\"2026-04-30T00:50:29+00:00\",\"breadcrumb\":{\"@id\":\"https:\/\/librairie7l.com\/en\/produit\/une-vie-de-gouts-et-de-passions\/#breadcrumb\"},\"inLanguage\":\"en-US\",\"potentialAction\":[{\"@type\":\"ReadAction\",\"target\":[\"https:\/\/librairie7l.com\/en\/produit\/une-vie-de-gouts-et-de-passions\/\"]}]},{\"@type\":\"BreadcrumbList\",\"@id\":\"https:\/\/librairie7l.com\/en\/produit\/une-vie-de-gouts-et-de-passions\/#breadcrumb\",\"itemListElement\":[{\"@type\":\"ListItem\",\"position\":1,\"name\":\"Accueil\",\"item\":\"https:\/\/librairie7l.com\/en\/\"},{\"@type\":\"ListItem\",\"position\":2,\"name\":\"Shop\",\"item\":\"https:\/\/librairie7l.com\/en\/shop\/\"},{\"@type\":\"ListItem\",\"position\":3,\"name\":\"UNE VIE DE GO\u00dbTS ET DE PASSIONS\"}]},{\"@type\":\"WebSite\",\"@id\":\"https:\/\/librairie7l.com\/en\/#website\",\"url\":\"https:\/\/librairie7l.com\/en\/\",\"name\":\"Librairie 7L\",\"description\":\"Librairie fond\u00e9e en 1999 par Karl Lagerfeld \u00e0 Paris\",\"publisher\":{\"@id\":\"https:\/\/librairie7l.com\/en\/#organization\"},\"potentialAction\":[{\"@type\":\"SearchAction\",\"target\":{\"@type\":\"EntryPoint\",\"urlTemplate\":\"https:\/\/librairie7l.com\/en\/?s={search_term_string}\"},\"query-input\":\"required name=search_term_string\"}],\"inLanguage\":\"en-US\"},{\"@type\":\"Organization\",\"@id\":\"https:\/\/librairie7l.com\/en\/#organization\",\"name\":\"Librairie 7L\",\"url\":\"https:\/\/librairie7l.com\/en\/\",\"logo\":{\"@type\":\"ImageObject\",\"inLanguage\":\"en-US\",\"@id\":\"https:\/\/librairie7l.com\/en\/#\/schema\/logo\/image\/\",\"url\":\"https:\/\/librairie7l.com\/wp-content\/uploads\/2022\/08\/logo-1.png\",\"contentUrl\":\"https:\/\/librairie7l.com\/wp-content\/uploads\/2022\/08\/logo-1.png\",\"width\":227,\"height\":301,\"caption\":\"Librairie 7L\"},\"image\":{\"@id\":\"https:\/\/librairie7l.com\/en\/#\/schema\/logo\/image\/\"}}]}<\/script>\n<!-- \/ Yoast SEO plugin. -->","yoast_head_json":{"title":"UNE VIE DE GO\u00dbTS ET DE PASSIONS - Librairie 7L","robots":{"index":"index","follow":"follow","max-snippet":"max-snippet:-1","max-image-preview":"max-image-preview:large","max-video-preview":"max-video-preview:-1"},"canonical":"https:\/\/librairie7l.com\/en\/produit\/une-vie-de-gouts-et-de-passions\/","og_locale":"en_US","og_type":"article","og_title":"UNE VIE DE GO\u00dbTS ET DE PASSIONS - Librairie 7L","og_description":"Pour la premi\u00e8re fois, Alain Ducasse nous offre ses inspirations, ses obsessions et ses espoirs pour la gastronomie, une vie de go\u00fbts et de passions, un quotidien de d\u00e9fis choisis. Il raconte son enfance \u00e0 la ferme, un premier stage chez un routier, les \u00e9coles et les ma\u00eetres qui l&#8217;ont marqu\u00e9 et puis le temps [&hellip;]","og_url":"https:\/\/librairie7l.com\/en\/produit\/une-vie-de-gouts-et-de-passions\/","og_site_name":"Librairie 7L","article_modified_time":"2026-04-30T00:50:29+00:00","og_image":[{"width":600,"height":945,"url":"https:\/\/librairie7l.com\/wp-content\/uploads\/2022\/07\/9782709668767_1_75.jpg","type":"image\/jpeg"}],"twitter_card":"summary_large_image","twitter_misc":{"Est. reading time":"1 minute"},"schema":{"@context":"https:\/\/schema.org","@graph":[{"@type":"WebPage","@id":"https:\/\/librairie7l.com\/en\/produit\/une-vie-de-gouts-et-de-passions\/","url":"https:\/\/librairie7l.com\/en\/produit\/une-vie-de-gouts-et-de-passions\/","name":"UNE VIE DE GO\u00dbTS ET DE PASSIONS - Librairie 7L","isPartOf":{"@id":"https:\/\/librairie7l.com\/en\/#website"},"datePublished":"2023-05-10T10:08:49+00:00","dateModified":"2026-04-30T00:50:29+00:00","breadcrumb":{"@id":"https:\/\/librairie7l.com\/en\/produit\/une-vie-de-gouts-et-de-passions\/#breadcrumb"},"inLanguage":"en-US","potentialAction":[{"@type":"ReadAction","target":["https:\/\/librairie7l.com\/en\/produit\/une-vie-de-gouts-et-de-passions\/"]}]},{"@type":"BreadcrumbList","@id":"https:\/\/librairie7l.com\/en\/produit\/une-vie-de-gouts-et-de-passions\/#breadcrumb","itemListElement":[{"@type":"ListItem","position":1,"name":"Accueil","item":"https:\/\/librairie7l.com\/en\/"},{"@type":"ListItem","position":2,"name":"Shop","item":"https:\/\/librairie7l.com\/en\/shop\/"},{"@type":"ListItem","position":3,"name":"UNE VIE DE GO\u00dbTS ET DE PASSIONS"}]},{"@type":"WebSite","@id":"https:\/\/librairie7l.com\/en\/#website","url":"https:\/\/librairie7l.com\/en\/","name":"Librairie 7L","description":"Librairie fond\u00e9e en 1999 par Karl Lagerfeld \u00e0 Paris","publisher":{"@id":"https:\/\/librairie7l.com\/en\/#organization"},"potentialAction":[{"@type":"SearchAction","target":{"@type":"EntryPoint","urlTemplate":"https:\/\/librairie7l.com\/en\/?s={search_term_string}"},"query-input":"required name=search_term_string"}],"inLanguage":"en-US"},{"@type":"Organization","@id":"https:\/\/librairie7l.com\/en\/#organization","name":"Librairie 7L","url":"https:\/\/librairie7l.com\/en\/","logo":{"@type":"ImageObject","inLanguage":"en-US","@id":"https:\/\/librairie7l.com\/en\/#\/schema\/logo\/image\/","url":"https:\/\/librairie7l.com\/wp-content\/uploads\/2022\/08\/logo-1.png","contentUrl":"https:\/\/librairie7l.com\/wp-content\/uploads\/2022\/08\/logo-1.png","width":227,"height":301,"caption":"Librairie 7L"},"image":{"@id":"https:\/\/librairie7l.com\/en\/#\/schema\/logo\/image\/"}}]}},"_links":{"self":[{"href":"https:\/\/librairie7l.com\/en\/wp-json\/wp\/v2\/product\/26431"}],"collection":[{"href":"https:\/\/librairie7l.com\/en\/wp-json\/wp\/v2\/product"}],"about":[{"href":"https:\/\/librairie7l.com\/en\/wp-json\/wp\/v2\/types\/product"}],"wp:featuredmedia":[{"embeddable":true,"href":"https:\/\/librairie7l.com\/en\/wp-json\/wp\/v2\/media\/26429"}],"wp:attachment":[{"href":"https:\/\/librairie7l.com\/en\/wp-json\/wp\/v2\/media?parent=26431"}],"wp:term":[{"taxonomy":"product_cat","embeddable":true,"href":"https:\/\/librairie7l.com\/en\/wp-json\/wp\/v2\/product_cat?post=26431"},{"taxonomy":"product_tag","embeddable":true,"href":"https:\/\/librairie7l.com\/en\/wp-json\/wp\/v2\/product_tag?post=26431"}],"curies":[{"name":"wp","href":"https:\/\/api.w.org\/{rel}","templated":true}]}}