{"id":26439,"date":"2023-05-10T12:09:17","date_gmt":"2023-05-10T10:09:17","guid":{"rendered":"https:\/\/librairie7l.com\/?post_type=product&#038;p=26439"},"modified":"2026-04-09T21:13:41","modified_gmt":"2026-04-09T19:13:41","slug":"peindre-au-corps-a-corps-les-fleurs-et-georgia-okeeffe","status":"publish","type":"product","link":"https:\/\/librairie7l.com\/en\/produit\/peindre-au-corps-a-corps-les-fleurs-et-georgia-okeeffe\/","title":{"rendered":"PEINDRE AU CORPS \u00c0 CORPS : LES FLEURS ET GEORGIA O&#8217;KEEFFE"},"content":{"rendered":"<p>Cette peintre \u00e9tatsunienne m\u00e9connue en France a d\u00e9velopp\u00e9 une oeuvre picturale tr\u00e8s originale focalis\u00e9e sur le monde v\u00e9g\u00e9tal et les fleurs en particulier. Un nouvel engouement pour son travail se fait jour, pour preuve le succ\u00e8s incroyable de l&#8217;exposition temporaire que le Centre Pompidou lui a consacr\u00e9 en 2021. Dans la lign\u00e9e de son remarqu\u00e9 &#8220;Apprendre \u00e0 voir&#8221; (5 800 ventes &#8211; laur\u00e9at de la premi\u00e8re \u00e9dition du Prix de l&#8217;essai EcoloObs d\u00e9cern\u00e9 ce 9 mai), l&#8217;historienne de l&#8217;art et naturaliste Estelle Zhong Mengual explique comment et pourquoi ces oeuvres nous donnent \u00e0 voir les fleurs comme on ne les avait jamais vues et renouvellent profond\u00e9ment notre rapport \u00e0 elles et, plus largement, au monde vivant.<br \/>\nGeorgia O&#8217;Keeffe est l&#8217;une des plus grandes figures de l&#8217;art nord-am\u00e9ricain du XXe si\u00e8cle, amazone de l&#8217;art contemporain, artiste ho rs normes. Pour Estelle Zhong Mengual, Georgia O&#8217;Keeffe, qui peint les fleurs comme si elle zoomait avec un appareil photo, nous invite \u00e0 changer de focale, et \u00e0 faire l&#8217;exp\u00e9rience de la beaut\u00e9 du monde du point de vue d&#8217;une abeille ou d&#8217;un colibri.<\/p>\n","protected":false},"excerpt":{"rendered":"<p>Cette peintre \u00e9tatsunienne m\u00e9connue en France a d\u00e9velopp\u00e9 une oeuvre picturale tr\u00e8s originale focalis\u00e9e sur le monde v\u00e9g\u00e9tal et les fleurs en particulier. Un nouvel engouement pour son travail se fait jour, pour preuve le succ\u00e8s incroyable de l&#8217;exposition temporaire que le Centre Pompidou lui a consacr\u00e9 en 2021. Dans la lign\u00e9e de son remarqu\u00e9 [&hellip;]<\/p>\n","protected":false},"featured_media":26437,"template":"","meta":[],"product_cat":[55,2948,47,2953],"product_tag":[],"acf":[],"yoast_head":"<!-- This site is optimized with the Yoast SEO plugin v20.11 - https:\/\/yoast.com\/wordpress\/plugins\/seo\/ -->\n<title>PEINDRE AU CORPS \u00c0 CORPS : LES FLEURS ET GEORGIA O&#039;KEEFFE - Librairie 7L<\/title>\n<meta name=\"robots\" content=\"index, follow, max-snippet:-1, max-image-preview:large, max-video-preview:-1\" \/>\n<link rel=\"canonical\" href=\"https:\/\/librairie7l.com\/en\/produit\/peindre-au-corps-a-corps-les-fleurs-et-georgia-okeeffe\/\" \/>\n<meta property=\"og:locale\" content=\"en_US\" \/>\n<meta property=\"og:type\" content=\"article\" \/>\n<meta property=\"og:title\" content=\"PEINDRE AU CORPS \u00c0 CORPS : LES FLEURS ET GEORGIA O&#039;KEEFFE - Librairie 7L\" \/>\n<meta property=\"og:description\" content=\"Cette peintre \u00e9tatsunienne m\u00e9connue en France a d\u00e9velopp\u00e9 une oeuvre picturale tr\u00e8s originale focalis\u00e9e sur le monde v\u00e9g\u00e9tal et les fleurs en particulier. Un nouvel engouement pour son travail se fait jour, pour preuve le succ\u00e8s incroyable de l&#8217;exposition temporaire que le Centre Pompidou lui a consacr\u00e9 en 2021. Dans la lign\u00e9e de son remarqu\u00e9 [&hellip;]\" \/>\n<meta property=\"og:url\" content=\"https:\/\/librairie7l.com\/en\/produit\/peindre-au-corps-a-corps-les-fleurs-et-georgia-okeeffe\/\" \/>\n<meta property=\"og:site_name\" content=\"Librairie 7L\" \/>\n<meta property=\"article:modified_time\" content=\"2026-04-09T19:13:41+00:00\" \/>\n<meta property=\"og:image\" content=\"https:\/\/librairie7l.com\/wp-content\/uploads\/2021\/11\/9782330163686_1_75.jpg\" \/>\n\t<meta property=\"og:image:width\" content=\"426\" \/>\n\t<meta property=\"og:image:height\" content=\"808\" \/>\n\t<meta property=\"og:image:type\" content=\"image\/jpeg\" \/>\n<meta name=\"twitter:card\" content=\"summary_large_image\" \/>\n<meta name=\"twitter:label1\" content=\"Est. reading time\" \/>\n\t<meta name=\"twitter:data1\" content=\"1 minute\" \/>\n<script type=\"application\/ld+json\" class=\"yoast-schema-graph\">{\"@context\":\"https:\/\/schema.org\",\"@graph\":[{\"@type\":\"WebPage\",\"@id\":\"https:\/\/librairie7l.com\/en\/produit\/peindre-au-corps-a-corps-les-fleurs-et-georgia-okeeffe\/\",\"url\":\"https:\/\/librairie7l.com\/en\/produit\/peindre-au-corps-a-corps-les-fleurs-et-georgia-okeeffe\/\",\"name\":\"PEINDRE AU CORPS \u00c0 CORPS : LES FLEURS ET GEORGIA O'KEEFFE - Librairie 7L\",\"isPartOf\":{\"@id\":\"https:\/\/librairie7l.com\/en\/#website\"},\"datePublished\":\"2023-05-10T10:09:17+00:00\",\"dateModified\":\"2026-04-09T19:13:41+00:00\",\"breadcrumb\":{\"@id\":\"https:\/\/librairie7l.com\/en\/produit\/peindre-au-corps-a-corps-les-fleurs-et-georgia-okeeffe\/#breadcrumb\"},\"inLanguage\":\"en-US\",\"potentialAction\":[{\"@type\":\"ReadAction\",\"target\":[\"https:\/\/librairie7l.com\/en\/produit\/peindre-au-corps-a-corps-les-fleurs-et-georgia-okeeffe\/\"]}]},{\"@type\":\"BreadcrumbList\",\"@id\":\"https:\/\/librairie7l.com\/en\/produit\/peindre-au-corps-a-corps-les-fleurs-et-georgia-okeeffe\/#breadcrumb\",\"itemListElement\":[{\"@type\":\"ListItem\",\"position\":1,\"name\":\"Accueil\",\"item\":\"https:\/\/librairie7l.com\/en\/\"},{\"@type\":\"ListItem\",\"position\":2,\"name\":\"Shop\",\"item\":\"https:\/\/librairie7l.com\/en\/shop\/\"},{\"@type\":\"ListItem\",\"position\":3,\"name\":\"PEINDRE AU CORPS \u00c0 CORPS : LES FLEURS ET GEORGIA O&#8217;KEEFFE\"}]},{\"@type\":\"WebSite\",\"@id\":\"https:\/\/librairie7l.com\/en\/#website\",\"url\":\"https:\/\/librairie7l.com\/en\/\",\"name\":\"Librairie 7L\",\"description\":\"Librairie fond\u00e9e en 1999 par Karl Lagerfeld \u00e0 Paris\",\"publisher\":{\"@id\":\"https:\/\/librairie7l.com\/en\/#organization\"},\"potentialAction\":[{\"@type\":\"SearchAction\",\"target\":{\"@type\":\"EntryPoint\",\"urlTemplate\":\"https:\/\/librairie7l.com\/en\/?s={search_term_string}\"},\"query-input\":\"required name=search_term_string\"}],\"inLanguage\":\"en-US\"},{\"@type\":\"Organization\",\"@id\":\"https:\/\/librairie7l.com\/en\/#organization\",\"name\":\"Librairie 7L\",\"url\":\"https:\/\/librairie7l.com\/en\/\",\"logo\":{\"@type\":\"ImageObject\",\"inLanguage\":\"en-US\",\"@id\":\"https:\/\/librairie7l.com\/en\/#\/schema\/logo\/image\/\",\"url\":\"https:\/\/librairie7l.com\/wp-content\/uploads\/2022\/08\/logo-1.png\",\"contentUrl\":\"https:\/\/librairie7l.com\/wp-content\/uploads\/2022\/08\/logo-1.png\",\"width\":227,\"height\":301,\"caption\":\"Librairie 7L\"},\"image\":{\"@id\":\"https:\/\/librairie7l.com\/en\/#\/schema\/logo\/image\/\"}}]}<\/script>\n<!-- \/ Yoast SEO plugin. -->","yoast_head_json":{"title":"PEINDRE AU CORPS \u00c0 CORPS : LES FLEURS ET GEORGIA O'KEEFFE - Librairie 7L","robots":{"index":"index","follow":"follow","max-snippet":"max-snippet:-1","max-image-preview":"max-image-preview:large","max-video-preview":"max-video-preview:-1"},"canonical":"https:\/\/librairie7l.com\/en\/produit\/peindre-au-corps-a-corps-les-fleurs-et-georgia-okeeffe\/","og_locale":"en_US","og_type":"article","og_title":"PEINDRE AU CORPS \u00c0 CORPS : LES FLEURS ET GEORGIA O'KEEFFE - Librairie 7L","og_description":"Cette peintre \u00e9tatsunienne m\u00e9connue en France a d\u00e9velopp\u00e9 une oeuvre picturale tr\u00e8s originale focalis\u00e9e sur le monde v\u00e9g\u00e9tal et les fleurs en particulier. Un nouvel engouement pour son travail se fait jour, pour preuve le succ\u00e8s incroyable de l&#8217;exposition temporaire que le Centre Pompidou lui a consacr\u00e9 en 2021. Dans la lign\u00e9e de son remarqu\u00e9 [&hellip;]","og_url":"https:\/\/librairie7l.com\/en\/produit\/peindre-au-corps-a-corps-les-fleurs-et-georgia-okeeffe\/","og_site_name":"Librairie 7L","article_modified_time":"2026-04-09T19:13:41+00:00","og_image":[{"width":426,"height":808,"url":"https:\/\/librairie7l.com\/wp-content\/uploads\/2021\/11\/9782330163686_1_75.jpg","type":"image\/jpeg"}],"twitter_card":"summary_large_image","twitter_misc":{"Est. reading time":"1 minute"},"schema":{"@context":"https:\/\/schema.org","@graph":[{"@type":"WebPage","@id":"https:\/\/librairie7l.com\/en\/produit\/peindre-au-corps-a-corps-les-fleurs-et-georgia-okeeffe\/","url":"https:\/\/librairie7l.com\/en\/produit\/peindre-au-corps-a-corps-les-fleurs-et-georgia-okeeffe\/","name":"PEINDRE AU CORPS \u00c0 CORPS : LES FLEURS ET GEORGIA O'KEEFFE - Librairie 7L","isPartOf":{"@id":"https:\/\/librairie7l.com\/en\/#website"},"datePublished":"2023-05-10T10:09:17+00:00","dateModified":"2026-04-09T19:13:41+00:00","breadcrumb":{"@id":"https:\/\/librairie7l.com\/en\/produit\/peindre-au-corps-a-corps-les-fleurs-et-georgia-okeeffe\/#breadcrumb"},"inLanguage":"en-US","potentialAction":[{"@type":"ReadAction","target":["https:\/\/librairie7l.com\/en\/produit\/peindre-au-corps-a-corps-les-fleurs-et-georgia-okeeffe\/"]}]},{"@type":"BreadcrumbList","@id":"https:\/\/librairie7l.com\/en\/produit\/peindre-au-corps-a-corps-les-fleurs-et-georgia-okeeffe\/#breadcrumb","itemListElement":[{"@type":"ListItem","position":1,"name":"Accueil","item":"https:\/\/librairie7l.com\/en\/"},{"@type":"ListItem","position":2,"name":"Shop","item":"https:\/\/librairie7l.com\/en\/shop\/"},{"@type":"ListItem","position":3,"name":"PEINDRE AU CORPS \u00c0 CORPS : LES FLEURS ET GEORGIA O&#8217;KEEFFE"}]},{"@type":"WebSite","@id":"https:\/\/librairie7l.com\/en\/#website","url":"https:\/\/librairie7l.com\/en\/","name":"Librairie 7L","description":"Librairie fond\u00e9e en 1999 par Karl Lagerfeld \u00e0 Paris","publisher":{"@id":"https:\/\/librairie7l.com\/en\/#organization"},"potentialAction":[{"@type":"SearchAction","target":{"@type":"EntryPoint","urlTemplate":"https:\/\/librairie7l.com\/en\/?s={search_term_string}"},"query-input":"required name=search_term_string"}],"inLanguage":"en-US"},{"@type":"Organization","@id":"https:\/\/librairie7l.com\/en\/#organization","name":"Librairie 7L","url":"https:\/\/librairie7l.com\/en\/","logo":{"@type":"ImageObject","inLanguage":"en-US","@id":"https:\/\/librairie7l.com\/en\/#\/schema\/logo\/image\/","url":"https:\/\/librairie7l.com\/wp-content\/uploads\/2022\/08\/logo-1.png","contentUrl":"https:\/\/librairie7l.com\/wp-content\/uploads\/2022\/08\/logo-1.png","width":227,"height":301,"caption":"Librairie 7L"},"image":{"@id":"https:\/\/librairie7l.com\/en\/#\/schema\/logo\/image\/"}}]}},"_links":{"self":[{"href":"https:\/\/librairie7l.com\/en\/wp-json\/wp\/v2\/product\/26439"}],"collection":[{"href":"https:\/\/librairie7l.com\/en\/wp-json\/wp\/v2\/product"}],"about":[{"href":"https:\/\/librairie7l.com\/en\/wp-json\/wp\/v2\/types\/product"}],"wp:featuredmedia":[{"embeddable":true,"href":"https:\/\/librairie7l.com\/en\/wp-json\/wp\/v2\/media\/26437"}],"wp:attachment":[{"href":"https:\/\/librairie7l.com\/en\/wp-json\/wp\/v2\/media?parent=26439"}],"wp:term":[{"taxonomy":"product_cat","embeddable":true,"href":"https:\/\/librairie7l.com\/en\/wp-json\/wp\/v2\/product_cat?post=26439"},{"taxonomy":"product_tag","embeddable":true,"href":"https:\/\/librairie7l.com\/en\/wp-json\/wp\/v2\/product_tag?post=26439"}],"curies":[{"name":"wp","href":"https:\/\/api.w.org\/{rel}","templated":true}]}}