{"id":26443,"date":"2023-05-10T12:09:20","date_gmt":"2023-05-10T10:09:20","guid":{"rendered":"https:\/\/librairie7l.com\/?post_type=product&#038;p=26443"},"modified":"2026-04-17T14:15:17","modified_gmt":"2026-04-17T12:15:17","slug":"maisons-revees-40-maisons-darchitectes-made-in-france","status":"publish","type":"product","link":"https:\/\/librairie7l.com\/en\/produit\/maisons-revees-40-maisons-darchitectes-made-in-france\/","title":{"rendered":"MAISONS R\u00caV\u00c9ES : 40 MAISONS D&#8217;ARCHITECTES MADE IN FRANCE"},"content":{"rendered":"<p>Consacr\u00e9 aux maisons d&#8217;architectes dans l&#8217;Hexagone, Maisons r\u00eav\u00e9es pr\u00e9sente un panorama richement illustr\u00e9 de l&#8217;architecture domestique fran\u00e7aise des vingt derni\u00e8res ann\u00e9es. Il en r\u00e9capitule les \u00e9volutions majeures, les grands acteurs et les r\u00e9alisations phares \u00e0 travers une s\u00e9lection de maisons r\u00e9parties en cinq th\u00e8mes : les maisons \u00e9cologiques, les maisons de ville, la qu\u00eate esth\u00e9tique, la tradition r\u00e9invent\u00e9e et l&#8217;inspiration industrielle. Ce livre-manifeste, qui promeut le retour de l&#8217;architecte dans la construction individuelle, montre comme le disait Fleur Pellerin, \u00ab que l&#8217;exp\u00e9rimentation, l&#8217;audace et le beau peuvent \u00eatre accessibles \u00e0 tous et que l&#8217;originalit\u00e9 peut avoir du sens dans l&#8217;espace ou la fonction dans laquelle elle s&#8217;ins\u00e8re. \u00bb Cet ouvrage r\u00e9sonne aussi avec pertinence dans l&#8217;\u00e9poque actuelle : si la maison est un id\u00e9al de vie depuis toujours, la crise sanitaire nous l&#8217;a rendue encore plus pr\u00e9cieuse et nous a fait prendre conscience combien elle touche aux grands enjeux du temps pr\u00e9sent &#8211; \u00e9cologie, d\u00e9mocratie, sens du beau&#8230;<\/p>\n","protected":false},"excerpt":{"rendered":"<p>Consacr\u00e9 aux maisons d&#8217;architectes dans l&#8217;Hexagone, Maisons r\u00eav\u00e9es pr\u00e9sente un panorama richement illustr\u00e9 de l&#8217;architecture domestique fran\u00e7aise des vingt derni\u00e8res ann\u00e9es. Il en r\u00e9capitule les \u00e9volutions majeures, les grands acteurs et les r\u00e9alisations phares \u00e0 travers une s\u00e9lection de maisons r\u00e9parties en cinq th\u00e8mes : les maisons \u00e9cologiques, les maisons de ville, la qu\u00eate esth\u00e9tique, [&hellip;]<\/p>\n","protected":false},"featured_media":26441,"template":"","meta":[],"product_cat":[55,2948,22,2950],"product_tag":[],"acf":[],"yoast_head":"<!-- This site is optimized with the Yoast SEO plugin v20.11 - https:\/\/yoast.com\/wordpress\/plugins\/seo\/ -->\n<title>MAISONS R\u00caV\u00c9ES : 40 MAISONS D&#039;ARCHITECTES MADE IN FRANCE - Librairie 7L<\/title>\n<meta name=\"robots\" content=\"index, follow, max-snippet:-1, max-image-preview:large, max-video-preview:-1\" \/>\n<link rel=\"canonical\" href=\"https:\/\/librairie7l.com\/en\/produit\/maisons-revees-40-maisons-darchitectes-made-in-france\/\" \/>\n<meta property=\"og:locale\" content=\"en_US\" \/>\n<meta property=\"og:type\" content=\"article\" \/>\n<meta property=\"og:title\" content=\"MAISONS R\u00caV\u00c9ES : 40 MAISONS D&#039;ARCHITECTES MADE IN FRANCE - Librairie 7L\" \/>\n<meta property=\"og:description\" content=\"Consacr\u00e9 aux maisons d&#8217;architectes dans l&#8217;Hexagone, Maisons r\u00eav\u00e9es pr\u00e9sente un panorama richement illustr\u00e9 de l&#8217;architecture domestique fran\u00e7aise des vingt derni\u00e8res ann\u00e9es. Il en r\u00e9capitule les \u00e9volutions majeures, les grands acteurs et les r\u00e9alisations phares \u00e0 travers une s\u00e9lection de maisons r\u00e9parties en cinq th\u00e8mes : les maisons \u00e9cologiques, les maisons de ville, la qu\u00eate esth\u00e9tique, [&hellip;]\" \/>\n<meta property=\"og:url\" content=\"https:\/\/librairie7l.com\/en\/produit\/maisons-revees-40-maisons-darchitectes-made-in-france\/\" \/>\n<meta property=\"og:site_name\" content=\"Librairie 7L\" \/>\n<meta property=\"article:modified_time\" content=\"2026-04-17T12:15:17+00:00\" \/>\n<meta property=\"og:image\" content=\"https:\/\/librairie7l.com\/wp-content\/uploads\/2022\/05\/9782072997921_1_75.jpg\" \/>\n\t<meta property=\"og:image:width\" content=\"600\" \/>\n\t<meta property=\"og:image:height\" content=\"624\" \/>\n\t<meta property=\"og:image:type\" content=\"image\/jpeg\" \/>\n<meta name=\"twitter:card\" content=\"summary_large_image\" \/>\n<meta name=\"twitter:label1\" content=\"Est. reading time\" \/>\n\t<meta name=\"twitter:data1\" content=\"1 minute\" \/>\n<script type=\"application\/ld+json\" class=\"yoast-schema-graph\">{\"@context\":\"https:\/\/schema.org\",\"@graph\":[{\"@type\":\"WebPage\",\"@id\":\"https:\/\/librairie7l.com\/en\/produit\/maisons-revees-40-maisons-darchitectes-made-in-france\/\",\"url\":\"https:\/\/librairie7l.com\/en\/produit\/maisons-revees-40-maisons-darchitectes-made-in-france\/\",\"name\":\"MAISONS R\u00caV\u00c9ES : 40 MAISONS D'ARCHITECTES MADE IN FRANCE - Librairie 7L\",\"isPartOf\":{\"@id\":\"https:\/\/librairie7l.com\/en\/#website\"},\"datePublished\":\"2023-05-10T10:09:20+00:00\",\"dateModified\":\"2026-04-17T12:15:17+00:00\",\"breadcrumb\":{\"@id\":\"https:\/\/librairie7l.com\/en\/produit\/maisons-revees-40-maisons-darchitectes-made-in-france\/#breadcrumb\"},\"inLanguage\":\"en-US\",\"potentialAction\":[{\"@type\":\"ReadAction\",\"target\":[\"https:\/\/librairie7l.com\/en\/produit\/maisons-revees-40-maisons-darchitectes-made-in-france\/\"]}]},{\"@type\":\"BreadcrumbList\",\"@id\":\"https:\/\/librairie7l.com\/en\/produit\/maisons-revees-40-maisons-darchitectes-made-in-france\/#breadcrumb\",\"itemListElement\":[{\"@type\":\"ListItem\",\"position\":1,\"name\":\"Accueil\",\"item\":\"https:\/\/librairie7l.com\/en\/\"},{\"@type\":\"ListItem\",\"position\":2,\"name\":\"Shop\",\"item\":\"https:\/\/librairie7l.com\/en\/shop\/\"},{\"@type\":\"ListItem\",\"position\":3,\"name\":\"MAISONS R\u00caV\u00c9ES : 40 MAISONS D&#8217;ARCHITECTES MADE IN FRANCE\"}]},{\"@type\":\"WebSite\",\"@id\":\"https:\/\/librairie7l.com\/en\/#website\",\"url\":\"https:\/\/librairie7l.com\/en\/\",\"name\":\"Librairie 7L\",\"description\":\"Librairie fond\u00e9e en 1999 par Karl Lagerfeld \u00e0 Paris\",\"publisher\":{\"@id\":\"https:\/\/librairie7l.com\/en\/#organization\"},\"potentialAction\":[{\"@type\":\"SearchAction\",\"target\":{\"@type\":\"EntryPoint\",\"urlTemplate\":\"https:\/\/librairie7l.com\/en\/?s={search_term_string}\"},\"query-input\":\"required name=search_term_string\"}],\"inLanguage\":\"en-US\"},{\"@type\":\"Organization\",\"@id\":\"https:\/\/librairie7l.com\/en\/#organization\",\"name\":\"Librairie 7L\",\"url\":\"https:\/\/librairie7l.com\/en\/\",\"logo\":{\"@type\":\"ImageObject\",\"inLanguage\":\"en-US\",\"@id\":\"https:\/\/librairie7l.com\/en\/#\/schema\/logo\/image\/\",\"url\":\"https:\/\/librairie7l.com\/wp-content\/uploads\/2022\/08\/logo-1.png\",\"contentUrl\":\"https:\/\/librairie7l.com\/wp-content\/uploads\/2022\/08\/logo-1.png\",\"width\":227,\"height\":301,\"caption\":\"Librairie 7L\"},\"image\":{\"@id\":\"https:\/\/librairie7l.com\/en\/#\/schema\/logo\/image\/\"}}]}<\/script>\n<!-- \/ Yoast SEO plugin. -->","yoast_head_json":{"title":"MAISONS R\u00caV\u00c9ES : 40 MAISONS D'ARCHITECTES MADE IN FRANCE - Librairie 7L","robots":{"index":"index","follow":"follow","max-snippet":"max-snippet:-1","max-image-preview":"max-image-preview:large","max-video-preview":"max-video-preview:-1"},"canonical":"https:\/\/librairie7l.com\/en\/produit\/maisons-revees-40-maisons-darchitectes-made-in-france\/","og_locale":"en_US","og_type":"article","og_title":"MAISONS R\u00caV\u00c9ES : 40 MAISONS D'ARCHITECTES MADE IN FRANCE - Librairie 7L","og_description":"Consacr\u00e9 aux maisons d&#8217;architectes dans l&#8217;Hexagone, Maisons r\u00eav\u00e9es pr\u00e9sente un panorama richement illustr\u00e9 de l&#8217;architecture domestique fran\u00e7aise des vingt derni\u00e8res ann\u00e9es. Il en r\u00e9capitule les \u00e9volutions majeures, les grands acteurs et les r\u00e9alisations phares \u00e0 travers une s\u00e9lection de maisons r\u00e9parties en cinq th\u00e8mes : les maisons \u00e9cologiques, les maisons de ville, la qu\u00eate esth\u00e9tique, [&hellip;]","og_url":"https:\/\/librairie7l.com\/en\/produit\/maisons-revees-40-maisons-darchitectes-made-in-france\/","og_site_name":"Librairie 7L","article_modified_time":"2026-04-17T12:15:17+00:00","og_image":[{"width":600,"height":624,"url":"https:\/\/librairie7l.com\/wp-content\/uploads\/2022\/05\/9782072997921_1_75.jpg","type":"image\/jpeg"}],"twitter_card":"summary_large_image","twitter_misc":{"Est. reading time":"1 minute"},"schema":{"@context":"https:\/\/schema.org","@graph":[{"@type":"WebPage","@id":"https:\/\/librairie7l.com\/en\/produit\/maisons-revees-40-maisons-darchitectes-made-in-france\/","url":"https:\/\/librairie7l.com\/en\/produit\/maisons-revees-40-maisons-darchitectes-made-in-france\/","name":"MAISONS R\u00caV\u00c9ES : 40 MAISONS D'ARCHITECTES MADE IN FRANCE - Librairie 7L","isPartOf":{"@id":"https:\/\/librairie7l.com\/en\/#website"},"datePublished":"2023-05-10T10:09:20+00:00","dateModified":"2026-04-17T12:15:17+00:00","breadcrumb":{"@id":"https:\/\/librairie7l.com\/en\/produit\/maisons-revees-40-maisons-darchitectes-made-in-france\/#breadcrumb"},"inLanguage":"en-US","potentialAction":[{"@type":"ReadAction","target":["https:\/\/librairie7l.com\/en\/produit\/maisons-revees-40-maisons-darchitectes-made-in-france\/"]}]},{"@type":"BreadcrumbList","@id":"https:\/\/librairie7l.com\/en\/produit\/maisons-revees-40-maisons-darchitectes-made-in-france\/#breadcrumb","itemListElement":[{"@type":"ListItem","position":1,"name":"Accueil","item":"https:\/\/librairie7l.com\/en\/"},{"@type":"ListItem","position":2,"name":"Shop","item":"https:\/\/librairie7l.com\/en\/shop\/"},{"@type":"ListItem","position":3,"name":"MAISONS R\u00caV\u00c9ES : 40 MAISONS D&#8217;ARCHITECTES MADE IN FRANCE"}]},{"@type":"WebSite","@id":"https:\/\/librairie7l.com\/en\/#website","url":"https:\/\/librairie7l.com\/en\/","name":"Librairie 7L","description":"Librairie fond\u00e9e en 1999 par Karl Lagerfeld \u00e0 Paris","publisher":{"@id":"https:\/\/librairie7l.com\/en\/#organization"},"potentialAction":[{"@type":"SearchAction","target":{"@type":"EntryPoint","urlTemplate":"https:\/\/librairie7l.com\/en\/?s={search_term_string}"},"query-input":"required name=search_term_string"}],"inLanguage":"en-US"},{"@type":"Organization","@id":"https:\/\/librairie7l.com\/en\/#organization","name":"Librairie 7L","url":"https:\/\/librairie7l.com\/en\/","logo":{"@type":"ImageObject","inLanguage":"en-US","@id":"https:\/\/librairie7l.com\/en\/#\/schema\/logo\/image\/","url":"https:\/\/librairie7l.com\/wp-content\/uploads\/2022\/08\/logo-1.png","contentUrl":"https:\/\/librairie7l.com\/wp-content\/uploads\/2022\/08\/logo-1.png","width":227,"height":301,"caption":"Librairie 7L"},"image":{"@id":"https:\/\/librairie7l.com\/en\/#\/schema\/logo\/image\/"}}]}},"_links":{"self":[{"href":"https:\/\/librairie7l.com\/en\/wp-json\/wp\/v2\/product\/26443"}],"collection":[{"href":"https:\/\/librairie7l.com\/en\/wp-json\/wp\/v2\/product"}],"about":[{"href":"https:\/\/librairie7l.com\/en\/wp-json\/wp\/v2\/types\/product"}],"wp:featuredmedia":[{"embeddable":true,"href":"https:\/\/librairie7l.com\/en\/wp-json\/wp\/v2\/media\/26441"}],"wp:attachment":[{"href":"https:\/\/librairie7l.com\/en\/wp-json\/wp\/v2\/media?parent=26443"}],"wp:term":[{"taxonomy":"product_cat","embeddable":true,"href":"https:\/\/librairie7l.com\/en\/wp-json\/wp\/v2\/product_cat?post=26443"},{"taxonomy":"product_tag","embeddable":true,"href":"https:\/\/librairie7l.com\/en\/wp-json\/wp\/v2\/product_tag?post=26443"}],"curies":[{"name":"wp","href":"https:\/\/api.w.org\/{rel}","templated":true}]}}