{"id":26447,"date":"2023-05-10T12:09:24","date_gmt":"2023-05-10T10:09:24","guid":{"rendered":"https:\/\/librairie7l.com\/?post_type=product&#038;p=26447"},"modified":"2026-04-07T12:58:41","modified_gmt":"2026-04-07T10:58:41","slug":"jlg-jlg-et-autres-textes","status":"publish","type":"product","link":"https:\/\/librairie7l.com\/en\/produit\/jlg-jlg-et-autres-textes\/","title":{"rendered":"JLG\/JLG ; ET AUTRES TEXTES"},"content":{"rendered":"<p>Le cin\u00e9aste Jean-Luc Godard est mort le 13 septembre 2022. Il avait publi\u00e9 sept livres aux \u00e9ditions P.O.L, dont six livres de \u00ab phrases \u00bb qui proviennent de ses six films \u00e9ponymes : JLG\/JLG, autoportrait de d\u00e9cembre (1996), For Ever Mozart (1996), Allemagne neuf z\u00e9ro (1998), 2 x 50 ans de cin\u00e9ma fran\u00e7ais avec Anne- Marie Mi\u00e9ville (1998), Les enfants jouent \u00e0 la Russie (1998), et \u00c9loge de l&#8217;amour (2001).<br \/>\nCe volume exceptionnel reprend en format poche l&#8217;int\u00e9gralit\u00e9 de ces six livres construits avec ce qui se dit, se pense dans ces films. C&#8217;est le \u00ab d\u00e9coupage dialogu\u00e9 \u00bb de chaque film : succession de phrases, d&#8217;aphorismes, sentences, histoires br\u00e8ves, citations, qui font litt\u00e9ralement lever les images, les bruits, la musique des films, et en font r\u00e9sonner la parole heurt\u00e9e. Pour Godard, phraser, c&#8217;\u00e9tait jouer en mettant en \u00e9vidence &#8211; par des respirations &#8211; le d\u00e9veloppement d&#8217;une ligne m\u00e9lodique. \u00ab Ce sont des sons et des phrases, qui correspondent \u00e0 un type de diction, le mien \u00bb, expliquait-il.<\/p>\n<p>\u00ab Le montage de citations, d&#8217;aphorismes godardiens et d&#8217;incidentes extraites du d\u00e9roulement des films font de JLG\/JLG et For Ever Mozart, les livres, des oeuvres \u00e0 part enti\u00e8re, distinctes des films qui leur ont donn\u00e9 naissance. [&#8230;] Chacun y trouvera ou retrouvera, au d\u00e9tour d&#8217;une colonne, quelques tr\u00e8s indispensables d\u00e9tonateurs de la pens\u00e9e &#8211; ne serait-ce que, dans JLG\/JLG, l&#8217;admirable r\u00e9flexion sur l&#8217;Europe, la culture et l&#8217;art. \u00bb.<br \/>\nLe Monde, 6 d\u00e9cembre 1996<\/p>\n","protected":false},"excerpt":{"rendered":"<p>Le cin\u00e9aste Jean-Luc Godard est mort le 13 septembre 2022. Il avait publi\u00e9 sept livres aux \u00e9ditions P.O.L, dont six livres de \u00ab phrases \u00bb qui proviennent de ses six films \u00e9ponymes : JLG\/JLG, autoportrait de d\u00e9cembre (1996), For Ever Mozart (1996), Allemagne neuf z\u00e9ro (1998), 2 x 50 ans de cin\u00e9ma fran\u00e7ais avec Anne- [&hellip;]<\/p>\n","protected":false},"featured_media":26445,"template":"","meta":[],"product_cat":[55,2948,2958,17],"product_tag":[],"acf":[],"yoast_head":"<!-- This site is optimized with the Yoast SEO plugin v20.11 - https:\/\/yoast.com\/wordpress\/plugins\/seo\/ -->\n<title>JLG\/JLG ; ET AUTRES TEXTES - Librairie 7L<\/title>\n<meta name=\"robots\" content=\"index, follow, max-snippet:-1, max-image-preview:large, max-video-preview:-1\" \/>\n<link rel=\"canonical\" href=\"https:\/\/librairie7l.com\/en\/produit\/jlg-jlg-et-autres-textes\/\" \/>\n<meta property=\"og:locale\" content=\"en_US\" \/>\n<meta property=\"og:type\" content=\"article\" \/>\n<meta property=\"og:title\" content=\"JLG\/JLG ; ET AUTRES TEXTES - Librairie 7L\" \/>\n<meta property=\"og:description\" content=\"Le cin\u00e9aste Jean-Luc Godard est mort le 13 septembre 2022. Il avait publi\u00e9 sept livres aux \u00e9ditions P.O.L, dont six livres de \u00ab phrases \u00bb qui proviennent de ses six films \u00e9ponymes : JLG\/JLG, autoportrait de d\u00e9cembre (1996), For Ever Mozart (1996), Allemagne neuf z\u00e9ro (1998), 2 x 50 ans de cin\u00e9ma fran\u00e7ais avec Anne- [&hellip;]\" \/>\n<meta property=\"og:url\" content=\"https:\/\/librairie7l.com\/en\/produit\/jlg-jlg-et-autres-textes\/\" \/>\n<meta property=\"og:site_name\" content=\"Librairie 7L\" \/>\n<meta property=\"article:modified_time\" content=\"2026-04-07T10:58:41+00:00\" \/>\n<meta property=\"og:image\" content=\"https:\/\/librairie7l.com\/wp-content\/uploads\/2022\/09\/9782818057117_1_75.jpg\" \/>\n\t<meta property=\"og:image:width\" content=\"518\" \/>\n\t<meta property=\"og:image:height\" content=\"800\" \/>\n\t<meta property=\"og:image:type\" content=\"image\/jpeg\" \/>\n<meta name=\"twitter:card\" content=\"summary_large_image\" \/>\n<meta name=\"twitter:label1\" content=\"Est. reading time\" \/>\n\t<meta name=\"twitter:data1\" content=\"1 minute\" \/>\n<script type=\"application\/ld+json\" class=\"yoast-schema-graph\">{\"@context\":\"https:\/\/schema.org\",\"@graph\":[{\"@type\":\"WebPage\",\"@id\":\"https:\/\/librairie7l.com\/en\/produit\/jlg-jlg-et-autres-textes\/\",\"url\":\"https:\/\/librairie7l.com\/en\/produit\/jlg-jlg-et-autres-textes\/\",\"name\":\"JLG\/JLG ; ET AUTRES TEXTES - Librairie 7L\",\"isPartOf\":{\"@id\":\"https:\/\/librairie7l.com\/en\/#website\"},\"datePublished\":\"2023-05-10T10:09:24+00:00\",\"dateModified\":\"2026-04-07T10:58:41+00:00\",\"breadcrumb\":{\"@id\":\"https:\/\/librairie7l.com\/en\/produit\/jlg-jlg-et-autres-textes\/#breadcrumb\"},\"inLanguage\":\"en-US\",\"potentialAction\":[{\"@type\":\"ReadAction\",\"target\":[\"https:\/\/librairie7l.com\/en\/produit\/jlg-jlg-et-autres-textes\/\"]}]},{\"@type\":\"BreadcrumbList\",\"@id\":\"https:\/\/librairie7l.com\/en\/produit\/jlg-jlg-et-autres-textes\/#breadcrumb\",\"itemListElement\":[{\"@type\":\"ListItem\",\"position\":1,\"name\":\"Accueil\",\"item\":\"https:\/\/librairie7l.com\/en\/\"},{\"@type\":\"ListItem\",\"position\":2,\"name\":\"Shop\",\"item\":\"https:\/\/librairie7l.com\/en\/shop\/\"},{\"@type\":\"ListItem\",\"position\":3,\"name\":\"JLG\/JLG ; ET AUTRES TEXTES\"}]},{\"@type\":\"WebSite\",\"@id\":\"https:\/\/librairie7l.com\/en\/#website\",\"url\":\"https:\/\/librairie7l.com\/en\/\",\"name\":\"Librairie 7L\",\"description\":\"Librairie fond\u00e9e en 1999 par Karl Lagerfeld \u00e0 Paris\",\"publisher\":{\"@id\":\"https:\/\/librairie7l.com\/en\/#organization\"},\"potentialAction\":[{\"@type\":\"SearchAction\",\"target\":{\"@type\":\"EntryPoint\",\"urlTemplate\":\"https:\/\/librairie7l.com\/en\/?s={search_term_string}\"},\"query-input\":\"required name=search_term_string\"}],\"inLanguage\":\"en-US\"},{\"@type\":\"Organization\",\"@id\":\"https:\/\/librairie7l.com\/en\/#organization\",\"name\":\"Librairie 7L\",\"url\":\"https:\/\/librairie7l.com\/en\/\",\"logo\":{\"@type\":\"ImageObject\",\"inLanguage\":\"en-US\",\"@id\":\"https:\/\/librairie7l.com\/en\/#\/schema\/logo\/image\/\",\"url\":\"https:\/\/librairie7l.com\/wp-content\/uploads\/2022\/08\/logo-1.png\",\"contentUrl\":\"https:\/\/librairie7l.com\/wp-content\/uploads\/2022\/08\/logo-1.png\",\"width\":227,\"height\":301,\"caption\":\"Librairie 7L\"},\"image\":{\"@id\":\"https:\/\/librairie7l.com\/en\/#\/schema\/logo\/image\/\"}}]}<\/script>\n<!-- \/ Yoast SEO plugin. -->","yoast_head_json":{"title":"JLG\/JLG ; ET AUTRES TEXTES - Librairie 7L","robots":{"index":"index","follow":"follow","max-snippet":"max-snippet:-1","max-image-preview":"max-image-preview:large","max-video-preview":"max-video-preview:-1"},"canonical":"https:\/\/librairie7l.com\/en\/produit\/jlg-jlg-et-autres-textes\/","og_locale":"en_US","og_type":"article","og_title":"JLG\/JLG ; ET AUTRES TEXTES - Librairie 7L","og_description":"Le cin\u00e9aste Jean-Luc Godard est mort le 13 septembre 2022. Il avait publi\u00e9 sept livres aux \u00e9ditions P.O.L, dont six livres de \u00ab phrases \u00bb qui proviennent de ses six films \u00e9ponymes : JLG\/JLG, autoportrait de d\u00e9cembre (1996), For Ever Mozart (1996), Allemagne neuf z\u00e9ro (1998), 2 x 50 ans de cin\u00e9ma fran\u00e7ais avec Anne- [&hellip;]","og_url":"https:\/\/librairie7l.com\/en\/produit\/jlg-jlg-et-autres-textes\/","og_site_name":"Librairie 7L","article_modified_time":"2026-04-07T10:58:41+00:00","og_image":[{"width":518,"height":800,"url":"https:\/\/librairie7l.com\/wp-content\/uploads\/2022\/09\/9782818057117_1_75.jpg","type":"image\/jpeg"}],"twitter_card":"summary_large_image","twitter_misc":{"Est. reading time":"1 minute"},"schema":{"@context":"https:\/\/schema.org","@graph":[{"@type":"WebPage","@id":"https:\/\/librairie7l.com\/en\/produit\/jlg-jlg-et-autres-textes\/","url":"https:\/\/librairie7l.com\/en\/produit\/jlg-jlg-et-autres-textes\/","name":"JLG\/JLG ; ET AUTRES TEXTES - Librairie 7L","isPartOf":{"@id":"https:\/\/librairie7l.com\/en\/#website"},"datePublished":"2023-05-10T10:09:24+00:00","dateModified":"2026-04-07T10:58:41+00:00","breadcrumb":{"@id":"https:\/\/librairie7l.com\/en\/produit\/jlg-jlg-et-autres-textes\/#breadcrumb"},"inLanguage":"en-US","potentialAction":[{"@type":"ReadAction","target":["https:\/\/librairie7l.com\/en\/produit\/jlg-jlg-et-autres-textes\/"]}]},{"@type":"BreadcrumbList","@id":"https:\/\/librairie7l.com\/en\/produit\/jlg-jlg-et-autres-textes\/#breadcrumb","itemListElement":[{"@type":"ListItem","position":1,"name":"Accueil","item":"https:\/\/librairie7l.com\/en\/"},{"@type":"ListItem","position":2,"name":"Shop","item":"https:\/\/librairie7l.com\/en\/shop\/"},{"@type":"ListItem","position":3,"name":"JLG\/JLG ; ET AUTRES TEXTES"}]},{"@type":"WebSite","@id":"https:\/\/librairie7l.com\/en\/#website","url":"https:\/\/librairie7l.com\/en\/","name":"Librairie 7L","description":"Librairie fond\u00e9e en 1999 par Karl Lagerfeld \u00e0 Paris","publisher":{"@id":"https:\/\/librairie7l.com\/en\/#organization"},"potentialAction":[{"@type":"SearchAction","target":{"@type":"EntryPoint","urlTemplate":"https:\/\/librairie7l.com\/en\/?s={search_term_string}"},"query-input":"required name=search_term_string"}],"inLanguage":"en-US"},{"@type":"Organization","@id":"https:\/\/librairie7l.com\/en\/#organization","name":"Librairie 7L","url":"https:\/\/librairie7l.com\/en\/","logo":{"@type":"ImageObject","inLanguage":"en-US","@id":"https:\/\/librairie7l.com\/en\/#\/schema\/logo\/image\/","url":"https:\/\/librairie7l.com\/wp-content\/uploads\/2022\/08\/logo-1.png","contentUrl":"https:\/\/librairie7l.com\/wp-content\/uploads\/2022\/08\/logo-1.png","width":227,"height":301,"caption":"Librairie 7L"},"image":{"@id":"https:\/\/librairie7l.com\/en\/#\/schema\/logo\/image\/"}}]}},"_links":{"self":[{"href":"https:\/\/librairie7l.com\/en\/wp-json\/wp\/v2\/product\/26447"}],"collection":[{"href":"https:\/\/librairie7l.com\/en\/wp-json\/wp\/v2\/product"}],"about":[{"href":"https:\/\/librairie7l.com\/en\/wp-json\/wp\/v2\/types\/product"}],"wp:featuredmedia":[{"embeddable":true,"href":"https:\/\/librairie7l.com\/en\/wp-json\/wp\/v2\/media\/26445"}],"wp:attachment":[{"href":"https:\/\/librairie7l.com\/en\/wp-json\/wp\/v2\/media?parent=26447"}],"wp:term":[{"taxonomy":"product_cat","embeddable":true,"href":"https:\/\/librairie7l.com\/en\/wp-json\/wp\/v2\/product_cat?post=26447"},{"taxonomy":"product_tag","embeddable":true,"href":"https:\/\/librairie7l.com\/en\/wp-json\/wp\/v2\/product_tag?post=26447"}],"curies":[{"name":"wp","href":"https:\/\/api.w.org\/{rel}","templated":true}]}}