{"id":26459,"date":"2023-05-10T12:09:43","date_gmt":"2023-05-10T10:09:43","guid":{"rendered":"https:\/\/librairie7l.com\/?post_type=product&#038;p=26459"},"modified":"2026-04-17T10:06:36","modified_gmt":"2026-04-17T08:06:36","slug":"le-style-camp","status":"publish","type":"product","link":"https:\/\/librairie7l.com\/en\/produit\/le-style-camp\/","title":{"rendered":"LE STYLE CAMP"},"content":{"rendered":"<p>Dans Le style Camp, Sontag tente de d\u00e9finir l&#8217;ind\u00e9finissable.<br \/>\nLe Camp, c&#8217;est une fa\u00e7on de voir le monde autant qu&#8217;une mani\u00e8re d&#8217;\u00eatre. Cet art de valoriser l&#8217;artifice pourrait avoir pris corps selon Sontag pour la premi\u00e8re fois dans Les Fourberies de Scapin, de Moli\u00e8re, en 1671, et autour de la figure de Louis XIV. La beaut\u00e9 androgyne de Greta Garbo, le film King Kong de 1933, ou encore Mozart, incarnent tous la sensibilit\u00e9 Camp &#8211; un m\u00e9lange d&#8217;extravagance, de ludisme et de s\u00e9rieux. Le Camp, en tant que subversion des normes sexuelles, est aussi une forme d&#8217;expression et un regard propre aux communaut\u00e9s queer.<br \/>\nDans Culture et sensibilit\u00e9 d&#8217;aujourd&#8217;hui, Susan Sontag va plus loin encore. En th\u00e9orisant notre \u00ab nouvelle sensibilit\u00e9 \u00bb, elle sugg\u00e8re qu&#8217;il n&#8217;est plus possible de diff\u00e9rencier l&#8217;art noble et l&#8217;art populaire et red\u00e9finit la nouvelle fonction de l&#8217;art depuis la r\u00e9volution industrielle. Embl\u00e9matique d&#8217;une \u00e9poque et de ses mouvances contestataires, ce second essai est une v\u00e9ritable d\u00e9claration d&#8217;ind\u00e9pendance par rapport \u00e0 la critique traditionnelle : c&#8217;est l&#8217;un des textes critiques les plus lus et les plus influents des ann\u00e9es 1960.<br \/>\nPubli\u00e9 \u00e0 l&#8217;origine en 1964 et inclus dans son premier recueil d&#8217;essais embl\u00e9matique, Against Interpretation, Le style Camp et Culture et sensibilit\u00e9 d&#8217;aujourd&#8217;hui ont \u00e9t\u00e9 les premiers essais critiques \u00e0 abolir les fronti\u00e8res entre la \u00ab haute \u00bb et la \u00ab basse \u00bb culture ; ils ont propuls\u00e9 la carri\u00e8re de Susan Sontag dans les ann\u00e9es 1960. Ces essais ont initi\u00e9 une nouvelle fa\u00e7on de penser, ouvrant la voie \u00e0 un tout nouveau style de critique culturelle.<\/p>\n","protected":false},"excerpt":{"rendered":"<p>Dans Le style Camp, Sontag tente de d\u00e9finir l&#8217;ind\u00e9finissable. Le Camp, c&#8217;est une fa\u00e7on de voir le monde autant qu&#8217;une mani\u00e8re d&#8217;\u00eatre. Cet art de valoriser l&#8217;artifice pourrait avoir pris corps selon Sontag pour la premi\u00e8re fois dans Les Fourberies de Scapin, de Moli\u00e8re, en 1671, et autour de la figure de Louis XIV. La [&hellip;]<\/p>\n","protected":false},"featured_media":26457,"template":"","meta":[],"product_cat":[55,2948,47,2953],"product_tag":[],"acf":[],"yoast_head":"<!-- This site is optimized with the Yoast SEO plugin v20.11 - https:\/\/yoast.com\/wordpress\/plugins\/seo\/ -->\n<title>LE STYLE CAMP - Librairie 7L<\/title>\n<meta name=\"robots\" content=\"index, follow, max-snippet:-1, max-image-preview:large, max-video-preview:-1\" \/>\n<link rel=\"canonical\" href=\"https:\/\/librairie7l.com\/en\/produit\/le-style-camp\/\" \/>\n<meta property=\"og:locale\" content=\"en_US\" \/>\n<meta property=\"og:type\" content=\"article\" \/>\n<meta property=\"og:title\" content=\"LE STYLE CAMP - Librairie 7L\" \/>\n<meta property=\"og:description\" content=\"Dans Le style Camp, Sontag tente de d\u00e9finir l&#8217;ind\u00e9finissable. Le Camp, c&#8217;est une fa\u00e7on de voir le monde autant qu&#8217;une mani\u00e8re d&#8217;\u00eatre. Cet art de valoriser l&#8217;artifice pourrait avoir pris corps selon Sontag pour la premi\u00e8re fois dans Les Fourberies de Scapin, de Moli\u00e8re, en 1671, et autour de la figure de Louis XIV. La [&hellip;]\" \/>\n<meta property=\"og:url\" content=\"https:\/\/librairie7l.com\/en\/produit\/le-style-camp\/\" \/>\n<meta property=\"og:site_name\" content=\"Librairie 7L\" \/>\n<meta property=\"article:modified_time\" content=\"2026-04-17T08:06:36+00:00\" \/>\n<meta property=\"og:image\" content=\"https:\/\/librairie7l.com\/wp-content\/uploads\/2022\/06\/9782267046823_1_75.jpg\" \/>\n\t<meta property=\"og:image:width\" content=\"485\" \/>\n\t<meta property=\"og:image:height\" content=\"800\" \/>\n\t<meta property=\"og:image:type\" content=\"image\/jpeg\" \/>\n<meta name=\"twitter:card\" content=\"summary_large_image\" \/>\n<meta name=\"twitter:label1\" content=\"Est. reading time\" \/>\n\t<meta name=\"twitter:data1\" content=\"1 minute\" \/>\n<script type=\"application\/ld+json\" class=\"yoast-schema-graph\">{\"@context\":\"https:\/\/schema.org\",\"@graph\":[{\"@type\":\"WebPage\",\"@id\":\"https:\/\/librairie7l.com\/en\/produit\/le-style-camp\/\",\"url\":\"https:\/\/librairie7l.com\/en\/produit\/le-style-camp\/\",\"name\":\"LE STYLE CAMP - Librairie 7L\",\"isPartOf\":{\"@id\":\"https:\/\/librairie7l.com\/en\/#website\"},\"datePublished\":\"2023-05-10T10:09:43+00:00\",\"dateModified\":\"2026-04-17T08:06:36+00:00\",\"breadcrumb\":{\"@id\":\"https:\/\/librairie7l.com\/en\/produit\/le-style-camp\/#breadcrumb\"},\"inLanguage\":\"en-US\",\"potentialAction\":[{\"@type\":\"ReadAction\",\"target\":[\"https:\/\/librairie7l.com\/en\/produit\/le-style-camp\/\"]}]},{\"@type\":\"BreadcrumbList\",\"@id\":\"https:\/\/librairie7l.com\/en\/produit\/le-style-camp\/#breadcrumb\",\"itemListElement\":[{\"@type\":\"ListItem\",\"position\":1,\"name\":\"Accueil\",\"item\":\"https:\/\/librairie7l.com\/en\/\"},{\"@type\":\"ListItem\",\"position\":2,\"name\":\"Shop\",\"item\":\"https:\/\/librairie7l.com\/en\/shop\/\"},{\"@type\":\"ListItem\",\"position\":3,\"name\":\"LE STYLE CAMP\"}]},{\"@type\":\"WebSite\",\"@id\":\"https:\/\/librairie7l.com\/en\/#website\",\"url\":\"https:\/\/librairie7l.com\/en\/\",\"name\":\"Librairie 7L\",\"description\":\"Librairie fond\u00e9e en 1999 par Karl Lagerfeld \u00e0 Paris\",\"publisher\":{\"@id\":\"https:\/\/librairie7l.com\/en\/#organization\"},\"potentialAction\":[{\"@type\":\"SearchAction\",\"target\":{\"@type\":\"EntryPoint\",\"urlTemplate\":\"https:\/\/librairie7l.com\/en\/?s={search_term_string}\"},\"query-input\":\"required name=search_term_string\"}],\"inLanguage\":\"en-US\"},{\"@type\":\"Organization\",\"@id\":\"https:\/\/librairie7l.com\/en\/#organization\",\"name\":\"Librairie 7L\",\"url\":\"https:\/\/librairie7l.com\/en\/\",\"logo\":{\"@type\":\"ImageObject\",\"inLanguage\":\"en-US\",\"@id\":\"https:\/\/librairie7l.com\/en\/#\/schema\/logo\/image\/\",\"url\":\"https:\/\/librairie7l.com\/wp-content\/uploads\/2022\/08\/logo-1.png\",\"contentUrl\":\"https:\/\/librairie7l.com\/wp-content\/uploads\/2022\/08\/logo-1.png\",\"width\":227,\"height\":301,\"caption\":\"Librairie 7L\"},\"image\":{\"@id\":\"https:\/\/librairie7l.com\/en\/#\/schema\/logo\/image\/\"}}]}<\/script>\n<!-- \/ Yoast SEO plugin. -->","yoast_head_json":{"title":"LE STYLE CAMP - Librairie 7L","robots":{"index":"index","follow":"follow","max-snippet":"max-snippet:-1","max-image-preview":"max-image-preview:large","max-video-preview":"max-video-preview:-1"},"canonical":"https:\/\/librairie7l.com\/en\/produit\/le-style-camp\/","og_locale":"en_US","og_type":"article","og_title":"LE STYLE CAMP - Librairie 7L","og_description":"Dans Le style Camp, Sontag tente de d\u00e9finir l&#8217;ind\u00e9finissable. Le Camp, c&#8217;est une fa\u00e7on de voir le monde autant qu&#8217;une mani\u00e8re d&#8217;\u00eatre. Cet art de valoriser l&#8217;artifice pourrait avoir pris corps selon Sontag pour la premi\u00e8re fois dans Les Fourberies de Scapin, de Moli\u00e8re, en 1671, et autour de la figure de Louis XIV. La [&hellip;]","og_url":"https:\/\/librairie7l.com\/en\/produit\/le-style-camp\/","og_site_name":"Librairie 7L","article_modified_time":"2026-04-17T08:06:36+00:00","og_image":[{"width":485,"height":800,"url":"https:\/\/librairie7l.com\/wp-content\/uploads\/2022\/06\/9782267046823_1_75.jpg","type":"image\/jpeg"}],"twitter_card":"summary_large_image","twitter_misc":{"Est. reading time":"1 minute"},"schema":{"@context":"https:\/\/schema.org","@graph":[{"@type":"WebPage","@id":"https:\/\/librairie7l.com\/en\/produit\/le-style-camp\/","url":"https:\/\/librairie7l.com\/en\/produit\/le-style-camp\/","name":"LE STYLE CAMP - Librairie 7L","isPartOf":{"@id":"https:\/\/librairie7l.com\/en\/#website"},"datePublished":"2023-05-10T10:09:43+00:00","dateModified":"2026-04-17T08:06:36+00:00","breadcrumb":{"@id":"https:\/\/librairie7l.com\/en\/produit\/le-style-camp\/#breadcrumb"},"inLanguage":"en-US","potentialAction":[{"@type":"ReadAction","target":["https:\/\/librairie7l.com\/en\/produit\/le-style-camp\/"]}]},{"@type":"BreadcrumbList","@id":"https:\/\/librairie7l.com\/en\/produit\/le-style-camp\/#breadcrumb","itemListElement":[{"@type":"ListItem","position":1,"name":"Accueil","item":"https:\/\/librairie7l.com\/en\/"},{"@type":"ListItem","position":2,"name":"Shop","item":"https:\/\/librairie7l.com\/en\/shop\/"},{"@type":"ListItem","position":3,"name":"LE STYLE CAMP"}]},{"@type":"WebSite","@id":"https:\/\/librairie7l.com\/en\/#website","url":"https:\/\/librairie7l.com\/en\/","name":"Librairie 7L","description":"Librairie fond\u00e9e en 1999 par Karl Lagerfeld \u00e0 Paris","publisher":{"@id":"https:\/\/librairie7l.com\/en\/#organization"},"potentialAction":[{"@type":"SearchAction","target":{"@type":"EntryPoint","urlTemplate":"https:\/\/librairie7l.com\/en\/?s={search_term_string}"},"query-input":"required name=search_term_string"}],"inLanguage":"en-US"},{"@type":"Organization","@id":"https:\/\/librairie7l.com\/en\/#organization","name":"Librairie 7L","url":"https:\/\/librairie7l.com\/en\/","logo":{"@type":"ImageObject","inLanguage":"en-US","@id":"https:\/\/librairie7l.com\/en\/#\/schema\/logo\/image\/","url":"https:\/\/librairie7l.com\/wp-content\/uploads\/2022\/08\/logo-1.png","contentUrl":"https:\/\/librairie7l.com\/wp-content\/uploads\/2022\/08\/logo-1.png","width":227,"height":301,"caption":"Librairie 7L"},"image":{"@id":"https:\/\/librairie7l.com\/en\/#\/schema\/logo\/image\/"}}]}},"_links":{"self":[{"href":"https:\/\/librairie7l.com\/en\/wp-json\/wp\/v2\/product\/26459"}],"collection":[{"href":"https:\/\/librairie7l.com\/en\/wp-json\/wp\/v2\/product"}],"about":[{"href":"https:\/\/librairie7l.com\/en\/wp-json\/wp\/v2\/types\/product"}],"wp:featuredmedia":[{"embeddable":true,"href":"https:\/\/librairie7l.com\/en\/wp-json\/wp\/v2\/media\/26457"}],"wp:attachment":[{"href":"https:\/\/librairie7l.com\/en\/wp-json\/wp\/v2\/media?parent=26459"}],"wp:term":[{"taxonomy":"product_cat","embeddable":true,"href":"https:\/\/librairie7l.com\/en\/wp-json\/wp\/v2\/product_cat?post=26459"},{"taxonomy":"product_tag","embeddable":true,"href":"https:\/\/librairie7l.com\/en\/wp-json\/wp\/v2\/product_tag?post=26459"}],"curies":[{"name":"wp","href":"https:\/\/api.w.org\/{rel}","templated":true}]}}