{"id":26463,"date":"2023-05-10T12:09:48","date_gmt":"2023-05-10T10:09:48","guid":{"rendered":"https:\/\/librairie7l.com\/?post_type=product&#038;p=26463"},"modified":"2026-04-21T12:23:51","modified_gmt":"2026-04-21T10:23:51","slug":"les-couvertures-de-livres-une-histoire-graphique","status":"publish","type":"product","link":"https:\/\/librairie7l.com\/en\/produit\/les-couvertures-de-livres-une-histoire-graphique\/","title":{"rendered":"LES COUVERTURES DE LIVRES : UNE HISTOIRE GRAPHIQUE"},"content":{"rendered":"<p>La premi\u00e8re histoire des couvertures de livres en langue fran\u00e7aise, riche de plus de 200 illustrations. Cette \u00ab histoire visuelle \u00bb explore les modalit\u00e9s et la finalit\u00e9 de la conception \u00e9ditoriale, mat\u00e9rielle et graphique des couvertures de livres publi\u00e9s dans toute l&#8217;Europe, dans les pays anglo-saxons, sans oublier les sp\u00e9cificit\u00e9s des productions n\u00e9es dans les pays de l&#8217;Est comme en Asie.<\/p>\n","protected":false},"excerpt":{"rendered":"<p>La premi\u00e8re histoire des couvertures de livres en langue fran\u00e7aise, riche de plus de 200 illustrations. Cette \u00ab histoire visuelle \u00bb explore les modalit\u00e9s et la finalit\u00e9 de la conception \u00e9ditoriale, mat\u00e9rielle et graphique des couvertures de livres publi\u00e9s dans toute l&#8217;Europe, dans les pays anglo-saxons, sans oublier les sp\u00e9cificit\u00e9s des productions n\u00e9es dans les [&hellip;]<\/p>\n","protected":false},"featured_media":26461,"template":"","meta":[],"product_cat":[55,2948,18,2952],"product_tag":[],"acf":[],"yoast_head":"<!-- This site is optimized with the Yoast SEO plugin v20.11 - https:\/\/yoast.com\/wordpress\/plugins\/seo\/ -->\n<title>LES COUVERTURES DE LIVRES : UNE HISTOIRE GRAPHIQUE - Librairie 7L<\/title>\n<meta name=\"robots\" content=\"index, follow, max-snippet:-1, max-image-preview:large, max-video-preview:-1\" \/>\n<link rel=\"canonical\" href=\"https:\/\/librairie7l.com\/en\/produit\/les-couvertures-de-livres-une-histoire-graphique\/\" \/>\n<meta property=\"og:locale\" content=\"en_US\" \/>\n<meta property=\"og:type\" content=\"article\" \/>\n<meta property=\"og:title\" content=\"LES COUVERTURES DE LIVRES : UNE HISTOIRE GRAPHIQUE - Librairie 7L\" \/>\n<meta property=\"og:description\" content=\"La premi\u00e8re histoire des couvertures de livres en langue fran\u00e7aise, riche de plus de 200 illustrations. Cette \u00ab histoire visuelle \u00bb explore les modalit\u00e9s et la finalit\u00e9 de la conception \u00e9ditoriale, mat\u00e9rielle et graphique des couvertures de livres publi\u00e9s dans toute l&#8217;Europe, dans les pays anglo-saxons, sans oublier les sp\u00e9cificit\u00e9s des productions n\u00e9es dans les [&hellip;]\" \/>\n<meta property=\"og:url\" content=\"https:\/\/librairie7l.com\/en\/produit\/les-couvertures-de-livres-une-histoire-graphique\/\" \/>\n<meta property=\"og:site_name\" content=\"Librairie 7L\" \/>\n<meta property=\"article:modified_time\" content=\"2026-04-21T10:23:51+00:00\" \/>\n<meta property=\"og:image\" content=\"https:\/\/librairie7l.com\/wp-content\/uploads\/2022\/03\/9782330167707_1_75.jpg\" \/>\n\t<meta property=\"og:image:width\" content=\"600\" \/>\n\t<meta property=\"og:image:height\" content=\"684\" \/>\n\t<meta property=\"og:image:type\" content=\"image\/jpeg\" \/>\n<meta name=\"twitter:card\" content=\"summary_large_image\" \/>\n<script type=\"application\/ld+json\" class=\"yoast-schema-graph\">{\"@context\":\"https:\/\/schema.org\",\"@graph\":[{\"@type\":\"WebPage\",\"@id\":\"https:\/\/librairie7l.com\/en\/produit\/les-couvertures-de-livres-une-histoire-graphique\/\",\"url\":\"https:\/\/librairie7l.com\/en\/produit\/les-couvertures-de-livres-une-histoire-graphique\/\",\"name\":\"LES COUVERTURES DE LIVRES : UNE HISTOIRE GRAPHIQUE - Librairie 7L\",\"isPartOf\":{\"@id\":\"https:\/\/librairie7l.com\/en\/#website\"},\"datePublished\":\"2023-05-10T10:09:48+00:00\",\"dateModified\":\"2026-04-21T10:23:51+00:00\",\"breadcrumb\":{\"@id\":\"https:\/\/librairie7l.com\/en\/produit\/les-couvertures-de-livres-une-histoire-graphique\/#breadcrumb\"},\"inLanguage\":\"en-US\",\"potentialAction\":[{\"@type\":\"ReadAction\",\"target\":[\"https:\/\/librairie7l.com\/en\/produit\/les-couvertures-de-livres-une-histoire-graphique\/\"]}]},{\"@type\":\"BreadcrumbList\",\"@id\":\"https:\/\/librairie7l.com\/en\/produit\/les-couvertures-de-livres-une-histoire-graphique\/#breadcrumb\",\"itemListElement\":[{\"@type\":\"ListItem\",\"position\":1,\"name\":\"Accueil\",\"item\":\"https:\/\/librairie7l.com\/en\/\"},{\"@type\":\"ListItem\",\"position\":2,\"name\":\"Shop\",\"item\":\"https:\/\/librairie7l.com\/en\/shop\/\"},{\"@type\":\"ListItem\",\"position\":3,\"name\":\"LES COUVERTURES DE LIVRES : UNE HISTOIRE GRAPHIQUE\"}]},{\"@type\":\"WebSite\",\"@id\":\"https:\/\/librairie7l.com\/en\/#website\",\"url\":\"https:\/\/librairie7l.com\/en\/\",\"name\":\"Librairie 7L\",\"description\":\"Librairie fond\u00e9e en 1999 par Karl Lagerfeld \u00e0 Paris\",\"publisher\":{\"@id\":\"https:\/\/librairie7l.com\/en\/#organization\"},\"potentialAction\":[{\"@type\":\"SearchAction\",\"target\":{\"@type\":\"EntryPoint\",\"urlTemplate\":\"https:\/\/librairie7l.com\/en\/?s={search_term_string}\"},\"query-input\":\"required name=search_term_string\"}],\"inLanguage\":\"en-US\"},{\"@type\":\"Organization\",\"@id\":\"https:\/\/librairie7l.com\/en\/#organization\",\"name\":\"Librairie 7L\",\"url\":\"https:\/\/librairie7l.com\/en\/\",\"logo\":{\"@type\":\"ImageObject\",\"inLanguage\":\"en-US\",\"@id\":\"https:\/\/librairie7l.com\/en\/#\/schema\/logo\/image\/\",\"url\":\"https:\/\/librairie7l.com\/wp-content\/uploads\/2022\/08\/logo-1.png\",\"contentUrl\":\"https:\/\/librairie7l.com\/wp-content\/uploads\/2022\/08\/logo-1.png\",\"width\":227,\"height\":301,\"caption\":\"Librairie 7L\"},\"image\":{\"@id\":\"https:\/\/librairie7l.com\/en\/#\/schema\/logo\/image\/\"}}]}<\/script>\n<!-- \/ Yoast SEO plugin. -->","yoast_head_json":{"title":"LES COUVERTURES DE LIVRES : UNE HISTOIRE GRAPHIQUE - Librairie 7L","robots":{"index":"index","follow":"follow","max-snippet":"max-snippet:-1","max-image-preview":"max-image-preview:large","max-video-preview":"max-video-preview:-1"},"canonical":"https:\/\/librairie7l.com\/en\/produit\/les-couvertures-de-livres-une-histoire-graphique\/","og_locale":"en_US","og_type":"article","og_title":"LES COUVERTURES DE LIVRES : UNE HISTOIRE GRAPHIQUE - Librairie 7L","og_description":"La premi\u00e8re histoire des couvertures de livres en langue fran\u00e7aise, riche de plus de 200 illustrations. Cette \u00ab histoire visuelle \u00bb explore les modalit\u00e9s et la finalit\u00e9 de la conception \u00e9ditoriale, mat\u00e9rielle et graphique des couvertures de livres publi\u00e9s dans toute l&#8217;Europe, dans les pays anglo-saxons, sans oublier les sp\u00e9cificit\u00e9s des productions n\u00e9es dans les [&hellip;]","og_url":"https:\/\/librairie7l.com\/en\/produit\/les-couvertures-de-livres-une-histoire-graphique\/","og_site_name":"Librairie 7L","article_modified_time":"2026-04-21T10:23:51+00:00","og_image":[{"width":600,"height":684,"url":"https:\/\/librairie7l.com\/wp-content\/uploads\/2022\/03\/9782330167707_1_75.jpg","type":"image\/jpeg"}],"twitter_card":"summary_large_image","schema":{"@context":"https:\/\/schema.org","@graph":[{"@type":"WebPage","@id":"https:\/\/librairie7l.com\/en\/produit\/les-couvertures-de-livres-une-histoire-graphique\/","url":"https:\/\/librairie7l.com\/en\/produit\/les-couvertures-de-livres-une-histoire-graphique\/","name":"LES COUVERTURES DE LIVRES : UNE HISTOIRE GRAPHIQUE - Librairie 7L","isPartOf":{"@id":"https:\/\/librairie7l.com\/en\/#website"},"datePublished":"2023-05-10T10:09:48+00:00","dateModified":"2026-04-21T10:23:51+00:00","breadcrumb":{"@id":"https:\/\/librairie7l.com\/en\/produit\/les-couvertures-de-livres-une-histoire-graphique\/#breadcrumb"},"inLanguage":"en-US","potentialAction":[{"@type":"ReadAction","target":["https:\/\/librairie7l.com\/en\/produit\/les-couvertures-de-livres-une-histoire-graphique\/"]}]},{"@type":"BreadcrumbList","@id":"https:\/\/librairie7l.com\/en\/produit\/les-couvertures-de-livres-une-histoire-graphique\/#breadcrumb","itemListElement":[{"@type":"ListItem","position":1,"name":"Accueil","item":"https:\/\/librairie7l.com\/en\/"},{"@type":"ListItem","position":2,"name":"Shop","item":"https:\/\/librairie7l.com\/en\/shop\/"},{"@type":"ListItem","position":3,"name":"LES COUVERTURES DE LIVRES : UNE HISTOIRE GRAPHIQUE"}]},{"@type":"WebSite","@id":"https:\/\/librairie7l.com\/en\/#website","url":"https:\/\/librairie7l.com\/en\/","name":"Librairie 7L","description":"Librairie fond\u00e9e en 1999 par Karl Lagerfeld \u00e0 Paris","publisher":{"@id":"https:\/\/librairie7l.com\/en\/#organization"},"potentialAction":[{"@type":"SearchAction","target":{"@type":"EntryPoint","urlTemplate":"https:\/\/librairie7l.com\/en\/?s={search_term_string}"},"query-input":"required name=search_term_string"}],"inLanguage":"en-US"},{"@type":"Organization","@id":"https:\/\/librairie7l.com\/en\/#organization","name":"Librairie 7L","url":"https:\/\/librairie7l.com\/en\/","logo":{"@type":"ImageObject","inLanguage":"en-US","@id":"https:\/\/librairie7l.com\/en\/#\/schema\/logo\/image\/","url":"https:\/\/librairie7l.com\/wp-content\/uploads\/2022\/08\/logo-1.png","contentUrl":"https:\/\/librairie7l.com\/wp-content\/uploads\/2022\/08\/logo-1.png","width":227,"height":301,"caption":"Librairie 7L"},"image":{"@id":"https:\/\/librairie7l.com\/en\/#\/schema\/logo\/image\/"}}]}},"_links":{"self":[{"href":"https:\/\/librairie7l.com\/en\/wp-json\/wp\/v2\/product\/26463"}],"collection":[{"href":"https:\/\/librairie7l.com\/en\/wp-json\/wp\/v2\/product"}],"about":[{"href":"https:\/\/librairie7l.com\/en\/wp-json\/wp\/v2\/types\/product"}],"wp:featuredmedia":[{"embeddable":true,"href":"https:\/\/librairie7l.com\/en\/wp-json\/wp\/v2\/media\/26461"}],"wp:attachment":[{"href":"https:\/\/librairie7l.com\/en\/wp-json\/wp\/v2\/media?parent=26463"}],"wp:term":[{"taxonomy":"product_cat","embeddable":true,"href":"https:\/\/librairie7l.com\/en\/wp-json\/wp\/v2\/product_cat?post=26463"},{"taxonomy":"product_tag","embeddable":true,"href":"https:\/\/librairie7l.com\/en\/wp-json\/wp\/v2\/product_tag?post=26463"}],"curies":[{"name":"wp","href":"https:\/\/api.w.org\/{rel}","templated":true}]}}