{"id":26467,"date":"2023-05-10T12:09:52","date_gmt":"2023-05-10T10:09:52","guid":{"rendered":"https:\/\/librairie7l.com\/?post_type=product&#038;p=26467"},"modified":"2026-04-17T18:07:30","modified_gmt":"2026-04-17T16:07:30","slug":"vivian-maier","status":"publish","type":"product","link":"https:\/\/librairie7l.com\/en\/produit\/vivian-maier\/","title":{"rendered":"VIVIAN MAIER"},"content":{"rendered":"<p>Vivian Maier (1926-2009) est connue comme photographe. Il aura fallu le hasard de la d\u00e9couverte de son corpus photographique en 2007 dans une brocante aux Etats-Unis pour que le public puisse la conna\u00eetre.<br \/>\nVivian Maier na\u00eet \u00e0 New-York en 1926. Son p\u00e8re est d&#8217;origine austro-hongroise et sa m\u00e8re est fran\u00e7aise, ce qui la conduit \u00e0 s\u00e9journer \u00e0 plusieurs reprises en France dans sa jeunesse. Elle commence \u00e0 exercer le m\u00e9tier de gouvernante d&#8217;enfants d\u00e8s 1951, d&#8217;abord \u00e0 New-York puis, jusque dans les ann\u00e9es 1990 \u00e0 Chicago o\u00f9 elle s&#8217;\u00e9teint au printemps 2009.<br \/>\nCette passion qui l&#8217;habite et qui deviendra une activit\u00e9 presque quotidienne, l&#8217;\u00e9l\u00e8ve aujourd&#8217;hui au rang des plus grands photographes embl\u00e9matiques de la Street Photography, et la fait figurer dans l&#8217;histoire de la photographie aux c\u00f4t\u00e9s de Diane Arbus, Robert Frank, Helen Levitt ou Garry Winogrand.<br \/>\nSon oeuvre est constitu\u00e9e de plus de 120 000 images photographiques, de films super 8 et 16 mm, d&#8217;enregistrements divers, de photographies \u00e9parses, et d&#8217;une multitude de pellicules non d\u00e9velopp\u00e9es, comme autant de trouvailles fascinantes.<br \/>\nLes sc\u00e8nes de rue et les quartiers ouvriers, l\u00e0 o\u00f9 elle rencontre la vie, constituent une des grandes th\u00e9matiques de son oeuvre. Au travers de nombreux portraits d&#8217;inconnus \u00e0 qui elle d\u00e9livre une fraction de seconde d&#8217;\u00e9ternit\u00e9 en croisant leurs regards, Vivian Maier fixe un geste, une expression, une situation, la gr\u00e2ce de petites choses accessibles.<br \/>\nIl y a aussi l&#8217;univers des enfants qui a \u00e9t\u00e9 le sien durant si longtemps, et qui est aussi le monde de la libert\u00e9 o\u00f9 le temps n&#8217;existe plus. Elle s&#8217;attache aux formes, aux rythmes, aux mati\u00e8res et aux objets trouv\u00e9s au d\u00e9tour de ses longues promenades.<br \/>\nD&#8217;abord en noir et blanc jusqu&#8217;aux ann\u00e9es 1960, Vivian Maier utilise la couleur, o\u00f9 elle joue des sp\u00e9cificit\u00e9s de cette nouvelle technique pour varier sa pratique photographique.<br \/>\nDans cet ouvrage, des rapprochements nouveaux de ses photographies forment un ensemble dense et brillant de son travail. Gr\u00e2ce \u00e0 des archives in\u00e9dites de la photographe, de nouvelles analyses scientifiques sont pr\u00e9sent\u00e9es, mettant en regard plusieurs aspects de sa cr\u00e9ation.<br \/>\nVivian Maier \u00ab empoignait la vie qui \u00e9tait partout o\u00f9 elle portait son regard. Elle la saisissait par petites s\u00e9quences, elle l&#8217;observait, elle la suivait. V\u00e9ritable artiste dont la sensibilit\u00e9 et l&#8217;humanit\u00e9 apparaissent sans nul artifice.<\/p>\n","protected":false},"excerpt":{"rendered":"<p>Vivian Maier (1926-2009) est connue comme photographe. Il aura fallu le hasard de la d\u00e9couverte de son corpus photographique en 2007 dans une brocante aux Etats-Unis pour que le public puisse la conna\u00eetre. Vivian Maier na\u00eet \u00e0 New-York en 1926. Son p\u00e8re est d&#8217;origine austro-hongroise et sa m\u00e8re est fran\u00e7aise, ce qui la conduit \u00e0 [&hellip;]<\/p>\n","protected":false},"featured_media":26465,"template":"","meta":[],"product_cat":[55,2948,2958,17],"product_tag":[],"acf":[],"yoast_head":"<!-- This site is optimized with the Yoast SEO plugin v20.11 - https:\/\/yoast.com\/wordpress\/plugins\/seo\/ -->\n<title>VIVIAN MAIER - Librairie 7L<\/title>\n<meta name=\"robots\" content=\"index, follow, max-snippet:-1, max-image-preview:large, max-video-preview:-1\" \/>\n<link rel=\"canonical\" href=\"https:\/\/librairie7l.com\/en\/produit\/vivian-maier\/\" \/>\n<meta property=\"og:locale\" content=\"en_US\" \/>\n<meta property=\"og:type\" content=\"article\" \/>\n<meta property=\"og:title\" content=\"VIVIAN MAIER - Librairie 7L\" \/>\n<meta property=\"og:description\" content=\"Vivian Maier (1926-2009) est connue comme photographe. Il aura fallu le hasard de la d\u00e9couverte de son corpus photographique en 2007 dans une brocante aux Etats-Unis pour que le public puisse la conna\u00eetre. Vivian Maier na\u00eet \u00e0 New-York en 1926. Son p\u00e8re est d&#8217;origine austro-hongroise et sa m\u00e8re est fran\u00e7aise, ce qui la conduit \u00e0 [&hellip;]\" \/>\n<meta property=\"og:url\" content=\"https:\/\/librairie7l.com\/en\/produit\/vivian-maier\/\" \/>\n<meta property=\"og:site_name\" content=\"Librairie 7L\" \/>\n<meta property=\"article:modified_time\" content=\"2026-04-17T16:07:30+00:00\" \/>\n<meta property=\"og:image\" content=\"https:\/\/librairie7l.com\/wp-content\/uploads\/2021\/04\/9782711878420_1_75.jpg\" \/>\n\t<meta property=\"og:image:width\" content=\"600\" \/>\n\t<meta property=\"og:image:height\" content=\"799\" \/>\n\t<meta property=\"og:image:type\" content=\"image\/jpeg\" \/>\n<meta name=\"twitter:card\" content=\"summary_large_image\" \/>\n<meta name=\"twitter:label1\" content=\"Est. reading time\" \/>\n\t<meta name=\"twitter:data1\" content=\"2 minutes\" \/>\n<script type=\"application\/ld+json\" class=\"yoast-schema-graph\">{\"@context\":\"https:\/\/schema.org\",\"@graph\":[{\"@type\":\"WebPage\",\"@id\":\"https:\/\/librairie7l.com\/en\/produit\/vivian-maier\/\",\"url\":\"https:\/\/librairie7l.com\/en\/produit\/vivian-maier\/\",\"name\":\"VIVIAN MAIER - Librairie 7L\",\"isPartOf\":{\"@id\":\"https:\/\/librairie7l.com\/en\/#website\"},\"datePublished\":\"2023-05-10T10:09:52+00:00\",\"dateModified\":\"2026-04-17T16:07:30+00:00\",\"breadcrumb\":{\"@id\":\"https:\/\/librairie7l.com\/en\/produit\/vivian-maier\/#breadcrumb\"},\"inLanguage\":\"en-US\",\"potentialAction\":[{\"@type\":\"ReadAction\",\"target\":[\"https:\/\/librairie7l.com\/en\/produit\/vivian-maier\/\"]}]},{\"@type\":\"BreadcrumbList\",\"@id\":\"https:\/\/librairie7l.com\/en\/produit\/vivian-maier\/#breadcrumb\",\"itemListElement\":[{\"@type\":\"ListItem\",\"position\":1,\"name\":\"Accueil\",\"item\":\"https:\/\/librairie7l.com\/en\/\"},{\"@type\":\"ListItem\",\"position\":2,\"name\":\"Shop\",\"item\":\"https:\/\/librairie7l.com\/en\/shop\/\"},{\"@type\":\"ListItem\",\"position\":3,\"name\":\"VIVIAN MAIER\"}]},{\"@type\":\"WebSite\",\"@id\":\"https:\/\/librairie7l.com\/en\/#website\",\"url\":\"https:\/\/librairie7l.com\/en\/\",\"name\":\"Librairie 7L\",\"description\":\"Librairie fond\u00e9e en 1999 par Karl Lagerfeld \u00e0 Paris\",\"publisher\":{\"@id\":\"https:\/\/librairie7l.com\/en\/#organization\"},\"potentialAction\":[{\"@type\":\"SearchAction\",\"target\":{\"@type\":\"EntryPoint\",\"urlTemplate\":\"https:\/\/librairie7l.com\/en\/?s={search_term_string}\"},\"query-input\":\"required name=search_term_string\"}],\"inLanguage\":\"en-US\"},{\"@type\":\"Organization\",\"@id\":\"https:\/\/librairie7l.com\/en\/#organization\",\"name\":\"Librairie 7L\",\"url\":\"https:\/\/librairie7l.com\/en\/\",\"logo\":{\"@type\":\"ImageObject\",\"inLanguage\":\"en-US\",\"@id\":\"https:\/\/librairie7l.com\/en\/#\/schema\/logo\/image\/\",\"url\":\"https:\/\/librairie7l.com\/wp-content\/uploads\/2022\/08\/logo-1.png\",\"contentUrl\":\"https:\/\/librairie7l.com\/wp-content\/uploads\/2022\/08\/logo-1.png\",\"width\":227,\"height\":301,\"caption\":\"Librairie 7L\"},\"image\":{\"@id\":\"https:\/\/librairie7l.com\/en\/#\/schema\/logo\/image\/\"}}]}<\/script>\n<!-- \/ Yoast SEO plugin. -->","yoast_head_json":{"title":"VIVIAN MAIER - Librairie 7L","robots":{"index":"index","follow":"follow","max-snippet":"max-snippet:-1","max-image-preview":"max-image-preview:large","max-video-preview":"max-video-preview:-1"},"canonical":"https:\/\/librairie7l.com\/en\/produit\/vivian-maier\/","og_locale":"en_US","og_type":"article","og_title":"VIVIAN MAIER - Librairie 7L","og_description":"Vivian Maier (1926-2009) est connue comme photographe. Il aura fallu le hasard de la d\u00e9couverte de son corpus photographique en 2007 dans une brocante aux Etats-Unis pour que le public puisse la conna\u00eetre. Vivian Maier na\u00eet \u00e0 New-York en 1926. Son p\u00e8re est d&#8217;origine austro-hongroise et sa m\u00e8re est fran\u00e7aise, ce qui la conduit \u00e0 [&hellip;]","og_url":"https:\/\/librairie7l.com\/en\/produit\/vivian-maier\/","og_site_name":"Librairie 7L","article_modified_time":"2026-04-17T16:07:30+00:00","og_image":[{"width":600,"height":799,"url":"https:\/\/librairie7l.com\/wp-content\/uploads\/2021\/04\/9782711878420_1_75.jpg","type":"image\/jpeg"}],"twitter_card":"summary_large_image","twitter_misc":{"Est. reading time":"2 minutes"},"schema":{"@context":"https:\/\/schema.org","@graph":[{"@type":"WebPage","@id":"https:\/\/librairie7l.com\/en\/produit\/vivian-maier\/","url":"https:\/\/librairie7l.com\/en\/produit\/vivian-maier\/","name":"VIVIAN MAIER - Librairie 7L","isPartOf":{"@id":"https:\/\/librairie7l.com\/en\/#website"},"datePublished":"2023-05-10T10:09:52+00:00","dateModified":"2026-04-17T16:07:30+00:00","breadcrumb":{"@id":"https:\/\/librairie7l.com\/en\/produit\/vivian-maier\/#breadcrumb"},"inLanguage":"en-US","potentialAction":[{"@type":"ReadAction","target":["https:\/\/librairie7l.com\/en\/produit\/vivian-maier\/"]}]},{"@type":"BreadcrumbList","@id":"https:\/\/librairie7l.com\/en\/produit\/vivian-maier\/#breadcrumb","itemListElement":[{"@type":"ListItem","position":1,"name":"Accueil","item":"https:\/\/librairie7l.com\/en\/"},{"@type":"ListItem","position":2,"name":"Shop","item":"https:\/\/librairie7l.com\/en\/shop\/"},{"@type":"ListItem","position":3,"name":"VIVIAN MAIER"}]},{"@type":"WebSite","@id":"https:\/\/librairie7l.com\/en\/#website","url":"https:\/\/librairie7l.com\/en\/","name":"Librairie 7L","description":"Librairie fond\u00e9e en 1999 par Karl Lagerfeld \u00e0 Paris","publisher":{"@id":"https:\/\/librairie7l.com\/en\/#organization"},"potentialAction":[{"@type":"SearchAction","target":{"@type":"EntryPoint","urlTemplate":"https:\/\/librairie7l.com\/en\/?s={search_term_string}"},"query-input":"required name=search_term_string"}],"inLanguage":"en-US"},{"@type":"Organization","@id":"https:\/\/librairie7l.com\/en\/#organization","name":"Librairie 7L","url":"https:\/\/librairie7l.com\/en\/","logo":{"@type":"ImageObject","inLanguage":"en-US","@id":"https:\/\/librairie7l.com\/en\/#\/schema\/logo\/image\/","url":"https:\/\/librairie7l.com\/wp-content\/uploads\/2022\/08\/logo-1.png","contentUrl":"https:\/\/librairie7l.com\/wp-content\/uploads\/2022\/08\/logo-1.png","width":227,"height":301,"caption":"Librairie 7L"},"image":{"@id":"https:\/\/librairie7l.com\/en\/#\/schema\/logo\/image\/"}}]}},"_links":{"self":[{"href":"https:\/\/librairie7l.com\/en\/wp-json\/wp\/v2\/product\/26467"}],"collection":[{"href":"https:\/\/librairie7l.com\/en\/wp-json\/wp\/v2\/product"}],"about":[{"href":"https:\/\/librairie7l.com\/en\/wp-json\/wp\/v2\/types\/product"}],"wp:featuredmedia":[{"embeddable":true,"href":"https:\/\/librairie7l.com\/en\/wp-json\/wp\/v2\/media\/26465"}],"wp:attachment":[{"href":"https:\/\/librairie7l.com\/en\/wp-json\/wp\/v2\/media?parent=26467"}],"wp:term":[{"taxonomy":"product_cat","embeddable":true,"href":"https:\/\/librairie7l.com\/en\/wp-json\/wp\/v2\/product_cat?post=26467"},{"taxonomy":"product_tag","embeddable":true,"href":"https:\/\/librairie7l.com\/en\/wp-json\/wp\/v2\/product_tag?post=26467"}],"curies":[{"name":"wp","href":"https:\/\/api.w.org\/{rel}","templated":true}]}}