{"id":26471,"date":"2023-05-10T12:09:55","date_gmt":"2023-05-10T10:09:55","guid":{"rendered":"https:\/\/librairie7l.com\/?post_type=product&#038;p=26471"},"modified":"2026-04-15T00:26:38","modified_gmt":"2026-04-14T22:26:38","slug":"les-formes-du-visible","status":"publish","type":"product","link":"https:\/\/librairie7l.com\/en\/produit\/les-formes-du-visible\/","title":{"rendered":"LES FORMES DU VISIBLE"},"content":{"rendered":"<p>La figuration n&#8217;est pas tout enti\u00e8re livr\u00e9e \u00e0 la fantaisie expressive de ceux qui font des images. On ne figure que ce que l&#8217;on per\u00e7oit ou imagine, et l&#8217;on n&#8217;imagine et ne per\u00e7oit que ce que l&#8217;habitude nous a enseign\u00e9 \u00e0 discerner. Le chemin visuel que nous tra\u00e7ons spontan\u00e9ment dans les plis du monde d\u00e9pend de notre appartenance \u00e0 l&#8217;une des quatre r\u00e9gions de l&#8217;archipel ontologique : animisme, naturalisme, tot\u00e9misme ou analogisme. Chacune de ces r\u00e9gions correspond \u00e0 une fa\u00e7on de concevoir l&#8217;ossature et le mobilier du monde, d&#8217;en percevoir les continuit\u00e9s et les discontinuit\u00e9s, notamment les diverses lignes de partage entre humains et non-humains.<\/p>\n<p>Masque yup&#8217;ik d&#8217;Alaska, peinture sur \u00e9corce aborig\u00e8ne, paysage miniature de la dynastie des Song, tableau d&#8217;int\u00e9rieur hollandais du XVIIe si\u00e8cle : par ce qu&#8217;elle montre ou omet de montrer, une image r\u00e9v\u00e8le un sch\u00e8me figuratif particulier, rep\u00e9rable par les moyens formels dont elle use, et par le dispositif gr\u00e2ce auquel elle pourra lib\u00e9rer sa puissance d&#8217;agir. Elle nous permet d&#8217;acc\u00e9der, parfois mieux que par des mots, \u00e0 ce qui distingue les mani\u00e8res contrast\u00e9es de vivre la condition humaine. En comparant avec rigueur des images d&#8217;une \u00e9tourdissante diversit\u00e9, Philippe Descola pose magistralement les bases th\u00e9oriques d&#8217;une anthropologie de la figuration.<\/p>\n","protected":false},"excerpt":{"rendered":"<p>La figuration n&#8217;est pas tout enti\u00e8re livr\u00e9e \u00e0 la fantaisie expressive de ceux qui font des images. On ne figure que ce que l&#8217;on per\u00e7oit ou imagine, et l&#8217;on n&#8217;imagine et ne per\u00e7oit que ce que l&#8217;habitude nous a enseign\u00e9 \u00e0 discerner. Le chemin visuel que nous tra\u00e7ons spontan\u00e9ment dans les plis du monde d\u00e9pend [&hellip;]<\/p>\n","protected":false},"featured_media":26469,"template":"","meta":[],"product_cat":[55,2948,47,2953],"product_tag":[],"acf":[],"yoast_head":"<!-- This site is optimized with the Yoast SEO plugin v20.11 - https:\/\/yoast.com\/wordpress\/plugins\/seo\/ -->\n<title>LES FORMES DU VISIBLE - Librairie 7L<\/title>\n<meta name=\"robots\" content=\"index, follow, max-snippet:-1, max-image-preview:large, max-video-preview:-1\" \/>\n<link rel=\"canonical\" href=\"https:\/\/librairie7l.com\/en\/produit\/les-formes-du-visible\/\" \/>\n<meta property=\"og:locale\" content=\"en_US\" \/>\n<meta property=\"og:type\" content=\"article\" \/>\n<meta property=\"og:title\" content=\"LES FORMES DU VISIBLE - Librairie 7L\" \/>\n<meta property=\"og:description\" content=\"La figuration n&#8217;est pas tout enti\u00e8re livr\u00e9e \u00e0 la fantaisie expressive de ceux qui font des images. On ne figure que ce que l&#8217;on per\u00e7oit ou imagine, et l&#8217;on n&#8217;imagine et ne per\u00e7oit que ce que l&#8217;habitude nous a enseign\u00e9 \u00e0 discerner. Le chemin visuel que nous tra\u00e7ons spontan\u00e9ment dans les plis du monde d\u00e9pend [&hellip;]\" \/>\n<meta property=\"og:url\" content=\"https:\/\/librairie7l.com\/en\/produit\/les-formes-du-visible\/\" \/>\n<meta property=\"og:site_name\" content=\"Librairie 7L\" \/>\n<meta property=\"article:modified_time\" content=\"2026-04-14T22:26:38+00:00\" \/>\n<meta property=\"og:image\" content=\"https:\/\/librairie7l.com\/wp-content\/uploads\/2021\/04\/9782021476989_1_75.jpg\" \/>\n\t<meta property=\"og:image:width\" content=\"600\" \/>\n\t<meta property=\"og:image:height\" content=\"801\" \/>\n\t<meta property=\"og:image:type\" content=\"image\/jpeg\" \/>\n<meta name=\"twitter:card\" content=\"summary_large_image\" \/>\n<meta name=\"twitter:label1\" content=\"Est. reading time\" \/>\n\t<meta name=\"twitter:data1\" content=\"1 minute\" \/>\n<script type=\"application\/ld+json\" class=\"yoast-schema-graph\">{\"@context\":\"https:\/\/schema.org\",\"@graph\":[{\"@type\":\"WebPage\",\"@id\":\"https:\/\/librairie7l.com\/en\/produit\/les-formes-du-visible\/\",\"url\":\"https:\/\/librairie7l.com\/en\/produit\/les-formes-du-visible\/\",\"name\":\"LES FORMES DU VISIBLE - Librairie 7L\",\"isPartOf\":{\"@id\":\"https:\/\/librairie7l.com\/en\/#website\"},\"datePublished\":\"2023-05-10T10:09:55+00:00\",\"dateModified\":\"2026-04-14T22:26:38+00:00\",\"breadcrumb\":{\"@id\":\"https:\/\/librairie7l.com\/en\/produit\/les-formes-du-visible\/#breadcrumb\"},\"inLanguage\":\"en-US\",\"potentialAction\":[{\"@type\":\"ReadAction\",\"target\":[\"https:\/\/librairie7l.com\/en\/produit\/les-formes-du-visible\/\"]}]},{\"@type\":\"BreadcrumbList\",\"@id\":\"https:\/\/librairie7l.com\/en\/produit\/les-formes-du-visible\/#breadcrumb\",\"itemListElement\":[{\"@type\":\"ListItem\",\"position\":1,\"name\":\"Accueil\",\"item\":\"https:\/\/librairie7l.com\/en\/\"},{\"@type\":\"ListItem\",\"position\":2,\"name\":\"Shop\",\"item\":\"https:\/\/librairie7l.com\/en\/shop\/\"},{\"@type\":\"ListItem\",\"position\":3,\"name\":\"LES FORMES DU VISIBLE\"}]},{\"@type\":\"WebSite\",\"@id\":\"https:\/\/librairie7l.com\/en\/#website\",\"url\":\"https:\/\/librairie7l.com\/en\/\",\"name\":\"Librairie 7L\",\"description\":\"Librairie fond\u00e9e en 1999 par Karl Lagerfeld \u00e0 Paris\",\"publisher\":{\"@id\":\"https:\/\/librairie7l.com\/en\/#organization\"},\"potentialAction\":[{\"@type\":\"SearchAction\",\"target\":{\"@type\":\"EntryPoint\",\"urlTemplate\":\"https:\/\/librairie7l.com\/en\/?s={search_term_string}\"},\"query-input\":\"required name=search_term_string\"}],\"inLanguage\":\"en-US\"},{\"@type\":\"Organization\",\"@id\":\"https:\/\/librairie7l.com\/en\/#organization\",\"name\":\"Librairie 7L\",\"url\":\"https:\/\/librairie7l.com\/en\/\",\"logo\":{\"@type\":\"ImageObject\",\"inLanguage\":\"en-US\",\"@id\":\"https:\/\/librairie7l.com\/en\/#\/schema\/logo\/image\/\",\"url\":\"https:\/\/librairie7l.com\/wp-content\/uploads\/2022\/08\/logo-1.png\",\"contentUrl\":\"https:\/\/librairie7l.com\/wp-content\/uploads\/2022\/08\/logo-1.png\",\"width\":227,\"height\":301,\"caption\":\"Librairie 7L\"},\"image\":{\"@id\":\"https:\/\/librairie7l.com\/en\/#\/schema\/logo\/image\/\"}}]}<\/script>\n<!-- \/ Yoast SEO plugin. -->","yoast_head_json":{"title":"LES FORMES DU VISIBLE - Librairie 7L","robots":{"index":"index","follow":"follow","max-snippet":"max-snippet:-1","max-image-preview":"max-image-preview:large","max-video-preview":"max-video-preview:-1"},"canonical":"https:\/\/librairie7l.com\/en\/produit\/les-formes-du-visible\/","og_locale":"en_US","og_type":"article","og_title":"LES FORMES DU VISIBLE - Librairie 7L","og_description":"La figuration n&#8217;est pas tout enti\u00e8re livr\u00e9e \u00e0 la fantaisie expressive de ceux qui font des images. On ne figure que ce que l&#8217;on per\u00e7oit ou imagine, et l&#8217;on n&#8217;imagine et ne per\u00e7oit que ce que l&#8217;habitude nous a enseign\u00e9 \u00e0 discerner. Le chemin visuel que nous tra\u00e7ons spontan\u00e9ment dans les plis du monde d\u00e9pend [&hellip;]","og_url":"https:\/\/librairie7l.com\/en\/produit\/les-formes-du-visible\/","og_site_name":"Librairie 7L","article_modified_time":"2026-04-14T22:26:38+00:00","og_image":[{"width":600,"height":801,"url":"https:\/\/librairie7l.com\/wp-content\/uploads\/2021\/04\/9782021476989_1_75.jpg","type":"image\/jpeg"}],"twitter_card":"summary_large_image","twitter_misc":{"Est. reading time":"1 minute"},"schema":{"@context":"https:\/\/schema.org","@graph":[{"@type":"WebPage","@id":"https:\/\/librairie7l.com\/en\/produit\/les-formes-du-visible\/","url":"https:\/\/librairie7l.com\/en\/produit\/les-formes-du-visible\/","name":"LES FORMES DU VISIBLE - Librairie 7L","isPartOf":{"@id":"https:\/\/librairie7l.com\/en\/#website"},"datePublished":"2023-05-10T10:09:55+00:00","dateModified":"2026-04-14T22:26:38+00:00","breadcrumb":{"@id":"https:\/\/librairie7l.com\/en\/produit\/les-formes-du-visible\/#breadcrumb"},"inLanguage":"en-US","potentialAction":[{"@type":"ReadAction","target":["https:\/\/librairie7l.com\/en\/produit\/les-formes-du-visible\/"]}]},{"@type":"BreadcrumbList","@id":"https:\/\/librairie7l.com\/en\/produit\/les-formes-du-visible\/#breadcrumb","itemListElement":[{"@type":"ListItem","position":1,"name":"Accueil","item":"https:\/\/librairie7l.com\/en\/"},{"@type":"ListItem","position":2,"name":"Shop","item":"https:\/\/librairie7l.com\/en\/shop\/"},{"@type":"ListItem","position":3,"name":"LES FORMES DU VISIBLE"}]},{"@type":"WebSite","@id":"https:\/\/librairie7l.com\/en\/#website","url":"https:\/\/librairie7l.com\/en\/","name":"Librairie 7L","description":"Librairie fond\u00e9e en 1999 par Karl Lagerfeld \u00e0 Paris","publisher":{"@id":"https:\/\/librairie7l.com\/en\/#organization"},"potentialAction":[{"@type":"SearchAction","target":{"@type":"EntryPoint","urlTemplate":"https:\/\/librairie7l.com\/en\/?s={search_term_string}"},"query-input":"required name=search_term_string"}],"inLanguage":"en-US"},{"@type":"Organization","@id":"https:\/\/librairie7l.com\/en\/#organization","name":"Librairie 7L","url":"https:\/\/librairie7l.com\/en\/","logo":{"@type":"ImageObject","inLanguage":"en-US","@id":"https:\/\/librairie7l.com\/en\/#\/schema\/logo\/image\/","url":"https:\/\/librairie7l.com\/wp-content\/uploads\/2022\/08\/logo-1.png","contentUrl":"https:\/\/librairie7l.com\/wp-content\/uploads\/2022\/08\/logo-1.png","width":227,"height":301,"caption":"Librairie 7L"},"image":{"@id":"https:\/\/librairie7l.com\/en\/#\/schema\/logo\/image\/"}}]}},"_links":{"self":[{"href":"https:\/\/librairie7l.com\/en\/wp-json\/wp\/v2\/product\/26471"}],"collection":[{"href":"https:\/\/librairie7l.com\/en\/wp-json\/wp\/v2\/product"}],"about":[{"href":"https:\/\/librairie7l.com\/en\/wp-json\/wp\/v2\/types\/product"}],"wp:featuredmedia":[{"embeddable":true,"href":"https:\/\/librairie7l.com\/en\/wp-json\/wp\/v2\/media\/26469"}],"wp:attachment":[{"href":"https:\/\/librairie7l.com\/en\/wp-json\/wp\/v2\/media?parent=26471"}],"wp:term":[{"taxonomy":"product_cat","embeddable":true,"href":"https:\/\/librairie7l.com\/en\/wp-json\/wp\/v2\/product_cat?post=26471"},{"taxonomy":"product_tag","embeddable":true,"href":"https:\/\/librairie7l.com\/en\/wp-json\/wp\/v2\/product_tag?post=26471"}],"curies":[{"name":"wp","href":"https:\/\/api.w.org\/{rel}","templated":true}]}}