{"id":26487,"date":"2023-05-10T12:10:14","date_gmt":"2023-05-10T10:10:14","guid":{"rendered":"https:\/\/librairie7l.com\/?post_type=product&#038;p=26487"},"modified":"2026-04-06T02:00:11","modified_gmt":"2026-04-06T00:00:11","slug":"cueilleur-dessences-aux-sources-des-parfums-du-monde","status":"publish","type":"product","link":"https:\/\/librairie7l.com\/en\/produit\/cueilleur-dessences-aux-sources-des-parfums-du-monde\/","title":{"rendered":"CUEILLEUR D&#8217;ESSENCES ; AUX SOURCES DES PARFUMS DU MONDE"},"content":{"rendered":"<p>Le parfum  : raffinement ultime, magique et sophistiqu\u00e9, associ\u00e9 \u00e0 des marques prestigieuses au marketing puissant. Mais le vrai luxe de cette industrie mondialis\u00e9e est un secret bien gard\u00e9, celui des produits naturels qui composent ses plus belles fragrances. Certains parfums associent jusqu&#8217;\u00e0 80 essences diff\u00e9rentes  : issues de fleurs, de fruits ou d&#8217;\u00e9corces, elles sont cultiv\u00e9es, r\u00e9colt\u00e9es et distill\u00e9es selon des techniques souvent artisanales. Au coeur de cet univers, le sourceur assure la fiabilit\u00e9 des ressources, la qualit\u00e9 des produits, et met en contact petits producteurs et grandes entreprises.<\/p>\n<p>Depuis trente ans, Dominique Roques approvisionne la palette des parfumeurs en extraits de plus de 150 mati\u00e8res premi\u00e8res, venues de pr\u00e8s de 50 pays. Passionn\u00e9, il nous entra\u00eene dans un tour du monde \u00e0 la recherche des essences les plus rares, de l&#8217;Andalousie au Somaliland en passant par la Bulgarie, le Laos, le Salvador, l&#8217;Indon\u00e9sie ou encore l&#8217;Egypte&#8230; Une senteur, un pays, des hommes  : chaque chapitre raconte l&#8217;histoire d&#8217;une essence, met en lumi\u00e8re les cueilleurs au savoir-faire ancestral et les parfumeurs stars venus observer la beaut\u00e9 des plantations et comprendre les processus d&#8217;extraction. Au fil de ses voyages, Dominique Roques d\u00e9crit l&#8217;extraordinaire cha\u00eene du parfum, puissante mais fragile par sa d\u00e9pendance aux intemp\u00e9ries, aux fluctuations \u00e9conomiques et m\u00eame aux circuits criminels. Et il prouve que les bonnes pratiques sont possibles  : am\u00e9lioration des conditions de vie des petits producteurs, prix justes, qualit\u00e9 des extraits.<\/p>\n<p>Nous rencontrons ainsi les exploitants du Bangladesh, plantant des clous dans les arbres \u00e0 parfum pour acc\u00e9l\u00e9rer la formation du myst\u00e9rieux bois de oud, et les r\u00e9colteurs du baume P\u00e9rou, suspendus aux branches dans le vide, une torche en feu \u00e0 la main. Nous apprenons qu&#8217;en 1840, plus d&#8217;un si\u00e8cle apr\u00e8s l&#8217;importation de la vanille en Europe, c&#8217;est un gar\u00e7on de 11 ans qui comprend enfin le principe de la pollinisation et lui fait donner des fruits. Nous d\u00e9couvrons la technique de l&#8217;enfleurage, les circuits mafieux du patchouli, le rapt de l&#8217;h\u00e9v\u00e9a amazonien par les Anglais au d\u00e9but du XX\u00e8me si\u00e8cle,  les meurtres commis en Inde pour du santal et les replantations de champs entiers au fond de l&#8217;Australie, dans l&#8217;incroyable r\u00e9gion des diamants roses&#8230; Et mille autres anecdotes qui tissent l&#8217;extraordinaire kal\u00e9idoscope des senteurs du monde.<\/p>\n<p>\u00c0 l&#8217;heure o\u00f9, pour la premi\u00e8re fois depuis les collectes d&#8217;encens de l&#8217;Antiquit\u00e9, la p\u00e9rennit\u00e9 des parfums de la nature n&#8217;est plus une \u00e9vidence, ce livre \u00e0 l&#8217;\u00e9criture vive et subtile nous fait vivre au plus pr\u00e8s la fascinante et magnifique aventure du parfum.<\/p>\n<p>D\u00e9j\u00e0 en cours de traduction dans 6 pays.<\/p>\n","protected":false},"excerpt":{"rendered":"<p>Le parfum : raffinement ultime, magique et sophistiqu\u00e9, associ\u00e9 \u00e0 des marques prestigieuses au marketing puissant. Mais le vrai luxe de cette industrie mondialis\u00e9e est un secret bien gard\u00e9, celui des produits naturels qui composent ses plus belles fragrances. Certains parfums associent jusqu&#8217;\u00e0 80 essences diff\u00e9rentes : issues de fleurs, de fruits ou d&#8217;\u00e9corces, elles [&hellip;]<\/p>\n","protected":false},"featured_media":26485,"template":"","meta":[],"product_cat":[55,2948,2957,19],"product_tag":[],"acf":[],"yoast_head":"<!-- This site is optimized with the Yoast SEO plugin v20.11 - https:\/\/yoast.com\/wordpress\/plugins\/seo\/ -->\n<title>CUEILLEUR D&#039;ESSENCES ; AUX SOURCES DES PARFUMS DU MONDE - Librairie 7L<\/title>\n<meta name=\"robots\" content=\"index, follow, max-snippet:-1, max-image-preview:large, max-video-preview:-1\" \/>\n<link rel=\"canonical\" href=\"https:\/\/librairie7l.com\/en\/produit\/cueilleur-dessences-aux-sources-des-parfums-du-monde\/\" \/>\n<meta property=\"og:locale\" content=\"en_US\" \/>\n<meta property=\"og:type\" content=\"article\" \/>\n<meta property=\"og:title\" content=\"CUEILLEUR D&#039;ESSENCES ; AUX SOURCES DES PARFUMS DU MONDE - Librairie 7L\" \/>\n<meta property=\"og:description\" content=\"Le parfum : raffinement ultime, magique et sophistiqu\u00e9, associ\u00e9 \u00e0 des marques prestigieuses au marketing puissant. Mais le vrai luxe de cette industrie mondialis\u00e9e est un secret bien gard\u00e9, celui des produits naturels qui composent ses plus belles fragrances. Certains parfums associent jusqu&#8217;\u00e0 80 essences diff\u00e9rentes : issues de fleurs, de fruits ou d&#8217;\u00e9corces, elles [&hellip;]\" \/>\n<meta property=\"og:url\" content=\"https:\/\/librairie7l.com\/en\/produit\/cueilleur-dessences-aux-sources-des-parfums-du-monde\/\" \/>\n<meta property=\"og:site_name\" content=\"Librairie 7L\" \/>\n<meta property=\"article:modified_time\" content=\"2026-04-06T00:00:11+00:00\" \/>\n<meta property=\"og:image\" content=\"https:\/\/librairie7l.com\/wp-content\/uploads\/2021\/01\/9782246826231_1_75.jpg\" \/>\n\t<meta property=\"og:image:width\" content=\"600\" \/>\n\t<meta property=\"og:image:height\" content=\"869\" \/>\n\t<meta property=\"og:image:type\" content=\"image\/jpeg\" \/>\n<meta name=\"twitter:card\" content=\"summary_large_image\" \/>\n<meta name=\"twitter:label1\" content=\"Est. reading time\" \/>\n\t<meta name=\"twitter:data1\" content=\"2 minutes\" \/>\n<script type=\"application\/ld+json\" class=\"yoast-schema-graph\">{\"@context\":\"https:\/\/schema.org\",\"@graph\":[{\"@type\":\"WebPage\",\"@id\":\"https:\/\/librairie7l.com\/en\/produit\/cueilleur-dessences-aux-sources-des-parfums-du-monde\/\",\"url\":\"https:\/\/librairie7l.com\/en\/produit\/cueilleur-dessences-aux-sources-des-parfums-du-monde\/\",\"name\":\"CUEILLEUR D'ESSENCES ; AUX SOURCES DES PARFUMS DU MONDE - Librairie 7L\",\"isPartOf\":{\"@id\":\"https:\/\/librairie7l.com\/en\/#website\"},\"datePublished\":\"2023-05-10T10:10:14+00:00\",\"dateModified\":\"2026-04-06T00:00:11+00:00\",\"breadcrumb\":{\"@id\":\"https:\/\/librairie7l.com\/en\/produit\/cueilleur-dessences-aux-sources-des-parfums-du-monde\/#breadcrumb\"},\"inLanguage\":\"en-US\",\"potentialAction\":[{\"@type\":\"ReadAction\",\"target\":[\"https:\/\/librairie7l.com\/en\/produit\/cueilleur-dessences-aux-sources-des-parfums-du-monde\/\"]}]},{\"@type\":\"BreadcrumbList\",\"@id\":\"https:\/\/librairie7l.com\/en\/produit\/cueilleur-dessences-aux-sources-des-parfums-du-monde\/#breadcrumb\",\"itemListElement\":[{\"@type\":\"ListItem\",\"position\":1,\"name\":\"Accueil\",\"item\":\"https:\/\/librairie7l.com\/en\/\"},{\"@type\":\"ListItem\",\"position\":2,\"name\":\"Shop\",\"item\":\"https:\/\/librairie7l.com\/en\/shop\/\"},{\"@type\":\"ListItem\",\"position\":3,\"name\":\"CUEILLEUR D&#8217;ESSENCES ; AUX SOURCES DES PARFUMS DU MONDE\"}]},{\"@type\":\"WebSite\",\"@id\":\"https:\/\/librairie7l.com\/en\/#website\",\"url\":\"https:\/\/librairie7l.com\/en\/\",\"name\":\"Librairie 7L\",\"description\":\"Librairie fond\u00e9e en 1999 par Karl Lagerfeld \u00e0 Paris\",\"publisher\":{\"@id\":\"https:\/\/librairie7l.com\/en\/#organization\"},\"potentialAction\":[{\"@type\":\"SearchAction\",\"target\":{\"@type\":\"EntryPoint\",\"urlTemplate\":\"https:\/\/librairie7l.com\/en\/?s={search_term_string}\"},\"query-input\":\"required name=search_term_string\"}],\"inLanguage\":\"en-US\"},{\"@type\":\"Organization\",\"@id\":\"https:\/\/librairie7l.com\/en\/#organization\",\"name\":\"Librairie 7L\",\"url\":\"https:\/\/librairie7l.com\/en\/\",\"logo\":{\"@type\":\"ImageObject\",\"inLanguage\":\"en-US\",\"@id\":\"https:\/\/librairie7l.com\/en\/#\/schema\/logo\/image\/\",\"url\":\"https:\/\/librairie7l.com\/wp-content\/uploads\/2022\/08\/logo-1.png\",\"contentUrl\":\"https:\/\/librairie7l.com\/wp-content\/uploads\/2022\/08\/logo-1.png\",\"width\":227,\"height\":301,\"caption\":\"Librairie 7L\"},\"image\":{\"@id\":\"https:\/\/librairie7l.com\/en\/#\/schema\/logo\/image\/\"}}]}<\/script>\n<!-- \/ Yoast SEO plugin. -->","yoast_head_json":{"title":"CUEILLEUR D'ESSENCES ; AUX SOURCES DES PARFUMS DU MONDE - Librairie 7L","robots":{"index":"index","follow":"follow","max-snippet":"max-snippet:-1","max-image-preview":"max-image-preview:large","max-video-preview":"max-video-preview:-1"},"canonical":"https:\/\/librairie7l.com\/en\/produit\/cueilleur-dessences-aux-sources-des-parfums-du-monde\/","og_locale":"en_US","og_type":"article","og_title":"CUEILLEUR D'ESSENCES ; AUX SOURCES DES PARFUMS DU MONDE - Librairie 7L","og_description":"Le parfum : raffinement ultime, magique et sophistiqu\u00e9, associ\u00e9 \u00e0 des marques prestigieuses au marketing puissant. Mais le vrai luxe de cette industrie mondialis\u00e9e est un secret bien gard\u00e9, celui des produits naturels qui composent ses plus belles fragrances. Certains parfums associent jusqu&#8217;\u00e0 80 essences diff\u00e9rentes : issues de fleurs, de fruits ou d&#8217;\u00e9corces, elles [&hellip;]","og_url":"https:\/\/librairie7l.com\/en\/produit\/cueilleur-dessences-aux-sources-des-parfums-du-monde\/","og_site_name":"Librairie 7L","article_modified_time":"2026-04-06T00:00:11+00:00","og_image":[{"width":600,"height":869,"url":"https:\/\/librairie7l.com\/wp-content\/uploads\/2021\/01\/9782246826231_1_75.jpg","type":"image\/jpeg"}],"twitter_card":"summary_large_image","twitter_misc":{"Est. reading time":"2 minutes"},"schema":{"@context":"https:\/\/schema.org","@graph":[{"@type":"WebPage","@id":"https:\/\/librairie7l.com\/en\/produit\/cueilleur-dessences-aux-sources-des-parfums-du-monde\/","url":"https:\/\/librairie7l.com\/en\/produit\/cueilleur-dessences-aux-sources-des-parfums-du-monde\/","name":"CUEILLEUR D'ESSENCES ; AUX SOURCES DES PARFUMS DU MONDE - Librairie 7L","isPartOf":{"@id":"https:\/\/librairie7l.com\/en\/#website"},"datePublished":"2023-05-10T10:10:14+00:00","dateModified":"2026-04-06T00:00:11+00:00","breadcrumb":{"@id":"https:\/\/librairie7l.com\/en\/produit\/cueilleur-dessences-aux-sources-des-parfums-du-monde\/#breadcrumb"},"inLanguage":"en-US","potentialAction":[{"@type":"ReadAction","target":["https:\/\/librairie7l.com\/en\/produit\/cueilleur-dessences-aux-sources-des-parfums-du-monde\/"]}]},{"@type":"BreadcrumbList","@id":"https:\/\/librairie7l.com\/en\/produit\/cueilleur-dessences-aux-sources-des-parfums-du-monde\/#breadcrumb","itemListElement":[{"@type":"ListItem","position":1,"name":"Accueil","item":"https:\/\/librairie7l.com\/en\/"},{"@type":"ListItem","position":2,"name":"Shop","item":"https:\/\/librairie7l.com\/en\/shop\/"},{"@type":"ListItem","position":3,"name":"CUEILLEUR D&#8217;ESSENCES ; AUX SOURCES DES PARFUMS DU MONDE"}]},{"@type":"WebSite","@id":"https:\/\/librairie7l.com\/en\/#website","url":"https:\/\/librairie7l.com\/en\/","name":"Librairie 7L","description":"Librairie fond\u00e9e en 1999 par Karl Lagerfeld \u00e0 Paris","publisher":{"@id":"https:\/\/librairie7l.com\/en\/#organization"},"potentialAction":[{"@type":"SearchAction","target":{"@type":"EntryPoint","urlTemplate":"https:\/\/librairie7l.com\/en\/?s={search_term_string}"},"query-input":"required name=search_term_string"}],"inLanguage":"en-US"},{"@type":"Organization","@id":"https:\/\/librairie7l.com\/en\/#organization","name":"Librairie 7L","url":"https:\/\/librairie7l.com\/en\/","logo":{"@type":"ImageObject","inLanguage":"en-US","@id":"https:\/\/librairie7l.com\/en\/#\/schema\/logo\/image\/","url":"https:\/\/librairie7l.com\/wp-content\/uploads\/2022\/08\/logo-1.png","contentUrl":"https:\/\/librairie7l.com\/wp-content\/uploads\/2022\/08\/logo-1.png","width":227,"height":301,"caption":"Librairie 7L"},"image":{"@id":"https:\/\/librairie7l.com\/en\/#\/schema\/logo\/image\/"}}]}},"_links":{"self":[{"href":"https:\/\/librairie7l.com\/en\/wp-json\/wp\/v2\/product\/26487"}],"collection":[{"href":"https:\/\/librairie7l.com\/en\/wp-json\/wp\/v2\/product"}],"about":[{"href":"https:\/\/librairie7l.com\/en\/wp-json\/wp\/v2\/types\/product"}],"wp:featuredmedia":[{"embeddable":true,"href":"https:\/\/librairie7l.com\/en\/wp-json\/wp\/v2\/media\/26485"}],"wp:attachment":[{"href":"https:\/\/librairie7l.com\/en\/wp-json\/wp\/v2\/media?parent=26487"}],"wp:term":[{"taxonomy":"product_cat","embeddable":true,"href":"https:\/\/librairie7l.com\/en\/wp-json\/wp\/v2\/product_cat?post=26487"},{"taxonomy":"product_tag","embeddable":true,"href":"https:\/\/librairie7l.com\/en\/wp-json\/wp\/v2\/product_tag?post=26487"}],"curies":[{"name":"wp","href":"https:\/\/api.w.org\/{rel}","templated":true}]}}