{"id":26491,"date":"2023-05-10T12:10:34","date_gmt":"2023-05-10T10:10:34","guid":{"rendered":"https:\/\/librairie7l.com\/?post_type=product&#038;p=26491"},"modified":"2026-04-11T00:15:30","modified_gmt":"2026-04-10T22:15:30","slug":"letonnant-pouvoir-des-couleurs","status":"publish","type":"product","link":"https:\/\/librairie7l.com\/en\/produit\/letonnant-pouvoir-des-couleurs\/","title":{"rendered":"L&#8217;\u00c9TONNANT POUVOIR DES COULEURS"},"content":{"rendered":"<p>Quand vous avez d\u00e9couvert la couverture de cet essai, en moins d&#8217;un centi\u00e8me seconde, votre cerveau a d\u00e9cod\u00e9 les couleurs arc-en-ciel du visuel. En moins d&#8217;un dixi\u00e8me de seconde, vous en avez conclu que la couleur en \u00e9tait certainement le sujet.Le bleu tr\u00e8s particulier de l&#8217;arri\u00e8re-plan a ensuite \u00abaccroch\u00e9\u00bb votre regard. Ce bleu vous relaxe et vous invite donc \u00e0 prendre un peu de temps pour en savoir plus.Le vert du titre vous rassure. Il sugg\u00e8re \u00e0 votre inconscient que ce livre peut vous correspondre. Il vous conditionne \u00e0 agir et \u00e0 aller de l&#8217;avant. Pensez aux feux de signalisation!Vous d\u00e9couvrirez \u00e0 travers les r\u00e9sultats d&#8217;\u00e9tudes scientifiques \u00e0 quel point les couleurs vous influencent, quel que soit le domaine:psychologie, apprentissage, d\u00e9coration d&#8217;int\u00e9rieur, mode, productivit\u00e9, cr\u00e9ativit\u00e9, marketing, d\u00e9sir sexuel&#8230;Cet essai tr\u00e8s accessible et au style l\u00e9ger a \u00e9t\u00e9 enrichi des derni\u00e8res \u00e9tudes universitaires sur la couleur et des magnifiques illustrations de Robin Gillet. Apr\u00e8s l&#8217;avoir lu, vous ne verrez plus jamais les couleurs de la m\u00eame fa\u00e7on.<\/p>\n","protected":false},"excerpt":{"rendered":"<p>Quand vous avez d\u00e9couvert la couverture de cet essai, en moins d&#8217;un centi\u00e8me seconde, votre cerveau a d\u00e9cod\u00e9 les couleurs arc-en-ciel du visuel. En moins d&#8217;un dixi\u00e8me de seconde, vous en avez conclu que la couleur en \u00e9tait certainement le sujet.Le bleu tr\u00e8s particulier de l&#8217;arri\u00e8re-plan a ensuite \u00abaccroch\u00e9\u00bb votre regard. Ce bleu vous relaxe [&hellip;]<\/p>\n","protected":false},"featured_media":26489,"template":"","meta":[],"product_cat":[55,2948,47,2953],"product_tag":[],"acf":[],"yoast_head":"<!-- This site is optimized with the Yoast SEO plugin v20.11 - https:\/\/yoast.com\/wordpress\/plugins\/seo\/ -->\n<title>L&#039;\u00c9TONNANT POUVOIR DES COULEURS - Librairie 7L<\/title>\n<meta name=\"robots\" content=\"index, follow, max-snippet:-1, max-image-preview:large, max-video-preview:-1\" \/>\n<link rel=\"canonical\" href=\"https:\/\/librairie7l.com\/en\/produit\/letonnant-pouvoir-des-couleurs\/\" \/>\n<meta property=\"og:locale\" content=\"en_US\" \/>\n<meta property=\"og:type\" content=\"article\" \/>\n<meta property=\"og:title\" content=\"L&#039;\u00c9TONNANT POUVOIR DES COULEURS - Librairie 7L\" \/>\n<meta property=\"og:description\" content=\"Quand vous avez d\u00e9couvert la couverture de cet essai, en moins d&#8217;un centi\u00e8me seconde, votre cerveau a d\u00e9cod\u00e9 les couleurs arc-en-ciel du visuel. En moins d&#8217;un dixi\u00e8me de seconde, vous en avez conclu que la couleur en \u00e9tait certainement le sujet.Le bleu tr\u00e8s particulier de l&#8217;arri\u00e8re-plan a ensuite \u00abaccroch\u00e9\u00bb votre regard. Ce bleu vous relaxe [&hellip;]\" \/>\n<meta property=\"og:url\" content=\"https:\/\/librairie7l.com\/en\/produit\/letonnant-pouvoir-des-couleurs\/\" \/>\n<meta property=\"og:site_name\" content=\"Librairie 7L\" \/>\n<meta property=\"article:modified_time\" content=\"2026-04-10T22:15:30+00:00\" \/>\n<meta property=\"og:image\" content=\"https:\/\/librairie7l.com\/wp-content\/uploads\/2022\/07\/9782080272218_1_75.jpg\" \/>\n\t<meta property=\"og:image:width\" content=\"600\" \/>\n\t<meta property=\"og:image:height\" content=\"797\" \/>\n\t<meta property=\"og:image:type\" content=\"image\/jpeg\" \/>\n<meta name=\"twitter:card\" content=\"summary_large_image\" \/>\n<meta name=\"twitter:label1\" content=\"Est. reading time\" \/>\n\t<meta name=\"twitter:data1\" content=\"1 minute\" \/>\n<script type=\"application\/ld+json\" class=\"yoast-schema-graph\">{\"@context\":\"https:\/\/schema.org\",\"@graph\":[{\"@type\":\"WebPage\",\"@id\":\"https:\/\/librairie7l.com\/en\/produit\/letonnant-pouvoir-des-couleurs\/\",\"url\":\"https:\/\/librairie7l.com\/en\/produit\/letonnant-pouvoir-des-couleurs\/\",\"name\":\"L'\u00c9TONNANT POUVOIR DES COULEURS - Librairie 7L\",\"isPartOf\":{\"@id\":\"https:\/\/librairie7l.com\/en\/#website\"},\"datePublished\":\"2023-05-10T10:10:34+00:00\",\"dateModified\":\"2026-04-10T22:15:30+00:00\",\"breadcrumb\":{\"@id\":\"https:\/\/librairie7l.com\/en\/produit\/letonnant-pouvoir-des-couleurs\/#breadcrumb\"},\"inLanguage\":\"en-US\",\"potentialAction\":[{\"@type\":\"ReadAction\",\"target\":[\"https:\/\/librairie7l.com\/en\/produit\/letonnant-pouvoir-des-couleurs\/\"]}]},{\"@type\":\"BreadcrumbList\",\"@id\":\"https:\/\/librairie7l.com\/en\/produit\/letonnant-pouvoir-des-couleurs\/#breadcrumb\",\"itemListElement\":[{\"@type\":\"ListItem\",\"position\":1,\"name\":\"Accueil\",\"item\":\"https:\/\/librairie7l.com\/en\/\"},{\"@type\":\"ListItem\",\"position\":2,\"name\":\"Shop\",\"item\":\"https:\/\/librairie7l.com\/en\/shop\/\"},{\"@type\":\"ListItem\",\"position\":3,\"name\":\"L&#8217;\u00c9TONNANT POUVOIR DES COULEURS\"}]},{\"@type\":\"WebSite\",\"@id\":\"https:\/\/librairie7l.com\/en\/#website\",\"url\":\"https:\/\/librairie7l.com\/en\/\",\"name\":\"Librairie 7L\",\"description\":\"Librairie fond\u00e9e en 1999 par Karl Lagerfeld \u00e0 Paris\",\"publisher\":{\"@id\":\"https:\/\/librairie7l.com\/en\/#organization\"},\"potentialAction\":[{\"@type\":\"SearchAction\",\"target\":{\"@type\":\"EntryPoint\",\"urlTemplate\":\"https:\/\/librairie7l.com\/en\/?s={search_term_string}\"},\"query-input\":\"required name=search_term_string\"}],\"inLanguage\":\"en-US\"},{\"@type\":\"Organization\",\"@id\":\"https:\/\/librairie7l.com\/en\/#organization\",\"name\":\"Librairie 7L\",\"url\":\"https:\/\/librairie7l.com\/en\/\",\"logo\":{\"@type\":\"ImageObject\",\"inLanguage\":\"en-US\",\"@id\":\"https:\/\/librairie7l.com\/en\/#\/schema\/logo\/image\/\",\"url\":\"https:\/\/librairie7l.com\/wp-content\/uploads\/2022\/08\/logo-1.png\",\"contentUrl\":\"https:\/\/librairie7l.com\/wp-content\/uploads\/2022\/08\/logo-1.png\",\"width\":227,\"height\":301,\"caption\":\"Librairie 7L\"},\"image\":{\"@id\":\"https:\/\/librairie7l.com\/en\/#\/schema\/logo\/image\/\"}}]}<\/script>\n<!-- \/ Yoast SEO plugin. -->","yoast_head_json":{"title":"L'\u00c9TONNANT POUVOIR DES COULEURS - Librairie 7L","robots":{"index":"index","follow":"follow","max-snippet":"max-snippet:-1","max-image-preview":"max-image-preview:large","max-video-preview":"max-video-preview:-1"},"canonical":"https:\/\/librairie7l.com\/en\/produit\/letonnant-pouvoir-des-couleurs\/","og_locale":"en_US","og_type":"article","og_title":"L'\u00c9TONNANT POUVOIR DES COULEURS - Librairie 7L","og_description":"Quand vous avez d\u00e9couvert la couverture de cet essai, en moins d&#8217;un centi\u00e8me seconde, votre cerveau a d\u00e9cod\u00e9 les couleurs arc-en-ciel du visuel. En moins d&#8217;un dixi\u00e8me de seconde, vous en avez conclu que la couleur en \u00e9tait certainement le sujet.Le bleu tr\u00e8s particulier de l&#8217;arri\u00e8re-plan a ensuite \u00abaccroch\u00e9\u00bb votre regard. Ce bleu vous relaxe [&hellip;]","og_url":"https:\/\/librairie7l.com\/en\/produit\/letonnant-pouvoir-des-couleurs\/","og_site_name":"Librairie 7L","article_modified_time":"2026-04-10T22:15:30+00:00","og_image":[{"width":600,"height":797,"url":"https:\/\/librairie7l.com\/wp-content\/uploads\/2022\/07\/9782080272218_1_75.jpg","type":"image\/jpeg"}],"twitter_card":"summary_large_image","twitter_misc":{"Est. reading time":"1 minute"},"schema":{"@context":"https:\/\/schema.org","@graph":[{"@type":"WebPage","@id":"https:\/\/librairie7l.com\/en\/produit\/letonnant-pouvoir-des-couleurs\/","url":"https:\/\/librairie7l.com\/en\/produit\/letonnant-pouvoir-des-couleurs\/","name":"L'\u00c9TONNANT POUVOIR DES COULEURS - Librairie 7L","isPartOf":{"@id":"https:\/\/librairie7l.com\/en\/#website"},"datePublished":"2023-05-10T10:10:34+00:00","dateModified":"2026-04-10T22:15:30+00:00","breadcrumb":{"@id":"https:\/\/librairie7l.com\/en\/produit\/letonnant-pouvoir-des-couleurs\/#breadcrumb"},"inLanguage":"en-US","potentialAction":[{"@type":"ReadAction","target":["https:\/\/librairie7l.com\/en\/produit\/letonnant-pouvoir-des-couleurs\/"]}]},{"@type":"BreadcrumbList","@id":"https:\/\/librairie7l.com\/en\/produit\/letonnant-pouvoir-des-couleurs\/#breadcrumb","itemListElement":[{"@type":"ListItem","position":1,"name":"Accueil","item":"https:\/\/librairie7l.com\/en\/"},{"@type":"ListItem","position":2,"name":"Shop","item":"https:\/\/librairie7l.com\/en\/shop\/"},{"@type":"ListItem","position":3,"name":"L&#8217;\u00c9TONNANT POUVOIR DES COULEURS"}]},{"@type":"WebSite","@id":"https:\/\/librairie7l.com\/en\/#website","url":"https:\/\/librairie7l.com\/en\/","name":"Librairie 7L","description":"Librairie fond\u00e9e en 1999 par Karl Lagerfeld \u00e0 Paris","publisher":{"@id":"https:\/\/librairie7l.com\/en\/#organization"},"potentialAction":[{"@type":"SearchAction","target":{"@type":"EntryPoint","urlTemplate":"https:\/\/librairie7l.com\/en\/?s={search_term_string}"},"query-input":"required name=search_term_string"}],"inLanguage":"en-US"},{"@type":"Organization","@id":"https:\/\/librairie7l.com\/en\/#organization","name":"Librairie 7L","url":"https:\/\/librairie7l.com\/en\/","logo":{"@type":"ImageObject","inLanguage":"en-US","@id":"https:\/\/librairie7l.com\/en\/#\/schema\/logo\/image\/","url":"https:\/\/librairie7l.com\/wp-content\/uploads\/2022\/08\/logo-1.png","contentUrl":"https:\/\/librairie7l.com\/wp-content\/uploads\/2022\/08\/logo-1.png","width":227,"height":301,"caption":"Librairie 7L"},"image":{"@id":"https:\/\/librairie7l.com\/en\/#\/schema\/logo\/image\/"}}]}},"_links":{"self":[{"href":"https:\/\/librairie7l.com\/en\/wp-json\/wp\/v2\/product\/26491"}],"collection":[{"href":"https:\/\/librairie7l.com\/en\/wp-json\/wp\/v2\/product"}],"about":[{"href":"https:\/\/librairie7l.com\/en\/wp-json\/wp\/v2\/types\/product"}],"wp:featuredmedia":[{"embeddable":true,"href":"https:\/\/librairie7l.com\/en\/wp-json\/wp\/v2\/media\/26489"}],"wp:attachment":[{"href":"https:\/\/librairie7l.com\/en\/wp-json\/wp\/v2\/media?parent=26491"}],"wp:term":[{"taxonomy":"product_cat","embeddable":true,"href":"https:\/\/librairie7l.com\/en\/wp-json\/wp\/v2\/product_cat?post=26491"},{"taxonomy":"product_tag","embeddable":true,"href":"https:\/\/librairie7l.com\/en\/wp-json\/wp\/v2\/product_tag?post=26491"}],"curies":[{"name":"wp","href":"https:\/\/api.w.org\/{rel}","templated":true}]}}