{"id":26499,"date":"2023-05-10T12:10:46","date_gmt":"2023-05-10T10:10:46","guid":{"rendered":"https:\/\/librairie7l.com\/?post_type=product&#038;p=26499"},"modified":"2026-04-26T23:56:53","modified_gmt":"2026-04-26T21:56:53","slug":"une-histoire-de-parfums-1880-2020","status":"publish","type":"product","link":"https:\/\/librairie7l.com\/en\/produit\/une-histoire-de-parfums-1880-2020\/","title":{"rendered":"UNE HISTOIRE DE PARFUMS : 1880-2020"},"content":{"rendered":"<p>Si le parfum s&#8217;est au fil des mill\u00e9naires confondu avec des usages sacr\u00e9s, th\u00e9rapeutiques ou hygi\u00e9niques, il est devenu depuis la fin du XIXe si\u00e8cle une v\u00e9ritable industrie et un objet de consommation de plus en plus accessible.<\/p>\n<p>\u00c0 l&#8217;image des autres champs artistiques, la parfumerie s&#8217;est toujours impr\u00e9gn\u00e9e de l&#8217;air du temps, restituant sous forme olfactive les m\u00e9tamorphoses de son \u00e9poque : conflits mondiaux, \u00e9volutions soci\u00e9tales, \u00e9pid\u00e9mies ou encore crises \u00e9conomiques mod\u00e8lent ainsi la cr\u00e9ation et font de cet art un miroir impalpable de notre soci\u00e9t\u00e9.<\/p>\n<p>Depuis la Belle \u00c9poque jusqu&#8217;aux ann\u00e9es 2010, cet ouvrage retrace en onze chapitres l&#8217;\u00e9pop\u00e9e de cette parfumerie prolifique, fa\u00e7onn\u00e9e par le monde qui l&#8217;entoure.<\/p>\n","protected":false},"excerpt":{"rendered":"<p>Si le parfum s&#8217;est au fil des mill\u00e9naires confondu avec des usages sacr\u00e9s, th\u00e9rapeutiques ou hygi\u00e9niques, il est devenu depuis la fin du XIXe si\u00e8cle une v\u00e9ritable industrie et un objet de consommation de plus en plus accessible. \u00c0 l&#8217;image des autres champs artistiques, la parfumerie s&#8217;est toujours impr\u00e9gn\u00e9e de l&#8217;air du temps, restituant sous [&hellip;]<\/p>\n","protected":false},"featured_media":26497,"template":"","meta":[],"product_cat":[55,2948,2957,19],"product_tag":[],"acf":[],"yoast_head":"<!-- This site is optimized with the Yoast SEO plugin v20.11 - https:\/\/yoast.com\/wordpress\/plugins\/seo\/ -->\n<title>UNE HISTOIRE DE PARFUMS : 1880-2020 - Librairie 7L<\/title>\n<meta name=\"robots\" content=\"index, follow, max-snippet:-1, max-image-preview:large, max-video-preview:-1\" \/>\n<link rel=\"canonical\" href=\"https:\/\/librairie7l.com\/en\/produit\/une-histoire-de-parfums-1880-2020\/\" \/>\n<meta property=\"og:locale\" content=\"en_US\" \/>\n<meta property=\"og:type\" content=\"article\" \/>\n<meta property=\"og:title\" content=\"UNE HISTOIRE DE PARFUMS : 1880-2020 - Librairie 7L\" \/>\n<meta property=\"og:description\" content=\"Si le parfum s&#8217;est au fil des mill\u00e9naires confondu avec des usages sacr\u00e9s, th\u00e9rapeutiques ou hygi\u00e9niques, il est devenu depuis la fin du XIXe si\u00e8cle une v\u00e9ritable industrie et un objet de consommation de plus en plus accessible. \u00c0 l&#8217;image des autres champs artistiques, la parfumerie s&#8217;est toujours impr\u00e9gn\u00e9e de l&#8217;air du temps, restituant sous [&hellip;]\" \/>\n<meta property=\"og:url\" content=\"https:\/\/librairie7l.com\/en\/produit\/une-histoire-de-parfums-1880-2020\/\" \/>\n<meta property=\"og:site_name\" content=\"Librairie 7L\" \/>\n<meta property=\"article:modified_time\" content=\"2026-04-26T21:56:53+00:00\" \/>\n<meta property=\"og:image\" content=\"https:\/\/librairie7l.com\/wp-content\/uploads\/2021\/07\/9782491567170_1_75.jpg\" \/>\n\t<meta property=\"og:image:width\" content=\"290\" \/>\n\t<meta property=\"og:image:height\" content=\"381\" \/>\n\t<meta property=\"og:image:type\" content=\"image\/jpeg\" \/>\n<meta name=\"twitter:card\" content=\"summary_large_image\" \/>\n<meta name=\"twitter:label1\" content=\"Est. reading time\" \/>\n\t<meta name=\"twitter:data1\" content=\"1 minute\" \/>\n<script type=\"application\/ld+json\" class=\"yoast-schema-graph\">{\"@context\":\"https:\/\/schema.org\",\"@graph\":[{\"@type\":\"WebPage\",\"@id\":\"https:\/\/librairie7l.com\/en\/produit\/une-histoire-de-parfums-1880-2020\/\",\"url\":\"https:\/\/librairie7l.com\/en\/produit\/une-histoire-de-parfums-1880-2020\/\",\"name\":\"UNE HISTOIRE DE PARFUMS : 1880-2020 - Librairie 7L\",\"isPartOf\":{\"@id\":\"https:\/\/librairie7l.com\/en\/#website\"},\"datePublished\":\"2023-05-10T10:10:46+00:00\",\"dateModified\":\"2026-04-26T21:56:53+00:00\",\"breadcrumb\":{\"@id\":\"https:\/\/librairie7l.com\/en\/produit\/une-histoire-de-parfums-1880-2020\/#breadcrumb\"},\"inLanguage\":\"en-US\",\"potentialAction\":[{\"@type\":\"ReadAction\",\"target\":[\"https:\/\/librairie7l.com\/en\/produit\/une-histoire-de-parfums-1880-2020\/\"]}]},{\"@type\":\"BreadcrumbList\",\"@id\":\"https:\/\/librairie7l.com\/en\/produit\/une-histoire-de-parfums-1880-2020\/#breadcrumb\",\"itemListElement\":[{\"@type\":\"ListItem\",\"position\":1,\"name\":\"Accueil\",\"item\":\"https:\/\/librairie7l.com\/en\/\"},{\"@type\":\"ListItem\",\"position\":2,\"name\":\"Shop\",\"item\":\"https:\/\/librairie7l.com\/en\/shop\/\"},{\"@type\":\"ListItem\",\"position\":3,\"name\":\"UNE HISTOIRE DE PARFUMS : 1880-2020\"}]},{\"@type\":\"WebSite\",\"@id\":\"https:\/\/librairie7l.com\/en\/#website\",\"url\":\"https:\/\/librairie7l.com\/en\/\",\"name\":\"Librairie 7L\",\"description\":\"Librairie fond\u00e9e en 1999 par Karl Lagerfeld \u00e0 Paris\",\"publisher\":{\"@id\":\"https:\/\/librairie7l.com\/en\/#organization\"},\"potentialAction\":[{\"@type\":\"SearchAction\",\"target\":{\"@type\":\"EntryPoint\",\"urlTemplate\":\"https:\/\/librairie7l.com\/en\/?s={search_term_string}\"},\"query-input\":\"required name=search_term_string\"}],\"inLanguage\":\"en-US\"},{\"@type\":\"Organization\",\"@id\":\"https:\/\/librairie7l.com\/en\/#organization\",\"name\":\"Librairie 7L\",\"url\":\"https:\/\/librairie7l.com\/en\/\",\"logo\":{\"@type\":\"ImageObject\",\"inLanguage\":\"en-US\",\"@id\":\"https:\/\/librairie7l.com\/en\/#\/schema\/logo\/image\/\",\"url\":\"https:\/\/librairie7l.com\/wp-content\/uploads\/2022\/08\/logo-1.png\",\"contentUrl\":\"https:\/\/librairie7l.com\/wp-content\/uploads\/2022\/08\/logo-1.png\",\"width\":227,\"height\":301,\"caption\":\"Librairie 7L\"},\"image\":{\"@id\":\"https:\/\/librairie7l.com\/en\/#\/schema\/logo\/image\/\"}}]}<\/script>\n<!-- \/ Yoast SEO plugin. -->","yoast_head_json":{"title":"UNE HISTOIRE DE PARFUMS : 1880-2020 - Librairie 7L","robots":{"index":"index","follow":"follow","max-snippet":"max-snippet:-1","max-image-preview":"max-image-preview:large","max-video-preview":"max-video-preview:-1"},"canonical":"https:\/\/librairie7l.com\/en\/produit\/une-histoire-de-parfums-1880-2020\/","og_locale":"en_US","og_type":"article","og_title":"UNE HISTOIRE DE PARFUMS : 1880-2020 - Librairie 7L","og_description":"Si le parfum s&#8217;est au fil des mill\u00e9naires confondu avec des usages sacr\u00e9s, th\u00e9rapeutiques ou hygi\u00e9niques, il est devenu depuis la fin du XIXe si\u00e8cle une v\u00e9ritable industrie et un objet de consommation de plus en plus accessible. \u00c0 l&#8217;image des autres champs artistiques, la parfumerie s&#8217;est toujours impr\u00e9gn\u00e9e de l&#8217;air du temps, restituant sous [&hellip;]","og_url":"https:\/\/librairie7l.com\/en\/produit\/une-histoire-de-parfums-1880-2020\/","og_site_name":"Librairie 7L","article_modified_time":"2026-04-26T21:56:53+00:00","og_image":[{"width":290,"height":381,"url":"https:\/\/librairie7l.com\/wp-content\/uploads\/2021\/07\/9782491567170_1_75.jpg","type":"image\/jpeg"}],"twitter_card":"summary_large_image","twitter_misc":{"Est. reading time":"1 minute"},"schema":{"@context":"https:\/\/schema.org","@graph":[{"@type":"WebPage","@id":"https:\/\/librairie7l.com\/en\/produit\/une-histoire-de-parfums-1880-2020\/","url":"https:\/\/librairie7l.com\/en\/produit\/une-histoire-de-parfums-1880-2020\/","name":"UNE HISTOIRE DE PARFUMS : 1880-2020 - Librairie 7L","isPartOf":{"@id":"https:\/\/librairie7l.com\/en\/#website"},"datePublished":"2023-05-10T10:10:46+00:00","dateModified":"2026-04-26T21:56:53+00:00","breadcrumb":{"@id":"https:\/\/librairie7l.com\/en\/produit\/une-histoire-de-parfums-1880-2020\/#breadcrumb"},"inLanguage":"en-US","potentialAction":[{"@type":"ReadAction","target":["https:\/\/librairie7l.com\/en\/produit\/une-histoire-de-parfums-1880-2020\/"]}]},{"@type":"BreadcrumbList","@id":"https:\/\/librairie7l.com\/en\/produit\/une-histoire-de-parfums-1880-2020\/#breadcrumb","itemListElement":[{"@type":"ListItem","position":1,"name":"Accueil","item":"https:\/\/librairie7l.com\/en\/"},{"@type":"ListItem","position":2,"name":"Shop","item":"https:\/\/librairie7l.com\/en\/shop\/"},{"@type":"ListItem","position":3,"name":"UNE HISTOIRE DE PARFUMS : 1880-2020"}]},{"@type":"WebSite","@id":"https:\/\/librairie7l.com\/en\/#website","url":"https:\/\/librairie7l.com\/en\/","name":"Librairie 7L","description":"Librairie fond\u00e9e en 1999 par Karl Lagerfeld \u00e0 Paris","publisher":{"@id":"https:\/\/librairie7l.com\/en\/#organization"},"potentialAction":[{"@type":"SearchAction","target":{"@type":"EntryPoint","urlTemplate":"https:\/\/librairie7l.com\/en\/?s={search_term_string}"},"query-input":"required name=search_term_string"}],"inLanguage":"en-US"},{"@type":"Organization","@id":"https:\/\/librairie7l.com\/en\/#organization","name":"Librairie 7L","url":"https:\/\/librairie7l.com\/en\/","logo":{"@type":"ImageObject","inLanguage":"en-US","@id":"https:\/\/librairie7l.com\/en\/#\/schema\/logo\/image\/","url":"https:\/\/librairie7l.com\/wp-content\/uploads\/2022\/08\/logo-1.png","contentUrl":"https:\/\/librairie7l.com\/wp-content\/uploads\/2022\/08\/logo-1.png","width":227,"height":301,"caption":"Librairie 7L"},"image":{"@id":"https:\/\/librairie7l.com\/en\/#\/schema\/logo\/image\/"}}]}},"_links":{"self":[{"href":"https:\/\/librairie7l.com\/en\/wp-json\/wp\/v2\/product\/26499"}],"collection":[{"href":"https:\/\/librairie7l.com\/en\/wp-json\/wp\/v2\/product"}],"about":[{"href":"https:\/\/librairie7l.com\/en\/wp-json\/wp\/v2\/types\/product"}],"wp:featuredmedia":[{"embeddable":true,"href":"https:\/\/librairie7l.com\/en\/wp-json\/wp\/v2\/media\/26497"}],"wp:attachment":[{"href":"https:\/\/librairie7l.com\/en\/wp-json\/wp\/v2\/media?parent=26499"}],"wp:term":[{"taxonomy":"product_cat","embeddable":true,"href":"https:\/\/librairie7l.com\/en\/wp-json\/wp\/v2\/product_cat?post=26499"},{"taxonomy":"product_tag","embeddable":true,"href":"https:\/\/librairie7l.com\/en\/wp-json\/wp\/v2\/product_tag?post=26499"}],"curies":[{"name":"wp","href":"https:\/\/api.w.org\/{rel}","templated":true}]}}