{"id":26503,"date":"2023-05-10T12:11:02","date_gmt":"2023-05-10T10:11:02","guid":{"rendered":"https:\/\/librairie7l.com\/?post_type=product&#038;p=26503"},"modified":"2026-04-07T17:54:32","modified_gmt":"2026-04-07T15:54:32","slug":"400-femmes-artistes","status":"publish","type":"product","link":"https:\/\/librairie7l.com\/en\/produit\/400-femmes-artistes\/","title":{"rendered":"400 FEMMES ARTISTES"},"content":{"rendered":"<p>Cinq si\u00e8cles de cr\u00e9ativit\u00e9 f\u00e9minine r\u00e9v\u00e9l\u00e9s par plus de 400 oeuvres d&#8217;arts fascinantes r\u00e9unies dans un ouvrage de r\u00e9f\u00e9rence.<br \/>\nCet ouvrage est le plus complet et le plus illustr\u00e9 jamais publi\u00e9 sur les femmes artistes. 400 Femmes artistes refl\u00e8te une \u00e9poque o\u00f9 l&#8217;art r\u00e9alis\u00e9 par les femmes occupe une place plus importante que jamais. Dans les mus\u00e9es, les galeries et sur le march\u00e9 de l&#8217;art, les artistes d&#8217;hier et d&#8217;aujourd&#8217;hui, jusque-l\u00e0 n\u00e9glig\u00e9es, sont enfin reconnues et appr\u00e9ci\u00e9es \u00e0 leur juste valeur. Pr\u00e9sentant plus de 400 artistes, chacune \u00e0 travers une de ses oeuvres cl\u00e9 et un court texte, ce volume essentiel d\u00e9voile une histoire parall\u00e8le, mais tout aussi fascinante de l&#8217;art sur une p\u00e9riode caract\u00e9ris\u00e9e par une immense diversit\u00e9 d&#8217;expressions.<\/p>\n","protected":false},"excerpt":{"rendered":"<p>Cinq si\u00e8cles de cr\u00e9ativit\u00e9 f\u00e9minine r\u00e9v\u00e9l\u00e9s par plus de 400 oeuvres d&#8217;arts fascinantes r\u00e9unies dans un ouvrage de r\u00e9f\u00e9rence. Cet ouvrage est le plus complet et le plus illustr\u00e9 jamais publi\u00e9 sur les femmes artistes. 400 Femmes artistes refl\u00e8te une \u00e9poque o\u00f9 l&#8217;art r\u00e9alis\u00e9 par les femmes occupe une place plus importante que jamais. Dans [&hellip;]<\/p>\n","protected":false},"featured_media":26501,"template":"","meta":[],"product_cat":[55,2948,47,2953],"product_tag":[],"acf":[],"yoast_head":"<!-- This site is optimized with the Yoast SEO plugin v20.11 - https:\/\/yoast.com\/wordpress\/plugins\/seo\/ -->\n<title>400 FEMMES ARTISTES - Librairie 7L<\/title>\n<meta name=\"robots\" content=\"index, follow, max-snippet:-1, max-image-preview:large, max-video-preview:-1\" \/>\n<link rel=\"canonical\" href=\"https:\/\/librairie7l.com\/en\/produit\/400-femmes-artistes\/\" \/>\n<meta property=\"og:locale\" content=\"en_US\" \/>\n<meta property=\"og:type\" content=\"article\" \/>\n<meta property=\"og:title\" content=\"400 FEMMES ARTISTES - Librairie 7L\" \/>\n<meta property=\"og:description\" content=\"Cinq si\u00e8cles de cr\u00e9ativit\u00e9 f\u00e9minine r\u00e9v\u00e9l\u00e9s par plus de 400 oeuvres d&#8217;arts fascinantes r\u00e9unies dans un ouvrage de r\u00e9f\u00e9rence. Cet ouvrage est le plus complet et le plus illustr\u00e9 jamais publi\u00e9 sur les femmes artistes. 400 Femmes artistes refl\u00e8te une \u00e9poque o\u00f9 l&#8217;art r\u00e9alis\u00e9 par les femmes occupe une place plus importante que jamais. Dans [&hellip;]\" \/>\n<meta property=\"og:url\" content=\"https:\/\/librairie7l.com\/en\/produit\/400-femmes-artistes\/\" \/>\n<meta property=\"og:site_name\" content=\"Librairie 7L\" \/>\n<meta property=\"article:modified_time\" content=\"2026-04-07T15:54:32+00:00\" \/>\n<meta property=\"og:image\" content=\"https:\/\/librairie7l.com\/wp-content\/uploads\/2019\/05\/9781838660031_1_75.jpg\" \/>\n\t<meta property=\"og:image:width\" content=\"600\" \/>\n\t<meta property=\"og:image:height\" content=\"675\" \/>\n\t<meta property=\"og:image:type\" content=\"image\/jpeg\" \/>\n<meta name=\"twitter:card\" content=\"summary_large_image\" \/>\n<meta name=\"twitter:label1\" content=\"Est. reading time\" \/>\n\t<meta name=\"twitter:data1\" content=\"1 minute\" \/>\n<script type=\"application\/ld+json\" class=\"yoast-schema-graph\">{\"@context\":\"https:\/\/schema.org\",\"@graph\":[{\"@type\":\"WebPage\",\"@id\":\"https:\/\/librairie7l.com\/en\/produit\/400-femmes-artistes\/\",\"url\":\"https:\/\/librairie7l.com\/en\/produit\/400-femmes-artistes\/\",\"name\":\"400 FEMMES ARTISTES - Librairie 7L\",\"isPartOf\":{\"@id\":\"https:\/\/librairie7l.com\/en\/#website\"},\"datePublished\":\"2023-05-10T10:11:02+00:00\",\"dateModified\":\"2026-04-07T15:54:32+00:00\",\"breadcrumb\":{\"@id\":\"https:\/\/librairie7l.com\/en\/produit\/400-femmes-artistes\/#breadcrumb\"},\"inLanguage\":\"en-US\",\"potentialAction\":[{\"@type\":\"ReadAction\",\"target\":[\"https:\/\/librairie7l.com\/en\/produit\/400-femmes-artistes\/\"]}]},{\"@type\":\"BreadcrumbList\",\"@id\":\"https:\/\/librairie7l.com\/en\/produit\/400-femmes-artistes\/#breadcrumb\",\"itemListElement\":[{\"@type\":\"ListItem\",\"position\":1,\"name\":\"Accueil\",\"item\":\"https:\/\/librairie7l.com\/en\/\"},{\"@type\":\"ListItem\",\"position\":2,\"name\":\"Shop\",\"item\":\"https:\/\/librairie7l.com\/en\/shop\/\"},{\"@type\":\"ListItem\",\"position\":3,\"name\":\"400 FEMMES ARTISTES\"}]},{\"@type\":\"WebSite\",\"@id\":\"https:\/\/librairie7l.com\/en\/#website\",\"url\":\"https:\/\/librairie7l.com\/en\/\",\"name\":\"Librairie 7L\",\"description\":\"Librairie fond\u00e9e en 1999 par Karl Lagerfeld \u00e0 Paris\",\"publisher\":{\"@id\":\"https:\/\/librairie7l.com\/en\/#organization\"},\"potentialAction\":[{\"@type\":\"SearchAction\",\"target\":{\"@type\":\"EntryPoint\",\"urlTemplate\":\"https:\/\/librairie7l.com\/en\/?s={search_term_string}\"},\"query-input\":\"required name=search_term_string\"}],\"inLanguage\":\"en-US\"},{\"@type\":\"Organization\",\"@id\":\"https:\/\/librairie7l.com\/en\/#organization\",\"name\":\"Librairie 7L\",\"url\":\"https:\/\/librairie7l.com\/en\/\",\"logo\":{\"@type\":\"ImageObject\",\"inLanguage\":\"en-US\",\"@id\":\"https:\/\/librairie7l.com\/en\/#\/schema\/logo\/image\/\",\"url\":\"https:\/\/librairie7l.com\/wp-content\/uploads\/2022\/08\/logo-1.png\",\"contentUrl\":\"https:\/\/librairie7l.com\/wp-content\/uploads\/2022\/08\/logo-1.png\",\"width\":227,\"height\":301,\"caption\":\"Librairie 7L\"},\"image\":{\"@id\":\"https:\/\/librairie7l.com\/en\/#\/schema\/logo\/image\/\"}}]}<\/script>\n<!-- \/ Yoast SEO plugin. -->","yoast_head_json":{"title":"400 FEMMES ARTISTES - Librairie 7L","robots":{"index":"index","follow":"follow","max-snippet":"max-snippet:-1","max-image-preview":"max-image-preview:large","max-video-preview":"max-video-preview:-1"},"canonical":"https:\/\/librairie7l.com\/en\/produit\/400-femmes-artistes\/","og_locale":"en_US","og_type":"article","og_title":"400 FEMMES ARTISTES - Librairie 7L","og_description":"Cinq si\u00e8cles de cr\u00e9ativit\u00e9 f\u00e9minine r\u00e9v\u00e9l\u00e9s par plus de 400 oeuvres d&#8217;arts fascinantes r\u00e9unies dans un ouvrage de r\u00e9f\u00e9rence. Cet ouvrage est le plus complet et le plus illustr\u00e9 jamais publi\u00e9 sur les femmes artistes. 400 Femmes artistes refl\u00e8te une \u00e9poque o\u00f9 l&#8217;art r\u00e9alis\u00e9 par les femmes occupe une place plus importante que jamais. Dans [&hellip;]","og_url":"https:\/\/librairie7l.com\/en\/produit\/400-femmes-artistes\/","og_site_name":"Librairie 7L","article_modified_time":"2026-04-07T15:54:32+00:00","og_image":[{"width":600,"height":675,"url":"https:\/\/librairie7l.com\/wp-content\/uploads\/2019\/05\/9781838660031_1_75.jpg","type":"image\/jpeg"}],"twitter_card":"summary_large_image","twitter_misc":{"Est. reading time":"1 minute"},"schema":{"@context":"https:\/\/schema.org","@graph":[{"@type":"WebPage","@id":"https:\/\/librairie7l.com\/en\/produit\/400-femmes-artistes\/","url":"https:\/\/librairie7l.com\/en\/produit\/400-femmes-artistes\/","name":"400 FEMMES ARTISTES - Librairie 7L","isPartOf":{"@id":"https:\/\/librairie7l.com\/en\/#website"},"datePublished":"2023-05-10T10:11:02+00:00","dateModified":"2026-04-07T15:54:32+00:00","breadcrumb":{"@id":"https:\/\/librairie7l.com\/en\/produit\/400-femmes-artistes\/#breadcrumb"},"inLanguage":"en-US","potentialAction":[{"@type":"ReadAction","target":["https:\/\/librairie7l.com\/en\/produit\/400-femmes-artistes\/"]}]},{"@type":"BreadcrumbList","@id":"https:\/\/librairie7l.com\/en\/produit\/400-femmes-artistes\/#breadcrumb","itemListElement":[{"@type":"ListItem","position":1,"name":"Accueil","item":"https:\/\/librairie7l.com\/en\/"},{"@type":"ListItem","position":2,"name":"Shop","item":"https:\/\/librairie7l.com\/en\/shop\/"},{"@type":"ListItem","position":3,"name":"400 FEMMES ARTISTES"}]},{"@type":"WebSite","@id":"https:\/\/librairie7l.com\/en\/#website","url":"https:\/\/librairie7l.com\/en\/","name":"Librairie 7L","description":"Librairie fond\u00e9e en 1999 par Karl Lagerfeld \u00e0 Paris","publisher":{"@id":"https:\/\/librairie7l.com\/en\/#organization"},"potentialAction":[{"@type":"SearchAction","target":{"@type":"EntryPoint","urlTemplate":"https:\/\/librairie7l.com\/en\/?s={search_term_string}"},"query-input":"required name=search_term_string"}],"inLanguage":"en-US"},{"@type":"Organization","@id":"https:\/\/librairie7l.com\/en\/#organization","name":"Librairie 7L","url":"https:\/\/librairie7l.com\/en\/","logo":{"@type":"ImageObject","inLanguage":"en-US","@id":"https:\/\/librairie7l.com\/en\/#\/schema\/logo\/image\/","url":"https:\/\/librairie7l.com\/wp-content\/uploads\/2022\/08\/logo-1.png","contentUrl":"https:\/\/librairie7l.com\/wp-content\/uploads\/2022\/08\/logo-1.png","width":227,"height":301,"caption":"Librairie 7L"},"image":{"@id":"https:\/\/librairie7l.com\/en\/#\/schema\/logo\/image\/"}}]}},"_links":{"self":[{"href":"https:\/\/librairie7l.com\/en\/wp-json\/wp\/v2\/product\/26503"}],"collection":[{"href":"https:\/\/librairie7l.com\/en\/wp-json\/wp\/v2\/product"}],"about":[{"href":"https:\/\/librairie7l.com\/en\/wp-json\/wp\/v2\/types\/product"}],"wp:featuredmedia":[{"embeddable":true,"href":"https:\/\/librairie7l.com\/en\/wp-json\/wp\/v2\/media\/26501"}],"wp:attachment":[{"href":"https:\/\/librairie7l.com\/en\/wp-json\/wp\/v2\/media?parent=26503"}],"wp:term":[{"taxonomy":"product_cat","embeddable":true,"href":"https:\/\/librairie7l.com\/en\/wp-json\/wp\/v2\/product_cat?post=26503"},{"taxonomy":"product_tag","embeddable":true,"href":"https:\/\/librairie7l.com\/en\/wp-json\/wp\/v2\/product_tag?post=26503"}],"curies":[{"name":"wp","href":"https:\/\/api.w.org\/{rel}","templated":true}]}}