{"id":26507,"date":"2023-05-10T12:11:07","date_gmt":"2023-05-10T10:11:07","guid":{"rendered":"https:\/\/librairie7l.com\/?post_type=product&#038;p=26507"},"modified":"2026-04-07T19:36:25","modified_gmt":"2026-04-07T17:36:25","slug":"versace-defiles","status":"publish","type":"product","link":"https:\/\/librairie7l.com\/en\/produit\/versace-defiles\/","title":{"rendered":"VERSACE D\u00c9FIL\u00c9S"},"content":{"rendered":"<p>La premi\u00e8re pr\u00e9sentation compl\u00e8te des collections femme de Versace depuis les d\u00e9buts de Gianni Versace, en 1978, \u00e0 travers les images originales des d\u00e9fil\u00e9s.<\/p>\n<p>Symbole de glamour et de luxe dans le monde entier, la petite maison familiale fond\u00e9e par Gianni Versace est devenue, au fil du temps, l&#8217;un des empires de la mode les plus puissants. Apr\u00e8s l&#8217;assassinat de Gianni, en 1997, sa soeur Donatella prend sa suite. La nouvelle directrice artistique passe avec succ\u00e8s le cap du XXIe si\u00e8cle et ne cesse, depuis, d&#8217;\u00e9crire la l\u00e9gende d&#8217;une marque admir\u00e9e par un public toujours plus nombreux. L&#8217;ouvrage retrace l&#8217;\u00e9pop\u00e9e de cette maison de mode audacieuse et flamboyante. Introduction, biographies et notices des collections sont sign\u00e9es du journaliste de mode Tim Blanks.<\/p>\n<p>Avec plus de 1200 photographies embl\u00e9matiques, ce tr\u00e9sor d&#8217;inspirations est une r\u00e9f\u00e9rence indispensable pour les professionnels de la mode et les admirateurs de Versace.<\/p>\n","protected":false},"excerpt":{"rendered":"<p>La premi\u00e8re pr\u00e9sentation compl\u00e8te des collections femme de Versace depuis les d\u00e9buts de Gianni Versace, en 1978, \u00e0 travers les images originales des d\u00e9fil\u00e9s. Symbole de glamour et de luxe dans le monde entier, la petite maison familiale fond\u00e9e par Gianni Versace est devenue, au fil du temps, l&#8217;un des empires de la mode les [&hellip;]<\/p>\n","protected":false},"featured_media":26505,"template":"","meta":[],"product_cat":[55,2948,2957,19],"product_tag":[],"acf":[],"yoast_head":"<!-- This site is optimized with the Yoast SEO plugin v20.11 - https:\/\/yoast.com\/wordpress\/plugins\/seo\/ -->\n<title>VERSACE D\u00c9FIL\u00c9S - Librairie 7L<\/title>\n<meta name=\"robots\" content=\"index, follow, max-snippet:-1, max-image-preview:large, max-video-preview:-1\" \/>\n<link rel=\"canonical\" href=\"https:\/\/librairie7l.com\/en\/produit\/versace-defiles\/\" \/>\n<meta property=\"og:locale\" content=\"en_US\" \/>\n<meta property=\"og:type\" content=\"article\" \/>\n<meta property=\"og:title\" content=\"VERSACE D\u00c9FIL\u00c9S - Librairie 7L\" \/>\n<meta property=\"og:description\" content=\"La premi\u00e8re pr\u00e9sentation compl\u00e8te des collections femme de Versace depuis les d\u00e9buts de Gianni Versace, en 1978, \u00e0 travers les images originales des d\u00e9fil\u00e9s. Symbole de glamour et de luxe dans le monde entier, la petite maison familiale fond\u00e9e par Gianni Versace est devenue, au fil du temps, l&#8217;un des empires de la mode les [&hellip;]\" \/>\n<meta property=\"og:url\" content=\"https:\/\/librairie7l.com\/en\/produit\/versace-defiles\/\" \/>\n<meta property=\"og:site_name\" content=\"Librairie 7L\" \/>\n<meta property=\"article:modified_time\" content=\"2026-04-07T17:36:25+00:00\" \/>\n<meta property=\"og:image\" content=\"https:\/\/librairie7l.com\/wp-content\/uploads\/2021\/07\/9782732494111_1_75.jpg\" \/>\n\t<meta property=\"og:image:width\" content=\"400\" \/>\n\t<meta property=\"og:image:height\" content=\"589\" \/>\n\t<meta property=\"og:image:type\" content=\"image\/jpeg\" \/>\n<meta name=\"twitter:card\" content=\"summary_large_image\" \/>\n<meta name=\"twitter:label1\" content=\"Est. reading time\" \/>\n\t<meta name=\"twitter:data1\" content=\"1 minute\" \/>\n<script type=\"application\/ld+json\" class=\"yoast-schema-graph\">{\"@context\":\"https:\/\/schema.org\",\"@graph\":[{\"@type\":\"WebPage\",\"@id\":\"https:\/\/librairie7l.com\/en\/produit\/versace-defiles\/\",\"url\":\"https:\/\/librairie7l.com\/en\/produit\/versace-defiles\/\",\"name\":\"VERSACE D\u00c9FIL\u00c9S - Librairie 7L\",\"isPartOf\":{\"@id\":\"https:\/\/librairie7l.com\/en\/#website\"},\"datePublished\":\"2023-05-10T10:11:07+00:00\",\"dateModified\":\"2026-04-07T17:36:25+00:00\",\"breadcrumb\":{\"@id\":\"https:\/\/librairie7l.com\/en\/produit\/versace-defiles\/#breadcrumb\"},\"inLanguage\":\"en-US\",\"potentialAction\":[{\"@type\":\"ReadAction\",\"target\":[\"https:\/\/librairie7l.com\/en\/produit\/versace-defiles\/\"]}]},{\"@type\":\"BreadcrumbList\",\"@id\":\"https:\/\/librairie7l.com\/en\/produit\/versace-defiles\/#breadcrumb\",\"itemListElement\":[{\"@type\":\"ListItem\",\"position\":1,\"name\":\"Accueil\",\"item\":\"https:\/\/librairie7l.com\/en\/\"},{\"@type\":\"ListItem\",\"position\":2,\"name\":\"Shop\",\"item\":\"https:\/\/librairie7l.com\/en\/shop\/\"},{\"@type\":\"ListItem\",\"position\":3,\"name\":\"VERSACE D\u00c9FIL\u00c9S\"}]},{\"@type\":\"WebSite\",\"@id\":\"https:\/\/librairie7l.com\/en\/#website\",\"url\":\"https:\/\/librairie7l.com\/en\/\",\"name\":\"Librairie 7L\",\"description\":\"Librairie fond\u00e9e en 1999 par Karl Lagerfeld \u00e0 Paris\",\"publisher\":{\"@id\":\"https:\/\/librairie7l.com\/en\/#organization\"},\"potentialAction\":[{\"@type\":\"SearchAction\",\"target\":{\"@type\":\"EntryPoint\",\"urlTemplate\":\"https:\/\/librairie7l.com\/en\/?s={search_term_string}\"},\"query-input\":\"required name=search_term_string\"}],\"inLanguage\":\"en-US\"},{\"@type\":\"Organization\",\"@id\":\"https:\/\/librairie7l.com\/en\/#organization\",\"name\":\"Librairie 7L\",\"url\":\"https:\/\/librairie7l.com\/en\/\",\"logo\":{\"@type\":\"ImageObject\",\"inLanguage\":\"en-US\",\"@id\":\"https:\/\/librairie7l.com\/en\/#\/schema\/logo\/image\/\",\"url\":\"https:\/\/librairie7l.com\/wp-content\/uploads\/2022\/08\/logo-1.png\",\"contentUrl\":\"https:\/\/librairie7l.com\/wp-content\/uploads\/2022\/08\/logo-1.png\",\"width\":227,\"height\":301,\"caption\":\"Librairie 7L\"},\"image\":{\"@id\":\"https:\/\/librairie7l.com\/en\/#\/schema\/logo\/image\/\"}}]}<\/script>\n<!-- \/ Yoast SEO plugin. -->","yoast_head_json":{"title":"VERSACE D\u00c9FIL\u00c9S - Librairie 7L","robots":{"index":"index","follow":"follow","max-snippet":"max-snippet:-1","max-image-preview":"max-image-preview:large","max-video-preview":"max-video-preview:-1"},"canonical":"https:\/\/librairie7l.com\/en\/produit\/versace-defiles\/","og_locale":"en_US","og_type":"article","og_title":"VERSACE D\u00c9FIL\u00c9S - Librairie 7L","og_description":"La premi\u00e8re pr\u00e9sentation compl\u00e8te des collections femme de Versace depuis les d\u00e9buts de Gianni Versace, en 1978, \u00e0 travers les images originales des d\u00e9fil\u00e9s. Symbole de glamour et de luxe dans le monde entier, la petite maison familiale fond\u00e9e par Gianni Versace est devenue, au fil du temps, l&#8217;un des empires de la mode les [&hellip;]","og_url":"https:\/\/librairie7l.com\/en\/produit\/versace-defiles\/","og_site_name":"Librairie 7L","article_modified_time":"2026-04-07T17:36:25+00:00","og_image":[{"width":400,"height":589,"url":"https:\/\/librairie7l.com\/wp-content\/uploads\/2021\/07\/9782732494111_1_75.jpg","type":"image\/jpeg"}],"twitter_card":"summary_large_image","twitter_misc":{"Est. reading time":"1 minute"},"schema":{"@context":"https:\/\/schema.org","@graph":[{"@type":"WebPage","@id":"https:\/\/librairie7l.com\/en\/produit\/versace-defiles\/","url":"https:\/\/librairie7l.com\/en\/produit\/versace-defiles\/","name":"VERSACE D\u00c9FIL\u00c9S - Librairie 7L","isPartOf":{"@id":"https:\/\/librairie7l.com\/en\/#website"},"datePublished":"2023-05-10T10:11:07+00:00","dateModified":"2026-04-07T17:36:25+00:00","breadcrumb":{"@id":"https:\/\/librairie7l.com\/en\/produit\/versace-defiles\/#breadcrumb"},"inLanguage":"en-US","potentialAction":[{"@type":"ReadAction","target":["https:\/\/librairie7l.com\/en\/produit\/versace-defiles\/"]}]},{"@type":"BreadcrumbList","@id":"https:\/\/librairie7l.com\/en\/produit\/versace-defiles\/#breadcrumb","itemListElement":[{"@type":"ListItem","position":1,"name":"Accueil","item":"https:\/\/librairie7l.com\/en\/"},{"@type":"ListItem","position":2,"name":"Shop","item":"https:\/\/librairie7l.com\/en\/shop\/"},{"@type":"ListItem","position":3,"name":"VERSACE D\u00c9FIL\u00c9S"}]},{"@type":"WebSite","@id":"https:\/\/librairie7l.com\/en\/#website","url":"https:\/\/librairie7l.com\/en\/","name":"Librairie 7L","description":"Librairie fond\u00e9e en 1999 par Karl Lagerfeld \u00e0 Paris","publisher":{"@id":"https:\/\/librairie7l.com\/en\/#organization"},"potentialAction":[{"@type":"SearchAction","target":{"@type":"EntryPoint","urlTemplate":"https:\/\/librairie7l.com\/en\/?s={search_term_string}"},"query-input":"required name=search_term_string"}],"inLanguage":"en-US"},{"@type":"Organization","@id":"https:\/\/librairie7l.com\/en\/#organization","name":"Librairie 7L","url":"https:\/\/librairie7l.com\/en\/","logo":{"@type":"ImageObject","inLanguage":"en-US","@id":"https:\/\/librairie7l.com\/en\/#\/schema\/logo\/image\/","url":"https:\/\/librairie7l.com\/wp-content\/uploads\/2022\/08\/logo-1.png","contentUrl":"https:\/\/librairie7l.com\/wp-content\/uploads\/2022\/08\/logo-1.png","width":227,"height":301,"caption":"Librairie 7L"},"image":{"@id":"https:\/\/librairie7l.com\/en\/#\/schema\/logo\/image\/"}}]}},"_links":{"self":[{"href":"https:\/\/librairie7l.com\/en\/wp-json\/wp\/v2\/product\/26507"}],"collection":[{"href":"https:\/\/librairie7l.com\/en\/wp-json\/wp\/v2\/product"}],"about":[{"href":"https:\/\/librairie7l.com\/en\/wp-json\/wp\/v2\/types\/product"}],"wp:featuredmedia":[{"embeddable":true,"href":"https:\/\/librairie7l.com\/en\/wp-json\/wp\/v2\/media\/26505"}],"wp:attachment":[{"href":"https:\/\/librairie7l.com\/en\/wp-json\/wp\/v2\/media?parent=26507"}],"wp:term":[{"taxonomy":"product_cat","embeddable":true,"href":"https:\/\/librairie7l.com\/en\/wp-json\/wp\/v2\/product_cat?post=26507"},{"taxonomy":"product_tag","embeddable":true,"href":"https:\/\/librairie7l.com\/en\/wp-json\/wp\/v2\/product_tag?post=26507"}],"curies":[{"name":"wp","href":"https:\/\/api.w.org\/{rel}","templated":true}]}}