{"id":26523,"date":"2023-05-10T12:11:32","date_gmt":"2023-05-10T10:11:32","guid":{"rendered":"https:\/\/librairie7l.com\/?post_type=product&#038;p=26523"},"modified":"2026-04-13T19:43:28","modified_gmt":"2026-04-13T17:43:28","slug":"dior-defiles-lintegrale-des-collections","status":"publish","type":"product","link":"https:\/\/librairie7l.com\/en\/produit\/dior-defiles-lintegrale-des-collections\/","title":{"rendered":"DIOR, D\u00c9FIL\u00c9S : L&#8217;INT\u00c9GRALE DES COLLECTIONS"},"content":{"rendered":"<p>Le 12 f\u00e9vrier 1947, une jeune maison portant le nom de son fondateur, Christian Dior, pr\u00e9sente une collection de haute couture printemps-\u00e9t\u00e9 dans un Paris encore en proie au froid hivernal. Les cr\u00e9ations d\u00e9filent dans un salon fra\u00eechement peint en gris tourterelle au 30 avenue Montaigne, adresse historique, mythique. C&#8217;est la nouveaut\u00e9 que Dior symbolise pour la mode en g\u00e9n\u00e9ral, et pour Paris en particulier. Ces codes, ce langage visuel ont fascin\u00e9 les nombreux successeurs du couturier : Yves Saint Laurent, Marc Bohan, Gianfranco Ferr\u00e9, mais surtout John Galliano, et depuis 2017 Maria Grazia Chiuri. Leur t\u00e2che a \u00e9t\u00e9, saison apr\u00e8s saison, de trouver une nouvelle voix \u00e0 travers le vocabulaire de Dior.<\/p>\n","protected":false},"excerpt":{"rendered":"<p>Le 12 f\u00e9vrier 1947, une jeune maison portant le nom de son fondateur, Christian Dior, pr\u00e9sente une collection de haute couture printemps-\u00e9t\u00e9 dans un Paris encore en proie au froid hivernal. Les cr\u00e9ations d\u00e9filent dans un salon fra\u00eechement peint en gris tourterelle au 30 avenue Montaigne, adresse historique, mythique. C&#8217;est la nouveaut\u00e9 que Dior symbolise [&hellip;]<\/p>\n","protected":false},"featured_media":26521,"template":"","meta":[],"product_cat":[55,2948,2957,19],"product_tag":[],"acf":[],"yoast_head":"<!-- This site is optimized with the Yoast SEO plugin v20.11 - https:\/\/yoast.com\/wordpress\/plugins\/seo\/ -->\n<title>DIOR, D\u00c9FIL\u00c9S : L&#039;INT\u00c9GRALE DES COLLECTIONS - Librairie 7L<\/title>\n<meta name=\"robots\" content=\"index, follow, max-snippet:-1, max-image-preview:large, max-video-preview:-1\" \/>\n<link rel=\"canonical\" href=\"https:\/\/librairie7l.com\/en\/produit\/dior-defiles-lintegrale-des-collections\/\" \/>\n<meta property=\"og:locale\" content=\"en_US\" \/>\n<meta property=\"og:type\" content=\"article\" \/>\n<meta property=\"og:title\" content=\"DIOR, D\u00c9FIL\u00c9S : L&#039;INT\u00c9GRALE DES COLLECTIONS - Librairie 7L\" \/>\n<meta property=\"og:description\" content=\"Le 12 f\u00e9vrier 1947, une jeune maison portant le nom de son fondateur, Christian Dior, pr\u00e9sente une collection de haute couture printemps-\u00e9t\u00e9 dans un Paris encore en proie au froid hivernal. Les cr\u00e9ations d\u00e9filent dans un salon fra\u00eechement peint en gris tourterelle au 30 avenue Montaigne, adresse historique, mythique. C&#8217;est la nouveaut\u00e9 que Dior symbolise [&hellip;]\" \/>\n<meta property=\"og:url\" content=\"https:\/\/librairie7l.com\/en\/produit\/dior-defiles-lintegrale-des-collections\/\" \/>\n<meta property=\"og:site_name\" content=\"Librairie 7L\" \/>\n<meta property=\"article:modified_time\" content=\"2026-04-13T17:43:28+00:00\" \/>\n<meta property=\"og:image\" content=\"https:\/\/librairie7l.com\/wp-content\/uploads\/2017\/02\/9782732480770_1_75.jpg\" \/>\n\t<meta property=\"og:image:width\" content=\"400\" \/>\n\t<meta property=\"og:image:height\" content=\"586\" \/>\n\t<meta property=\"og:image:type\" content=\"image\/jpeg\" \/>\n<meta name=\"twitter:card\" content=\"summary_large_image\" \/>\n<meta name=\"twitter:label1\" content=\"Est. reading time\" \/>\n\t<meta name=\"twitter:data1\" content=\"1 minute\" \/>\n<script type=\"application\/ld+json\" class=\"yoast-schema-graph\">{\"@context\":\"https:\/\/schema.org\",\"@graph\":[{\"@type\":\"WebPage\",\"@id\":\"https:\/\/librairie7l.com\/en\/produit\/dior-defiles-lintegrale-des-collections\/\",\"url\":\"https:\/\/librairie7l.com\/en\/produit\/dior-defiles-lintegrale-des-collections\/\",\"name\":\"DIOR, D\u00c9FIL\u00c9S : L'INT\u00c9GRALE DES COLLECTIONS - Librairie 7L\",\"isPartOf\":{\"@id\":\"https:\/\/librairie7l.com\/en\/#website\"},\"datePublished\":\"2023-05-10T10:11:32+00:00\",\"dateModified\":\"2026-04-13T17:43:28+00:00\",\"breadcrumb\":{\"@id\":\"https:\/\/librairie7l.com\/en\/produit\/dior-defiles-lintegrale-des-collections\/#breadcrumb\"},\"inLanguage\":\"en-US\",\"potentialAction\":[{\"@type\":\"ReadAction\",\"target\":[\"https:\/\/librairie7l.com\/en\/produit\/dior-defiles-lintegrale-des-collections\/\"]}]},{\"@type\":\"BreadcrumbList\",\"@id\":\"https:\/\/librairie7l.com\/en\/produit\/dior-defiles-lintegrale-des-collections\/#breadcrumb\",\"itemListElement\":[{\"@type\":\"ListItem\",\"position\":1,\"name\":\"Accueil\",\"item\":\"https:\/\/librairie7l.com\/en\/\"},{\"@type\":\"ListItem\",\"position\":2,\"name\":\"Shop\",\"item\":\"https:\/\/librairie7l.com\/en\/shop\/\"},{\"@type\":\"ListItem\",\"position\":3,\"name\":\"DIOR, D\u00c9FIL\u00c9S : L&#8217;INT\u00c9GRALE DES COLLECTIONS\"}]},{\"@type\":\"WebSite\",\"@id\":\"https:\/\/librairie7l.com\/en\/#website\",\"url\":\"https:\/\/librairie7l.com\/en\/\",\"name\":\"Librairie 7L\",\"description\":\"Librairie fond\u00e9e en 1999 par Karl Lagerfeld \u00e0 Paris\",\"publisher\":{\"@id\":\"https:\/\/librairie7l.com\/en\/#organization\"},\"potentialAction\":[{\"@type\":\"SearchAction\",\"target\":{\"@type\":\"EntryPoint\",\"urlTemplate\":\"https:\/\/librairie7l.com\/en\/?s={search_term_string}\"},\"query-input\":\"required name=search_term_string\"}],\"inLanguage\":\"en-US\"},{\"@type\":\"Organization\",\"@id\":\"https:\/\/librairie7l.com\/en\/#organization\",\"name\":\"Librairie 7L\",\"url\":\"https:\/\/librairie7l.com\/en\/\",\"logo\":{\"@type\":\"ImageObject\",\"inLanguage\":\"en-US\",\"@id\":\"https:\/\/librairie7l.com\/en\/#\/schema\/logo\/image\/\",\"url\":\"https:\/\/librairie7l.com\/wp-content\/uploads\/2022\/08\/logo-1.png\",\"contentUrl\":\"https:\/\/librairie7l.com\/wp-content\/uploads\/2022\/08\/logo-1.png\",\"width\":227,\"height\":301,\"caption\":\"Librairie 7L\"},\"image\":{\"@id\":\"https:\/\/librairie7l.com\/en\/#\/schema\/logo\/image\/\"}}]}<\/script>\n<!-- \/ Yoast SEO plugin. -->","yoast_head_json":{"title":"DIOR, D\u00c9FIL\u00c9S : L'INT\u00c9GRALE DES COLLECTIONS - Librairie 7L","robots":{"index":"index","follow":"follow","max-snippet":"max-snippet:-1","max-image-preview":"max-image-preview:large","max-video-preview":"max-video-preview:-1"},"canonical":"https:\/\/librairie7l.com\/en\/produit\/dior-defiles-lintegrale-des-collections\/","og_locale":"en_US","og_type":"article","og_title":"DIOR, D\u00c9FIL\u00c9S : L'INT\u00c9GRALE DES COLLECTIONS - Librairie 7L","og_description":"Le 12 f\u00e9vrier 1947, une jeune maison portant le nom de son fondateur, Christian Dior, pr\u00e9sente une collection de haute couture printemps-\u00e9t\u00e9 dans un Paris encore en proie au froid hivernal. Les cr\u00e9ations d\u00e9filent dans un salon fra\u00eechement peint en gris tourterelle au 30 avenue Montaigne, adresse historique, mythique. C&#8217;est la nouveaut\u00e9 que Dior symbolise [&hellip;]","og_url":"https:\/\/librairie7l.com\/en\/produit\/dior-defiles-lintegrale-des-collections\/","og_site_name":"Librairie 7L","article_modified_time":"2026-04-13T17:43:28+00:00","og_image":[{"width":400,"height":586,"url":"https:\/\/librairie7l.com\/wp-content\/uploads\/2017\/02\/9782732480770_1_75.jpg","type":"image\/jpeg"}],"twitter_card":"summary_large_image","twitter_misc":{"Est. reading time":"1 minute"},"schema":{"@context":"https:\/\/schema.org","@graph":[{"@type":"WebPage","@id":"https:\/\/librairie7l.com\/en\/produit\/dior-defiles-lintegrale-des-collections\/","url":"https:\/\/librairie7l.com\/en\/produit\/dior-defiles-lintegrale-des-collections\/","name":"DIOR, D\u00c9FIL\u00c9S : L'INT\u00c9GRALE DES COLLECTIONS - Librairie 7L","isPartOf":{"@id":"https:\/\/librairie7l.com\/en\/#website"},"datePublished":"2023-05-10T10:11:32+00:00","dateModified":"2026-04-13T17:43:28+00:00","breadcrumb":{"@id":"https:\/\/librairie7l.com\/en\/produit\/dior-defiles-lintegrale-des-collections\/#breadcrumb"},"inLanguage":"en-US","potentialAction":[{"@type":"ReadAction","target":["https:\/\/librairie7l.com\/en\/produit\/dior-defiles-lintegrale-des-collections\/"]}]},{"@type":"BreadcrumbList","@id":"https:\/\/librairie7l.com\/en\/produit\/dior-defiles-lintegrale-des-collections\/#breadcrumb","itemListElement":[{"@type":"ListItem","position":1,"name":"Accueil","item":"https:\/\/librairie7l.com\/en\/"},{"@type":"ListItem","position":2,"name":"Shop","item":"https:\/\/librairie7l.com\/en\/shop\/"},{"@type":"ListItem","position":3,"name":"DIOR, D\u00c9FIL\u00c9S : L&#8217;INT\u00c9GRALE DES COLLECTIONS"}]},{"@type":"WebSite","@id":"https:\/\/librairie7l.com\/en\/#website","url":"https:\/\/librairie7l.com\/en\/","name":"Librairie 7L","description":"Librairie fond\u00e9e en 1999 par Karl Lagerfeld \u00e0 Paris","publisher":{"@id":"https:\/\/librairie7l.com\/en\/#organization"},"potentialAction":[{"@type":"SearchAction","target":{"@type":"EntryPoint","urlTemplate":"https:\/\/librairie7l.com\/en\/?s={search_term_string}"},"query-input":"required name=search_term_string"}],"inLanguage":"en-US"},{"@type":"Organization","@id":"https:\/\/librairie7l.com\/en\/#organization","name":"Librairie 7L","url":"https:\/\/librairie7l.com\/en\/","logo":{"@type":"ImageObject","inLanguage":"en-US","@id":"https:\/\/librairie7l.com\/en\/#\/schema\/logo\/image\/","url":"https:\/\/librairie7l.com\/wp-content\/uploads\/2022\/08\/logo-1.png","contentUrl":"https:\/\/librairie7l.com\/wp-content\/uploads\/2022\/08\/logo-1.png","width":227,"height":301,"caption":"Librairie 7L"},"image":{"@id":"https:\/\/librairie7l.com\/en\/#\/schema\/logo\/image\/"}}]}},"_links":{"self":[{"href":"https:\/\/librairie7l.com\/en\/wp-json\/wp\/v2\/product\/26523"}],"collection":[{"href":"https:\/\/librairie7l.com\/en\/wp-json\/wp\/v2\/product"}],"about":[{"href":"https:\/\/librairie7l.com\/en\/wp-json\/wp\/v2\/types\/product"}],"wp:featuredmedia":[{"embeddable":true,"href":"https:\/\/librairie7l.com\/en\/wp-json\/wp\/v2\/media\/26521"}],"wp:attachment":[{"href":"https:\/\/librairie7l.com\/en\/wp-json\/wp\/v2\/media?parent=26523"}],"wp:term":[{"taxonomy":"product_cat","embeddable":true,"href":"https:\/\/librairie7l.com\/en\/wp-json\/wp\/v2\/product_cat?post=26523"},{"taxonomy":"product_tag","embeddable":true,"href":"https:\/\/librairie7l.com\/en\/wp-json\/wp\/v2\/product_tag?post=26523"}],"curies":[{"name":"wp","href":"https:\/\/api.w.org\/{rel}","templated":true}]}}