{"id":26527,"date":"2023-05-10T12:11:38","date_gmt":"2023-05-10T10:11:38","guid":{"rendered":"https:\/\/librairie7l.com\/?post_type=product&#038;p=26527"},"modified":"2026-04-17T03:06:15","modified_gmt":"2026-04-17T01:06:15","slug":"coco-chanel-2","status":"publish","type":"product","link":"https:\/\/librairie7l.com\/en\/produit\/coco-chanel-2\/","title":{"rendered":"COCO CHANEL"},"content":{"rendered":"<p>La journaliste Isabelle Fiemeyer, qui c\u00f4toie depuis tr\u00e8s longtemps le personnage de Coco Chanel, nous offre sous une plume romanesque un portrait tr\u00e8s r\u00e9aliste d&#8217;une figure du XXe si\u00e8cle \u00e9rig\u00e9e en mythe pour le meilleur et pour le pire. Fruit de la seule enqu\u00eate vraiment s\u00e9rieuse sur la p\u00e9riode de l&#8217;Occupation, ce livre r\u00e9habilite Coco tout en nous rappelant que le style Chanel fut synonyme d&#8217;\u00e9mancipation des femmes. Edition augment\u00e9e. 13 500 ex vendus de l&#8217;\u00e9dition pr\u00e9c\u00e9dente.<\/p>\n","protected":false},"excerpt":{"rendered":"<p>La journaliste Isabelle Fiemeyer, qui c\u00f4toie depuis tr\u00e8s longtemps le personnage de Coco Chanel, nous offre sous une plume romanesque un portrait tr\u00e8s r\u00e9aliste d&#8217;une figure du XXe si\u00e8cle \u00e9rig\u00e9e en mythe pour le meilleur et pour le pire. Fruit de la seule enqu\u00eate vraiment s\u00e9rieuse sur la p\u00e9riode de l&#8217;Occupation, ce livre r\u00e9habilite Coco [&hellip;]<\/p>\n","protected":false},"featured_media":26525,"template":"","meta":[],"product_cat":[55,2948,2957,19],"product_tag":[],"acf":[],"yoast_head":"<!-- This site is optimized with the Yoast SEO plugin v20.11 - https:\/\/yoast.com\/wordpress\/plugins\/seo\/ -->\n<title>COCO CHANEL - Librairie 7L<\/title>\n<meta name=\"robots\" content=\"index, follow, max-snippet:-1, max-image-preview:large, max-video-preview:-1\" \/>\n<link rel=\"canonical\" href=\"https:\/\/librairie7l.com\/en\/produit\/coco-chanel-2\/\" \/>\n<meta property=\"og:locale\" content=\"en_US\" \/>\n<meta property=\"og:type\" content=\"article\" \/>\n<meta property=\"og:title\" content=\"COCO CHANEL - Librairie 7L\" \/>\n<meta property=\"og:description\" content=\"La journaliste Isabelle Fiemeyer, qui c\u00f4toie depuis tr\u00e8s longtemps le personnage de Coco Chanel, nous offre sous une plume romanesque un portrait tr\u00e8s r\u00e9aliste d&#8217;une figure du XXe si\u00e8cle \u00e9rig\u00e9e en mythe pour le meilleur et pour le pire. Fruit de la seule enqu\u00eate vraiment s\u00e9rieuse sur la p\u00e9riode de l&#8217;Occupation, ce livre r\u00e9habilite Coco [&hellip;]\" \/>\n<meta property=\"og:url\" content=\"https:\/\/librairie7l.com\/en\/produit\/coco-chanel-2\/\" \/>\n<meta property=\"og:site_name\" content=\"Librairie 7L\" \/>\n<meta property=\"article:modified_time\" content=\"2026-04-17T01:06:15+00:00\" \/>\n<meta property=\"og:image\" content=\"https:\/\/librairie7l.com\/wp-content\/uploads\/2022\/06\/9782228931670_1_75.jpg\" \/>\n\t<meta property=\"og:image:width\" content=\"400\" \/>\n\t<meta property=\"og:image:height\" content=\"586\" \/>\n\t<meta property=\"og:image:type\" content=\"image\/jpeg\" \/>\n<meta name=\"twitter:card\" content=\"summary_large_image\" \/>\n<script type=\"application\/ld+json\" class=\"yoast-schema-graph\">{\"@context\":\"https:\/\/schema.org\",\"@graph\":[{\"@type\":\"WebPage\",\"@id\":\"https:\/\/librairie7l.com\/en\/produit\/coco-chanel-2\/\",\"url\":\"https:\/\/librairie7l.com\/en\/produit\/coco-chanel-2\/\",\"name\":\"COCO CHANEL - Librairie 7L\",\"isPartOf\":{\"@id\":\"https:\/\/librairie7l.com\/en\/#website\"},\"datePublished\":\"2023-05-10T10:11:38+00:00\",\"dateModified\":\"2026-04-17T01:06:15+00:00\",\"breadcrumb\":{\"@id\":\"https:\/\/librairie7l.com\/en\/produit\/coco-chanel-2\/#breadcrumb\"},\"inLanguage\":\"en-US\",\"potentialAction\":[{\"@type\":\"ReadAction\",\"target\":[\"https:\/\/librairie7l.com\/en\/produit\/coco-chanel-2\/\"]}]},{\"@type\":\"BreadcrumbList\",\"@id\":\"https:\/\/librairie7l.com\/en\/produit\/coco-chanel-2\/#breadcrumb\",\"itemListElement\":[{\"@type\":\"ListItem\",\"position\":1,\"name\":\"Accueil\",\"item\":\"https:\/\/librairie7l.com\/en\/\"},{\"@type\":\"ListItem\",\"position\":2,\"name\":\"Shop\",\"item\":\"https:\/\/librairie7l.com\/en\/shop\/\"},{\"@type\":\"ListItem\",\"position\":3,\"name\":\"COCO CHANEL\"}]},{\"@type\":\"WebSite\",\"@id\":\"https:\/\/librairie7l.com\/en\/#website\",\"url\":\"https:\/\/librairie7l.com\/en\/\",\"name\":\"Librairie 7L\",\"description\":\"Librairie fond\u00e9e en 1999 par Karl Lagerfeld \u00e0 Paris\",\"publisher\":{\"@id\":\"https:\/\/librairie7l.com\/en\/#organization\"},\"potentialAction\":[{\"@type\":\"SearchAction\",\"target\":{\"@type\":\"EntryPoint\",\"urlTemplate\":\"https:\/\/librairie7l.com\/en\/?s={search_term_string}\"},\"query-input\":\"required name=search_term_string\"}],\"inLanguage\":\"en-US\"},{\"@type\":\"Organization\",\"@id\":\"https:\/\/librairie7l.com\/en\/#organization\",\"name\":\"Librairie 7L\",\"url\":\"https:\/\/librairie7l.com\/en\/\",\"logo\":{\"@type\":\"ImageObject\",\"inLanguage\":\"en-US\",\"@id\":\"https:\/\/librairie7l.com\/en\/#\/schema\/logo\/image\/\",\"url\":\"https:\/\/librairie7l.com\/wp-content\/uploads\/2022\/08\/logo-1.png\",\"contentUrl\":\"https:\/\/librairie7l.com\/wp-content\/uploads\/2022\/08\/logo-1.png\",\"width\":227,\"height\":301,\"caption\":\"Librairie 7L\"},\"image\":{\"@id\":\"https:\/\/librairie7l.com\/en\/#\/schema\/logo\/image\/\"}}]}<\/script>\n<!-- \/ Yoast SEO plugin. -->","yoast_head_json":{"title":"COCO CHANEL - Librairie 7L","robots":{"index":"index","follow":"follow","max-snippet":"max-snippet:-1","max-image-preview":"max-image-preview:large","max-video-preview":"max-video-preview:-1"},"canonical":"https:\/\/librairie7l.com\/en\/produit\/coco-chanel-2\/","og_locale":"en_US","og_type":"article","og_title":"COCO CHANEL - Librairie 7L","og_description":"La journaliste Isabelle Fiemeyer, qui c\u00f4toie depuis tr\u00e8s longtemps le personnage de Coco Chanel, nous offre sous une plume romanesque un portrait tr\u00e8s r\u00e9aliste d&#8217;une figure du XXe si\u00e8cle \u00e9rig\u00e9e en mythe pour le meilleur et pour le pire. Fruit de la seule enqu\u00eate vraiment s\u00e9rieuse sur la p\u00e9riode de l&#8217;Occupation, ce livre r\u00e9habilite Coco [&hellip;]","og_url":"https:\/\/librairie7l.com\/en\/produit\/coco-chanel-2\/","og_site_name":"Librairie 7L","article_modified_time":"2026-04-17T01:06:15+00:00","og_image":[{"width":400,"height":586,"url":"https:\/\/librairie7l.com\/wp-content\/uploads\/2022\/06\/9782228931670_1_75.jpg","type":"image\/jpeg"}],"twitter_card":"summary_large_image","schema":{"@context":"https:\/\/schema.org","@graph":[{"@type":"WebPage","@id":"https:\/\/librairie7l.com\/en\/produit\/coco-chanel-2\/","url":"https:\/\/librairie7l.com\/en\/produit\/coco-chanel-2\/","name":"COCO CHANEL - Librairie 7L","isPartOf":{"@id":"https:\/\/librairie7l.com\/en\/#website"},"datePublished":"2023-05-10T10:11:38+00:00","dateModified":"2026-04-17T01:06:15+00:00","breadcrumb":{"@id":"https:\/\/librairie7l.com\/en\/produit\/coco-chanel-2\/#breadcrumb"},"inLanguage":"en-US","potentialAction":[{"@type":"ReadAction","target":["https:\/\/librairie7l.com\/en\/produit\/coco-chanel-2\/"]}]},{"@type":"BreadcrumbList","@id":"https:\/\/librairie7l.com\/en\/produit\/coco-chanel-2\/#breadcrumb","itemListElement":[{"@type":"ListItem","position":1,"name":"Accueil","item":"https:\/\/librairie7l.com\/en\/"},{"@type":"ListItem","position":2,"name":"Shop","item":"https:\/\/librairie7l.com\/en\/shop\/"},{"@type":"ListItem","position":3,"name":"COCO CHANEL"}]},{"@type":"WebSite","@id":"https:\/\/librairie7l.com\/en\/#website","url":"https:\/\/librairie7l.com\/en\/","name":"Librairie 7L","description":"Librairie fond\u00e9e en 1999 par Karl Lagerfeld \u00e0 Paris","publisher":{"@id":"https:\/\/librairie7l.com\/en\/#organization"},"potentialAction":[{"@type":"SearchAction","target":{"@type":"EntryPoint","urlTemplate":"https:\/\/librairie7l.com\/en\/?s={search_term_string}"},"query-input":"required name=search_term_string"}],"inLanguage":"en-US"},{"@type":"Organization","@id":"https:\/\/librairie7l.com\/en\/#organization","name":"Librairie 7L","url":"https:\/\/librairie7l.com\/en\/","logo":{"@type":"ImageObject","inLanguage":"en-US","@id":"https:\/\/librairie7l.com\/en\/#\/schema\/logo\/image\/","url":"https:\/\/librairie7l.com\/wp-content\/uploads\/2022\/08\/logo-1.png","contentUrl":"https:\/\/librairie7l.com\/wp-content\/uploads\/2022\/08\/logo-1.png","width":227,"height":301,"caption":"Librairie 7L"},"image":{"@id":"https:\/\/librairie7l.com\/en\/#\/schema\/logo\/image\/"}}]}},"_links":{"self":[{"href":"https:\/\/librairie7l.com\/en\/wp-json\/wp\/v2\/product\/26527"}],"collection":[{"href":"https:\/\/librairie7l.com\/en\/wp-json\/wp\/v2\/product"}],"about":[{"href":"https:\/\/librairie7l.com\/en\/wp-json\/wp\/v2\/types\/product"}],"wp:featuredmedia":[{"embeddable":true,"href":"https:\/\/librairie7l.com\/en\/wp-json\/wp\/v2\/media\/26525"}],"wp:attachment":[{"href":"https:\/\/librairie7l.com\/en\/wp-json\/wp\/v2\/media?parent=26527"}],"wp:term":[{"taxonomy":"product_cat","embeddable":true,"href":"https:\/\/librairie7l.com\/en\/wp-json\/wp\/v2\/product_cat?post=26527"},{"taxonomy":"product_tag","embeddable":true,"href":"https:\/\/librairie7l.com\/en\/wp-json\/wp\/v2\/product_tag?post=26527"}],"curies":[{"name":"wp","href":"https:\/\/api.w.org\/{rel}","templated":true}]}}