{"id":26539,"date":"2023-05-10T12:12:11","date_gmt":"2023-05-10T10:12:11","guid":{"rendered":"https:\/\/librairie7l.com\/?post_type=product&#038;p=26539"},"modified":"2026-04-24T13:24:07","modified_gmt":"2026-04-24T11:24:07","slug":"savoir-faire-le-verre","status":"publish","type":"product","link":"https:\/\/librairie7l.com\/en\/produit\/savoir-faire-le-verre\/","title":{"rendered":"SAVOIR &AMP; FAIRE : LE VERRE"},"content":{"rendered":"<p>Cinqui\u00e8me volume de la collection \u00abSavoir &amp; faire\u00bb, cette encyclop\u00e9die est consacr\u00e9e \u00e0 une mati\u00e8re \u00e0 la fois forte et fragile, le verre. Elle explore les arts du verre, son usage en architecture, ainsi que les possibles voies d&#8217;innovation.<br \/>\nUne somme encyclop\u00e9dique qui explore le verre dans toutes ses dimensions : artistiques (vitrail, cristal, dans l&#8217;architecture, &#8230;), historiques, techniques, philosophiques, scientifiques, \u00e9conomiques, environnementales, et embrasse la diversit\u00e9 des usages de ce mat\u00e9riau pour donner \u00e0 comprendre sa beaut\u00e9 et sa richesse. Ce livre s&#8217;adresse \u00e0 l&#8217;amateur, qui aime et souhaite d\u00e9couvrir plus avant le verre, autant qu&#8217;au sp\u00e9cialiste qui viendra compl\u00e9ter son domaine d&#8217;expertise par d&#8217;autres regards, points de vue et connaissances.<\/p>\n","protected":false},"excerpt":{"rendered":"<p>Cinqui\u00e8me volume de la collection \u00abSavoir &amp; faire\u00bb, cette encyclop\u00e9die est consacr\u00e9e \u00e0 une mati\u00e8re \u00e0 la fois forte et fragile, le verre. Elle explore les arts du verre, son usage en architecture, ainsi que les possibles voies d&#8217;innovation. Une somme encyclop\u00e9dique qui explore le verre dans toutes ses dimensions : artistiques (vitrail, cristal, dans [&hellip;]<\/p>\n","protected":false},"featured_media":26537,"template":"","meta":[],"product_cat":[55,2948,18,2952],"product_tag":[],"acf":[],"yoast_head":"<!-- This site is optimized with the Yoast SEO plugin v20.11 - https:\/\/yoast.com\/wordpress\/plugins\/seo\/ -->\n<title>SAVOIR &amp; FAIRE : LE VERRE - Librairie 7L<\/title>\n<meta name=\"robots\" content=\"index, follow, max-snippet:-1, max-image-preview:large, max-video-preview:-1\" \/>\n<link rel=\"canonical\" href=\"https:\/\/librairie7l.com\/en\/produit\/savoir-faire-le-verre\/\" \/>\n<meta property=\"og:locale\" content=\"en_US\" \/>\n<meta property=\"og:type\" content=\"article\" \/>\n<meta property=\"og:title\" content=\"SAVOIR &amp; FAIRE : LE VERRE - Librairie 7L\" \/>\n<meta property=\"og:description\" content=\"Cinqui\u00e8me volume de la collection \u00abSavoir &amp; faire\u00bb, cette encyclop\u00e9die est consacr\u00e9e \u00e0 une mati\u00e8re \u00e0 la fois forte et fragile, le verre. Elle explore les arts du verre, son usage en architecture, ainsi que les possibles voies d&#8217;innovation. Une somme encyclop\u00e9dique qui explore le verre dans toutes ses dimensions : artistiques (vitrail, cristal, dans [&hellip;]\" \/>\n<meta property=\"og:url\" content=\"https:\/\/librairie7l.com\/en\/produit\/savoir-faire-le-verre\/\" \/>\n<meta property=\"og:site_name\" content=\"Librairie 7L\" \/>\n<meta property=\"article:modified_time\" content=\"2026-04-24T11:24:07+00:00\" \/>\n<meta property=\"og:image\" content=\"https:\/\/librairie7l.com\/wp-content\/uploads\/2022\/02\/9782330167523_1_75.jpg\" \/>\n\t<meta property=\"og:image:width\" content=\"600\" \/>\n\t<meta property=\"og:image:height\" content=\"715\" \/>\n\t<meta property=\"og:image:type\" content=\"image\/jpeg\" \/>\n<meta name=\"twitter:card\" content=\"summary_large_image\" \/>\n<meta name=\"twitter:label1\" content=\"Est. reading time\" \/>\n\t<meta name=\"twitter:data1\" content=\"1 minute\" \/>\n<script type=\"application\/ld+json\" class=\"yoast-schema-graph\">{\"@context\":\"https:\/\/schema.org\",\"@graph\":[{\"@type\":\"WebPage\",\"@id\":\"https:\/\/librairie7l.com\/en\/produit\/savoir-faire-le-verre\/\",\"url\":\"https:\/\/librairie7l.com\/en\/produit\/savoir-faire-le-verre\/\",\"name\":\"SAVOIR &amp; FAIRE : LE VERRE - Librairie 7L\",\"isPartOf\":{\"@id\":\"https:\/\/librairie7l.com\/en\/#website\"},\"datePublished\":\"2023-05-10T10:12:11+00:00\",\"dateModified\":\"2026-04-24T11:24:07+00:00\",\"breadcrumb\":{\"@id\":\"https:\/\/librairie7l.com\/en\/produit\/savoir-faire-le-verre\/#breadcrumb\"},\"inLanguage\":\"en-US\",\"potentialAction\":[{\"@type\":\"ReadAction\",\"target\":[\"https:\/\/librairie7l.com\/en\/produit\/savoir-faire-le-verre\/\"]}]},{\"@type\":\"BreadcrumbList\",\"@id\":\"https:\/\/librairie7l.com\/en\/produit\/savoir-faire-le-verre\/#breadcrumb\",\"itemListElement\":[{\"@type\":\"ListItem\",\"position\":1,\"name\":\"Accueil\",\"item\":\"https:\/\/librairie7l.com\/en\/\"},{\"@type\":\"ListItem\",\"position\":2,\"name\":\"Shop\",\"item\":\"https:\/\/librairie7l.com\/en\/shop\/\"},{\"@type\":\"ListItem\",\"position\":3,\"name\":\"SAVOIR &AMP; FAIRE : LE VERRE\"}]},{\"@type\":\"WebSite\",\"@id\":\"https:\/\/librairie7l.com\/en\/#website\",\"url\":\"https:\/\/librairie7l.com\/en\/\",\"name\":\"Librairie 7L\",\"description\":\"Librairie fond\u00e9e en 1999 par Karl Lagerfeld \u00e0 Paris\",\"publisher\":{\"@id\":\"https:\/\/librairie7l.com\/en\/#organization\"},\"potentialAction\":[{\"@type\":\"SearchAction\",\"target\":{\"@type\":\"EntryPoint\",\"urlTemplate\":\"https:\/\/librairie7l.com\/en\/?s={search_term_string}\"},\"query-input\":\"required name=search_term_string\"}],\"inLanguage\":\"en-US\"},{\"@type\":\"Organization\",\"@id\":\"https:\/\/librairie7l.com\/en\/#organization\",\"name\":\"Librairie 7L\",\"url\":\"https:\/\/librairie7l.com\/en\/\",\"logo\":{\"@type\":\"ImageObject\",\"inLanguage\":\"en-US\",\"@id\":\"https:\/\/librairie7l.com\/en\/#\/schema\/logo\/image\/\",\"url\":\"https:\/\/librairie7l.com\/wp-content\/uploads\/2022\/08\/logo-1.png\",\"contentUrl\":\"https:\/\/librairie7l.com\/wp-content\/uploads\/2022\/08\/logo-1.png\",\"width\":227,\"height\":301,\"caption\":\"Librairie 7L\"},\"image\":{\"@id\":\"https:\/\/librairie7l.com\/en\/#\/schema\/logo\/image\/\"}}]}<\/script>\n<!-- \/ Yoast SEO plugin. -->","yoast_head_json":{"title":"SAVOIR &amp; FAIRE : LE VERRE - Librairie 7L","robots":{"index":"index","follow":"follow","max-snippet":"max-snippet:-1","max-image-preview":"max-image-preview:large","max-video-preview":"max-video-preview:-1"},"canonical":"https:\/\/librairie7l.com\/en\/produit\/savoir-faire-le-verre\/","og_locale":"en_US","og_type":"article","og_title":"SAVOIR &amp; FAIRE : LE VERRE - Librairie 7L","og_description":"Cinqui\u00e8me volume de la collection \u00abSavoir &amp; faire\u00bb, cette encyclop\u00e9die est consacr\u00e9e \u00e0 une mati\u00e8re \u00e0 la fois forte et fragile, le verre. Elle explore les arts du verre, son usage en architecture, ainsi que les possibles voies d&#8217;innovation. Une somme encyclop\u00e9dique qui explore le verre dans toutes ses dimensions : artistiques (vitrail, cristal, dans [&hellip;]","og_url":"https:\/\/librairie7l.com\/en\/produit\/savoir-faire-le-verre\/","og_site_name":"Librairie 7L","article_modified_time":"2026-04-24T11:24:07+00:00","og_image":[{"width":600,"height":715,"url":"https:\/\/librairie7l.com\/wp-content\/uploads\/2022\/02\/9782330167523_1_75.jpg","type":"image\/jpeg"}],"twitter_card":"summary_large_image","twitter_misc":{"Est. reading time":"1 minute"},"schema":{"@context":"https:\/\/schema.org","@graph":[{"@type":"WebPage","@id":"https:\/\/librairie7l.com\/en\/produit\/savoir-faire-le-verre\/","url":"https:\/\/librairie7l.com\/en\/produit\/savoir-faire-le-verre\/","name":"SAVOIR &amp; FAIRE : LE VERRE - Librairie 7L","isPartOf":{"@id":"https:\/\/librairie7l.com\/en\/#website"},"datePublished":"2023-05-10T10:12:11+00:00","dateModified":"2026-04-24T11:24:07+00:00","breadcrumb":{"@id":"https:\/\/librairie7l.com\/en\/produit\/savoir-faire-le-verre\/#breadcrumb"},"inLanguage":"en-US","potentialAction":[{"@type":"ReadAction","target":["https:\/\/librairie7l.com\/en\/produit\/savoir-faire-le-verre\/"]}]},{"@type":"BreadcrumbList","@id":"https:\/\/librairie7l.com\/en\/produit\/savoir-faire-le-verre\/#breadcrumb","itemListElement":[{"@type":"ListItem","position":1,"name":"Accueil","item":"https:\/\/librairie7l.com\/en\/"},{"@type":"ListItem","position":2,"name":"Shop","item":"https:\/\/librairie7l.com\/en\/shop\/"},{"@type":"ListItem","position":3,"name":"SAVOIR &AMP; FAIRE : LE VERRE"}]},{"@type":"WebSite","@id":"https:\/\/librairie7l.com\/en\/#website","url":"https:\/\/librairie7l.com\/en\/","name":"Librairie 7L","description":"Librairie fond\u00e9e en 1999 par Karl Lagerfeld \u00e0 Paris","publisher":{"@id":"https:\/\/librairie7l.com\/en\/#organization"},"potentialAction":[{"@type":"SearchAction","target":{"@type":"EntryPoint","urlTemplate":"https:\/\/librairie7l.com\/en\/?s={search_term_string}"},"query-input":"required name=search_term_string"}],"inLanguage":"en-US"},{"@type":"Organization","@id":"https:\/\/librairie7l.com\/en\/#organization","name":"Librairie 7L","url":"https:\/\/librairie7l.com\/en\/","logo":{"@type":"ImageObject","inLanguage":"en-US","@id":"https:\/\/librairie7l.com\/en\/#\/schema\/logo\/image\/","url":"https:\/\/librairie7l.com\/wp-content\/uploads\/2022\/08\/logo-1.png","contentUrl":"https:\/\/librairie7l.com\/wp-content\/uploads\/2022\/08\/logo-1.png","width":227,"height":301,"caption":"Librairie 7L"},"image":{"@id":"https:\/\/librairie7l.com\/en\/#\/schema\/logo\/image\/"}}]}},"_links":{"self":[{"href":"https:\/\/librairie7l.com\/en\/wp-json\/wp\/v2\/product\/26539"}],"collection":[{"href":"https:\/\/librairie7l.com\/en\/wp-json\/wp\/v2\/product"}],"about":[{"href":"https:\/\/librairie7l.com\/en\/wp-json\/wp\/v2\/types\/product"}],"wp:featuredmedia":[{"embeddable":true,"href":"https:\/\/librairie7l.com\/en\/wp-json\/wp\/v2\/media\/26537"}],"wp:attachment":[{"href":"https:\/\/librairie7l.com\/en\/wp-json\/wp\/v2\/media?parent=26539"}],"wp:term":[{"taxonomy":"product_cat","embeddable":true,"href":"https:\/\/librairie7l.com\/en\/wp-json\/wp\/v2\/product_cat?post=26539"},{"taxonomy":"product_tag","embeddable":true,"href":"https:\/\/librairie7l.com\/en\/wp-json\/wp\/v2\/product_tag?post=26539"}],"curies":[{"name":"wp","href":"https:\/\/api.w.org\/{rel}","templated":true}]}}