{"id":26547,"date":"2023-05-10T12:12:42","date_gmt":"2023-05-10T10:12:42","guid":{"rendered":"https:\/\/librairie7l.com\/?post_type=product&#038;p=26547"},"modified":"2026-04-07T21:20:58","modified_gmt":"2026-04-07T19:20:58","slug":"apprendre-a-voir-le-point-de-vue-du-vivant","status":"publish","type":"product","link":"https:\/\/librairie7l.com\/en\/produit\/apprendre-a-voir-le-point-de-vue-du-vivant\/","title":{"rendered":"APPRENDRE \u00c0 VOIR : LE POINT DE VUE DU VIVANT"},"content":{"rendered":"<p>A l&#8217;\u00e9gal d&#8217;un Baptiste Morizot alliant, sur le terrain, la philosophie et les sciences naturelles pour en d\u00e9gager de nouvelles mani\u00e8res d&#8217;\u00eatre vivant, Estelle Zhong-Mengual oeuvre \u00e0 hybrider l&#8217;histoire de l&#8217;art et les savoirs naturalistes les plus contemporains. Apprendre \u00e0 voir est un livre \u00e9rudit mais toujours accessible, passionnant, intimiste lorsque l&#8217;autrice partage ses \u00e9motions devant une fleur ou une m\u00e9sange, un guide qui brouille les fronti\u00e8res entre mus\u00e9es et for\u00eats, un vad\u00e9m\u00e9cum \u00e0 avoir toujours avec soi pour renouveler notre lien \u00e0 l&#8217;art et \u00e0 la nature, raviver notre \u00e9merveillement et intensifier notre pr\u00e9sence au monde.<\/p>\n","protected":false},"excerpt":{"rendered":"<p>A l&#8217;\u00e9gal d&#8217;un Baptiste Morizot alliant, sur le terrain, la philosophie et les sciences naturelles pour en d\u00e9gager de nouvelles mani\u00e8res d&#8217;\u00eatre vivant, Estelle Zhong-Mengual oeuvre \u00e0 hybrider l&#8217;histoire de l&#8217;art et les savoirs naturalistes les plus contemporains. Apprendre \u00e0 voir est un livre \u00e9rudit mais toujours accessible, passionnant, intimiste lorsque l&#8217;autrice partage ses \u00e9motions [&hellip;]<\/p>\n","protected":false},"featured_media":26545,"template":"","meta":[],"product_cat":[55,2948,47,2953],"product_tag":[],"acf":[],"yoast_head":"<!-- This site is optimized with the Yoast SEO plugin v20.11 - https:\/\/yoast.com\/wordpress\/plugins\/seo\/ -->\n<title>APPRENDRE \u00c0 VOIR : LE POINT DE VUE DU VIVANT - Librairie 7L<\/title>\n<meta name=\"robots\" content=\"index, follow, max-snippet:-1, max-image-preview:large, max-video-preview:-1\" \/>\n<link rel=\"canonical\" href=\"https:\/\/librairie7l.com\/en\/produit\/apprendre-a-voir-le-point-de-vue-du-vivant\/\" \/>\n<meta property=\"og:locale\" content=\"en_US\" \/>\n<meta property=\"og:type\" content=\"article\" \/>\n<meta property=\"og:title\" content=\"APPRENDRE \u00c0 VOIR : LE POINT DE VUE DU VIVANT - Librairie 7L\" \/>\n<meta property=\"og:description\" content=\"A l&#8217;\u00e9gal d&#8217;un Baptiste Morizot alliant, sur le terrain, la philosophie et les sciences naturelles pour en d\u00e9gager de nouvelles mani\u00e8res d&#8217;\u00eatre vivant, Estelle Zhong-Mengual oeuvre \u00e0 hybrider l&#8217;histoire de l&#8217;art et les savoirs naturalistes les plus contemporains. Apprendre \u00e0 voir est un livre \u00e9rudit mais toujours accessible, passionnant, intimiste lorsque l&#8217;autrice partage ses \u00e9motions [&hellip;]\" \/>\n<meta property=\"og:url\" content=\"https:\/\/librairie7l.com\/en\/produit\/apprendre-a-voir-le-point-de-vue-du-vivant\/\" \/>\n<meta property=\"og:site_name\" content=\"Librairie 7L\" \/>\n<meta property=\"article:modified_time\" content=\"2026-04-07T19:20:58+00:00\" \/>\n<meta property=\"og:image\" content=\"https:\/\/librairie7l.com\/wp-content\/uploads\/2021\/02\/9782330151645_1_75.jpg\" \/>\n\t<meta property=\"og:image:width\" content=\"600\" \/>\n\t<meta property=\"og:image:height\" content=\"813\" \/>\n\t<meta property=\"og:image:type\" content=\"image\/jpeg\" \/>\n<meta name=\"twitter:card\" content=\"summary_large_image\" \/>\n<meta name=\"twitter:label1\" content=\"Est. reading time\" \/>\n\t<meta name=\"twitter:data1\" content=\"1 minute\" \/>\n<script type=\"application\/ld+json\" class=\"yoast-schema-graph\">{\"@context\":\"https:\/\/schema.org\",\"@graph\":[{\"@type\":\"WebPage\",\"@id\":\"https:\/\/librairie7l.com\/en\/produit\/apprendre-a-voir-le-point-de-vue-du-vivant\/\",\"url\":\"https:\/\/librairie7l.com\/en\/produit\/apprendre-a-voir-le-point-de-vue-du-vivant\/\",\"name\":\"APPRENDRE \u00c0 VOIR : LE POINT DE VUE DU VIVANT - Librairie 7L\",\"isPartOf\":{\"@id\":\"https:\/\/librairie7l.com\/en\/#website\"},\"datePublished\":\"2023-05-10T10:12:42+00:00\",\"dateModified\":\"2026-04-07T19:20:58+00:00\",\"breadcrumb\":{\"@id\":\"https:\/\/librairie7l.com\/en\/produit\/apprendre-a-voir-le-point-de-vue-du-vivant\/#breadcrumb\"},\"inLanguage\":\"en-US\",\"potentialAction\":[{\"@type\":\"ReadAction\",\"target\":[\"https:\/\/librairie7l.com\/en\/produit\/apprendre-a-voir-le-point-de-vue-du-vivant\/\"]}]},{\"@type\":\"BreadcrumbList\",\"@id\":\"https:\/\/librairie7l.com\/en\/produit\/apprendre-a-voir-le-point-de-vue-du-vivant\/#breadcrumb\",\"itemListElement\":[{\"@type\":\"ListItem\",\"position\":1,\"name\":\"Accueil\",\"item\":\"https:\/\/librairie7l.com\/en\/\"},{\"@type\":\"ListItem\",\"position\":2,\"name\":\"Shop\",\"item\":\"https:\/\/librairie7l.com\/en\/shop\/\"},{\"@type\":\"ListItem\",\"position\":3,\"name\":\"APPRENDRE \u00c0 VOIR : LE POINT DE VUE DU VIVANT\"}]},{\"@type\":\"WebSite\",\"@id\":\"https:\/\/librairie7l.com\/en\/#website\",\"url\":\"https:\/\/librairie7l.com\/en\/\",\"name\":\"Librairie 7L\",\"description\":\"Librairie fond\u00e9e en 1999 par Karl Lagerfeld \u00e0 Paris\",\"publisher\":{\"@id\":\"https:\/\/librairie7l.com\/en\/#organization\"},\"potentialAction\":[{\"@type\":\"SearchAction\",\"target\":{\"@type\":\"EntryPoint\",\"urlTemplate\":\"https:\/\/librairie7l.com\/en\/?s={search_term_string}\"},\"query-input\":\"required name=search_term_string\"}],\"inLanguage\":\"en-US\"},{\"@type\":\"Organization\",\"@id\":\"https:\/\/librairie7l.com\/en\/#organization\",\"name\":\"Librairie 7L\",\"url\":\"https:\/\/librairie7l.com\/en\/\",\"logo\":{\"@type\":\"ImageObject\",\"inLanguage\":\"en-US\",\"@id\":\"https:\/\/librairie7l.com\/en\/#\/schema\/logo\/image\/\",\"url\":\"https:\/\/librairie7l.com\/wp-content\/uploads\/2022\/08\/logo-1.png\",\"contentUrl\":\"https:\/\/librairie7l.com\/wp-content\/uploads\/2022\/08\/logo-1.png\",\"width\":227,\"height\":301,\"caption\":\"Librairie 7L\"},\"image\":{\"@id\":\"https:\/\/librairie7l.com\/en\/#\/schema\/logo\/image\/\"}}]}<\/script>\n<!-- \/ Yoast SEO plugin. -->","yoast_head_json":{"title":"APPRENDRE \u00c0 VOIR : LE POINT DE VUE DU VIVANT - Librairie 7L","robots":{"index":"index","follow":"follow","max-snippet":"max-snippet:-1","max-image-preview":"max-image-preview:large","max-video-preview":"max-video-preview:-1"},"canonical":"https:\/\/librairie7l.com\/en\/produit\/apprendre-a-voir-le-point-de-vue-du-vivant\/","og_locale":"en_US","og_type":"article","og_title":"APPRENDRE \u00c0 VOIR : LE POINT DE VUE DU VIVANT - Librairie 7L","og_description":"A l&#8217;\u00e9gal d&#8217;un Baptiste Morizot alliant, sur le terrain, la philosophie et les sciences naturelles pour en d\u00e9gager de nouvelles mani\u00e8res d&#8217;\u00eatre vivant, Estelle Zhong-Mengual oeuvre \u00e0 hybrider l&#8217;histoire de l&#8217;art et les savoirs naturalistes les plus contemporains. Apprendre \u00e0 voir est un livre \u00e9rudit mais toujours accessible, passionnant, intimiste lorsque l&#8217;autrice partage ses \u00e9motions [&hellip;]","og_url":"https:\/\/librairie7l.com\/en\/produit\/apprendre-a-voir-le-point-de-vue-du-vivant\/","og_site_name":"Librairie 7L","article_modified_time":"2026-04-07T19:20:58+00:00","og_image":[{"width":600,"height":813,"url":"https:\/\/librairie7l.com\/wp-content\/uploads\/2021\/02\/9782330151645_1_75.jpg","type":"image\/jpeg"}],"twitter_card":"summary_large_image","twitter_misc":{"Est. reading time":"1 minute"},"schema":{"@context":"https:\/\/schema.org","@graph":[{"@type":"WebPage","@id":"https:\/\/librairie7l.com\/en\/produit\/apprendre-a-voir-le-point-de-vue-du-vivant\/","url":"https:\/\/librairie7l.com\/en\/produit\/apprendre-a-voir-le-point-de-vue-du-vivant\/","name":"APPRENDRE \u00c0 VOIR : LE POINT DE VUE DU VIVANT - Librairie 7L","isPartOf":{"@id":"https:\/\/librairie7l.com\/en\/#website"},"datePublished":"2023-05-10T10:12:42+00:00","dateModified":"2026-04-07T19:20:58+00:00","breadcrumb":{"@id":"https:\/\/librairie7l.com\/en\/produit\/apprendre-a-voir-le-point-de-vue-du-vivant\/#breadcrumb"},"inLanguage":"en-US","potentialAction":[{"@type":"ReadAction","target":["https:\/\/librairie7l.com\/en\/produit\/apprendre-a-voir-le-point-de-vue-du-vivant\/"]}]},{"@type":"BreadcrumbList","@id":"https:\/\/librairie7l.com\/en\/produit\/apprendre-a-voir-le-point-de-vue-du-vivant\/#breadcrumb","itemListElement":[{"@type":"ListItem","position":1,"name":"Accueil","item":"https:\/\/librairie7l.com\/en\/"},{"@type":"ListItem","position":2,"name":"Shop","item":"https:\/\/librairie7l.com\/en\/shop\/"},{"@type":"ListItem","position":3,"name":"APPRENDRE \u00c0 VOIR : LE POINT DE VUE DU VIVANT"}]},{"@type":"WebSite","@id":"https:\/\/librairie7l.com\/en\/#website","url":"https:\/\/librairie7l.com\/en\/","name":"Librairie 7L","description":"Librairie fond\u00e9e en 1999 par Karl Lagerfeld \u00e0 Paris","publisher":{"@id":"https:\/\/librairie7l.com\/en\/#organization"},"potentialAction":[{"@type":"SearchAction","target":{"@type":"EntryPoint","urlTemplate":"https:\/\/librairie7l.com\/en\/?s={search_term_string}"},"query-input":"required name=search_term_string"}],"inLanguage":"en-US"},{"@type":"Organization","@id":"https:\/\/librairie7l.com\/en\/#organization","name":"Librairie 7L","url":"https:\/\/librairie7l.com\/en\/","logo":{"@type":"ImageObject","inLanguage":"en-US","@id":"https:\/\/librairie7l.com\/en\/#\/schema\/logo\/image\/","url":"https:\/\/librairie7l.com\/wp-content\/uploads\/2022\/08\/logo-1.png","contentUrl":"https:\/\/librairie7l.com\/wp-content\/uploads\/2022\/08\/logo-1.png","width":227,"height":301,"caption":"Librairie 7L"},"image":{"@id":"https:\/\/librairie7l.com\/en\/#\/schema\/logo\/image\/"}}]}},"_links":{"self":[{"href":"https:\/\/librairie7l.com\/en\/wp-json\/wp\/v2\/product\/26547"}],"collection":[{"href":"https:\/\/librairie7l.com\/en\/wp-json\/wp\/v2\/product"}],"about":[{"href":"https:\/\/librairie7l.com\/en\/wp-json\/wp\/v2\/types\/product"}],"wp:featuredmedia":[{"embeddable":true,"href":"https:\/\/librairie7l.com\/en\/wp-json\/wp\/v2\/media\/26545"}],"wp:attachment":[{"href":"https:\/\/librairie7l.com\/en\/wp-json\/wp\/v2\/media?parent=26547"}],"wp:term":[{"taxonomy":"product_cat","embeddable":true,"href":"https:\/\/librairie7l.com\/en\/wp-json\/wp\/v2\/product_cat?post=26547"},{"taxonomy":"product_tag","embeddable":true,"href":"https:\/\/librairie7l.com\/en\/wp-json\/wp\/v2\/product_tag?post=26547"}],"curies":[{"name":"wp","href":"https:\/\/api.w.org\/{rel}","templated":true}]}}