{"id":26551,"date":"2023-05-10T12:12:46","date_gmt":"2023-05-10T10:12:46","guid":{"rendered":"https:\/\/librairie7l.com\/?post_type=product&#038;p=26551"},"modified":"2026-04-07T03:05:48","modified_gmt":"2026-04-07T01:05:48","slug":"yves-klein-intime","status":"publish","type":"product","link":"https:\/\/librairie7l.com\/en\/produit\/yves-klein-intime\/","title":{"rendered":"YVES KLEIN INTIME"},"content":{"rendered":"<p>C\u00e9l\u00e8bre pour ses monochromes et pour le fameux bleu outremer qu&#8217;il a fait breveter (International Klein Blue), Yves Klein (1928-1962) est assur\u00e9ment l&#8217;un des protagonistes de l&#8217;art de la seconde moiti\u00e9 du XXe si\u00e8cle. Judoka \u00e9m\u00e9rite, organisateur d&#8217;\u00ab actions-spectacles \u00bb, Yves Klein a transform\u00e9 ses mod\u00e8les en \u00ab Pinceaux vivants \u00bb, r\u00e9alis\u00e9 des \u00ab Peintures de Feu \u00bb, imagin\u00e9 des oeuvres immat\u00e9rielles et particip\u00e9 \u00e0 sa mani\u00e8re \u00e0 la conqu\u00eate de l&#8217;espace. Il a \u00e9galement beaucoup \u00e9crit et son activit\u00e9 est document\u00e9e par des photographies, des films et des enregistrements sonores. Ainsi l&#8217;artiste a bel et bien construit son propre mythe, la cr\u00e9ation de son oeuvre ne faisant qu&#8217;un avec la cr\u00e9ation de soi.<br \/>\nMettant en regard ce r\u00e9cit public avec la dimension plus personnelle et intime de son oeuvre, cet ouvrage explore les liens entre le v\u00e9cu de l&#8217;artiste et ses cr\u00e9ations. Au fil des pages, ce livre nous invite parmi les intimes d&#8217;Yves Klein &#8211; ses parents, peintres, ses mod\u00e8les et collaboratrices, son cercle d&#8217;amis avec lesquels il \u00e9change et cr\u00e9e &#8211; afin d&#8217;explorer de pr\u00e8s sa vision de l&#8217;art, son sens de l&#8217;humour, ses relations avec la religion et la spiritualit\u00e9, jusqu&#8217;\u00e0 son aspiration ultime vers l&#8217;\u00ab immat\u00e9riel \u00bb.<\/p>\n","protected":false},"excerpt":{"rendered":"<p>C\u00e9l\u00e8bre pour ses monochromes et pour le fameux bleu outremer qu&#8217;il a fait breveter (International Klein Blue), Yves Klein (1928-1962) est assur\u00e9ment l&#8217;un des protagonistes de l&#8217;art de la seconde moiti\u00e9 du XXe si\u00e8cle. Judoka \u00e9m\u00e9rite, organisateur d&#8217;\u00ab actions-spectacles \u00bb, Yves Klein a transform\u00e9 ses mod\u00e8les en \u00ab Pinceaux vivants \u00bb, r\u00e9alis\u00e9 des \u00ab Peintures [&hellip;]<\/p>\n","protected":false},"featured_media":26549,"template":"","meta":[],"product_cat":[55,2948,47,2953],"product_tag":[],"acf":[],"yoast_head":"<!-- This site is optimized with the Yoast SEO plugin v20.11 - https:\/\/yoast.com\/wordpress\/plugins\/seo\/ -->\n<title>YVES KLEIN INTIME - Librairie 7L<\/title>\n<meta name=\"robots\" content=\"index, follow, max-snippet:-1, max-image-preview:large, max-video-preview:-1\" \/>\n<link rel=\"canonical\" href=\"https:\/\/librairie7l.com\/en\/produit\/yves-klein-intime\/\" \/>\n<meta property=\"og:locale\" content=\"en_US\" \/>\n<meta property=\"og:type\" content=\"article\" \/>\n<meta property=\"og:title\" content=\"YVES KLEIN INTIME - Librairie 7L\" \/>\n<meta property=\"og:description\" content=\"C\u00e9l\u00e8bre pour ses monochromes et pour le fameux bleu outremer qu&#8217;il a fait breveter (International Klein Blue), Yves Klein (1928-1962) est assur\u00e9ment l&#8217;un des protagonistes de l&#8217;art de la seconde moiti\u00e9 du XXe si\u00e8cle. Judoka \u00e9m\u00e9rite, organisateur d&#8217;\u00ab actions-spectacles \u00bb, Yves Klein a transform\u00e9 ses mod\u00e8les en \u00ab Pinceaux vivants \u00bb, r\u00e9alis\u00e9 des \u00ab Peintures [&hellip;]\" \/>\n<meta property=\"og:url\" content=\"https:\/\/librairie7l.com\/en\/produit\/yves-klein-intime\/\" \/>\n<meta property=\"og:site_name\" content=\"Librairie 7L\" \/>\n<meta property=\"article:modified_time\" content=\"2026-04-07T01:05:48+00:00\" \/>\n<meta property=\"og:image\" content=\"https:\/\/librairie7l.com\/wp-content\/uploads\/2022\/07\/9782382030844_1_75.jpg\" \/>\n\t<meta property=\"og:image:width\" content=\"600\" \/>\n\t<meta property=\"og:image:height\" content=\"686\" \/>\n\t<meta property=\"og:image:type\" content=\"image\/jpeg\" \/>\n<meta name=\"twitter:card\" content=\"summary_large_image\" \/>\n<meta name=\"twitter:label1\" content=\"Est. reading time\" \/>\n\t<meta name=\"twitter:data1\" content=\"1 minute\" \/>\n<script type=\"application\/ld+json\" class=\"yoast-schema-graph\">{\"@context\":\"https:\/\/schema.org\",\"@graph\":[{\"@type\":\"WebPage\",\"@id\":\"https:\/\/librairie7l.com\/en\/produit\/yves-klein-intime\/\",\"url\":\"https:\/\/librairie7l.com\/en\/produit\/yves-klein-intime\/\",\"name\":\"YVES KLEIN INTIME - Librairie 7L\",\"isPartOf\":{\"@id\":\"https:\/\/librairie7l.com\/en\/#website\"},\"datePublished\":\"2023-05-10T10:12:46+00:00\",\"dateModified\":\"2026-04-07T01:05:48+00:00\",\"breadcrumb\":{\"@id\":\"https:\/\/librairie7l.com\/en\/produit\/yves-klein-intime\/#breadcrumb\"},\"inLanguage\":\"en-US\",\"potentialAction\":[{\"@type\":\"ReadAction\",\"target\":[\"https:\/\/librairie7l.com\/en\/produit\/yves-klein-intime\/\"]}]},{\"@type\":\"BreadcrumbList\",\"@id\":\"https:\/\/librairie7l.com\/en\/produit\/yves-klein-intime\/#breadcrumb\",\"itemListElement\":[{\"@type\":\"ListItem\",\"position\":1,\"name\":\"Accueil\",\"item\":\"https:\/\/librairie7l.com\/en\/\"},{\"@type\":\"ListItem\",\"position\":2,\"name\":\"Shop\",\"item\":\"https:\/\/librairie7l.com\/en\/shop\/\"},{\"@type\":\"ListItem\",\"position\":3,\"name\":\"YVES KLEIN INTIME\"}]},{\"@type\":\"WebSite\",\"@id\":\"https:\/\/librairie7l.com\/en\/#website\",\"url\":\"https:\/\/librairie7l.com\/en\/\",\"name\":\"Librairie 7L\",\"description\":\"Librairie fond\u00e9e en 1999 par Karl Lagerfeld \u00e0 Paris\",\"publisher\":{\"@id\":\"https:\/\/librairie7l.com\/en\/#organization\"},\"potentialAction\":[{\"@type\":\"SearchAction\",\"target\":{\"@type\":\"EntryPoint\",\"urlTemplate\":\"https:\/\/librairie7l.com\/en\/?s={search_term_string}\"},\"query-input\":\"required name=search_term_string\"}],\"inLanguage\":\"en-US\"},{\"@type\":\"Organization\",\"@id\":\"https:\/\/librairie7l.com\/en\/#organization\",\"name\":\"Librairie 7L\",\"url\":\"https:\/\/librairie7l.com\/en\/\",\"logo\":{\"@type\":\"ImageObject\",\"inLanguage\":\"en-US\",\"@id\":\"https:\/\/librairie7l.com\/en\/#\/schema\/logo\/image\/\",\"url\":\"https:\/\/librairie7l.com\/wp-content\/uploads\/2022\/08\/logo-1.png\",\"contentUrl\":\"https:\/\/librairie7l.com\/wp-content\/uploads\/2022\/08\/logo-1.png\",\"width\":227,\"height\":301,\"caption\":\"Librairie 7L\"},\"image\":{\"@id\":\"https:\/\/librairie7l.com\/en\/#\/schema\/logo\/image\/\"}}]}<\/script>\n<!-- \/ Yoast SEO plugin. -->","yoast_head_json":{"title":"YVES KLEIN INTIME - Librairie 7L","robots":{"index":"index","follow":"follow","max-snippet":"max-snippet:-1","max-image-preview":"max-image-preview:large","max-video-preview":"max-video-preview:-1"},"canonical":"https:\/\/librairie7l.com\/en\/produit\/yves-klein-intime\/","og_locale":"en_US","og_type":"article","og_title":"YVES KLEIN INTIME - Librairie 7L","og_description":"C\u00e9l\u00e8bre pour ses monochromes et pour le fameux bleu outremer qu&#8217;il a fait breveter (International Klein Blue), Yves Klein (1928-1962) est assur\u00e9ment l&#8217;un des protagonistes de l&#8217;art de la seconde moiti\u00e9 du XXe si\u00e8cle. Judoka \u00e9m\u00e9rite, organisateur d&#8217;\u00ab actions-spectacles \u00bb, Yves Klein a transform\u00e9 ses mod\u00e8les en \u00ab Pinceaux vivants \u00bb, r\u00e9alis\u00e9 des \u00ab Peintures [&hellip;]","og_url":"https:\/\/librairie7l.com\/en\/produit\/yves-klein-intime\/","og_site_name":"Librairie 7L","article_modified_time":"2026-04-07T01:05:48+00:00","og_image":[{"width":600,"height":686,"url":"https:\/\/librairie7l.com\/wp-content\/uploads\/2022\/07\/9782382030844_1_75.jpg","type":"image\/jpeg"}],"twitter_card":"summary_large_image","twitter_misc":{"Est. reading time":"1 minute"},"schema":{"@context":"https:\/\/schema.org","@graph":[{"@type":"WebPage","@id":"https:\/\/librairie7l.com\/en\/produit\/yves-klein-intime\/","url":"https:\/\/librairie7l.com\/en\/produit\/yves-klein-intime\/","name":"YVES KLEIN INTIME - Librairie 7L","isPartOf":{"@id":"https:\/\/librairie7l.com\/en\/#website"},"datePublished":"2023-05-10T10:12:46+00:00","dateModified":"2026-04-07T01:05:48+00:00","breadcrumb":{"@id":"https:\/\/librairie7l.com\/en\/produit\/yves-klein-intime\/#breadcrumb"},"inLanguage":"en-US","potentialAction":[{"@type":"ReadAction","target":["https:\/\/librairie7l.com\/en\/produit\/yves-klein-intime\/"]}]},{"@type":"BreadcrumbList","@id":"https:\/\/librairie7l.com\/en\/produit\/yves-klein-intime\/#breadcrumb","itemListElement":[{"@type":"ListItem","position":1,"name":"Accueil","item":"https:\/\/librairie7l.com\/en\/"},{"@type":"ListItem","position":2,"name":"Shop","item":"https:\/\/librairie7l.com\/en\/shop\/"},{"@type":"ListItem","position":3,"name":"YVES KLEIN INTIME"}]},{"@type":"WebSite","@id":"https:\/\/librairie7l.com\/en\/#website","url":"https:\/\/librairie7l.com\/en\/","name":"Librairie 7L","description":"Librairie fond\u00e9e en 1999 par Karl Lagerfeld \u00e0 Paris","publisher":{"@id":"https:\/\/librairie7l.com\/en\/#organization"},"potentialAction":[{"@type":"SearchAction","target":{"@type":"EntryPoint","urlTemplate":"https:\/\/librairie7l.com\/en\/?s={search_term_string}"},"query-input":"required name=search_term_string"}],"inLanguage":"en-US"},{"@type":"Organization","@id":"https:\/\/librairie7l.com\/en\/#organization","name":"Librairie 7L","url":"https:\/\/librairie7l.com\/en\/","logo":{"@type":"ImageObject","inLanguage":"en-US","@id":"https:\/\/librairie7l.com\/en\/#\/schema\/logo\/image\/","url":"https:\/\/librairie7l.com\/wp-content\/uploads\/2022\/08\/logo-1.png","contentUrl":"https:\/\/librairie7l.com\/wp-content\/uploads\/2022\/08\/logo-1.png","width":227,"height":301,"caption":"Librairie 7L"},"image":{"@id":"https:\/\/librairie7l.com\/en\/#\/schema\/logo\/image\/"}}]}},"_links":{"self":[{"href":"https:\/\/librairie7l.com\/en\/wp-json\/wp\/v2\/product\/26551"}],"collection":[{"href":"https:\/\/librairie7l.com\/en\/wp-json\/wp\/v2\/product"}],"about":[{"href":"https:\/\/librairie7l.com\/en\/wp-json\/wp\/v2\/types\/product"}],"wp:featuredmedia":[{"embeddable":true,"href":"https:\/\/librairie7l.com\/en\/wp-json\/wp\/v2\/media\/26549"}],"wp:attachment":[{"href":"https:\/\/librairie7l.com\/en\/wp-json\/wp\/v2\/media?parent=26551"}],"wp:term":[{"taxonomy":"product_cat","embeddable":true,"href":"https:\/\/librairie7l.com\/en\/wp-json\/wp\/v2\/product_cat?post=26551"},{"taxonomy":"product_tag","embeddable":true,"href":"https:\/\/librairie7l.com\/en\/wp-json\/wp\/v2\/product_tag?post=26551"}],"curies":[{"name":"wp","href":"https:\/\/api.w.org\/{rel}","templated":true}]}}