{"id":26555,"date":"2023-05-10T12:13:01","date_gmt":"2023-05-10T10:13:01","guid":{"rendered":"https:\/\/librairie7l.com\/?post_type=product&#038;p=26555"},"modified":"2026-04-06T02:06:41","modified_gmt":"2026-04-06T00:06:41","slug":"textiles-africains","status":"publish","type":"product","link":"https:\/\/librairie7l.com\/en\/produit\/textiles-africains\/","title":{"rendered":"TEXTILES AFRICAINS"},"content":{"rendered":"<p>LE LIVRE Cet ouvrage sans pr\u00e9c\u00e9dent met en lumi\u00e8re l&#8217;art encore m\u00e9connu du tissage africain. De l&#8217;Afrique de l&#8217;Ouest \u00e0 celle de l&#8217;Est en passant par le Mali, le Cap Vert, le Ghana, le Nigeria, le Cameroun, le Congo jusqu&#8217;\u00e0 Madagascar, ces pages vous plongent dans un panorama de cr\u00e9ations textiles \u00e9blouissant. Organis\u00e9 de mani\u00e8re g\u00e9ographique et pr\u00e9sentant les particularit\u00e9s de chaque territoire, le livre invite \u00e0 d\u00e9couvrir des pi\u00e8ces uniques au sein des cultures qui les ont fa\u00e7onn\u00e9es. Les oeuvres, pour certaines encore in\u00e9dites, proviennent de collections publiques (mus\u00e9e du quai Branly-Jacques Chirac \u00e0 Paris, Metropolitan Museum de New York, Mus\u00e9e d&#8217;ethnologie de Lisbonne, British Museum de Londres etc.) ainsi que de collectionneurs particuliers. Tenture nuptiale, v\u00eatements du quotidien (boubou, pagne, tunique, ch\u00e2le &#8230;) ou encore tenues talismaniques, riche est le r\u00e9pertoire de textiles comment\u00e9s.<br \/>\nCoton, laine, soie, \u00e9corce battue, perles : les mat\u00e9riaux se succ\u00e8dent au fil des pages en une myriade de techniques et de couleurs. De l&#8217;ikat au velours du Kasa\u00ef &#8211; qui a inspir\u00e9 les artistes contemporains tels que Klee et Matisse -, l&#8217;inventivit\u00e9 plastique et esth\u00e9tique d\u00e9ploy\u00e9e par les artistes africains t\u00e9moigne d&#8217;une imagination intarissable dans l&#8217;art du tissage.<br \/>\nAlliant la qualit\u00e9 graphique \u00e0 l&#8217;expertise scientifique, les 200 notices et leurs 300 illustrations, offrent un \u00e9ventail chamarr\u00e9 de motifs et de mati\u00e8res, qui ravira le regard des amateurs et des connaisseurs.<\/p>\n","protected":false},"excerpt":{"rendered":"<p>LE LIVRE Cet ouvrage sans pr\u00e9c\u00e9dent met en lumi\u00e8re l&#8217;art encore m\u00e9connu du tissage africain. De l&#8217;Afrique de l&#8217;Ouest \u00e0 celle de l&#8217;Est en passant par le Mali, le Cap Vert, le Ghana, le Nigeria, le Cameroun, le Congo jusqu&#8217;\u00e0 Madagascar, ces pages vous plongent dans un panorama de cr\u00e9ations textiles \u00e9blouissant. Organis\u00e9 de mani\u00e8re [&hellip;]<\/p>\n","protected":false},"featured_media":26833,"template":"","meta":[],"product_cat":[55,2948,2957,19],"product_tag":[],"acf":[],"yoast_head":"<!-- This site is optimized with the Yoast SEO plugin v20.11 - https:\/\/yoast.com\/wordpress\/plugins\/seo\/ -->\n<title>TEXTILES AFRICAINS - Librairie 7L<\/title>\n<meta name=\"robots\" content=\"index, follow, max-snippet:-1, max-image-preview:large, max-video-preview:-1\" \/>\n<link rel=\"canonical\" href=\"https:\/\/librairie7l.com\/en\/produit\/textiles-africains\/\" \/>\n<meta property=\"og:locale\" content=\"en_US\" \/>\n<meta property=\"og:type\" content=\"article\" \/>\n<meta property=\"og:title\" content=\"TEXTILES AFRICAINS - Librairie 7L\" \/>\n<meta property=\"og:description\" content=\"LE LIVRE Cet ouvrage sans pr\u00e9c\u00e9dent met en lumi\u00e8re l&#8217;art encore m\u00e9connu du tissage africain. De l&#8217;Afrique de l&#8217;Ouest \u00e0 celle de l&#8217;Est en passant par le Mali, le Cap Vert, le Ghana, le Nigeria, le Cameroun, le Congo jusqu&#8217;\u00e0 Madagascar, ces pages vous plongent dans un panorama de cr\u00e9ations textiles \u00e9blouissant. Organis\u00e9 de mani\u00e8re [&hellip;]\" \/>\n<meta property=\"og:url\" content=\"https:\/\/librairie7l.com\/en\/produit\/textiles-africains\/\" \/>\n<meta property=\"og:site_name\" content=\"Librairie 7L\" \/>\n<meta property=\"article:modified_time\" content=\"2026-04-06T00:06:41+00:00\" \/>\n<meta property=\"og:image\" content=\"https:\/\/librairie7l.com\/wp-content\/uploads\/2022\/05\/9782850888977_1_75.jpg\" \/>\n\t<meta property=\"og:image:width\" content=\"250\" \/>\n\t<meta property=\"og:image:height\" content=\"326\" \/>\n\t<meta property=\"og:image:type\" content=\"image\/jpeg\" \/>\n<meta name=\"twitter:card\" content=\"summary_large_image\" \/>\n<meta name=\"twitter:label1\" content=\"Est. reading time\" \/>\n\t<meta name=\"twitter:data1\" content=\"1 minute\" \/>\n<script type=\"application\/ld+json\" class=\"yoast-schema-graph\">{\"@context\":\"https:\/\/schema.org\",\"@graph\":[{\"@type\":\"WebPage\",\"@id\":\"https:\/\/librairie7l.com\/en\/produit\/textiles-africains\/\",\"url\":\"https:\/\/librairie7l.com\/en\/produit\/textiles-africains\/\",\"name\":\"TEXTILES AFRICAINS - Librairie 7L\",\"isPartOf\":{\"@id\":\"https:\/\/librairie7l.com\/en\/#website\"},\"datePublished\":\"2023-05-10T10:13:01+00:00\",\"dateModified\":\"2026-04-06T00:06:41+00:00\",\"breadcrumb\":{\"@id\":\"https:\/\/librairie7l.com\/en\/produit\/textiles-africains\/#breadcrumb\"},\"inLanguage\":\"en-US\",\"potentialAction\":[{\"@type\":\"ReadAction\",\"target\":[\"https:\/\/librairie7l.com\/en\/produit\/textiles-africains\/\"]}]},{\"@type\":\"BreadcrumbList\",\"@id\":\"https:\/\/librairie7l.com\/en\/produit\/textiles-africains\/#breadcrumb\",\"itemListElement\":[{\"@type\":\"ListItem\",\"position\":1,\"name\":\"Accueil\",\"item\":\"https:\/\/librairie7l.com\/en\/\"},{\"@type\":\"ListItem\",\"position\":2,\"name\":\"Shop\",\"item\":\"https:\/\/librairie7l.com\/en\/shop\/\"},{\"@type\":\"ListItem\",\"position\":3,\"name\":\"TEXTILES AFRICAINS\"}]},{\"@type\":\"WebSite\",\"@id\":\"https:\/\/librairie7l.com\/en\/#website\",\"url\":\"https:\/\/librairie7l.com\/en\/\",\"name\":\"Librairie 7L\",\"description\":\"Librairie fond\u00e9e en 1999 par Karl Lagerfeld \u00e0 Paris\",\"publisher\":{\"@id\":\"https:\/\/librairie7l.com\/en\/#organization\"},\"potentialAction\":[{\"@type\":\"SearchAction\",\"target\":{\"@type\":\"EntryPoint\",\"urlTemplate\":\"https:\/\/librairie7l.com\/en\/?s={search_term_string}\"},\"query-input\":\"required name=search_term_string\"}],\"inLanguage\":\"en-US\"},{\"@type\":\"Organization\",\"@id\":\"https:\/\/librairie7l.com\/en\/#organization\",\"name\":\"Librairie 7L\",\"url\":\"https:\/\/librairie7l.com\/en\/\",\"logo\":{\"@type\":\"ImageObject\",\"inLanguage\":\"en-US\",\"@id\":\"https:\/\/librairie7l.com\/en\/#\/schema\/logo\/image\/\",\"url\":\"https:\/\/librairie7l.com\/wp-content\/uploads\/2022\/08\/logo-1.png\",\"contentUrl\":\"https:\/\/librairie7l.com\/wp-content\/uploads\/2022\/08\/logo-1.png\",\"width\":227,\"height\":301,\"caption\":\"Librairie 7L\"},\"image\":{\"@id\":\"https:\/\/librairie7l.com\/en\/#\/schema\/logo\/image\/\"}}]}<\/script>\n<!-- \/ Yoast SEO plugin. -->","yoast_head_json":{"title":"TEXTILES AFRICAINS - Librairie 7L","robots":{"index":"index","follow":"follow","max-snippet":"max-snippet:-1","max-image-preview":"max-image-preview:large","max-video-preview":"max-video-preview:-1"},"canonical":"https:\/\/librairie7l.com\/en\/produit\/textiles-africains\/","og_locale":"en_US","og_type":"article","og_title":"TEXTILES AFRICAINS - Librairie 7L","og_description":"LE LIVRE Cet ouvrage sans pr\u00e9c\u00e9dent met en lumi\u00e8re l&#8217;art encore m\u00e9connu du tissage africain. De l&#8217;Afrique de l&#8217;Ouest \u00e0 celle de l&#8217;Est en passant par le Mali, le Cap Vert, le Ghana, le Nigeria, le Cameroun, le Congo jusqu&#8217;\u00e0 Madagascar, ces pages vous plongent dans un panorama de cr\u00e9ations textiles \u00e9blouissant. Organis\u00e9 de mani\u00e8re [&hellip;]","og_url":"https:\/\/librairie7l.com\/en\/produit\/textiles-africains\/","og_site_name":"Librairie 7L","article_modified_time":"2026-04-06T00:06:41+00:00","og_image":[{"width":250,"height":326,"url":"https:\/\/librairie7l.com\/wp-content\/uploads\/2022\/05\/9782850888977_1_75.jpg","type":"image\/jpeg"}],"twitter_card":"summary_large_image","twitter_misc":{"Est. reading time":"1 minute"},"schema":{"@context":"https:\/\/schema.org","@graph":[{"@type":"WebPage","@id":"https:\/\/librairie7l.com\/en\/produit\/textiles-africains\/","url":"https:\/\/librairie7l.com\/en\/produit\/textiles-africains\/","name":"TEXTILES AFRICAINS - Librairie 7L","isPartOf":{"@id":"https:\/\/librairie7l.com\/en\/#website"},"datePublished":"2023-05-10T10:13:01+00:00","dateModified":"2026-04-06T00:06:41+00:00","breadcrumb":{"@id":"https:\/\/librairie7l.com\/en\/produit\/textiles-africains\/#breadcrumb"},"inLanguage":"en-US","potentialAction":[{"@type":"ReadAction","target":["https:\/\/librairie7l.com\/en\/produit\/textiles-africains\/"]}]},{"@type":"BreadcrumbList","@id":"https:\/\/librairie7l.com\/en\/produit\/textiles-africains\/#breadcrumb","itemListElement":[{"@type":"ListItem","position":1,"name":"Accueil","item":"https:\/\/librairie7l.com\/en\/"},{"@type":"ListItem","position":2,"name":"Shop","item":"https:\/\/librairie7l.com\/en\/shop\/"},{"@type":"ListItem","position":3,"name":"TEXTILES AFRICAINS"}]},{"@type":"WebSite","@id":"https:\/\/librairie7l.com\/en\/#website","url":"https:\/\/librairie7l.com\/en\/","name":"Librairie 7L","description":"Librairie fond\u00e9e en 1999 par Karl Lagerfeld \u00e0 Paris","publisher":{"@id":"https:\/\/librairie7l.com\/en\/#organization"},"potentialAction":[{"@type":"SearchAction","target":{"@type":"EntryPoint","urlTemplate":"https:\/\/librairie7l.com\/en\/?s={search_term_string}"},"query-input":"required name=search_term_string"}],"inLanguage":"en-US"},{"@type":"Organization","@id":"https:\/\/librairie7l.com\/en\/#organization","name":"Librairie 7L","url":"https:\/\/librairie7l.com\/en\/","logo":{"@type":"ImageObject","inLanguage":"en-US","@id":"https:\/\/librairie7l.com\/en\/#\/schema\/logo\/image\/","url":"https:\/\/librairie7l.com\/wp-content\/uploads\/2022\/08\/logo-1.png","contentUrl":"https:\/\/librairie7l.com\/wp-content\/uploads\/2022\/08\/logo-1.png","width":227,"height":301,"caption":"Librairie 7L"},"image":{"@id":"https:\/\/librairie7l.com\/en\/#\/schema\/logo\/image\/"}}]}},"_links":{"self":[{"href":"https:\/\/librairie7l.com\/en\/wp-json\/wp\/v2\/product\/26555"}],"collection":[{"href":"https:\/\/librairie7l.com\/en\/wp-json\/wp\/v2\/product"}],"about":[{"href":"https:\/\/librairie7l.com\/en\/wp-json\/wp\/v2\/types\/product"}],"wp:featuredmedia":[{"embeddable":true,"href":"https:\/\/librairie7l.com\/en\/wp-json\/wp\/v2\/media\/26833"}],"wp:attachment":[{"href":"https:\/\/librairie7l.com\/en\/wp-json\/wp\/v2\/media?parent=26555"}],"wp:term":[{"taxonomy":"product_cat","embeddable":true,"href":"https:\/\/librairie7l.com\/en\/wp-json\/wp\/v2\/product_cat?post=26555"},{"taxonomy":"product_tag","embeddable":true,"href":"https:\/\/librairie7l.com\/en\/wp-json\/wp\/v2\/product_tag?post=26555"}],"curies":[{"name":"wp","href":"https:\/\/api.w.org\/{rel}","templated":true}]}}