{"id":26559,"date":"2023-05-10T12:13:04","date_gmt":"2023-05-10T10:13:04","guid":{"rendered":"https:\/\/librairie7l.com\/?post_type=product&#038;p=26559"},"modified":"2026-04-07T19:38:23","modified_gmt":"2026-04-07T17:38:23","slug":"lart-contemporain-par-les-femmes","status":"publish","type":"product","link":"https:\/\/librairie7l.com\/en\/produit\/lart-contemporain-par-les-femmes\/","title":{"rendered":"L&#8217;ART CONTEMPORAIN PAR LES FEMMES"},"content":{"rendered":"<p>Si les femmes ont toujours \u00e9t\u00e9 pr\u00e9sentes dans l&#8217;histoire de l&#8217;art, elles ont longtemps \u00e9t\u00e9 oubli\u00e9es et cantonn\u00e9es \u00e0 des r\u00f4les de muses ou de mod\u00e8les. Mais c&#8217;\u00e9tait sans compter avec le talent et l&#8217;audace de certaines d&#8217;entre elles qui se sont affranchies des codes en d\u00e9fiant les r\u00e8gles et en repoussant toujours plus loin les limites afin d&#8217;ouvrir les portes d&#8217;un nouvel univers sans fronti\u00e8re et sans interdit.<\/p>\n<p>De Martine Aball\u00e9a \u00e0 Sophie Calle, en passant par Nan Goldin, Tracey Emin, Yoko Ono, Orlan, Cindy Sherman, Lee Bul&#8230; autant de profils atypiques et de repr\u00e9sentantes embl\u00e9matiques dont la seule raison d&#8217;\u00eatre est de toujours se r\u00e9inventer.<\/p>\n<p>Richement illustr\u00e9, cet ouvrage retrace et analyse le parcours de figures majeures f\u00e9minines du monde entier. D&#8217;o\u00f9 vient leur inspiration  ? Quel proc\u00e9d\u00e9 et technique utilisent-elles  ? Quelles sont leurs oeuvres embl\u00e9matiques  ?<\/p>\n","protected":false},"excerpt":{"rendered":"<p>Si les femmes ont toujours \u00e9t\u00e9 pr\u00e9sentes dans l&#8217;histoire de l&#8217;art, elles ont longtemps \u00e9t\u00e9 oubli\u00e9es et cantonn\u00e9es \u00e0 des r\u00f4les de muses ou de mod\u00e8les. Mais c&#8217;\u00e9tait sans compter avec le talent et l&#8217;audace de certaines d&#8217;entre elles qui se sont affranchies des codes en d\u00e9fiant les r\u00e8gles et en repoussant toujours plus loin [&hellip;]<\/p>\n","protected":false},"featured_media":32175,"template":"","meta":[],"product_cat":[55,2948,47,2953],"product_tag":[],"acf":[],"yoast_head":"<!-- This site is optimized with the Yoast SEO plugin v20.11 - https:\/\/yoast.com\/wordpress\/plugins\/seo\/ -->\n<title>L&#039;ART CONTEMPORAIN PAR LES FEMMES - Librairie 7L<\/title>\n<meta name=\"robots\" content=\"index, follow, max-snippet:-1, max-image-preview:large, max-video-preview:-1\" \/>\n<link rel=\"canonical\" href=\"https:\/\/librairie7l.com\/en\/produit\/lart-contemporain-par-les-femmes\/\" \/>\n<meta property=\"og:locale\" content=\"en_US\" \/>\n<meta property=\"og:type\" content=\"article\" \/>\n<meta property=\"og:title\" content=\"L&#039;ART CONTEMPORAIN PAR LES FEMMES - Librairie 7L\" \/>\n<meta property=\"og:description\" content=\"Si les femmes ont toujours \u00e9t\u00e9 pr\u00e9sentes dans l&#8217;histoire de l&#8217;art, elles ont longtemps \u00e9t\u00e9 oubli\u00e9es et cantonn\u00e9es \u00e0 des r\u00f4les de muses ou de mod\u00e8les. Mais c&#8217;\u00e9tait sans compter avec le talent et l&#8217;audace de certaines d&#8217;entre elles qui se sont affranchies des codes en d\u00e9fiant les r\u00e8gles et en repoussant toujours plus loin [&hellip;]\" \/>\n<meta property=\"og:url\" content=\"https:\/\/librairie7l.com\/en\/produit\/lart-contemporain-par-les-femmes\/\" \/>\n<meta property=\"og:site_name\" content=\"Librairie 7L\" \/>\n<meta property=\"article:modified_time\" content=\"2026-04-07T17:38:23+00:00\" \/>\n<meta property=\"og:image\" content=\"https:\/\/librairie7l.com\/wp-content\/uploads\/2022\/06\/9782036024205_1_75.jpg\" \/>\n\t<meta property=\"og:image:width\" content=\"400\" \/>\n\t<meta property=\"og:image:height\" content=\"505\" \/>\n\t<meta property=\"og:image:type\" content=\"image\/jpeg\" \/>\n<meta name=\"twitter:card\" content=\"summary_large_image\" \/>\n<meta name=\"twitter:label1\" content=\"Est. reading time\" \/>\n\t<meta name=\"twitter:data1\" content=\"1 minute\" \/>\n<script type=\"application\/ld+json\" class=\"yoast-schema-graph\">{\"@context\":\"https:\/\/schema.org\",\"@graph\":[{\"@type\":\"WebPage\",\"@id\":\"https:\/\/librairie7l.com\/en\/produit\/lart-contemporain-par-les-femmes\/\",\"url\":\"https:\/\/librairie7l.com\/en\/produit\/lart-contemporain-par-les-femmes\/\",\"name\":\"L'ART CONTEMPORAIN PAR LES FEMMES - Librairie 7L\",\"isPartOf\":{\"@id\":\"https:\/\/librairie7l.com\/en\/#website\"},\"datePublished\":\"2023-05-10T10:13:04+00:00\",\"dateModified\":\"2026-04-07T17:38:23+00:00\",\"breadcrumb\":{\"@id\":\"https:\/\/librairie7l.com\/en\/produit\/lart-contemporain-par-les-femmes\/#breadcrumb\"},\"inLanguage\":\"en-US\",\"potentialAction\":[{\"@type\":\"ReadAction\",\"target\":[\"https:\/\/librairie7l.com\/en\/produit\/lart-contemporain-par-les-femmes\/\"]}]},{\"@type\":\"BreadcrumbList\",\"@id\":\"https:\/\/librairie7l.com\/en\/produit\/lart-contemporain-par-les-femmes\/#breadcrumb\",\"itemListElement\":[{\"@type\":\"ListItem\",\"position\":1,\"name\":\"Accueil\",\"item\":\"https:\/\/librairie7l.com\/en\/\"},{\"@type\":\"ListItem\",\"position\":2,\"name\":\"Shop\",\"item\":\"https:\/\/librairie7l.com\/en\/shop\/\"},{\"@type\":\"ListItem\",\"position\":3,\"name\":\"L&#8217;ART CONTEMPORAIN PAR LES FEMMES\"}]},{\"@type\":\"WebSite\",\"@id\":\"https:\/\/librairie7l.com\/en\/#website\",\"url\":\"https:\/\/librairie7l.com\/en\/\",\"name\":\"Librairie 7L\",\"description\":\"Librairie fond\u00e9e en 1999 par Karl Lagerfeld \u00e0 Paris\",\"publisher\":{\"@id\":\"https:\/\/librairie7l.com\/en\/#organization\"},\"potentialAction\":[{\"@type\":\"SearchAction\",\"target\":{\"@type\":\"EntryPoint\",\"urlTemplate\":\"https:\/\/librairie7l.com\/en\/?s={search_term_string}\"},\"query-input\":\"required name=search_term_string\"}],\"inLanguage\":\"en-US\"},{\"@type\":\"Organization\",\"@id\":\"https:\/\/librairie7l.com\/en\/#organization\",\"name\":\"Librairie 7L\",\"url\":\"https:\/\/librairie7l.com\/en\/\",\"logo\":{\"@type\":\"ImageObject\",\"inLanguage\":\"en-US\",\"@id\":\"https:\/\/librairie7l.com\/en\/#\/schema\/logo\/image\/\",\"url\":\"https:\/\/librairie7l.com\/wp-content\/uploads\/2022\/08\/logo-1.png\",\"contentUrl\":\"https:\/\/librairie7l.com\/wp-content\/uploads\/2022\/08\/logo-1.png\",\"width\":227,\"height\":301,\"caption\":\"Librairie 7L\"},\"image\":{\"@id\":\"https:\/\/librairie7l.com\/en\/#\/schema\/logo\/image\/\"}}]}<\/script>\n<!-- \/ Yoast SEO plugin. -->","yoast_head_json":{"title":"L'ART CONTEMPORAIN PAR LES FEMMES - Librairie 7L","robots":{"index":"index","follow":"follow","max-snippet":"max-snippet:-1","max-image-preview":"max-image-preview:large","max-video-preview":"max-video-preview:-1"},"canonical":"https:\/\/librairie7l.com\/en\/produit\/lart-contemporain-par-les-femmes\/","og_locale":"en_US","og_type":"article","og_title":"L'ART CONTEMPORAIN PAR LES FEMMES - Librairie 7L","og_description":"Si les femmes ont toujours \u00e9t\u00e9 pr\u00e9sentes dans l&#8217;histoire de l&#8217;art, elles ont longtemps \u00e9t\u00e9 oubli\u00e9es et cantonn\u00e9es \u00e0 des r\u00f4les de muses ou de mod\u00e8les. Mais c&#8217;\u00e9tait sans compter avec le talent et l&#8217;audace de certaines d&#8217;entre elles qui se sont affranchies des codes en d\u00e9fiant les r\u00e8gles et en repoussant toujours plus loin [&hellip;]","og_url":"https:\/\/librairie7l.com\/en\/produit\/lart-contemporain-par-les-femmes\/","og_site_name":"Librairie 7L","article_modified_time":"2026-04-07T17:38:23+00:00","og_image":[{"width":400,"height":505,"url":"https:\/\/librairie7l.com\/wp-content\/uploads\/2022\/06\/9782036024205_1_75.jpg","type":"image\/jpeg"}],"twitter_card":"summary_large_image","twitter_misc":{"Est. reading time":"1 minute"},"schema":{"@context":"https:\/\/schema.org","@graph":[{"@type":"WebPage","@id":"https:\/\/librairie7l.com\/en\/produit\/lart-contemporain-par-les-femmes\/","url":"https:\/\/librairie7l.com\/en\/produit\/lart-contemporain-par-les-femmes\/","name":"L'ART CONTEMPORAIN PAR LES FEMMES - Librairie 7L","isPartOf":{"@id":"https:\/\/librairie7l.com\/en\/#website"},"datePublished":"2023-05-10T10:13:04+00:00","dateModified":"2026-04-07T17:38:23+00:00","breadcrumb":{"@id":"https:\/\/librairie7l.com\/en\/produit\/lart-contemporain-par-les-femmes\/#breadcrumb"},"inLanguage":"en-US","potentialAction":[{"@type":"ReadAction","target":["https:\/\/librairie7l.com\/en\/produit\/lart-contemporain-par-les-femmes\/"]}]},{"@type":"BreadcrumbList","@id":"https:\/\/librairie7l.com\/en\/produit\/lart-contemporain-par-les-femmes\/#breadcrumb","itemListElement":[{"@type":"ListItem","position":1,"name":"Accueil","item":"https:\/\/librairie7l.com\/en\/"},{"@type":"ListItem","position":2,"name":"Shop","item":"https:\/\/librairie7l.com\/en\/shop\/"},{"@type":"ListItem","position":3,"name":"L&#8217;ART CONTEMPORAIN PAR LES FEMMES"}]},{"@type":"WebSite","@id":"https:\/\/librairie7l.com\/en\/#website","url":"https:\/\/librairie7l.com\/en\/","name":"Librairie 7L","description":"Librairie fond\u00e9e en 1999 par Karl Lagerfeld \u00e0 Paris","publisher":{"@id":"https:\/\/librairie7l.com\/en\/#organization"},"potentialAction":[{"@type":"SearchAction","target":{"@type":"EntryPoint","urlTemplate":"https:\/\/librairie7l.com\/en\/?s={search_term_string}"},"query-input":"required name=search_term_string"}],"inLanguage":"en-US"},{"@type":"Organization","@id":"https:\/\/librairie7l.com\/en\/#organization","name":"Librairie 7L","url":"https:\/\/librairie7l.com\/en\/","logo":{"@type":"ImageObject","inLanguage":"en-US","@id":"https:\/\/librairie7l.com\/en\/#\/schema\/logo\/image\/","url":"https:\/\/librairie7l.com\/wp-content\/uploads\/2022\/08\/logo-1.png","contentUrl":"https:\/\/librairie7l.com\/wp-content\/uploads\/2022\/08\/logo-1.png","width":227,"height":301,"caption":"Librairie 7L"},"image":{"@id":"https:\/\/librairie7l.com\/en\/#\/schema\/logo\/image\/"}}]}},"_links":{"self":[{"href":"https:\/\/librairie7l.com\/en\/wp-json\/wp\/v2\/product\/26559"}],"collection":[{"href":"https:\/\/librairie7l.com\/en\/wp-json\/wp\/v2\/product"}],"about":[{"href":"https:\/\/librairie7l.com\/en\/wp-json\/wp\/v2\/types\/product"}],"wp:featuredmedia":[{"embeddable":true,"href":"https:\/\/librairie7l.com\/en\/wp-json\/wp\/v2\/media\/32175"}],"wp:attachment":[{"href":"https:\/\/librairie7l.com\/en\/wp-json\/wp\/v2\/media?parent=26559"}],"wp:term":[{"taxonomy":"product_cat","embeddable":true,"href":"https:\/\/librairie7l.com\/en\/wp-json\/wp\/v2\/product_cat?post=26559"},{"taxonomy":"product_tag","embeddable":true,"href":"https:\/\/librairie7l.com\/en\/wp-json\/wp\/v2\/product_tag?post=26559"}],"curies":[{"name":"wp","href":"https:\/\/api.w.org\/{rel}","templated":true}]}}