{"id":26567,"date":"2023-05-10T12:13:45","date_gmt":"2023-05-10T10:13:45","guid":{"rendered":"https:\/\/librairie7l.com\/?post_type=product&#038;p=26567"},"modified":"2026-04-19T04:05:44","modified_gmt":"2026-04-19T02:05:44","slug":"between-worlds","status":"publish","type":"product","link":"https:\/\/librairie7l.com\/en\/produit\/between-worlds\/","title":{"rendered":"BETWEEN WORLDS"},"content":{"rendered":"<p>Son rapport tr\u00e8s intuitif et physique aux lieux immerge le spectateur dans un univers qui emprunte \u00e0 la fois au monde du cin\u00e9ma et \u00e0 celui de la peinture. \u00ab Une bonne photo est une photo qui dit beaucoup de choses sur le lieu et le moment o\u00f9 elle a \u00e9t\u00e9 faite \u00bb, pr\u00e9cise le photographe. L&#8217;espace donc &#8211; sa complexit\u00e9, la perception que nous en avons, sa plasticit\u00e9 &#8211; est \u00e0 l&#8217;\u00e9gal de la couleur une composante majeure des images de Gruyaert, comme si la dualit\u00e9 entre couleur et spatialit\u00e9 &#8211; sujet majeur des beaux-arts des si\u00e8cles pr\u00e9c\u00e9dents &#8211; se dissolvait pour au final cr\u00e9er une oeuvre o\u00f9 seul importe le plaisir de l&#8217;immersion.<\/p>\n<p>Basculer dans l&#8217;image, dissoudre les fronti\u00e8res entre espaces ext\u00e9rieur et int\u00e9rieur, monde clos ou au contraire ouvert sur l&#8217;ailleurs : Between Worlds offre une immersion sensorielle. Peu importe les lieux (boutiques, gares, caf\u00e9s, m\u00e9tros, chambres d&#8217;h\u00f4tel, malls&#8230;), les pays (Europe, Moyen-Orient, Asie, \u00c9tats-Unis, Afrique&#8230;), l&#8217;\u00e9poque (des ann\u00e9es 1970 \u00e0 aujourd&#8217;hui), le photographe d\u00e9ploie ici l&#8217;essence m\u00eame de son \u00e9criture visuelle : une alchimie lumineuse dans un temps suspendu. O\u00f9 sommes-nous ? Peu importe, seul r\u00e8gne le d\u00e9lice de se perdre. Au fil d&#8217;un editing r\u00e9alis\u00e9 comme un \u00ab carottage \u00bb dans ses archives, Harry Gruyaert montre qu&#8217;au-del\u00e0 du merveilleux coloriste qu&#8217;il est, ses images, avec leurs jeux de transparences et de mise en abyme, racontent aussi l&#8217;illusion du monde.<\/p>\n","protected":false},"excerpt":{"rendered":"<p>Son rapport tr\u00e8s intuitif et physique aux lieux immerge le spectateur dans un univers qui emprunte \u00e0 la fois au monde du cin\u00e9ma et \u00e0 celui de la peinture. \u00ab Une bonne photo est une photo qui dit beaucoup de choses sur le lieu et le moment o\u00f9 elle a \u00e9t\u00e9 faite \u00bb, pr\u00e9cise le [&hellip;]<\/p>\n","protected":false},"featured_media":26565,"template":"","meta":[],"product_cat":[55,2948,2958,17],"product_tag":[],"acf":[],"yoast_head":"<!-- This site is optimized with the Yoast SEO plugin v20.11 - https:\/\/yoast.com\/wordpress\/plugins\/seo\/ -->\n<title>BETWEEN WORLDS - Librairie 7L<\/title>\n<meta name=\"robots\" content=\"index, follow, max-snippet:-1, max-image-preview:large, max-video-preview:-1\" \/>\n<link rel=\"canonical\" href=\"https:\/\/librairie7l.com\/en\/produit\/between-worlds\/\" \/>\n<meta property=\"og:locale\" content=\"en_US\" \/>\n<meta property=\"og:type\" content=\"article\" \/>\n<meta property=\"og:title\" content=\"BETWEEN WORLDS - Librairie 7L\" \/>\n<meta property=\"og:description\" content=\"Son rapport tr\u00e8s intuitif et physique aux lieux immerge le spectateur dans un univers qui emprunte \u00e0 la fois au monde du cin\u00e9ma et \u00e0 celui de la peinture. \u00ab Une bonne photo est une photo qui dit beaucoup de choses sur le lieu et le moment o\u00f9 elle a \u00e9t\u00e9 faite \u00bb, pr\u00e9cise le [&hellip;]\" \/>\n<meta property=\"og:url\" content=\"https:\/\/librairie7l.com\/en\/produit\/between-worlds\/\" \/>\n<meta property=\"og:site_name\" content=\"Librairie 7L\" \/>\n<meta property=\"article:modified_time\" content=\"2026-04-19T02:05:44+00:00\" \/>\n<meta property=\"og:image\" content=\"https:\/\/librairie7l.com\/wp-content\/uploads\/2022\/04\/9782365113359_1_75.jpg\" \/>\n\t<meta property=\"og:image:width\" content=\"400\" \/>\n\t<meta property=\"og:image:height\" content=\"327\" \/>\n\t<meta property=\"og:image:type\" content=\"image\/jpeg\" \/>\n<meta name=\"twitter:card\" content=\"summary_large_image\" \/>\n<meta name=\"twitter:label1\" content=\"Est. reading time\" \/>\n\t<meta name=\"twitter:data1\" content=\"1 minute\" \/>\n<script type=\"application\/ld+json\" class=\"yoast-schema-graph\">{\"@context\":\"https:\/\/schema.org\",\"@graph\":[{\"@type\":\"WebPage\",\"@id\":\"https:\/\/librairie7l.com\/en\/produit\/between-worlds\/\",\"url\":\"https:\/\/librairie7l.com\/en\/produit\/between-worlds\/\",\"name\":\"BETWEEN WORLDS - Librairie 7L\",\"isPartOf\":{\"@id\":\"https:\/\/librairie7l.com\/en\/#website\"},\"datePublished\":\"2023-05-10T10:13:45+00:00\",\"dateModified\":\"2026-04-19T02:05:44+00:00\",\"breadcrumb\":{\"@id\":\"https:\/\/librairie7l.com\/en\/produit\/between-worlds\/#breadcrumb\"},\"inLanguage\":\"en-US\",\"potentialAction\":[{\"@type\":\"ReadAction\",\"target\":[\"https:\/\/librairie7l.com\/en\/produit\/between-worlds\/\"]}]},{\"@type\":\"BreadcrumbList\",\"@id\":\"https:\/\/librairie7l.com\/en\/produit\/between-worlds\/#breadcrumb\",\"itemListElement\":[{\"@type\":\"ListItem\",\"position\":1,\"name\":\"Accueil\",\"item\":\"https:\/\/librairie7l.com\/en\/\"},{\"@type\":\"ListItem\",\"position\":2,\"name\":\"Shop\",\"item\":\"https:\/\/librairie7l.com\/en\/shop\/\"},{\"@type\":\"ListItem\",\"position\":3,\"name\":\"BETWEEN WORLDS\"}]},{\"@type\":\"WebSite\",\"@id\":\"https:\/\/librairie7l.com\/en\/#website\",\"url\":\"https:\/\/librairie7l.com\/en\/\",\"name\":\"Librairie 7L\",\"description\":\"Librairie fond\u00e9e en 1999 par Karl Lagerfeld \u00e0 Paris\",\"publisher\":{\"@id\":\"https:\/\/librairie7l.com\/en\/#organization\"},\"potentialAction\":[{\"@type\":\"SearchAction\",\"target\":{\"@type\":\"EntryPoint\",\"urlTemplate\":\"https:\/\/librairie7l.com\/en\/?s={search_term_string}\"},\"query-input\":\"required name=search_term_string\"}],\"inLanguage\":\"en-US\"},{\"@type\":\"Organization\",\"@id\":\"https:\/\/librairie7l.com\/en\/#organization\",\"name\":\"Librairie 7L\",\"url\":\"https:\/\/librairie7l.com\/en\/\",\"logo\":{\"@type\":\"ImageObject\",\"inLanguage\":\"en-US\",\"@id\":\"https:\/\/librairie7l.com\/en\/#\/schema\/logo\/image\/\",\"url\":\"https:\/\/librairie7l.com\/wp-content\/uploads\/2022\/08\/logo-1.png\",\"contentUrl\":\"https:\/\/librairie7l.com\/wp-content\/uploads\/2022\/08\/logo-1.png\",\"width\":227,\"height\":301,\"caption\":\"Librairie 7L\"},\"image\":{\"@id\":\"https:\/\/librairie7l.com\/en\/#\/schema\/logo\/image\/\"}}]}<\/script>\n<!-- \/ Yoast SEO plugin. -->","yoast_head_json":{"title":"BETWEEN WORLDS - Librairie 7L","robots":{"index":"index","follow":"follow","max-snippet":"max-snippet:-1","max-image-preview":"max-image-preview:large","max-video-preview":"max-video-preview:-1"},"canonical":"https:\/\/librairie7l.com\/en\/produit\/between-worlds\/","og_locale":"en_US","og_type":"article","og_title":"BETWEEN WORLDS - Librairie 7L","og_description":"Son rapport tr\u00e8s intuitif et physique aux lieux immerge le spectateur dans un univers qui emprunte \u00e0 la fois au monde du cin\u00e9ma et \u00e0 celui de la peinture. \u00ab Une bonne photo est une photo qui dit beaucoup de choses sur le lieu et le moment o\u00f9 elle a \u00e9t\u00e9 faite \u00bb, pr\u00e9cise le [&hellip;]","og_url":"https:\/\/librairie7l.com\/en\/produit\/between-worlds\/","og_site_name":"Librairie 7L","article_modified_time":"2026-04-19T02:05:44+00:00","og_image":[{"width":400,"height":327,"url":"https:\/\/librairie7l.com\/wp-content\/uploads\/2022\/04\/9782365113359_1_75.jpg","type":"image\/jpeg"}],"twitter_card":"summary_large_image","twitter_misc":{"Est. reading time":"1 minute"},"schema":{"@context":"https:\/\/schema.org","@graph":[{"@type":"WebPage","@id":"https:\/\/librairie7l.com\/en\/produit\/between-worlds\/","url":"https:\/\/librairie7l.com\/en\/produit\/between-worlds\/","name":"BETWEEN WORLDS - Librairie 7L","isPartOf":{"@id":"https:\/\/librairie7l.com\/en\/#website"},"datePublished":"2023-05-10T10:13:45+00:00","dateModified":"2026-04-19T02:05:44+00:00","breadcrumb":{"@id":"https:\/\/librairie7l.com\/en\/produit\/between-worlds\/#breadcrumb"},"inLanguage":"en-US","potentialAction":[{"@type":"ReadAction","target":["https:\/\/librairie7l.com\/en\/produit\/between-worlds\/"]}]},{"@type":"BreadcrumbList","@id":"https:\/\/librairie7l.com\/en\/produit\/between-worlds\/#breadcrumb","itemListElement":[{"@type":"ListItem","position":1,"name":"Accueil","item":"https:\/\/librairie7l.com\/en\/"},{"@type":"ListItem","position":2,"name":"Shop","item":"https:\/\/librairie7l.com\/en\/shop\/"},{"@type":"ListItem","position":3,"name":"BETWEEN WORLDS"}]},{"@type":"WebSite","@id":"https:\/\/librairie7l.com\/en\/#website","url":"https:\/\/librairie7l.com\/en\/","name":"Librairie 7L","description":"Librairie fond\u00e9e en 1999 par Karl Lagerfeld \u00e0 Paris","publisher":{"@id":"https:\/\/librairie7l.com\/en\/#organization"},"potentialAction":[{"@type":"SearchAction","target":{"@type":"EntryPoint","urlTemplate":"https:\/\/librairie7l.com\/en\/?s={search_term_string}"},"query-input":"required name=search_term_string"}],"inLanguage":"en-US"},{"@type":"Organization","@id":"https:\/\/librairie7l.com\/en\/#organization","name":"Librairie 7L","url":"https:\/\/librairie7l.com\/en\/","logo":{"@type":"ImageObject","inLanguage":"en-US","@id":"https:\/\/librairie7l.com\/en\/#\/schema\/logo\/image\/","url":"https:\/\/librairie7l.com\/wp-content\/uploads\/2022\/08\/logo-1.png","contentUrl":"https:\/\/librairie7l.com\/wp-content\/uploads\/2022\/08\/logo-1.png","width":227,"height":301,"caption":"Librairie 7L"},"image":{"@id":"https:\/\/librairie7l.com\/en\/#\/schema\/logo\/image\/"}}]}},"_links":{"self":[{"href":"https:\/\/librairie7l.com\/en\/wp-json\/wp\/v2\/product\/26567"}],"collection":[{"href":"https:\/\/librairie7l.com\/en\/wp-json\/wp\/v2\/product"}],"about":[{"href":"https:\/\/librairie7l.com\/en\/wp-json\/wp\/v2\/types\/product"}],"wp:featuredmedia":[{"embeddable":true,"href":"https:\/\/librairie7l.com\/en\/wp-json\/wp\/v2\/media\/26565"}],"wp:attachment":[{"href":"https:\/\/librairie7l.com\/en\/wp-json\/wp\/v2\/media?parent=26567"}],"wp:term":[{"taxonomy":"product_cat","embeddable":true,"href":"https:\/\/librairie7l.com\/en\/wp-json\/wp\/v2\/product_cat?post=26567"},{"taxonomy":"product_tag","embeddable":true,"href":"https:\/\/librairie7l.com\/en\/wp-json\/wp\/v2\/product_tag?post=26567"}],"curies":[{"name":"wp","href":"https:\/\/api.w.org\/{rel}","templated":true}]}}