{"id":26575,"date":"2023-05-10T12:13:51","date_gmt":"2023-05-10T10:13:51","guid":{"rendered":"https:\/\/librairie7l.com\/?post_type=product&#038;p=26575"},"modified":"2026-04-21T13:34:21","modified_gmt":"2026-04-21T11:34:21","slug":"autoportrait","status":"publish","type":"product","link":"https:\/\/librairie7l.com\/en\/produit\/autoportrait\/","title":{"rendered":"AUTOPORTRAIT"},"content":{"rendered":"<p>N\u00e9 \u00e0 P\u00e9kin dans une famille de grands lettr\u00e9s chinois, Zao Wou-Ki quitte la Chine d&#8217;avant Mao Zedong, apr\u00e8s une formation dans la plus grande \u00e9cole des Beaux-Arts du pays o\u00f9 il a aussi \u00e9t\u00e9 professeur. En 1948, il s&#8217;installe pour deux ans \u00e0 Paris afin d&#8217;\u00e9tudier la peinture fran\u00e7aise. Il noue \u00e0 Montparnasse et \u00e0 Saint-Germain-des-Pr\u00e9s des amiti\u00e9s ind\u00e9fectibles et participe ainsi \u00e0 l&#8217;effervescence artistique de l&#8217;apr\u00e8s-guerre. La d\u00e9couverte de l&#8217;abstract painting \u00e0 New York en 1957 le conforte dans le choix d&#8217;une abstraction o\u00f9 se m\u00ealent sa connaissance de la grande peinture chinoise et la libert\u00e9 du geste d\u00e9sormais acquise. En raison de la prise de pouvoir de Mao, il ne peut revenir en Chine qu&#8217;en 1972 et y retourne fr\u00e9quemment jusqu&#8217;en 2008. Cette autobiographie, \u00e9crite avec son \u00e9pouse Fran\u00e7oise Marquet, t\u00e9moigne de l&#8217;in\u00e9branlable volont\u00e9 et plaisir de peindre de Zao Wou-Ki, de ses rencontres artistiques et amiti\u00e9s exceptionnelles. Elle retrace un chemin cr\u00e9ateur hors du commun o\u00f9 se m\u00ealent les influences des abstractions europ\u00e9enne et am\u00e9ricaine. Reconnu par la Chine comme leur grand peintre du xxe si\u00e8cle, Zao Wou-Ki apporte aux jeunes g\u00e9n\u00e9rations d&#8217;artistes l&#8217;espoir de faire dialoguer les cultures chinoise et occidentale.<br \/>\nCompl\u00e9ment biographique de Yann Hendgen Postface in\u00e9dite de Fran\u00e7oise Marquet<\/p>\n","protected":false},"excerpt":{"rendered":"<p>N\u00e9 \u00e0 P\u00e9kin dans une famille de grands lettr\u00e9s chinois, Zao Wou-Ki quitte la Chine d&#8217;avant Mao Zedong, apr\u00e8s une formation dans la plus grande \u00e9cole des Beaux-Arts du pays o\u00f9 il a aussi \u00e9t\u00e9 professeur. En 1948, il s&#8217;installe pour deux ans \u00e0 Paris afin d&#8217;\u00e9tudier la peinture fran\u00e7aise. Il noue \u00e0 Montparnasse et [&hellip;]<\/p>\n","protected":false},"featured_media":26573,"template":"","meta":[],"product_cat":[55,2948,47,2953],"product_tag":[],"acf":[],"yoast_head":"<!-- This site is optimized with the Yoast SEO plugin v20.11 - https:\/\/yoast.com\/wordpress\/plugins\/seo\/ -->\n<title>AUTOPORTRAIT - Librairie 7L<\/title>\n<meta name=\"robots\" content=\"index, follow, max-snippet:-1, max-image-preview:large, max-video-preview:-1\" \/>\n<link rel=\"canonical\" href=\"https:\/\/librairie7l.com\/en\/produit\/autoportrait\/\" \/>\n<meta property=\"og:locale\" content=\"en_US\" \/>\n<meta property=\"og:type\" content=\"article\" \/>\n<meta property=\"og:title\" content=\"AUTOPORTRAIT - Librairie 7L\" \/>\n<meta property=\"og:description\" content=\"N\u00e9 \u00e0 P\u00e9kin dans une famille de grands lettr\u00e9s chinois, Zao Wou-Ki quitte la Chine d&#8217;avant Mao Zedong, apr\u00e8s une formation dans la plus grande \u00e9cole des Beaux-Arts du pays o\u00f9 il a aussi \u00e9t\u00e9 professeur. En 1948, il s&#8217;installe pour deux ans \u00e0 Paris afin d&#8217;\u00e9tudier la peinture fran\u00e7aise. Il noue \u00e0 Montparnasse et [&hellip;]\" \/>\n<meta property=\"og:url\" content=\"https:\/\/librairie7l.com\/en\/produit\/autoportrait\/\" \/>\n<meta property=\"og:site_name\" content=\"Librairie 7L\" \/>\n<meta property=\"article:modified_time\" content=\"2026-04-21T11:34:21+00:00\" \/>\n<meta property=\"og:image\" content=\"https:\/\/librairie7l.com\/wp-content\/uploads\/2022\/07\/9782818506899_1_75.jpg\" \/>\n\t<meta property=\"og:image:width\" content=\"600\" \/>\n\t<meta property=\"og:image:height\" content=\"970\" \/>\n\t<meta property=\"og:image:type\" content=\"image\/jpeg\" \/>\n<meta name=\"twitter:card\" content=\"summary_large_image\" \/>\n<meta name=\"twitter:label1\" content=\"Est. reading time\" \/>\n\t<meta name=\"twitter:data1\" content=\"1 minute\" \/>\n<script type=\"application\/ld+json\" class=\"yoast-schema-graph\">{\"@context\":\"https:\/\/schema.org\",\"@graph\":[{\"@type\":\"WebPage\",\"@id\":\"https:\/\/librairie7l.com\/en\/produit\/autoportrait\/\",\"url\":\"https:\/\/librairie7l.com\/en\/produit\/autoportrait\/\",\"name\":\"AUTOPORTRAIT - Librairie 7L\",\"isPartOf\":{\"@id\":\"https:\/\/librairie7l.com\/en\/#website\"},\"datePublished\":\"2023-05-10T10:13:51+00:00\",\"dateModified\":\"2026-04-21T11:34:21+00:00\",\"breadcrumb\":{\"@id\":\"https:\/\/librairie7l.com\/en\/produit\/autoportrait\/#breadcrumb\"},\"inLanguage\":\"en-US\",\"potentialAction\":[{\"@type\":\"ReadAction\",\"target\":[\"https:\/\/librairie7l.com\/en\/produit\/autoportrait\/\"]}]},{\"@type\":\"BreadcrumbList\",\"@id\":\"https:\/\/librairie7l.com\/en\/produit\/autoportrait\/#breadcrumb\",\"itemListElement\":[{\"@type\":\"ListItem\",\"position\":1,\"name\":\"Accueil\",\"item\":\"https:\/\/librairie7l.com\/en\/\"},{\"@type\":\"ListItem\",\"position\":2,\"name\":\"Shop\",\"item\":\"https:\/\/librairie7l.com\/en\/shop\/\"},{\"@type\":\"ListItem\",\"position\":3,\"name\":\"AUTOPORTRAIT\"}]},{\"@type\":\"WebSite\",\"@id\":\"https:\/\/librairie7l.com\/en\/#website\",\"url\":\"https:\/\/librairie7l.com\/en\/\",\"name\":\"Librairie 7L\",\"description\":\"Librairie fond\u00e9e en 1999 par Karl Lagerfeld \u00e0 Paris\",\"publisher\":{\"@id\":\"https:\/\/librairie7l.com\/en\/#organization\"},\"potentialAction\":[{\"@type\":\"SearchAction\",\"target\":{\"@type\":\"EntryPoint\",\"urlTemplate\":\"https:\/\/librairie7l.com\/en\/?s={search_term_string}\"},\"query-input\":\"required name=search_term_string\"}],\"inLanguage\":\"en-US\"},{\"@type\":\"Organization\",\"@id\":\"https:\/\/librairie7l.com\/en\/#organization\",\"name\":\"Librairie 7L\",\"url\":\"https:\/\/librairie7l.com\/en\/\",\"logo\":{\"@type\":\"ImageObject\",\"inLanguage\":\"en-US\",\"@id\":\"https:\/\/librairie7l.com\/en\/#\/schema\/logo\/image\/\",\"url\":\"https:\/\/librairie7l.com\/wp-content\/uploads\/2022\/08\/logo-1.png\",\"contentUrl\":\"https:\/\/librairie7l.com\/wp-content\/uploads\/2022\/08\/logo-1.png\",\"width\":227,\"height\":301,\"caption\":\"Librairie 7L\"},\"image\":{\"@id\":\"https:\/\/librairie7l.com\/en\/#\/schema\/logo\/image\/\"}}]}<\/script>\n<!-- \/ Yoast SEO plugin. -->","yoast_head_json":{"title":"AUTOPORTRAIT - Librairie 7L","robots":{"index":"index","follow":"follow","max-snippet":"max-snippet:-1","max-image-preview":"max-image-preview:large","max-video-preview":"max-video-preview:-1"},"canonical":"https:\/\/librairie7l.com\/en\/produit\/autoportrait\/","og_locale":"en_US","og_type":"article","og_title":"AUTOPORTRAIT - Librairie 7L","og_description":"N\u00e9 \u00e0 P\u00e9kin dans une famille de grands lettr\u00e9s chinois, Zao Wou-Ki quitte la Chine d&#8217;avant Mao Zedong, apr\u00e8s une formation dans la plus grande \u00e9cole des Beaux-Arts du pays o\u00f9 il a aussi \u00e9t\u00e9 professeur. En 1948, il s&#8217;installe pour deux ans \u00e0 Paris afin d&#8217;\u00e9tudier la peinture fran\u00e7aise. Il noue \u00e0 Montparnasse et [&hellip;]","og_url":"https:\/\/librairie7l.com\/en\/produit\/autoportrait\/","og_site_name":"Librairie 7L","article_modified_time":"2026-04-21T11:34:21+00:00","og_image":[{"width":600,"height":970,"url":"https:\/\/librairie7l.com\/wp-content\/uploads\/2022\/07\/9782818506899_1_75.jpg","type":"image\/jpeg"}],"twitter_card":"summary_large_image","twitter_misc":{"Est. reading time":"1 minute"},"schema":{"@context":"https:\/\/schema.org","@graph":[{"@type":"WebPage","@id":"https:\/\/librairie7l.com\/en\/produit\/autoportrait\/","url":"https:\/\/librairie7l.com\/en\/produit\/autoportrait\/","name":"AUTOPORTRAIT - Librairie 7L","isPartOf":{"@id":"https:\/\/librairie7l.com\/en\/#website"},"datePublished":"2023-05-10T10:13:51+00:00","dateModified":"2026-04-21T11:34:21+00:00","breadcrumb":{"@id":"https:\/\/librairie7l.com\/en\/produit\/autoportrait\/#breadcrumb"},"inLanguage":"en-US","potentialAction":[{"@type":"ReadAction","target":["https:\/\/librairie7l.com\/en\/produit\/autoportrait\/"]}]},{"@type":"BreadcrumbList","@id":"https:\/\/librairie7l.com\/en\/produit\/autoportrait\/#breadcrumb","itemListElement":[{"@type":"ListItem","position":1,"name":"Accueil","item":"https:\/\/librairie7l.com\/en\/"},{"@type":"ListItem","position":2,"name":"Shop","item":"https:\/\/librairie7l.com\/en\/shop\/"},{"@type":"ListItem","position":3,"name":"AUTOPORTRAIT"}]},{"@type":"WebSite","@id":"https:\/\/librairie7l.com\/en\/#website","url":"https:\/\/librairie7l.com\/en\/","name":"Librairie 7L","description":"Librairie fond\u00e9e en 1999 par Karl Lagerfeld \u00e0 Paris","publisher":{"@id":"https:\/\/librairie7l.com\/en\/#organization"},"potentialAction":[{"@type":"SearchAction","target":{"@type":"EntryPoint","urlTemplate":"https:\/\/librairie7l.com\/en\/?s={search_term_string}"},"query-input":"required name=search_term_string"}],"inLanguage":"en-US"},{"@type":"Organization","@id":"https:\/\/librairie7l.com\/en\/#organization","name":"Librairie 7L","url":"https:\/\/librairie7l.com\/en\/","logo":{"@type":"ImageObject","inLanguage":"en-US","@id":"https:\/\/librairie7l.com\/en\/#\/schema\/logo\/image\/","url":"https:\/\/librairie7l.com\/wp-content\/uploads\/2022\/08\/logo-1.png","contentUrl":"https:\/\/librairie7l.com\/wp-content\/uploads\/2022\/08\/logo-1.png","width":227,"height":301,"caption":"Librairie 7L"},"image":{"@id":"https:\/\/librairie7l.com\/en\/#\/schema\/logo\/image\/"}}]}},"_links":{"self":[{"href":"https:\/\/librairie7l.com\/en\/wp-json\/wp\/v2\/product\/26575"}],"collection":[{"href":"https:\/\/librairie7l.com\/en\/wp-json\/wp\/v2\/product"}],"about":[{"href":"https:\/\/librairie7l.com\/en\/wp-json\/wp\/v2\/types\/product"}],"wp:featuredmedia":[{"embeddable":true,"href":"https:\/\/librairie7l.com\/en\/wp-json\/wp\/v2\/media\/26573"}],"wp:attachment":[{"href":"https:\/\/librairie7l.com\/en\/wp-json\/wp\/v2\/media?parent=26575"}],"wp:term":[{"taxonomy":"product_cat","embeddable":true,"href":"https:\/\/librairie7l.com\/en\/wp-json\/wp\/v2\/product_cat?post=26575"},{"taxonomy":"product_tag","embeddable":true,"href":"https:\/\/librairie7l.com\/en\/wp-json\/wp\/v2\/product_tag?post=26575"}],"curies":[{"name":"wp","href":"https:\/\/api.w.org\/{rel}","templated":true}]}}