{"id":26587,"date":"2023-05-10T12:14:13","date_gmt":"2023-05-10T10:14:13","guid":{"rendered":"https:\/\/librairie7l.com\/?post_type=product&#038;p=26587"},"modified":"2026-04-07T09:07:07","modified_gmt":"2026-04-07T07:07:07","slug":"joan-mitchell-2","status":"publish","type":"product","link":"https:\/\/librairie7l.com\/en\/produit\/joan-mitchell-2\/","title":{"rendered":"JOAN MITCHELL"},"content":{"rendered":"<p>Joan Mitchell (1925-1992) n&#8217;a jamais craint d&#8217;exp\u00e9rimenter, cr\u00e9ant de ce fait des oeuvres d&#8217;une beaut\u00e9, d&#8217;une force et d&#8217;une intensit\u00e9 \u00e9motionnelle in\u00e9gal\u00e9es. Retra\u00e7ant le parcours d&#8217;une artiste majeure, cet ouvrage t\u00e9moigne de la fa\u00e7on dont Mitchell a su \u00e9largir le champ de la peinture abstraite et \u00e9claire les contextes qui, de part et d&#8217;autre de l&#8217;Atlantique, l&#8217;ont fa\u00e7onn\u00e9e et ont sous-tendu son parcours. Les somptueuses illustrations qui accompagnent ce livre couvrent l&#8217;ensemble de sa carri\u00e8re &#8211; des exceptionnelles peintures new-yorkaises du d\u00e9but des ann\u00e9es 1950 aux majestueux polyptyques qu&#8217;elle ex\u00e9cutera plus tard en France. Sont reproduits ici des oeuvres iconiques de Mitchell, mais aussi des tableaux rarement vus, des oeuvres sur papier, des carnets de dessins et des photographies documentant sa vie, ses cercles d&#8217;amis et de relations, son environnement quotidien. R\u00e9unissant des textes in\u00e9dits d&#8217;historiens de l&#8217;art et de sp\u00e9cialistes, des analyses d&#8217;oeuvres, des t\u00e9moignages d&#8217;artistes et d&#8217;\u00e9crivains sur l&#8217;itin\u00e9raire de l&#8217;artiste, ce livre s&#8217;organise chronologiquement en dix chapitres, chacun centr\u00e9 sur une suite d&#8217;oeuvres \u00e9troitement reli\u00e9es et r\u00e9v\u00e9latrices d&#8217;un paysage int\u00e9rieur en constante \u00e9volution, color\u00e9 par l&#8217;exp\u00e9rience, les sensations, les souvenirs et un sens profond des lieux. Par les multiples perspectives qu&#8217;il ouvre sur l&#8217;art de Mitchell, sa biographie, son rapport \u00e0 la po\u00e9sie et \u00e0 la musique, cet ouvrage sans pr\u00e9c\u00e9dent est appel\u00e9 \u00e0 devenir la r\u00e9f\u00e9rence incontournable pour ceux qui admirent d\u00e9j\u00e0 Joan Mitchell ainsi que pour ceux qui la d\u00e9couvriront. Cet ouvrage est publi\u00e9 en fran\u00e7ais \u00e0 l&#8217;occasion de la r\u00e9trospective \u00ab Joan Mitchell \u00bb pr\u00e9sent\u00e9e \u00e0 la Fondation Louis Vuitton.<\/p>\n","protected":false},"excerpt":{"rendered":"<p>Joan Mitchell (1925-1992) n&#8217;a jamais craint d&#8217;exp\u00e9rimenter, cr\u00e9ant de ce fait des oeuvres d&#8217;une beaut\u00e9, d&#8217;une force et d&#8217;une intensit\u00e9 \u00e9motionnelle in\u00e9gal\u00e9es. Retra\u00e7ant le parcours d&#8217;une artiste majeure, cet ouvrage t\u00e9moigne de la fa\u00e7on dont Mitchell a su \u00e9largir le champ de la peinture abstraite et \u00e9claire les contextes qui, de part et d&#8217;autre de [&hellip;]<\/p>\n","protected":false},"featured_media":26585,"template":"","meta":[],"product_cat":[55,2948,47,2953],"product_tag":[],"acf":[],"yoast_head":"<!-- This site is optimized with the Yoast SEO plugin v20.11 - https:\/\/yoast.com\/wordpress\/plugins\/seo\/ -->\n<title>JOAN MITCHELL - Librairie 7L<\/title>\n<meta name=\"robots\" content=\"index, follow, max-snippet:-1, max-image-preview:large, max-video-preview:-1\" \/>\n<link rel=\"canonical\" href=\"https:\/\/librairie7l.com\/en\/produit\/joan-mitchell-2\/\" \/>\n<meta property=\"og:locale\" content=\"en_US\" \/>\n<meta property=\"og:type\" content=\"article\" \/>\n<meta property=\"og:title\" content=\"JOAN MITCHELL - Librairie 7L\" \/>\n<meta property=\"og:description\" content=\"Joan Mitchell (1925-1992) n&#8217;a jamais craint d&#8217;exp\u00e9rimenter, cr\u00e9ant de ce fait des oeuvres d&#8217;une beaut\u00e9, d&#8217;une force et d&#8217;une intensit\u00e9 \u00e9motionnelle in\u00e9gal\u00e9es. Retra\u00e7ant le parcours d&#8217;une artiste majeure, cet ouvrage t\u00e9moigne de la fa\u00e7on dont Mitchell a su \u00e9largir le champ de la peinture abstraite et \u00e9claire les contextes qui, de part et d&#8217;autre de [&hellip;]\" \/>\n<meta property=\"og:url\" content=\"https:\/\/librairie7l.com\/en\/produit\/joan-mitchell-2\/\" \/>\n<meta property=\"og:site_name\" content=\"Librairie 7L\" \/>\n<meta property=\"article:modified_time\" content=\"2026-04-07T07:07:07+00:00\" \/>\n<meta property=\"og:image\" content=\"https:\/\/librairie7l.com\/wp-content\/uploads\/2022\/06\/9782754112802_1_75.jpg\" \/>\n\t<meta property=\"og:image:width\" content=\"600\" \/>\n\t<meta property=\"og:image:height\" content=\"683\" \/>\n\t<meta property=\"og:image:type\" content=\"image\/jpeg\" \/>\n<meta name=\"twitter:card\" content=\"summary_large_image\" \/>\n<meta name=\"twitter:label1\" content=\"Est. reading time\" \/>\n\t<meta name=\"twitter:data1\" content=\"1 minute\" \/>\n<script type=\"application\/ld+json\" class=\"yoast-schema-graph\">{\"@context\":\"https:\/\/schema.org\",\"@graph\":[{\"@type\":\"WebPage\",\"@id\":\"https:\/\/librairie7l.com\/en\/produit\/joan-mitchell-2\/\",\"url\":\"https:\/\/librairie7l.com\/en\/produit\/joan-mitchell-2\/\",\"name\":\"JOAN MITCHELL - Librairie 7L\",\"isPartOf\":{\"@id\":\"https:\/\/librairie7l.com\/en\/#website\"},\"datePublished\":\"2023-05-10T10:14:13+00:00\",\"dateModified\":\"2026-04-07T07:07:07+00:00\",\"breadcrumb\":{\"@id\":\"https:\/\/librairie7l.com\/en\/produit\/joan-mitchell-2\/#breadcrumb\"},\"inLanguage\":\"en-US\",\"potentialAction\":[{\"@type\":\"ReadAction\",\"target\":[\"https:\/\/librairie7l.com\/en\/produit\/joan-mitchell-2\/\"]}]},{\"@type\":\"BreadcrumbList\",\"@id\":\"https:\/\/librairie7l.com\/en\/produit\/joan-mitchell-2\/#breadcrumb\",\"itemListElement\":[{\"@type\":\"ListItem\",\"position\":1,\"name\":\"Accueil\",\"item\":\"https:\/\/librairie7l.com\/en\/\"},{\"@type\":\"ListItem\",\"position\":2,\"name\":\"Shop\",\"item\":\"https:\/\/librairie7l.com\/en\/shop\/\"},{\"@type\":\"ListItem\",\"position\":3,\"name\":\"JOAN MITCHELL\"}]},{\"@type\":\"WebSite\",\"@id\":\"https:\/\/librairie7l.com\/en\/#website\",\"url\":\"https:\/\/librairie7l.com\/en\/\",\"name\":\"Librairie 7L\",\"description\":\"Librairie fond\u00e9e en 1999 par Karl Lagerfeld \u00e0 Paris\",\"publisher\":{\"@id\":\"https:\/\/librairie7l.com\/en\/#organization\"},\"potentialAction\":[{\"@type\":\"SearchAction\",\"target\":{\"@type\":\"EntryPoint\",\"urlTemplate\":\"https:\/\/librairie7l.com\/en\/?s={search_term_string}\"},\"query-input\":\"required name=search_term_string\"}],\"inLanguage\":\"en-US\"},{\"@type\":\"Organization\",\"@id\":\"https:\/\/librairie7l.com\/en\/#organization\",\"name\":\"Librairie 7L\",\"url\":\"https:\/\/librairie7l.com\/en\/\",\"logo\":{\"@type\":\"ImageObject\",\"inLanguage\":\"en-US\",\"@id\":\"https:\/\/librairie7l.com\/en\/#\/schema\/logo\/image\/\",\"url\":\"https:\/\/librairie7l.com\/wp-content\/uploads\/2022\/08\/logo-1.png\",\"contentUrl\":\"https:\/\/librairie7l.com\/wp-content\/uploads\/2022\/08\/logo-1.png\",\"width\":227,\"height\":301,\"caption\":\"Librairie 7L\"},\"image\":{\"@id\":\"https:\/\/librairie7l.com\/en\/#\/schema\/logo\/image\/\"}}]}<\/script>\n<!-- \/ Yoast SEO plugin. -->","yoast_head_json":{"title":"JOAN MITCHELL - Librairie 7L","robots":{"index":"index","follow":"follow","max-snippet":"max-snippet:-1","max-image-preview":"max-image-preview:large","max-video-preview":"max-video-preview:-1"},"canonical":"https:\/\/librairie7l.com\/en\/produit\/joan-mitchell-2\/","og_locale":"en_US","og_type":"article","og_title":"JOAN MITCHELL - Librairie 7L","og_description":"Joan Mitchell (1925-1992) n&#8217;a jamais craint d&#8217;exp\u00e9rimenter, cr\u00e9ant de ce fait des oeuvres d&#8217;une beaut\u00e9, d&#8217;une force et d&#8217;une intensit\u00e9 \u00e9motionnelle in\u00e9gal\u00e9es. Retra\u00e7ant le parcours d&#8217;une artiste majeure, cet ouvrage t\u00e9moigne de la fa\u00e7on dont Mitchell a su \u00e9largir le champ de la peinture abstraite et \u00e9claire les contextes qui, de part et d&#8217;autre de [&hellip;]","og_url":"https:\/\/librairie7l.com\/en\/produit\/joan-mitchell-2\/","og_site_name":"Librairie 7L","article_modified_time":"2026-04-07T07:07:07+00:00","og_image":[{"width":600,"height":683,"url":"https:\/\/librairie7l.com\/wp-content\/uploads\/2022\/06\/9782754112802_1_75.jpg","type":"image\/jpeg"}],"twitter_card":"summary_large_image","twitter_misc":{"Est. reading time":"1 minute"},"schema":{"@context":"https:\/\/schema.org","@graph":[{"@type":"WebPage","@id":"https:\/\/librairie7l.com\/en\/produit\/joan-mitchell-2\/","url":"https:\/\/librairie7l.com\/en\/produit\/joan-mitchell-2\/","name":"JOAN MITCHELL - Librairie 7L","isPartOf":{"@id":"https:\/\/librairie7l.com\/en\/#website"},"datePublished":"2023-05-10T10:14:13+00:00","dateModified":"2026-04-07T07:07:07+00:00","breadcrumb":{"@id":"https:\/\/librairie7l.com\/en\/produit\/joan-mitchell-2\/#breadcrumb"},"inLanguage":"en-US","potentialAction":[{"@type":"ReadAction","target":["https:\/\/librairie7l.com\/en\/produit\/joan-mitchell-2\/"]}]},{"@type":"BreadcrumbList","@id":"https:\/\/librairie7l.com\/en\/produit\/joan-mitchell-2\/#breadcrumb","itemListElement":[{"@type":"ListItem","position":1,"name":"Accueil","item":"https:\/\/librairie7l.com\/en\/"},{"@type":"ListItem","position":2,"name":"Shop","item":"https:\/\/librairie7l.com\/en\/shop\/"},{"@type":"ListItem","position":3,"name":"JOAN MITCHELL"}]},{"@type":"WebSite","@id":"https:\/\/librairie7l.com\/en\/#website","url":"https:\/\/librairie7l.com\/en\/","name":"Librairie 7L","description":"Librairie fond\u00e9e en 1999 par Karl Lagerfeld \u00e0 Paris","publisher":{"@id":"https:\/\/librairie7l.com\/en\/#organization"},"potentialAction":[{"@type":"SearchAction","target":{"@type":"EntryPoint","urlTemplate":"https:\/\/librairie7l.com\/en\/?s={search_term_string}"},"query-input":"required name=search_term_string"}],"inLanguage":"en-US"},{"@type":"Organization","@id":"https:\/\/librairie7l.com\/en\/#organization","name":"Librairie 7L","url":"https:\/\/librairie7l.com\/en\/","logo":{"@type":"ImageObject","inLanguage":"en-US","@id":"https:\/\/librairie7l.com\/en\/#\/schema\/logo\/image\/","url":"https:\/\/librairie7l.com\/wp-content\/uploads\/2022\/08\/logo-1.png","contentUrl":"https:\/\/librairie7l.com\/wp-content\/uploads\/2022\/08\/logo-1.png","width":227,"height":301,"caption":"Librairie 7L"},"image":{"@id":"https:\/\/librairie7l.com\/en\/#\/schema\/logo\/image\/"}}]}},"_links":{"self":[{"href":"https:\/\/librairie7l.com\/en\/wp-json\/wp\/v2\/product\/26587"}],"collection":[{"href":"https:\/\/librairie7l.com\/en\/wp-json\/wp\/v2\/product"}],"about":[{"href":"https:\/\/librairie7l.com\/en\/wp-json\/wp\/v2\/types\/product"}],"wp:featuredmedia":[{"embeddable":true,"href":"https:\/\/librairie7l.com\/en\/wp-json\/wp\/v2\/media\/26585"}],"wp:attachment":[{"href":"https:\/\/librairie7l.com\/en\/wp-json\/wp\/v2\/media?parent=26587"}],"wp:term":[{"taxonomy":"product_cat","embeddable":true,"href":"https:\/\/librairie7l.com\/en\/wp-json\/wp\/v2\/product_cat?post=26587"},{"taxonomy":"product_tag","embeddable":true,"href":"https:\/\/librairie7l.com\/en\/wp-json\/wp\/v2\/product_tag?post=26587"}],"curies":[{"name":"wp","href":"https:\/\/api.w.org\/{rel}","templated":true}]}}