{"id":26591,"date":"2023-05-10T12:14:17","date_gmt":"2023-05-10T10:14:17","guid":{"rendered":"https:\/\/librairie7l.com\/?post_type=product&#038;p=26591"},"modified":"2026-04-13T18:13:06","modified_gmt":"2026-04-13T16:13:06","slug":"alice-neel-2","status":"publish","type":"product","link":"https:\/\/librairie7l.com\/en\/produit\/alice-neel-2\/","title":{"rendered":"ALICE NEEL"},"content":{"rendered":"<p>Ce livre raconte l&#8217;histoire d&#8217;Alice Neel (1900-1984), peintre am\u00e9ricaine qui a obstin\u00e9ment peint une infinie vari\u00e9t\u00e9 de personnages. Ses tableaux vont au fond des \u00e2mes de ceux qu&#8217;elle repr\u00e9sente, traduisent leurs doutes, leurs fragilit\u00e9s, leurs fiert\u00e9s et leurs \u00e9motions. Les contorsions de ses lignes et le feu de ses couleurs v\u00e9hiculent des v\u00e9rit\u00e9s humaines silencieuses et les vibrations de la vie.Cette courte biographie illustr\u00e9e propose de faire d\u00e9couvrir l&#8217;oeuvre d&#8217;une artiste encore mal connue en France, qui a travers\u00e9 les avant-gardes du XXe, si\u00e8cle en poursuivant son chemin singulier et libre.<\/p>\n","protected":false},"excerpt":{"rendered":"<p>Ce livre raconte l&#8217;histoire d&#8217;Alice Neel (1900-1984), peintre am\u00e9ricaine qui a obstin\u00e9ment peint une infinie vari\u00e9t\u00e9 de personnages. Ses tableaux vont au fond des \u00e2mes de ceux qu&#8217;elle repr\u00e9sente, traduisent leurs doutes, leurs fragilit\u00e9s, leurs fiert\u00e9s et leurs \u00e9motions. Les contorsions de ses lignes et le feu de ses couleurs v\u00e9hiculent des v\u00e9rit\u00e9s humaines silencieuses [&hellip;]<\/p>\n","protected":false},"featured_media":26589,"template":"","meta":[],"product_cat":[55,2948,47,2953],"product_tag":[],"acf":[],"yoast_head":"<!-- This site is optimized with the Yoast SEO plugin v20.11 - https:\/\/yoast.com\/wordpress\/plugins\/seo\/ -->\n<title>ALICE NEEL - Librairie 7L<\/title>\n<meta name=\"robots\" content=\"index, follow, max-snippet:-1, max-image-preview:large, max-video-preview:-1\" \/>\n<link rel=\"canonical\" href=\"https:\/\/librairie7l.com\/en\/produit\/alice-neel-2\/\" \/>\n<meta property=\"og:locale\" content=\"en_US\" \/>\n<meta property=\"og:type\" content=\"article\" \/>\n<meta property=\"og:title\" content=\"ALICE NEEL - Librairie 7L\" \/>\n<meta property=\"og:description\" content=\"Ce livre raconte l&#8217;histoire d&#8217;Alice Neel (1900-1984), peintre am\u00e9ricaine qui a obstin\u00e9ment peint une infinie vari\u00e9t\u00e9 de personnages. Ses tableaux vont au fond des \u00e2mes de ceux qu&#8217;elle repr\u00e9sente, traduisent leurs doutes, leurs fragilit\u00e9s, leurs fiert\u00e9s et leurs \u00e9motions. Les contorsions de ses lignes et le feu de ses couleurs v\u00e9hiculent des v\u00e9rit\u00e9s humaines silencieuses [&hellip;]\" \/>\n<meta property=\"og:url\" content=\"https:\/\/librairie7l.com\/en\/produit\/alice-neel-2\/\" \/>\n<meta property=\"og:site_name\" content=\"Librairie 7L\" \/>\n<meta property=\"article:modified_time\" content=\"2026-04-13T16:13:06+00:00\" \/>\n<meta property=\"og:image\" content=\"https:\/\/librairie7l.com\/wp-content\/uploads\/2022\/07\/9782080295484_1_75.jpg\" \/>\n\t<meta property=\"og:image:width\" content=\"600\" \/>\n\t<meta property=\"og:image:height\" content=\"826\" \/>\n\t<meta property=\"og:image:type\" content=\"image\/jpeg\" \/>\n<meta name=\"twitter:card\" content=\"summary_large_image\" \/>\n<meta name=\"twitter:label1\" content=\"Est. reading time\" \/>\n\t<meta name=\"twitter:data1\" content=\"1 minute\" \/>\n<script type=\"application\/ld+json\" class=\"yoast-schema-graph\">{\"@context\":\"https:\/\/schema.org\",\"@graph\":[{\"@type\":\"WebPage\",\"@id\":\"https:\/\/librairie7l.com\/en\/produit\/alice-neel-2\/\",\"url\":\"https:\/\/librairie7l.com\/en\/produit\/alice-neel-2\/\",\"name\":\"ALICE NEEL - Librairie 7L\",\"isPartOf\":{\"@id\":\"https:\/\/librairie7l.com\/en\/#website\"},\"datePublished\":\"2023-05-10T10:14:17+00:00\",\"dateModified\":\"2026-04-13T16:13:06+00:00\",\"breadcrumb\":{\"@id\":\"https:\/\/librairie7l.com\/en\/produit\/alice-neel-2\/#breadcrumb\"},\"inLanguage\":\"en-US\",\"potentialAction\":[{\"@type\":\"ReadAction\",\"target\":[\"https:\/\/librairie7l.com\/en\/produit\/alice-neel-2\/\"]}]},{\"@type\":\"BreadcrumbList\",\"@id\":\"https:\/\/librairie7l.com\/en\/produit\/alice-neel-2\/#breadcrumb\",\"itemListElement\":[{\"@type\":\"ListItem\",\"position\":1,\"name\":\"Accueil\",\"item\":\"https:\/\/librairie7l.com\/en\/\"},{\"@type\":\"ListItem\",\"position\":2,\"name\":\"Shop\",\"item\":\"https:\/\/librairie7l.com\/en\/shop\/\"},{\"@type\":\"ListItem\",\"position\":3,\"name\":\"ALICE NEEL\"}]},{\"@type\":\"WebSite\",\"@id\":\"https:\/\/librairie7l.com\/en\/#website\",\"url\":\"https:\/\/librairie7l.com\/en\/\",\"name\":\"Librairie 7L\",\"description\":\"Librairie fond\u00e9e en 1999 par Karl Lagerfeld \u00e0 Paris\",\"publisher\":{\"@id\":\"https:\/\/librairie7l.com\/en\/#organization\"},\"potentialAction\":[{\"@type\":\"SearchAction\",\"target\":{\"@type\":\"EntryPoint\",\"urlTemplate\":\"https:\/\/librairie7l.com\/en\/?s={search_term_string}\"},\"query-input\":\"required name=search_term_string\"}],\"inLanguage\":\"en-US\"},{\"@type\":\"Organization\",\"@id\":\"https:\/\/librairie7l.com\/en\/#organization\",\"name\":\"Librairie 7L\",\"url\":\"https:\/\/librairie7l.com\/en\/\",\"logo\":{\"@type\":\"ImageObject\",\"inLanguage\":\"en-US\",\"@id\":\"https:\/\/librairie7l.com\/en\/#\/schema\/logo\/image\/\",\"url\":\"https:\/\/librairie7l.com\/wp-content\/uploads\/2022\/08\/logo-1.png\",\"contentUrl\":\"https:\/\/librairie7l.com\/wp-content\/uploads\/2022\/08\/logo-1.png\",\"width\":227,\"height\":301,\"caption\":\"Librairie 7L\"},\"image\":{\"@id\":\"https:\/\/librairie7l.com\/en\/#\/schema\/logo\/image\/\"}}]}<\/script>\n<!-- \/ Yoast SEO plugin. -->","yoast_head_json":{"title":"ALICE NEEL - Librairie 7L","robots":{"index":"index","follow":"follow","max-snippet":"max-snippet:-1","max-image-preview":"max-image-preview:large","max-video-preview":"max-video-preview:-1"},"canonical":"https:\/\/librairie7l.com\/en\/produit\/alice-neel-2\/","og_locale":"en_US","og_type":"article","og_title":"ALICE NEEL - Librairie 7L","og_description":"Ce livre raconte l&#8217;histoire d&#8217;Alice Neel (1900-1984), peintre am\u00e9ricaine qui a obstin\u00e9ment peint une infinie vari\u00e9t\u00e9 de personnages. Ses tableaux vont au fond des \u00e2mes de ceux qu&#8217;elle repr\u00e9sente, traduisent leurs doutes, leurs fragilit\u00e9s, leurs fiert\u00e9s et leurs \u00e9motions. Les contorsions de ses lignes et le feu de ses couleurs v\u00e9hiculent des v\u00e9rit\u00e9s humaines silencieuses [&hellip;]","og_url":"https:\/\/librairie7l.com\/en\/produit\/alice-neel-2\/","og_site_name":"Librairie 7L","article_modified_time":"2026-04-13T16:13:06+00:00","og_image":[{"width":600,"height":826,"url":"https:\/\/librairie7l.com\/wp-content\/uploads\/2022\/07\/9782080295484_1_75.jpg","type":"image\/jpeg"}],"twitter_card":"summary_large_image","twitter_misc":{"Est. reading time":"1 minute"},"schema":{"@context":"https:\/\/schema.org","@graph":[{"@type":"WebPage","@id":"https:\/\/librairie7l.com\/en\/produit\/alice-neel-2\/","url":"https:\/\/librairie7l.com\/en\/produit\/alice-neel-2\/","name":"ALICE NEEL - Librairie 7L","isPartOf":{"@id":"https:\/\/librairie7l.com\/en\/#website"},"datePublished":"2023-05-10T10:14:17+00:00","dateModified":"2026-04-13T16:13:06+00:00","breadcrumb":{"@id":"https:\/\/librairie7l.com\/en\/produit\/alice-neel-2\/#breadcrumb"},"inLanguage":"en-US","potentialAction":[{"@type":"ReadAction","target":["https:\/\/librairie7l.com\/en\/produit\/alice-neel-2\/"]}]},{"@type":"BreadcrumbList","@id":"https:\/\/librairie7l.com\/en\/produit\/alice-neel-2\/#breadcrumb","itemListElement":[{"@type":"ListItem","position":1,"name":"Accueil","item":"https:\/\/librairie7l.com\/en\/"},{"@type":"ListItem","position":2,"name":"Shop","item":"https:\/\/librairie7l.com\/en\/shop\/"},{"@type":"ListItem","position":3,"name":"ALICE NEEL"}]},{"@type":"WebSite","@id":"https:\/\/librairie7l.com\/en\/#website","url":"https:\/\/librairie7l.com\/en\/","name":"Librairie 7L","description":"Librairie fond\u00e9e en 1999 par Karl Lagerfeld \u00e0 Paris","publisher":{"@id":"https:\/\/librairie7l.com\/en\/#organization"},"potentialAction":[{"@type":"SearchAction","target":{"@type":"EntryPoint","urlTemplate":"https:\/\/librairie7l.com\/en\/?s={search_term_string}"},"query-input":"required name=search_term_string"}],"inLanguage":"en-US"},{"@type":"Organization","@id":"https:\/\/librairie7l.com\/en\/#organization","name":"Librairie 7L","url":"https:\/\/librairie7l.com\/en\/","logo":{"@type":"ImageObject","inLanguage":"en-US","@id":"https:\/\/librairie7l.com\/en\/#\/schema\/logo\/image\/","url":"https:\/\/librairie7l.com\/wp-content\/uploads\/2022\/08\/logo-1.png","contentUrl":"https:\/\/librairie7l.com\/wp-content\/uploads\/2022\/08\/logo-1.png","width":227,"height":301,"caption":"Librairie 7L"},"image":{"@id":"https:\/\/librairie7l.com\/en\/#\/schema\/logo\/image\/"}}]}},"_links":{"self":[{"href":"https:\/\/librairie7l.com\/en\/wp-json\/wp\/v2\/product\/26591"}],"collection":[{"href":"https:\/\/librairie7l.com\/en\/wp-json\/wp\/v2\/product"}],"about":[{"href":"https:\/\/librairie7l.com\/en\/wp-json\/wp\/v2\/types\/product"}],"wp:featuredmedia":[{"embeddable":true,"href":"https:\/\/librairie7l.com\/en\/wp-json\/wp\/v2\/media\/26589"}],"wp:attachment":[{"href":"https:\/\/librairie7l.com\/en\/wp-json\/wp\/v2\/media?parent=26591"}],"wp:term":[{"taxonomy":"product_cat","embeddable":true,"href":"https:\/\/librairie7l.com\/en\/wp-json\/wp\/v2\/product_cat?post=26591"},{"taxonomy":"product_tag","embeddable":true,"href":"https:\/\/librairie7l.com\/en\/wp-json\/wp\/v2\/product_tag?post=26591"}],"curies":[{"name":"wp","href":"https:\/\/api.w.org\/{rel}","templated":true}]}}