{"id":26595,"date":"2023-05-10T12:14:23","date_gmt":"2023-05-10T10:14:23","guid":{"rendered":"https:\/\/librairie7l.com\/?post_type=product&#038;p=26595"},"modified":"2026-05-05T06:51:33","modified_gmt":"2026-05-05T04:51:33","slug":"les-italiens","status":"publish","type":"product","link":"https:\/\/librairie7l.com\/en\/produit\/les-italiens\/","title":{"rendered":"LES ITALIENS"},"content":{"rendered":"<p>Au d\u00e9but des ann\u00e9es 1960, Bruno Barbey, cherchant \u00e0 d\u00e9peindre les Italiens, photographie toutes les couches de la soci\u00e9t\u00e9 dans la rue comme dans les int\u00e9rieurs. Le jeune photographe pr\u00e9sente cet ensemble d&#8217;images \u00e0 Robert Delpire qui propose aussit\u00f4t de les publier dans la s\u00e9rie \u00ab Encyclop\u00e9die essentielle \u00bb, une collection de livres juxtaposant textes et images, qui comprenait d\u00e9j\u00e0 Les Am\u00e9ricains de Robert Frank (1958) et Les Allemands de Ren\u00e9 Burri (1962). Les circonstances d&#8217;alors emp\u00eachent la r\u00e9alisation du livre, mais le portfolio de photographies italiennes convainc les membres de l&#8217;agence Magnum Photos du potentiel du jeune Barbey, rapidement accept\u00e9 dans la coop\u00e9rative. Apr\u00e8s des d\u00e9cennies de travail et de nombreux volumes sur d&#8217;autres pays, Barbey a finalement publi\u00e9 une premi\u00e8re version de ce travail en 2002, avec une introduction de Tahar Ben Jelloun, depuis longtemps \u00e9puis\u00e9e.<br \/>\nLa pr\u00e9sente \u00e9dition est un retour \u00e0 l&#8217;id\u00e9e originale de Robert Delpire, dans un format r\u00e9duit co\u00efncidant avec l&#8217;\u00e9dition des Am\u00e9ricains et celle \u00e0 venir des Allemands (2023).<\/p>\n","protected":false},"excerpt":{"rendered":"<p>Au d\u00e9but des ann\u00e9es 1960, Bruno Barbey, cherchant \u00e0 d\u00e9peindre les Italiens, photographie toutes les couches de la soci\u00e9t\u00e9 dans la rue comme dans les int\u00e9rieurs. Le jeune photographe pr\u00e9sente cet ensemble d&#8217;images \u00e0 Robert Delpire qui propose aussit\u00f4t de les publier dans la s\u00e9rie \u00ab Encyclop\u00e9die essentielle \u00bb, une collection de livres juxtaposant textes [&hellip;]<\/p>\n","protected":false},"featured_media":26593,"template":"","meta":[],"product_cat":[55,2948,2958,17],"product_tag":[],"acf":[],"yoast_head":"<!-- This site is optimized with the Yoast SEO plugin v20.11 - https:\/\/yoast.com\/wordpress\/plugins\/seo\/ -->\n<title>LES ITALIENS - Librairie 7L<\/title>\n<meta name=\"robots\" content=\"index, follow, max-snippet:-1, max-image-preview:large, max-video-preview:-1\" \/>\n<link rel=\"canonical\" href=\"https:\/\/librairie7l.com\/en\/produit\/les-italiens\/\" \/>\n<meta property=\"og:locale\" content=\"en_US\" \/>\n<meta property=\"og:type\" content=\"article\" \/>\n<meta property=\"og:title\" content=\"LES ITALIENS - Librairie 7L\" \/>\n<meta property=\"og:description\" content=\"Au d\u00e9but des ann\u00e9es 1960, Bruno Barbey, cherchant \u00e0 d\u00e9peindre les Italiens, photographie toutes les couches de la soci\u00e9t\u00e9 dans la rue comme dans les int\u00e9rieurs. Le jeune photographe pr\u00e9sente cet ensemble d&#8217;images \u00e0 Robert Delpire qui propose aussit\u00f4t de les publier dans la s\u00e9rie \u00ab Encyclop\u00e9die essentielle \u00bb, une collection de livres juxtaposant textes [&hellip;]\" \/>\n<meta property=\"og:url\" content=\"https:\/\/librairie7l.com\/en\/produit\/les-italiens\/\" \/>\n<meta property=\"og:site_name\" content=\"Librairie 7L\" \/>\n<meta property=\"article:modified_time\" content=\"2026-05-05T04:51:33+00:00\" \/>\n<meta property=\"og:image\" content=\"https:\/\/librairie7l.com\/wp-content\/uploads\/2022\/06\/9791095821526_1_75.jpg\" \/>\n\t<meta property=\"og:image:width\" content=\"400\" \/>\n\t<meta property=\"og:image:height\" content=\"360\" \/>\n\t<meta property=\"og:image:type\" content=\"image\/jpeg\" \/>\n<meta name=\"twitter:card\" content=\"summary_large_image\" \/>\n<meta name=\"twitter:label1\" content=\"Est. reading time\" \/>\n\t<meta name=\"twitter:data1\" content=\"1 minute\" \/>\n<script type=\"application\/ld+json\" class=\"yoast-schema-graph\">{\"@context\":\"https:\/\/schema.org\",\"@graph\":[{\"@type\":\"WebPage\",\"@id\":\"https:\/\/librairie7l.com\/en\/produit\/les-italiens\/\",\"url\":\"https:\/\/librairie7l.com\/en\/produit\/les-italiens\/\",\"name\":\"LES ITALIENS - Librairie 7L\",\"isPartOf\":{\"@id\":\"https:\/\/librairie7l.com\/en\/#website\"},\"datePublished\":\"2023-05-10T10:14:23+00:00\",\"dateModified\":\"2026-05-05T04:51:33+00:00\",\"breadcrumb\":{\"@id\":\"https:\/\/librairie7l.com\/en\/produit\/les-italiens\/#breadcrumb\"},\"inLanguage\":\"en-US\",\"potentialAction\":[{\"@type\":\"ReadAction\",\"target\":[\"https:\/\/librairie7l.com\/en\/produit\/les-italiens\/\"]}]},{\"@type\":\"BreadcrumbList\",\"@id\":\"https:\/\/librairie7l.com\/en\/produit\/les-italiens\/#breadcrumb\",\"itemListElement\":[{\"@type\":\"ListItem\",\"position\":1,\"name\":\"Accueil\",\"item\":\"https:\/\/librairie7l.com\/en\/\"},{\"@type\":\"ListItem\",\"position\":2,\"name\":\"Shop\",\"item\":\"https:\/\/librairie7l.com\/en\/shop\/\"},{\"@type\":\"ListItem\",\"position\":3,\"name\":\"LES ITALIENS\"}]},{\"@type\":\"WebSite\",\"@id\":\"https:\/\/librairie7l.com\/en\/#website\",\"url\":\"https:\/\/librairie7l.com\/en\/\",\"name\":\"Librairie 7L\",\"description\":\"Librairie fond\u00e9e en 1999 par Karl Lagerfeld \u00e0 Paris\",\"publisher\":{\"@id\":\"https:\/\/librairie7l.com\/en\/#organization\"},\"potentialAction\":[{\"@type\":\"SearchAction\",\"target\":{\"@type\":\"EntryPoint\",\"urlTemplate\":\"https:\/\/librairie7l.com\/en\/?s={search_term_string}\"},\"query-input\":\"required name=search_term_string\"}],\"inLanguage\":\"en-US\"},{\"@type\":\"Organization\",\"@id\":\"https:\/\/librairie7l.com\/en\/#organization\",\"name\":\"Librairie 7L\",\"url\":\"https:\/\/librairie7l.com\/en\/\",\"logo\":{\"@type\":\"ImageObject\",\"inLanguage\":\"en-US\",\"@id\":\"https:\/\/librairie7l.com\/en\/#\/schema\/logo\/image\/\",\"url\":\"https:\/\/librairie7l.com\/wp-content\/uploads\/2022\/08\/logo-1.png\",\"contentUrl\":\"https:\/\/librairie7l.com\/wp-content\/uploads\/2022\/08\/logo-1.png\",\"width\":227,\"height\":301,\"caption\":\"Librairie 7L\"},\"image\":{\"@id\":\"https:\/\/librairie7l.com\/en\/#\/schema\/logo\/image\/\"}}]}<\/script>\n<!-- \/ Yoast SEO plugin. -->","yoast_head_json":{"title":"LES ITALIENS - Librairie 7L","robots":{"index":"index","follow":"follow","max-snippet":"max-snippet:-1","max-image-preview":"max-image-preview:large","max-video-preview":"max-video-preview:-1"},"canonical":"https:\/\/librairie7l.com\/en\/produit\/les-italiens\/","og_locale":"en_US","og_type":"article","og_title":"LES ITALIENS - Librairie 7L","og_description":"Au d\u00e9but des ann\u00e9es 1960, Bruno Barbey, cherchant \u00e0 d\u00e9peindre les Italiens, photographie toutes les couches de la soci\u00e9t\u00e9 dans la rue comme dans les int\u00e9rieurs. Le jeune photographe pr\u00e9sente cet ensemble d&#8217;images \u00e0 Robert Delpire qui propose aussit\u00f4t de les publier dans la s\u00e9rie \u00ab Encyclop\u00e9die essentielle \u00bb, une collection de livres juxtaposant textes [&hellip;]","og_url":"https:\/\/librairie7l.com\/en\/produit\/les-italiens\/","og_site_name":"Librairie 7L","article_modified_time":"2026-05-05T04:51:33+00:00","og_image":[{"width":400,"height":360,"url":"https:\/\/librairie7l.com\/wp-content\/uploads\/2022\/06\/9791095821526_1_75.jpg","type":"image\/jpeg"}],"twitter_card":"summary_large_image","twitter_misc":{"Est. reading time":"1 minute"},"schema":{"@context":"https:\/\/schema.org","@graph":[{"@type":"WebPage","@id":"https:\/\/librairie7l.com\/en\/produit\/les-italiens\/","url":"https:\/\/librairie7l.com\/en\/produit\/les-italiens\/","name":"LES ITALIENS - Librairie 7L","isPartOf":{"@id":"https:\/\/librairie7l.com\/en\/#website"},"datePublished":"2023-05-10T10:14:23+00:00","dateModified":"2026-05-05T04:51:33+00:00","breadcrumb":{"@id":"https:\/\/librairie7l.com\/en\/produit\/les-italiens\/#breadcrumb"},"inLanguage":"en-US","potentialAction":[{"@type":"ReadAction","target":["https:\/\/librairie7l.com\/en\/produit\/les-italiens\/"]}]},{"@type":"BreadcrumbList","@id":"https:\/\/librairie7l.com\/en\/produit\/les-italiens\/#breadcrumb","itemListElement":[{"@type":"ListItem","position":1,"name":"Accueil","item":"https:\/\/librairie7l.com\/en\/"},{"@type":"ListItem","position":2,"name":"Shop","item":"https:\/\/librairie7l.com\/en\/shop\/"},{"@type":"ListItem","position":3,"name":"LES ITALIENS"}]},{"@type":"WebSite","@id":"https:\/\/librairie7l.com\/en\/#website","url":"https:\/\/librairie7l.com\/en\/","name":"Librairie 7L","description":"Librairie fond\u00e9e en 1999 par Karl Lagerfeld \u00e0 Paris","publisher":{"@id":"https:\/\/librairie7l.com\/en\/#organization"},"potentialAction":[{"@type":"SearchAction","target":{"@type":"EntryPoint","urlTemplate":"https:\/\/librairie7l.com\/en\/?s={search_term_string}"},"query-input":"required name=search_term_string"}],"inLanguage":"en-US"},{"@type":"Organization","@id":"https:\/\/librairie7l.com\/en\/#organization","name":"Librairie 7L","url":"https:\/\/librairie7l.com\/en\/","logo":{"@type":"ImageObject","inLanguage":"en-US","@id":"https:\/\/librairie7l.com\/en\/#\/schema\/logo\/image\/","url":"https:\/\/librairie7l.com\/wp-content\/uploads\/2022\/08\/logo-1.png","contentUrl":"https:\/\/librairie7l.com\/wp-content\/uploads\/2022\/08\/logo-1.png","width":227,"height":301,"caption":"Librairie 7L"},"image":{"@id":"https:\/\/librairie7l.com\/en\/#\/schema\/logo\/image\/"}}]}},"_links":{"self":[{"href":"https:\/\/librairie7l.com\/en\/wp-json\/wp\/v2\/product\/26595"}],"collection":[{"href":"https:\/\/librairie7l.com\/en\/wp-json\/wp\/v2\/product"}],"about":[{"href":"https:\/\/librairie7l.com\/en\/wp-json\/wp\/v2\/types\/product"}],"wp:featuredmedia":[{"embeddable":true,"href":"https:\/\/librairie7l.com\/en\/wp-json\/wp\/v2\/media\/26593"}],"wp:attachment":[{"href":"https:\/\/librairie7l.com\/en\/wp-json\/wp\/v2\/media?parent=26595"}],"wp:term":[{"taxonomy":"product_cat","embeddable":true,"href":"https:\/\/librairie7l.com\/en\/wp-json\/wp\/v2\/product_cat?post=26595"},{"taxonomy":"product_tag","embeddable":true,"href":"https:\/\/librairie7l.com\/en\/wp-json\/wp\/v2\/product_tag?post=26595"}],"curies":[{"name":"wp","href":"https:\/\/api.w.org\/{rel}","templated":true}]}}