{"id":26599,"date":"2023-05-10T12:14:28","date_gmt":"2023-05-10T10:14:28","guid":{"rendered":"https:\/\/librairie7l.com\/?post_type=product&#038;p=26599"},"modified":"2026-05-05T06:53:31","modified_gmt":"2026-05-05T04:53:31","slug":"luxuriante-nature","status":"publish","type":"product","link":"https:\/\/librairie7l.com\/en\/produit\/luxuriante-nature\/","title":{"rendered":"LUXURIANTE NATURE"},"content":{"rendered":"<p>\u00ab \u00c0 l&#8217;heure o\u00f9 expression po\u00e9tique et virtuosit\u00e9 technique ont, semble-t- il, perdu de leur port\u00e9e, Micha\u00ebl Cailloux imagine un univers luxuriant plein de sensibilit\u00e9, empreint d&#8217;un raffinement extr\u00eame et non d\u00e9nu\u00e9 d&#8217;humour. Ses songeries f\u00e9eriques, magnifi\u00e9es par un jeu formel et chromatique, refl\u00e8tent la richesse de son imaginaire, tandis que ses mises en sc\u00e8ne ludiques et sophistiqu\u00e9es nous convient \u00e0 \u00e9laborer nos propres narrations en jouant avec ses histoires. \u00bb.<\/p>\n<p>Julia Hountou<\/p>\n","protected":false},"excerpt":{"rendered":"<p>\u00ab \u00c0 l&#8217;heure o\u00f9 expression po\u00e9tique et virtuosit\u00e9 technique ont, semble-t- il, perdu de leur port\u00e9e, Micha\u00ebl Cailloux imagine un univers luxuriant plein de sensibilit\u00e9, empreint d&#8217;un raffinement extr\u00eame et non d\u00e9nu\u00e9 d&#8217;humour. Ses songeries f\u00e9eriques, magnifi\u00e9es par un jeu formel et chromatique, refl\u00e8tent la richesse de son imaginaire, tandis que ses mises en sc\u00e8ne [&hellip;]<\/p>\n","protected":false},"featured_media":26597,"template":"","meta":[],"product_cat":[55,2948,2956,23],"product_tag":[],"acf":[],"yoast_head":"<!-- This site is optimized with the Yoast SEO plugin v20.11 - https:\/\/yoast.com\/wordpress\/plugins\/seo\/ -->\n<title>LUXURIANTE NATURE - Librairie 7L<\/title>\n<meta name=\"robots\" content=\"index, follow, max-snippet:-1, max-image-preview:large, max-video-preview:-1\" \/>\n<link rel=\"canonical\" href=\"https:\/\/librairie7l.com\/en\/produit\/luxuriante-nature\/\" \/>\n<meta property=\"og:locale\" content=\"en_US\" \/>\n<meta property=\"og:type\" content=\"article\" \/>\n<meta property=\"og:title\" content=\"LUXURIANTE NATURE - Librairie 7L\" \/>\n<meta property=\"og:description\" content=\"\u00ab \u00c0 l&#8217;heure o\u00f9 expression po\u00e9tique et virtuosit\u00e9 technique ont, semble-t- il, perdu de leur port\u00e9e, Micha\u00ebl Cailloux imagine un univers luxuriant plein de sensibilit\u00e9, empreint d&#8217;un raffinement extr\u00eame et non d\u00e9nu\u00e9 d&#8217;humour. Ses songeries f\u00e9eriques, magnifi\u00e9es par un jeu formel et chromatique, refl\u00e8tent la richesse de son imaginaire, tandis que ses mises en sc\u00e8ne [&hellip;]\" \/>\n<meta property=\"og:url\" content=\"https:\/\/librairie7l.com\/en\/produit\/luxuriante-nature\/\" \/>\n<meta property=\"og:site_name\" content=\"Librairie 7L\" \/>\n<meta property=\"article:modified_time\" content=\"2026-05-05T04:53:31+00:00\" \/>\n<meta property=\"og:image\" content=\"https:\/\/librairie7l.com\/wp-content\/uploads\/2022\/06\/9782603029640_1_75.jpg\" \/>\n\t<meta property=\"og:image:width\" content=\"600\" \/>\n\t<meta property=\"og:image:height\" content=\"750\" \/>\n\t<meta property=\"og:image:type\" content=\"image\/jpeg\" \/>\n<meta name=\"twitter:card\" content=\"summary_large_image\" \/>\n<script type=\"application\/ld+json\" class=\"yoast-schema-graph\">{\"@context\":\"https:\/\/schema.org\",\"@graph\":[{\"@type\":\"WebPage\",\"@id\":\"https:\/\/librairie7l.com\/en\/produit\/luxuriante-nature\/\",\"url\":\"https:\/\/librairie7l.com\/en\/produit\/luxuriante-nature\/\",\"name\":\"LUXURIANTE NATURE - Librairie 7L\",\"isPartOf\":{\"@id\":\"https:\/\/librairie7l.com\/en\/#website\"},\"datePublished\":\"2023-05-10T10:14:28+00:00\",\"dateModified\":\"2026-05-05T04:53:31+00:00\",\"breadcrumb\":{\"@id\":\"https:\/\/librairie7l.com\/en\/produit\/luxuriante-nature\/#breadcrumb\"},\"inLanguage\":\"en-US\",\"potentialAction\":[{\"@type\":\"ReadAction\",\"target\":[\"https:\/\/librairie7l.com\/en\/produit\/luxuriante-nature\/\"]}]},{\"@type\":\"BreadcrumbList\",\"@id\":\"https:\/\/librairie7l.com\/en\/produit\/luxuriante-nature\/#breadcrumb\",\"itemListElement\":[{\"@type\":\"ListItem\",\"position\":1,\"name\":\"Accueil\",\"item\":\"https:\/\/librairie7l.com\/en\/\"},{\"@type\":\"ListItem\",\"position\":2,\"name\":\"Shop\",\"item\":\"https:\/\/librairie7l.com\/en\/shop\/\"},{\"@type\":\"ListItem\",\"position\":3,\"name\":\"LUXURIANTE NATURE\"}]},{\"@type\":\"WebSite\",\"@id\":\"https:\/\/librairie7l.com\/en\/#website\",\"url\":\"https:\/\/librairie7l.com\/en\/\",\"name\":\"Librairie 7L\",\"description\":\"Librairie fond\u00e9e en 1999 par Karl Lagerfeld \u00e0 Paris\",\"publisher\":{\"@id\":\"https:\/\/librairie7l.com\/en\/#organization\"},\"potentialAction\":[{\"@type\":\"SearchAction\",\"target\":{\"@type\":\"EntryPoint\",\"urlTemplate\":\"https:\/\/librairie7l.com\/en\/?s={search_term_string}\"},\"query-input\":\"required name=search_term_string\"}],\"inLanguage\":\"en-US\"},{\"@type\":\"Organization\",\"@id\":\"https:\/\/librairie7l.com\/en\/#organization\",\"name\":\"Librairie 7L\",\"url\":\"https:\/\/librairie7l.com\/en\/\",\"logo\":{\"@type\":\"ImageObject\",\"inLanguage\":\"en-US\",\"@id\":\"https:\/\/librairie7l.com\/en\/#\/schema\/logo\/image\/\",\"url\":\"https:\/\/librairie7l.com\/wp-content\/uploads\/2022\/08\/logo-1.png\",\"contentUrl\":\"https:\/\/librairie7l.com\/wp-content\/uploads\/2022\/08\/logo-1.png\",\"width\":227,\"height\":301,\"caption\":\"Librairie 7L\"},\"image\":{\"@id\":\"https:\/\/librairie7l.com\/en\/#\/schema\/logo\/image\/\"}}]}<\/script>\n<!-- \/ Yoast SEO plugin. -->","yoast_head_json":{"title":"LUXURIANTE NATURE - Librairie 7L","robots":{"index":"index","follow":"follow","max-snippet":"max-snippet:-1","max-image-preview":"max-image-preview:large","max-video-preview":"max-video-preview:-1"},"canonical":"https:\/\/librairie7l.com\/en\/produit\/luxuriante-nature\/","og_locale":"en_US","og_type":"article","og_title":"LUXURIANTE NATURE - Librairie 7L","og_description":"\u00ab \u00c0 l&#8217;heure o\u00f9 expression po\u00e9tique et virtuosit\u00e9 technique ont, semble-t- il, perdu de leur port\u00e9e, Micha\u00ebl Cailloux imagine un univers luxuriant plein de sensibilit\u00e9, empreint d&#8217;un raffinement extr\u00eame et non d\u00e9nu\u00e9 d&#8217;humour. Ses songeries f\u00e9eriques, magnifi\u00e9es par un jeu formel et chromatique, refl\u00e8tent la richesse de son imaginaire, tandis que ses mises en sc\u00e8ne [&hellip;]","og_url":"https:\/\/librairie7l.com\/en\/produit\/luxuriante-nature\/","og_site_name":"Librairie 7L","article_modified_time":"2026-05-05T04:53:31+00:00","og_image":[{"width":600,"height":750,"url":"https:\/\/librairie7l.com\/wp-content\/uploads\/2022\/06\/9782603029640_1_75.jpg","type":"image\/jpeg"}],"twitter_card":"summary_large_image","schema":{"@context":"https:\/\/schema.org","@graph":[{"@type":"WebPage","@id":"https:\/\/librairie7l.com\/en\/produit\/luxuriante-nature\/","url":"https:\/\/librairie7l.com\/en\/produit\/luxuriante-nature\/","name":"LUXURIANTE NATURE - Librairie 7L","isPartOf":{"@id":"https:\/\/librairie7l.com\/en\/#website"},"datePublished":"2023-05-10T10:14:28+00:00","dateModified":"2026-05-05T04:53:31+00:00","breadcrumb":{"@id":"https:\/\/librairie7l.com\/en\/produit\/luxuriante-nature\/#breadcrumb"},"inLanguage":"en-US","potentialAction":[{"@type":"ReadAction","target":["https:\/\/librairie7l.com\/en\/produit\/luxuriante-nature\/"]}]},{"@type":"BreadcrumbList","@id":"https:\/\/librairie7l.com\/en\/produit\/luxuriante-nature\/#breadcrumb","itemListElement":[{"@type":"ListItem","position":1,"name":"Accueil","item":"https:\/\/librairie7l.com\/en\/"},{"@type":"ListItem","position":2,"name":"Shop","item":"https:\/\/librairie7l.com\/en\/shop\/"},{"@type":"ListItem","position":3,"name":"LUXURIANTE NATURE"}]},{"@type":"WebSite","@id":"https:\/\/librairie7l.com\/en\/#website","url":"https:\/\/librairie7l.com\/en\/","name":"Librairie 7L","description":"Librairie fond\u00e9e en 1999 par Karl Lagerfeld \u00e0 Paris","publisher":{"@id":"https:\/\/librairie7l.com\/en\/#organization"},"potentialAction":[{"@type":"SearchAction","target":{"@type":"EntryPoint","urlTemplate":"https:\/\/librairie7l.com\/en\/?s={search_term_string}"},"query-input":"required name=search_term_string"}],"inLanguage":"en-US"},{"@type":"Organization","@id":"https:\/\/librairie7l.com\/en\/#organization","name":"Librairie 7L","url":"https:\/\/librairie7l.com\/en\/","logo":{"@type":"ImageObject","inLanguage":"en-US","@id":"https:\/\/librairie7l.com\/en\/#\/schema\/logo\/image\/","url":"https:\/\/librairie7l.com\/wp-content\/uploads\/2022\/08\/logo-1.png","contentUrl":"https:\/\/librairie7l.com\/wp-content\/uploads\/2022\/08\/logo-1.png","width":227,"height":301,"caption":"Librairie 7L"},"image":{"@id":"https:\/\/librairie7l.com\/en\/#\/schema\/logo\/image\/"}}]}},"_links":{"self":[{"href":"https:\/\/librairie7l.com\/en\/wp-json\/wp\/v2\/product\/26599"}],"collection":[{"href":"https:\/\/librairie7l.com\/en\/wp-json\/wp\/v2\/product"}],"about":[{"href":"https:\/\/librairie7l.com\/en\/wp-json\/wp\/v2\/types\/product"}],"wp:featuredmedia":[{"embeddable":true,"href":"https:\/\/librairie7l.com\/en\/wp-json\/wp\/v2\/media\/26597"}],"wp:attachment":[{"href":"https:\/\/librairie7l.com\/en\/wp-json\/wp\/v2\/media?parent=26599"}],"wp:term":[{"taxonomy":"product_cat","embeddable":true,"href":"https:\/\/librairie7l.com\/en\/wp-json\/wp\/v2\/product_cat?post=26599"},{"taxonomy":"product_tag","embeddable":true,"href":"https:\/\/librairie7l.com\/en\/wp-json\/wp\/v2\/product_tag?post=26599"}],"curies":[{"name":"wp","href":"https:\/\/api.w.org\/{rel}","templated":true}]}}