{"id":26603,"date":"2023-05-10T12:14:35","date_gmt":"2023-05-10T10:14:35","guid":{"rendered":"https:\/\/librairie7l.com\/?post_type=product&#038;p=26603"},"modified":"2026-04-07T19:36:23","modified_gmt":"2026-04-07T17:36:23","slug":"tout-sur-le-cinema-panorama-des-chefs-doeuvre-et-des-techniques","status":"publish","type":"product","link":"https:\/\/librairie7l.com\/en\/produit\/tout-sur-le-cinema-panorama-des-chefs-doeuvre-et-des-techniques\/","title":{"rendered":"TOUT SUR LE CIN\u00c9MA ; PANORAMA DES CHEFS-D&#8217;OEUVRE ET DES TECHNIQUES"},"content":{"rendered":"<p>Quel est le premier film parlant ? Comment se caract\u00e9rise le n\u00e9o-r\u00e9alisme italien ? Comment les premiers effets sp\u00e9ciaux furent-ils r\u00e9alis\u00e9s ? Quelles oeuvres du XXIe si\u00e8cle peuvent-elles \u00eatre d\u00e9j\u00e0 consid\u00e9r\u00e9es comme majeures ?Vingt-cinq historiens du cin\u00e9ma, critiques, auteurs et enseignants ont particip\u00e9 \u00e0 l&#8217;\u00e9laboration de cet ouvrage unique pour nous aider \u00e0 mieux comprendre l&#8217;\u00e9volution du cin\u00e9ma mondial, depuis ses balbutiements jusqu&#8217;aux derni\u00e8res r\u00e9alisations en 3D.- Pr\u00e8s de 700 films comment\u00e9s- 80 entr\u00e9es th\u00e9matiques, repr\u00e9sentatives de l&#8217;histoire du cin\u00e9ma, pr\u00e9sent\u00e9es en d\u00e9tail- 160 chefs-d&#8217;oeuvre incontournables d\u00e9crypt\u00e9s- Tous les outils indispensables (rep\u00e8res chronologiques, biographies de r\u00e9alisateurs et d&#8217;acteurs, analyses de sc\u00e8nes embl\u00e9matiques, index).<\/p>\n","protected":false},"excerpt":{"rendered":"<p>Quel est le premier film parlant ? Comment se caract\u00e9rise le n\u00e9o-r\u00e9alisme italien ? Comment les premiers effets sp\u00e9ciaux furent-ils r\u00e9alis\u00e9s ? Quelles oeuvres du XXIe si\u00e8cle peuvent-elles \u00eatre d\u00e9j\u00e0 consid\u00e9r\u00e9es comme majeures ?Vingt-cinq historiens du cin\u00e9ma, critiques, auteurs et enseignants ont particip\u00e9 \u00e0 l&#8217;\u00e9laboration de cet ouvrage unique pour nous aider \u00e0 mieux comprendre [&hellip;]<\/p>\n","protected":false},"featured_media":26601,"template":"","meta":[],"product_cat":[55,2948,2958,17],"product_tag":[],"acf":[],"yoast_head":"<!-- This site is optimized with the Yoast SEO plugin v20.11 - https:\/\/yoast.com\/wordpress\/plugins\/seo\/ -->\n<title>TOUT SUR LE CIN\u00c9MA ; PANORAMA DES CHEFS-D&#039;OEUVRE ET DES TECHNIQUES - Librairie 7L<\/title>\n<meta name=\"robots\" content=\"index, follow, max-snippet:-1, max-image-preview:large, max-video-preview:-1\" \/>\n<link rel=\"canonical\" href=\"https:\/\/librairie7l.com\/en\/produit\/tout-sur-le-cinema-panorama-des-chefs-doeuvre-et-des-techniques\/\" \/>\n<meta property=\"og:locale\" content=\"en_US\" \/>\n<meta property=\"og:type\" content=\"article\" \/>\n<meta property=\"og:title\" content=\"TOUT SUR LE CIN\u00c9MA ; PANORAMA DES CHEFS-D&#039;OEUVRE ET DES TECHNIQUES - Librairie 7L\" \/>\n<meta property=\"og:description\" content=\"Quel est le premier film parlant ? Comment se caract\u00e9rise le n\u00e9o-r\u00e9alisme italien ? Comment les premiers effets sp\u00e9ciaux furent-ils r\u00e9alis\u00e9s ? Quelles oeuvres du XXIe si\u00e8cle peuvent-elles \u00eatre d\u00e9j\u00e0 consid\u00e9r\u00e9es comme majeures ?Vingt-cinq historiens du cin\u00e9ma, critiques, auteurs et enseignants ont particip\u00e9 \u00e0 l&#8217;\u00e9laboration de cet ouvrage unique pour nous aider \u00e0 mieux comprendre [&hellip;]\" \/>\n<meta property=\"og:url\" content=\"https:\/\/librairie7l.com\/en\/produit\/tout-sur-le-cinema-panorama-des-chefs-doeuvre-et-des-techniques\/\" \/>\n<meta property=\"og:site_name\" content=\"Librairie 7L\" \/>\n<meta property=\"article:modified_time\" content=\"2026-04-07T17:36:23+00:00\" \/>\n<meta property=\"og:image\" content=\"https:\/\/librairie7l.com\/wp-content\/uploads\/2019\/03\/9782081460089_1_75.jpg\" \/>\n\t<meta property=\"og:image:width\" content=\"600\" \/>\n\t<meta property=\"og:image:height\" content=\"845\" \/>\n\t<meta property=\"og:image:type\" content=\"image\/jpeg\" \/>\n<meta name=\"twitter:card\" content=\"summary_large_image\" \/>\n<meta name=\"twitter:label1\" content=\"Est. reading time\" \/>\n\t<meta name=\"twitter:data1\" content=\"1 minute\" \/>\n<script type=\"application\/ld+json\" class=\"yoast-schema-graph\">{\"@context\":\"https:\/\/schema.org\",\"@graph\":[{\"@type\":\"WebPage\",\"@id\":\"https:\/\/librairie7l.com\/en\/produit\/tout-sur-le-cinema-panorama-des-chefs-doeuvre-et-des-techniques\/\",\"url\":\"https:\/\/librairie7l.com\/en\/produit\/tout-sur-le-cinema-panorama-des-chefs-doeuvre-et-des-techniques\/\",\"name\":\"TOUT SUR LE CIN\u00c9MA ; PANORAMA DES CHEFS-D'OEUVRE ET DES TECHNIQUES - Librairie 7L\",\"isPartOf\":{\"@id\":\"https:\/\/librairie7l.com\/en\/#website\"},\"datePublished\":\"2023-05-10T10:14:35+00:00\",\"dateModified\":\"2026-04-07T17:36:23+00:00\",\"breadcrumb\":{\"@id\":\"https:\/\/librairie7l.com\/en\/produit\/tout-sur-le-cinema-panorama-des-chefs-doeuvre-et-des-techniques\/#breadcrumb\"},\"inLanguage\":\"en-US\",\"potentialAction\":[{\"@type\":\"ReadAction\",\"target\":[\"https:\/\/librairie7l.com\/en\/produit\/tout-sur-le-cinema-panorama-des-chefs-doeuvre-et-des-techniques\/\"]}]},{\"@type\":\"BreadcrumbList\",\"@id\":\"https:\/\/librairie7l.com\/en\/produit\/tout-sur-le-cinema-panorama-des-chefs-doeuvre-et-des-techniques\/#breadcrumb\",\"itemListElement\":[{\"@type\":\"ListItem\",\"position\":1,\"name\":\"Accueil\",\"item\":\"https:\/\/librairie7l.com\/en\/\"},{\"@type\":\"ListItem\",\"position\":2,\"name\":\"Shop\",\"item\":\"https:\/\/librairie7l.com\/en\/shop\/\"},{\"@type\":\"ListItem\",\"position\":3,\"name\":\"TOUT SUR LE CIN\u00c9MA ; PANORAMA DES CHEFS-D&#8217;OEUVRE ET DES TECHNIQUES\"}]},{\"@type\":\"WebSite\",\"@id\":\"https:\/\/librairie7l.com\/en\/#website\",\"url\":\"https:\/\/librairie7l.com\/en\/\",\"name\":\"Librairie 7L\",\"description\":\"Librairie fond\u00e9e en 1999 par Karl Lagerfeld \u00e0 Paris\",\"publisher\":{\"@id\":\"https:\/\/librairie7l.com\/en\/#organization\"},\"potentialAction\":[{\"@type\":\"SearchAction\",\"target\":{\"@type\":\"EntryPoint\",\"urlTemplate\":\"https:\/\/librairie7l.com\/en\/?s={search_term_string}\"},\"query-input\":\"required name=search_term_string\"}],\"inLanguage\":\"en-US\"},{\"@type\":\"Organization\",\"@id\":\"https:\/\/librairie7l.com\/en\/#organization\",\"name\":\"Librairie 7L\",\"url\":\"https:\/\/librairie7l.com\/en\/\",\"logo\":{\"@type\":\"ImageObject\",\"inLanguage\":\"en-US\",\"@id\":\"https:\/\/librairie7l.com\/en\/#\/schema\/logo\/image\/\",\"url\":\"https:\/\/librairie7l.com\/wp-content\/uploads\/2022\/08\/logo-1.png\",\"contentUrl\":\"https:\/\/librairie7l.com\/wp-content\/uploads\/2022\/08\/logo-1.png\",\"width\":227,\"height\":301,\"caption\":\"Librairie 7L\"},\"image\":{\"@id\":\"https:\/\/librairie7l.com\/en\/#\/schema\/logo\/image\/\"}}]}<\/script>\n<!-- \/ Yoast SEO plugin. -->","yoast_head_json":{"title":"TOUT SUR LE CIN\u00c9MA ; PANORAMA DES CHEFS-D'OEUVRE ET DES TECHNIQUES - Librairie 7L","robots":{"index":"index","follow":"follow","max-snippet":"max-snippet:-1","max-image-preview":"max-image-preview:large","max-video-preview":"max-video-preview:-1"},"canonical":"https:\/\/librairie7l.com\/en\/produit\/tout-sur-le-cinema-panorama-des-chefs-doeuvre-et-des-techniques\/","og_locale":"en_US","og_type":"article","og_title":"TOUT SUR LE CIN\u00c9MA ; PANORAMA DES CHEFS-D'OEUVRE ET DES TECHNIQUES - Librairie 7L","og_description":"Quel est le premier film parlant ? Comment se caract\u00e9rise le n\u00e9o-r\u00e9alisme italien ? Comment les premiers effets sp\u00e9ciaux furent-ils r\u00e9alis\u00e9s ? Quelles oeuvres du XXIe si\u00e8cle peuvent-elles \u00eatre d\u00e9j\u00e0 consid\u00e9r\u00e9es comme majeures ?Vingt-cinq historiens du cin\u00e9ma, critiques, auteurs et enseignants ont particip\u00e9 \u00e0 l&#8217;\u00e9laboration de cet ouvrage unique pour nous aider \u00e0 mieux comprendre [&hellip;]","og_url":"https:\/\/librairie7l.com\/en\/produit\/tout-sur-le-cinema-panorama-des-chefs-doeuvre-et-des-techniques\/","og_site_name":"Librairie 7L","article_modified_time":"2026-04-07T17:36:23+00:00","og_image":[{"width":600,"height":845,"url":"https:\/\/librairie7l.com\/wp-content\/uploads\/2019\/03\/9782081460089_1_75.jpg","type":"image\/jpeg"}],"twitter_card":"summary_large_image","twitter_misc":{"Est. reading time":"1 minute"},"schema":{"@context":"https:\/\/schema.org","@graph":[{"@type":"WebPage","@id":"https:\/\/librairie7l.com\/en\/produit\/tout-sur-le-cinema-panorama-des-chefs-doeuvre-et-des-techniques\/","url":"https:\/\/librairie7l.com\/en\/produit\/tout-sur-le-cinema-panorama-des-chefs-doeuvre-et-des-techniques\/","name":"TOUT SUR LE CIN\u00c9MA ; PANORAMA DES CHEFS-D'OEUVRE ET DES TECHNIQUES - Librairie 7L","isPartOf":{"@id":"https:\/\/librairie7l.com\/en\/#website"},"datePublished":"2023-05-10T10:14:35+00:00","dateModified":"2026-04-07T17:36:23+00:00","breadcrumb":{"@id":"https:\/\/librairie7l.com\/en\/produit\/tout-sur-le-cinema-panorama-des-chefs-doeuvre-et-des-techniques\/#breadcrumb"},"inLanguage":"en-US","potentialAction":[{"@type":"ReadAction","target":["https:\/\/librairie7l.com\/en\/produit\/tout-sur-le-cinema-panorama-des-chefs-doeuvre-et-des-techniques\/"]}]},{"@type":"BreadcrumbList","@id":"https:\/\/librairie7l.com\/en\/produit\/tout-sur-le-cinema-panorama-des-chefs-doeuvre-et-des-techniques\/#breadcrumb","itemListElement":[{"@type":"ListItem","position":1,"name":"Accueil","item":"https:\/\/librairie7l.com\/en\/"},{"@type":"ListItem","position":2,"name":"Shop","item":"https:\/\/librairie7l.com\/en\/shop\/"},{"@type":"ListItem","position":3,"name":"TOUT SUR LE CIN\u00c9MA ; PANORAMA DES CHEFS-D&#8217;OEUVRE ET DES TECHNIQUES"}]},{"@type":"WebSite","@id":"https:\/\/librairie7l.com\/en\/#website","url":"https:\/\/librairie7l.com\/en\/","name":"Librairie 7L","description":"Librairie fond\u00e9e en 1999 par Karl Lagerfeld \u00e0 Paris","publisher":{"@id":"https:\/\/librairie7l.com\/en\/#organization"},"potentialAction":[{"@type":"SearchAction","target":{"@type":"EntryPoint","urlTemplate":"https:\/\/librairie7l.com\/en\/?s={search_term_string}"},"query-input":"required name=search_term_string"}],"inLanguage":"en-US"},{"@type":"Organization","@id":"https:\/\/librairie7l.com\/en\/#organization","name":"Librairie 7L","url":"https:\/\/librairie7l.com\/en\/","logo":{"@type":"ImageObject","inLanguage":"en-US","@id":"https:\/\/librairie7l.com\/en\/#\/schema\/logo\/image\/","url":"https:\/\/librairie7l.com\/wp-content\/uploads\/2022\/08\/logo-1.png","contentUrl":"https:\/\/librairie7l.com\/wp-content\/uploads\/2022\/08\/logo-1.png","width":227,"height":301,"caption":"Librairie 7L"},"image":{"@id":"https:\/\/librairie7l.com\/en\/#\/schema\/logo\/image\/"}}]}},"_links":{"self":[{"href":"https:\/\/librairie7l.com\/en\/wp-json\/wp\/v2\/product\/26603"}],"collection":[{"href":"https:\/\/librairie7l.com\/en\/wp-json\/wp\/v2\/product"}],"about":[{"href":"https:\/\/librairie7l.com\/en\/wp-json\/wp\/v2\/types\/product"}],"wp:featuredmedia":[{"embeddable":true,"href":"https:\/\/librairie7l.com\/en\/wp-json\/wp\/v2\/media\/26601"}],"wp:attachment":[{"href":"https:\/\/librairie7l.com\/en\/wp-json\/wp\/v2\/media?parent=26603"}],"wp:term":[{"taxonomy":"product_cat","embeddable":true,"href":"https:\/\/librairie7l.com\/en\/wp-json\/wp\/v2\/product_cat?post=26603"},{"taxonomy":"product_tag","embeddable":true,"href":"https:\/\/librairie7l.com\/en\/wp-json\/wp\/v2\/product_tag?post=26603"}],"curies":[{"name":"wp","href":"https:\/\/api.w.org\/{rel}","templated":true}]}}