{"id":26623,"date":"2023-05-10T12:15:33","date_gmt":"2023-05-10T10:15:33","guid":{"rendered":"https:\/\/librairie7l.com\/?post_type=product&#038;p=26623"},"modified":"2026-04-07T16:04:03","modified_gmt":"2026-04-07T14:04:03","slug":"senforester","status":"publish","type":"product","link":"https:\/\/librairie7l.com\/en\/produit\/senforester\/","title":{"rendered":"S&#8217;ENFORESTER"},"content":{"rendered":"<p>S&#8217;enforester est n\u00e9 de la rencontre d&#8217;une photographe, Andrea Olga Mantovani, et d&#8217;un philosophe, Baptiste Morizot, avec la for\u00eat primaire de Bialowieza, en Pologne. Bialowieza est la derni\u00e8re for\u00eat des premiers \u00e2ges. Une for\u00eat avec son monde, ses habitants, ses luttes, son histoire. Capt\u00e9e par cette for\u00eat mystique, Andrea Olga Mantovani nous offre une s\u00e9rie de photographies aussi bien lyriques qu&#8217;attentives \u00e0 la r\u00e9alit\u00e9. Baptiste Morizot nous livre ses r\u00e9flexions philosophiques et politiques nourries de son exp\u00e9rience sur le terrain<\/p>\n","protected":false},"excerpt":{"rendered":"<p>S&#8217;enforester est n\u00e9 de la rencontre d&#8217;une photographe, Andrea Olga Mantovani, et d&#8217;un philosophe, Baptiste Morizot, avec la for\u00eat primaire de Bialowieza, en Pologne. Bialowieza est la derni\u00e8re for\u00eat des premiers \u00e2ges. Une for\u00eat avec son monde, ses habitants, ses luttes, son histoire. Capt\u00e9e par cette for\u00eat mystique, Andrea Olga Mantovani nous offre une s\u00e9rie [&hellip;]<\/p>\n","protected":false},"featured_media":26621,"template":"","meta":[],"product_cat":[55,2948,2958,17],"product_tag":[],"acf":[],"yoast_head":"<!-- This site is optimized with the Yoast SEO plugin v20.11 - https:\/\/yoast.com\/wordpress\/plugins\/seo\/ -->\n<title>S&#039;ENFORESTER - Librairie 7L<\/title>\n<meta name=\"robots\" content=\"index, follow, max-snippet:-1, max-image-preview:large, max-video-preview:-1\" \/>\n<link rel=\"canonical\" href=\"https:\/\/librairie7l.com\/en\/produit\/senforester\/\" \/>\n<meta property=\"og:locale\" content=\"en_US\" \/>\n<meta property=\"og:type\" content=\"article\" \/>\n<meta property=\"og:title\" content=\"S&#039;ENFORESTER - Librairie 7L\" \/>\n<meta property=\"og:description\" content=\"S&#8217;enforester est n\u00e9 de la rencontre d&#8217;une photographe, Andrea Olga Mantovani, et d&#8217;un philosophe, Baptiste Morizot, avec la for\u00eat primaire de Bialowieza, en Pologne. Bialowieza est la derni\u00e8re for\u00eat des premiers \u00e2ges. Une for\u00eat avec son monde, ses habitants, ses luttes, son histoire. Capt\u00e9e par cette for\u00eat mystique, Andrea Olga Mantovani nous offre une s\u00e9rie [&hellip;]\" \/>\n<meta property=\"og:url\" content=\"https:\/\/librairie7l.com\/en\/produit\/senforester\/\" \/>\n<meta property=\"og:site_name\" content=\"Librairie 7L\" \/>\n<meta property=\"article:modified_time\" content=\"2026-04-07T14:04:03+00:00\" \/>\n<meta property=\"og:image\" content=\"https:\/\/librairie7l.com\/wp-content\/uploads\/2022\/08\/9782956940937_1_75.jpg\" \/>\n\t<meta property=\"og:image:width\" content=\"400\" \/>\n\t<meta property=\"og:image:height\" content=\"507\" \/>\n\t<meta property=\"og:image:type\" content=\"image\/jpeg\" \/>\n<meta name=\"twitter:card\" content=\"summary_large_image\" \/>\n<script type=\"application\/ld+json\" class=\"yoast-schema-graph\">{\"@context\":\"https:\/\/schema.org\",\"@graph\":[{\"@type\":\"WebPage\",\"@id\":\"https:\/\/librairie7l.com\/en\/produit\/senforester\/\",\"url\":\"https:\/\/librairie7l.com\/en\/produit\/senforester\/\",\"name\":\"S'ENFORESTER - Librairie 7L\",\"isPartOf\":{\"@id\":\"https:\/\/librairie7l.com\/en\/#website\"},\"datePublished\":\"2023-05-10T10:15:33+00:00\",\"dateModified\":\"2026-04-07T14:04:03+00:00\",\"breadcrumb\":{\"@id\":\"https:\/\/librairie7l.com\/en\/produit\/senforester\/#breadcrumb\"},\"inLanguage\":\"en-US\",\"potentialAction\":[{\"@type\":\"ReadAction\",\"target\":[\"https:\/\/librairie7l.com\/en\/produit\/senforester\/\"]}]},{\"@type\":\"BreadcrumbList\",\"@id\":\"https:\/\/librairie7l.com\/en\/produit\/senforester\/#breadcrumb\",\"itemListElement\":[{\"@type\":\"ListItem\",\"position\":1,\"name\":\"Accueil\",\"item\":\"https:\/\/librairie7l.com\/en\/\"},{\"@type\":\"ListItem\",\"position\":2,\"name\":\"Shop\",\"item\":\"https:\/\/librairie7l.com\/en\/shop\/\"},{\"@type\":\"ListItem\",\"position\":3,\"name\":\"S&#8217;ENFORESTER\"}]},{\"@type\":\"WebSite\",\"@id\":\"https:\/\/librairie7l.com\/en\/#website\",\"url\":\"https:\/\/librairie7l.com\/en\/\",\"name\":\"Librairie 7L\",\"description\":\"Librairie fond\u00e9e en 1999 par Karl Lagerfeld \u00e0 Paris\",\"publisher\":{\"@id\":\"https:\/\/librairie7l.com\/en\/#organization\"},\"potentialAction\":[{\"@type\":\"SearchAction\",\"target\":{\"@type\":\"EntryPoint\",\"urlTemplate\":\"https:\/\/librairie7l.com\/en\/?s={search_term_string}\"},\"query-input\":\"required name=search_term_string\"}],\"inLanguage\":\"en-US\"},{\"@type\":\"Organization\",\"@id\":\"https:\/\/librairie7l.com\/en\/#organization\",\"name\":\"Librairie 7L\",\"url\":\"https:\/\/librairie7l.com\/en\/\",\"logo\":{\"@type\":\"ImageObject\",\"inLanguage\":\"en-US\",\"@id\":\"https:\/\/librairie7l.com\/en\/#\/schema\/logo\/image\/\",\"url\":\"https:\/\/librairie7l.com\/wp-content\/uploads\/2022\/08\/logo-1.png\",\"contentUrl\":\"https:\/\/librairie7l.com\/wp-content\/uploads\/2022\/08\/logo-1.png\",\"width\":227,\"height\":301,\"caption\":\"Librairie 7L\"},\"image\":{\"@id\":\"https:\/\/librairie7l.com\/en\/#\/schema\/logo\/image\/\"}}]}<\/script>\n<!-- \/ Yoast SEO plugin. -->","yoast_head_json":{"title":"S'ENFORESTER - Librairie 7L","robots":{"index":"index","follow":"follow","max-snippet":"max-snippet:-1","max-image-preview":"max-image-preview:large","max-video-preview":"max-video-preview:-1"},"canonical":"https:\/\/librairie7l.com\/en\/produit\/senforester\/","og_locale":"en_US","og_type":"article","og_title":"S'ENFORESTER - Librairie 7L","og_description":"S&#8217;enforester est n\u00e9 de la rencontre d&#8217;une photographe, Andrea Olga Mantovani, et d&#8217;un philosophe, Baptiste Morizot, avec la for\u00eat primaire de Bialowieza, en Pologne. Bialowieza est la derni\u00e8re for\u00eat des premiers \u00e2ges. Une for\u00eat avec son monde, ses habitants, ses luttes, son histoire. Capt\u00e9e par cette for\u00eat mystique, Andrea Olga Mantovani nous offre une s\u00e9rie [&hellip;]","og_url":"https:\/\/librairie7l.com\/en\/produit\/senforester\/","og_site_name":"Librairie 7L","article_modified_time":"2026-04-07T14:04:03+00:00","og_image":[{"width":400,"height":507,"url":"https:\/\/librairie7l.com\/wp-content\/uploads\/2022\/08\/9782956940937_1_75.jpg","type":"image\/jpeg"}],"twitter_card":"summary_large_image","schema":{"@context":"https:\/\/schema.org","@graph":[{"@type":"WebPage","@id":"https:\/\/librairie7l.com\/en\/produit\/senforester\/","url":"https:\/\/librairie7l.com\/en\/produit\/senforester\/","name":"S'ENFORESTER - Librairie 7L","isPartOf":{"@id":"https:\/\/librairie7l.com\/en\/#website"},"datePublished":"2023-05-10T10:15:33+00:00","dateModified":"2026-04-07T14:04:03+00:00","breadcrumb":{"@id":"https:\/\/librairie7l.com\/en\/produit\/senforester\/#breadcrumb"},"inLanguage":"en-US","potentialAction":[{"@type":"ReadAction","target":["https:\/\/librairie7l.com\/en\/produit\/senforester\/"]}]},{"@type":"BreadcrumbList","@id":"https:\/\/librairie7l.com\/en\/produit\/senforester\/#breadcrumb","itemListElement":[{"@type":"ListItem","position":1,"name":"Accueil","item":"https:\/\/librairie7l.com\/en\/"},{"@type":"ListItem","position":2,"name":"Shop","item":"https:\/\/librairie7l.com\/en\/shop\/"},{"@type":"ListItem","position":3,"name":"S&#8217;ENFORESTER"}]},{"@type":"WebSite","@id":"https:\/\/librairie7l.com\/en\/#website","url":"https:\/\/librairie7l.com\/en\/","name":"Librairie 7L","description":"Librairie fond\u00e9e en 1999 par Karl Lagerfeld \u00e0 Paris","publisher":{"@id":"https:\/\/librairie7l.com\/en\/#organization"},"potentialAction":[{"@type":"SearchAction","target":{"@type":"EntryPoint","urlTemplate":"https:\/\/librairie7l.com\/en\/?s={search_term_string}"},"query-input":"required name=search_term_string"}],"inLanguage":"en-US"},{"@type":"Organization","@id":"https:\/\/librairie7l.com\/en\/#organization","name":"Librairie 7L","url":"https:\/\/librairie7l.com\/en\/","logo":{"@type":"ImageObject","inLanguage":"en-US","@id":"https:\/\/librairie7l.com\/en\/#\/schema\/logo\/image\/","url":"https:\/\/librairie7l.com\/wp-content\/uploads\/2022\/08\/logo-1.png","contentUrl":"https:\/\/librairie7l.com\/wp-content\/uploads\/2022\/08\/logo-1.png","width":227,"height":301,"caption":"Librairie 7L"},"image":{"@id":"https:\/\/librairie7l.com\/en\/#\/schema\/logo\/image\/"}}]}},"_links":{"self":[{"href":"https:\/\/librairie7l.com\/en\/wp-json\/wp\/v2\/product\/26623"}],"collection":[{"href":"https:\/\/librairie7l.com\/en\/wp-json\/wp\/v2\/product"}],"about":[{"href":"https:\/\/librairie7l.com\/en\/wp-json\/wp\/v2\/types\/product"}],"wp:featuredmedia":[{"embeddable":true,"href":"https:\/\/librairie7l.com\/en\/wp-json\/wp\/v2\/media\/26621"}],"wp:attachment":[{"href":"https:\/\/librairie7l.com\/en\/wp-json\/wp\/v2\/media?parent=26623"}],"wp:term":[{"taxonomy":"product_cat","embeddable":true,"href":"https:\/\/librairie7l.com\/en\/wp-json\/wp\/v2\/product_cat?post=26623"},{"taxonomy":"product_tag","embeddable":true,"href":"https:\/\/librairie7l.com\/en\/wp-json\/wp\/v2\/product_tag?post=26623"}],"curies":[{"name":"wp","href":"https:\/\/api.w.org\/{rel}","templated":true}]}}