{"id":26643,"date":"2023-05-10T12:16:12","date_gmt":"2023-05-10T10:16:12","guid":{"rendered":"https:\/\/librairie7l.com\/?post_type=product&#038;p=26643"},"modified":"2026-04-17T16:53:00","modified_gmt":"2026-04-17T14:53:00","slug":"1000-sneakers-deadstock-la-collection-ideale","status":"publish","type":"product","link":"https:\/\/librairie7l.com\/en\/produit\/1000-sneakers-deadstock-la-collection-ideale\/","title":{"rendered":"1000 SNEAKERS DEADSTOCK : LA COLLECTION ID\u00c9ALE"},"content":{"rendered":"<p>SNEAKERS : PAIRE DE BASKETS LIFESTYLE QUI A UN POTENTIEL DE REVENTE.<\/p>\n<p>\u00c0 l&#8217;\u00e8re des collaborations, des s\u00e9ries limit\u00e9es et du march\u00e9 de la revente, l&#8217;\u00e9quipe de Larry Deadstock, boutique de r\u00e9f\u00e9rence \u00e0 Paris, raconte l&#8217;histoire moderne de la culture sneakers, des ann\u00e9es 2000 \u00e0 nos jours, \u00e0 travers une collection id\u00e9ale de 1000 mod\u00e8les rares.<\/p>\n<p>Des terrains de sport aux d\u00e9fil\u00e9s de mode en passant par la rue et les ventes aux ench\u00e8res, comment de simples paires de baskets sont devenues de v\u00e9ritables objets cultes au XXIe si\u00e8cle.<\/p>\n","protected":false},"excerpt":{"rendered":"<p>SNEAKERS : PAIRE DE BASKETS LIFESTYLE QUI A UN POTENTIEL DE REVENTE. \u00c0 l&#8217;\u00e8re des collaborations, des s\u00e9ries limit\u00e9es et du march\u00e9 de la revente, l&#8217;\u00e9quipe de Larry Deadstock, boutique de r\u00e9f\u00e9rence \u00e0 Paris, raconte l&#8217;histoire moderne de la culture sneakers, des ann\u00e9es 2000 \u00e0 nos jours, \u00e0 travers une collection id\u00e9ale de 1000 mod\u00e8les [&hellip;]<\/p>\n","protected":false},"featured_media":26641,"template":"","meta":[],"product_cat":[55,2948,2957,19],"product_tag":[],"acf":[],"yoast_head":"<!-- This site is optimized with the Yoast SEO plugin v20.11 - https:\/\/yoast.com\/wordpress\/plugins\/seo\/ -->\n<title>1000 SNEAKERS DEADSTOCK : LA COLLECTION ID\u00c9ALE - Librairie 7L<\/title>\n<meta name=\"robots\" content=\"index, follow, max-snippet:-1, max-image-preview:large, max-video-preview:-1\" \/>\n<link rel=\"canonical\" href=\"https:\/\/librairie7l.com\/en\/produit\/1000-sneakers-deadstock-la-collection-ideale\/\" \/>\n<meta property=\"og:locale\" content=\"en_US\" \/>\n<meta property=\"og:type\" content=\"article\" \/>\n<meta property=\"og:title\" content=\"1000 SNEAKERS DEADSTOCK : LA COLLECTION ID\u00c9ALE - Librairie 7L\" \/>\n<meta property=\"og:description\" content=\"SNEAKERS : PAIRE DE BASKETS LIFESTYLE QUI A UN POTENTIEL DE REVENTE. \u00c0 l&#8217;\u00e8re des collaborations, des s\u00e9ries limit\u00e9es et du march\u00e9 de la revente, l&#8217;\u00e9quipe de Larry Deadstock, boutique de r\u00e9f\u00e9rence \u00e0 Paris, raconte l&#8217;histoire moderne de la culture sneakers, des ann\u00e9es 2000 \u00e0 nos jours, \u00e0 travers une collection id\u00e9ale de 1000 mod\u00e8les [&hellip;]\" \/>\n<meta property=\"og:url\" content=\"https:\/\/librairie7l.com\/en\/produit\/1000-sneakers-deadstock-la-collection-ideale\/\" \/>\n<meta property=\"og:site_name\" content=\"Librairie 7L\" \/>\n<meta property=\"article:modified_time\" content=\"2026-04-17T14:53:00+00:00\" \/>\n<meta property=\"og:image\" content=\"https:\/\/librairie7l.com\/wp-content\/uploads\/2022\/06\/9782812321283_1_75.jpg\" \/>\n\t<meta property=\"og:image:width\" content=\"600\" \/>\n\t<meta property=\"og:image:height\" content=\"840\" \/>\n\t<meta property=\"og:image:type\" content=\"image\/jpeg\" \/>\n<meta name=\"twitter:card\" content=\"summary_large_image\" \/>\n<script type=\"application\/ld+json\" class=\"yoast-schema-graph\">{\"@context\":\"https:\/\/schema.org\",\"@graph\":[{\"@type\":\"WebPage\",\"@id\":\"https:\/\/librairie7l.com\/en\/produit\/1000-sneakers-deadstock-la-collection-ideale\/\",\"url\":\"https:\/\/librairie7l.com\/en\/produit\/1000-sneakers-deadstock-la-collection-ideale\/\",\"name\":\"1000 SNEAKERS DEADSTOCK : LA COLLECTION ID\u00c9ALE - Librairie 7L\",\"isPartOf\":{\"@id\":\"https:\/\/librairie7l.com\/en\/#website\"},\"datePublished\":\"2023-05-10T10:16:12+00:00\",\"dateModified\":\"2026-04-17T14:53:00+00:00\",\"breadcrumb\":{\"@id\":\"https:\/\/librairie7l.com\/en\/produit\/1000-sneakers-deadstock-la-collection-ideale\/#breadcrumb\"},\"inLanguage\":\"en-US\",\"potentialAction\":[{\"@type\":\"ReadAction\",\"target\":[\"https:\/\/librairie7l.com\/en\/produit\/1000-sneakers-deadstock-la-collection-ideale\/\"]}]},{\"@type\":\"BreadcrumbList\",\"@id\":\"https:\/\/librairie7l.com\/en\/produit\/1000-sneakers-deadstock-la-collection-ideale\/#breadcrumb\",\"itemListElement\":[{\"@type\":\"ListItem\",\"position\":1,\"name\":\"Accueil\",\"item\":\"https:\/\/librairie7l.com\/en\/\"},{\"@type\":\"ListItem\",\"position\":2,\"name\":\"Shop\",\"item\":\"https:\/\/librairie7l.com\/en\/shop\/\"},{\"@type\":\"ListItem\",\"position\":3,\"name\":\"1000 SNEAKERS DEADSTOCK : LA COLLECTION ID\u00c9ALE\"}]},{\"@type\":\"WebSite\",\"@id\":\"https:\/\/librairie7l.com\/en\/#website\",\"url\":\"https:\/\/librairie7l.com\/en\/\",\"name\":\"Librairie 7L\",\"description\":\"Librairie fond\u00e9e en 1999 par Karl Lagerfeld \u00e0 Paris\",\"publisher\":{\"@id\":\"https:\/\/librairie7l.com\/en\/#organization\"},\"potentialAction\":[{\"@type\":\"SearchAction\",\"target\":{\"@type\":\"EntryPoint\",\"urlTemplate\":\"https:\/\/librairie7l.com\/en\/?s={search_term_string}\"},\"query-input\":\"required name=search_term_string\"}],\"inLanguage\":\"en-US\"},{\"@type\":\"Organization\",\"@id\":\"https:\/\/librairie7l.com\/en\/#organization\",\"name\":\"Librairie 7L\",\"url\":\"https:\/\/librairie7l.com\/en\/\",\"logo\":{\"@type\":\"ImageObject\",\"inLanguage\":\"en-US\",\"@id\":\"https:\/\/librairie7l.com\/en\/#\/schema\/logo\/image\/\",\"url\":\"https:\/\/librairie7l.com\/wp-content\/uploads\/2022\/08\/logo-1.png\",\"contentUrl\":\"https:\/\/librairie7l.com\/wp-content\/uploads\/2022\/08\/logo-1.png\",\"width\":227,\"height\":301,\"caption\":\"Librairie 7L\"},\"image\":{\"@id\":\"https:\/\/librairie7l.com\/en\/#\/schema\/logo\/image\/\"}}]}<\/script>\n<!-- \/ Yoast SEO plugin. -->","yoast_head_json":{"title":"1000 SNEAKERS DEADSTOCK : LA COLLECTION ID\u00c9ALE - Librairie 7L","robots":{"index":"index","follow":"follow","max-snippet":"max-snippet:-1","max-image-preview":"max-image-preview:large","max-video-preview":"max-video-preview:-1"},"canonical":"https:\/\/librairie7l.com\/en\/produit\/1000-sneakers-deadstock-la-collection-ideale\/","og_locale":"en_US","og_type":"article","og_title":"1000 SNEAKERS DEADSTOCK : LA COLLECTION ID\u00c9ALE - Librairie 7L","og_description":"SNEAKERS : PAIRE DE BASKETS LIFESTYLE QUI A UN POTENTIEL DE REVENTE. \u00c0 l&#8217;\u00e8re des collaborations, des s\u00e9ries limit\u00e9es et du march\u00e9 de la revente, l&#8217;\u00e9quipe de Larry Deadstock, boutique de r\u00e9f\u00e9rence \u00e0 Paris, raconte l&#8217;histoire moderne de la culture sneakers, des ann\u00e9es 2000 \u00e0 nos jours, \u00e0 travers une collection id\u00e9ale de 1000 mod\u00e8les [&hellip;]","og_url":"https:\/\/librairie7l.com\/en\/produit\/1000-sneakers-deadstock-la-collection-ideale\/","og_site_name":"Librairie 7L","article_modified_time":"2026-04-17T14:53:00+00:00","og_image":[{"width":600,"height":840,"url":"https:\/\/librairie7l.com\/wp-content\/uploads\/2022\/06\/9782812321283_1_75.jpg","type":"image\/jpeg"}],"twitter_card":"summary_large_image","schema":{"@context":"https:\/\/schema.org","@graph":[{"@type":"WebPage","@id":"https:\/\/librairie7l.com\/en\/produit\/1000-sneakers-deadstock-la-collection-ideale\/","url":"https:\/\/librairie7l.com\/en\/produit\/1000-sneakers-deadstock-la-collection-ideale\/","name":"1000 SNEAKERS DEADSTOCK : LA COLLECTION ID\u00c9ALE - Librairie 7L","isPartOf":{"@id":"https:\/\/librairie7l.com\/en\/#website"},"datePublished":"2023-05-10T10:16:12+00:00","dateModified":"2026-04-17T14:53:00+00:00","breadcrumb":{"@id":"https:\/\/librairie7l.com\/en\/produit\/1000-sneakers-deadstock-la-collection-ideale\/#breadcrumb"},"inLanguage":"en-US","potentialAction":[{"@type":"ReadAction","target":["https:\/\/librairie7l.com\/en\/produit\/1000-sneakers-deadstock-la-collection-ideale\/"]}]},{"@type":"BreadcrumbList","@id":"https:\/\/librairie7l.com\/en\/produit\/1000-sneakers-deadstock-la-collection-ideale\/#breadcrumb","itemListElement":[{"@type":"ListItem","position":1,"name":"Accueil","item":"https:\/\/librairie7l.com\/en\/"},{"@type":"ListItem","position":2,"name":"Shop","item":"https:\/\/librairie7l.com\/en\/shop\/"},{"@type":"ListItem","position":3,"name":"1000 SNEAKERS DEADSTOCK : LA COLLECTION ID\u00c9ALE"}]},{"@type":"WebSite","@id":"https:\/\/librairie7l.com\/en\/#website","url":"https:\/\/librairie7l.com\/en\/","name":"Librairie 7L","description":"Librairie fond\u00e9e en 1999 par Karl Lagerfeld \u00e0 Paris","publisher":{"@id":"https:\/\/librairie7l.com\/en\/#organization"},"potentialAction":[{"@type":"SearchAction","target":{"@type":"EntryPoint","urlTemplate":"https:\/\/librairie7l.com\/en\/?s={search_term_string}"},"query-input":"required name=search_term_string"}],"inLanguage":"en-US"},{"@type":"Organization","@id":"https:\/\/librairie7l.com\/en\/#organization","name":"Librairie 7L","url":"https:\/\/librairie7l.com\/en\/","logo":{"@type":"ImageObject","inLanguage":"en-US","@id":"https:\/\/librairie7l.com\/en\/#\/schema\/logo\/image\/","url":"https:\/\/librairie7l.com\/wp-content\/uploads\/2022\/08\/logo-1.png","contentUrl":"https:\/\/librairie7l.com\/wp-content\/uploads\/2022\/08\/logo-1.png","width":227,"height":301,"caption":"Librairie 7L"},"image":{"@id":"https:\/\/librairie7l.com\/en\/#\/schema\/logo\/image\/"}}]}},"_links":{"self":[{"href":"https:\/\/librairie7l.com\/en\/wp-json\/wp\/v2\/product\/26643"}],"collection":[{"href":"https:\/\/librairie7l.com\/en\/wp-json\/wp\/v2\/product"}],"about":[{"href":"https:\/\/librairie7l.com\/en\/wp-json\/wp\/v2\/types\/product"}],"wp:featuredmedia":[{"embeddable":true,"href":"https:\/\/librairie7l.com\/en\/wp-json\/wp\/v2\/media\/26641"}],"wp:attachment":[{"href":"https:\/\/librairie7l.com\/en\/wp-json\/wp\/v2\/media?parent=26643"}],"wp:term":[{"taxonomy":"product_cat","embeddable":true,"href":"https:\/\/librairie7l.com\/en\/wp-json\/wp\/v2\/product_cat?post=26643"},{"taxonomy":"product_tag","embeddable":true,"href":"https:\/\/librairie7l.com\/en\/wp-json\/wp\/v2\/product_tag?post=26643"}],"curies":[{"name":"wp","href":"https:\/\/api.w.org\/{rel}","templated":true}]}}