{"id":26647,"date":"2023-05-10T12:16:19","date_gmt":"2023-05-10T10:16:19","guid":{"rendered":"https:\/\/librairie7l.com\/?post_type=product&#038;p=26647"},"modified":"2026-04-30T04:18:29","modified_gmt":"2026-04-30T02:18:29","slug":"promenades-de-papier-dessins-du-xviiie-siecle-de-la-bnf","status":"publish","type":"product","link":"https:\/\/librairie7l.com\/en\/produit\/promenades-de-papier-dessins-du-xviiie-siecle-de-la-bnf\/","title":{"rendered":"PROMENADES DE PAPIER : DESSINS DU XVIIIE SI\u00c8CLE DE LA BNF"},"content":{"rendered":"<p>Cet ouvrage propose une exploration illustr\u00e9e de la collection largement in\u00e9dite de dessins, d&#8217;albums et de carnets de croquis fran\u00e7ais du XVIIIe si\u00e8cle, conserv\u00e9s \u00e0 la Biblioth\u00e8que nationale de France.<br \/>\nParmi les 50 artistes pr\u00e9sent\u00e9s figurent certains des plus c\u00e9l\u00e8bres dessinateurs fran\u00e7ais du XVIIIe si\u00e8cle, dont Madeleine Basseporte (1701-1780), Fran\u00e7ois Boucher (1703-1770), Gabriel de Saint Aubin (1724-1780) et Jean-Honor\u00e9 Fragonard (1732-1806), ainsi que des architectes (comme Lequeu) des graveurs ou des d\u00e9corateurs. Dans cet ouvrage, d&#8217;\u00e9minents sp\u00e9cialistes internationaux pr\u00e9sentent plus de 80 dessins, albums et carnets de croquis &#8211; dont beaucoup sont publi\u00e9s ici pour la premi\u00e8re fois &#8211; et r\u00e9v\u00e8lent comment les artistes ont utilis\u00e9 le dessin pour enregistrer, critiquer et tenter d&#8217;am\u00e9liorer le monde qui les entoure.<\/p>\n","protected":false},"excerpt":{"rendered":"<p>Cet ouvrage propose une exploration illustr\u00e9e de la collection largement in\u00e9dite de dessins, d&#8217;albums et de carnets de croquis fran\u00e7ais du XVIIIe si\u00e8cle, conserv\u00e9s \u00e0 la Biblioth\u00e8que nationale de France. Parmi les 50 artistes pr\u00e9sent\u00e9s figurent certains des plus c\u00e9l\u00e8bres dessinateurs fran\u00e7ais du XVIIIe si\u00e8cle, dont Madeleine Basseporte (1701-1780), Fran\u00e7ois Boucher (1703-1770), Gabriel de Saint [&hellip;]<\/p>\n","protected":false},"featured_media":26645,"template":"","meta":[],"product_cat":[55,2948,47,2953],"product_tag":[],"acf":[],"yoast_head":"<!-- This site is optimized with the Yoast SEO plugin v20.11 - https:\/\/yoast.com\/wordpress\/plugins\/seo\/ -->\n<title>PROMENADES DE PAPIER : DESSINS DU XVIIIE SI\u00c8CLE DE LA BNF - Librairie 7L<\/title>\n<meta name=\"robots\" content=\"index, follow, max-snippet:-1, max-image-preview:large, max-video-preview:-1\" \/>\n<link rel=\"canonical\" href=\"https:\/\/librairie7l.com\/en\/produit\/promenades-de-papier-dessins-du-xviiie-siecle-de-la-bnf\/\" \/>\n<meta property=\"og:locale\" content=\"en_US\" \/>\n<meta property=\"og:type\" content=\"article\" \/>\n<meta property=\"og:title\" content=\"PROMENADES DE PAPIER : DESSINS DU XVIIIE SI\u00c8CLE DE LA BNF - Librairie 7L\" \/>\n<meta property=\"og:description\" content=\"Cet ouvrage propose une exploration illustr\u00e9e de la collection largement in\u00e9dite de dessins, d&#8217;albums et de carnets de croquis fran\u00e7ais du XVIIIe si\u00e8cle, conserv\u00e9s \u00e0 la Biblioth\u00e8que nationale de France. Parmi les 50 artistes pr\u00e9sent\u00e9s figurent certains des plus c\u00e9l\u00e8bres dessinateurs fran\u00e7ais du XVIIIe si\u00e8cle, dont Madeleine Basseporte (1701-1780), Fran\u00e7ois Boucher (1703-1770), Gabriel de Saint [&hellip;]\" \/>\n<meta property=\"og:url\" content=\"https:\/\/librairie7l.com\/en\/produit\/promenades-de-papier-dessins-du-xviiie-siecle-de-la-bnf\/\" \/>\n<meta property=\"og:site_name\" content=\"Librairie 7L\" \/>\n<meta property=\"article:modified_time\" content=\"2026-04-30T02:18:29+00:00\" \/>\n<meta property=\"og:image\" content=\"https:\/\/librairie7l.com\/wp-content\/uploads\/2023\/02\/9782717729320_1_75.jpg\" \/>\n\t<meta property=\"og:image:width\" content=\"600\" \/>\n\t<meta property=\"og:image:height\" content=\"688\" \/>\n\t<meta property=\"og:image:type\" content=\"image\/jpeg\" \/>\n<meta name=\"twitter:card\" content=\"summary_large_image\" \/>\n<meta name=\"twitter:label1\" content=\"Est. reading time\" \/>\n\t<meta name=\"twitter:data1\" content=\"1 minute\" \/>\n<script type=\"application\/ld+json\" class=\"yoast-schema-graph\">{\"@context\":\"https:\/\/schema.org\",\"@graph\":[{\"@type\":\"WebPage\",\"@id\":\"https:\/\/librairie7l.com\/en\/produit\/promenades-de-papier-dessins-du-xviiie-siecle-de-la-bnf\/\",\"url\":\"https:\/\/librairie7l.com\/en\/produit\/promenades-de-papier-dessins-du-xviiie-siecle-de-la-bnf\/\",\"name\":\"PROMENADES DE PAPIER : DESSINS DU XVIIIE SI\u00c8CLE DE LA BNF - Librairie 7L\",\"isPartOf\":{\"@id\":\"https:\/\/librairie7l.com\/en\/#website\"},\"datePublished\":\"2023-05-10T10:16:19+00:00\",\"dateModified\":\"2026-04-30T02:18:29+00:00\",\"breadcrumb\":{\"@id\":\"https:\/\/librairie7l.com\/en\/produit\/promenades-de-papier-dessins-du-xviiie-siecle-de-la-bnf\/#breadcrumb\"},\"inLanguage\":\"en-US\",\"potentialAction\":[{\"@type\":\"ReadAction\",\"target\":[\"https:\/\/librairie7l.com\/en\/produit\/promenades-de-papier-dessins-du-xviiie-siecle-de-la-bnf\/\"]}]},{\"@type\":\"BreadcrumbList\",\"@id\":\"https:\/\/librairie7l.com\/en\/produit\/promenades-de-papier-dessins-du-xviiie-siecle-de-la-bnf\/#breadcrumb\",\"itemListElement\":[{\"@type\":\"ListItem\",\"position\":1,\"name\":\"Accueil\",\"item\":\"https:\/\/librairie7l.com\/en\/\"},{\"@type\":\"ListItem\",\"position\":2,\"name\":\"Shop\",\"item\":\"https:\/\/librairie7l.com\/en\/shop\/\"},{\"@type\":\"ListItem\",\"position\":3,\"name\":\"PROMENADES DE PAPIER : DESSINS DU XVIIIE SI\u00c8CLE DE LA BNF\"}]},{\"@type\":\"WebSite\",\"@id\":\"https:\/\/librairie7l.com\/en\/#website\",\"url\":\"https:\/\/librairie7l.com\/en\/\",\"name\":\"Librairie 7L\",\"description\":\"Librairie fond\u00e9e en 1999 par Karl Lagerfeld \u00e0 Paris\",\"publisher\":{\"@id\":\"https:\/\/librairie7l.com\/en\/#organization\"},\"potentialAction\":[{\"@type\":\"SearchAction\",\"target\":{\"@type\":\"EntryPoint\",\"urlTemplate\":\"https:\/\/librairie7l.com\/en\/?s={search_term_string}\"},\"query-input\":\"required name=search_term_string\"}],\"inLanguage\":\"en-US\"},{\"@type\":\"Organization\",\"@id\":\"https:\/\/librairie7l.com\/en\/#organization\",\"name\":\"Librairie 7L\",\"url\":\"https:\/\/librairie7l.com\/en\/\",\"logo\":{\"@type\":\"ImageObject\",\"inLanguage\":\"en-US\",\"@id\":\"https:\/\/librairie7l.com\/en\/#\/schema\/logo\/image\/\",\"url\":\"https:\/\/librairie7l.com\/wp-content\/uploads\/2022\/08\/logo-1.png\",\"contentUrl\":\"https:\/\/librairie7l.com\/wp-content\/uploads\/2022\/08\/logo-1.png\",\"width\":227,\"height\":301,\"caption\":\"Librairie 7L\"},\"image\":{\"@id\":\"https:\/\/librairie7l.com\/en\/#\/schema\/logo\/image\/\"}}]}<\/script>\n<!-- \/ Yoast SEO plugin. -->","yoast_head_json":{"title":"PROMENADES DE PAPIER : DESSINS DU XVIIIE SI\u00c8CLE DE LA BNF - Librairie 7L","robots":{"index":"index","follow":"follow","max-snippet":"max-snippet:-1","max-image-preview":"max-image-preview:large","max-video-preview":"max-video-preview:-1"},"canonical":"https:\/\/librairie7l.com\/en\/produit\/promenades-de-papier-dessins-du-xviiie-siecle-de-la-bnf\/","og_locale":"en_US","og_type":"article","og_title":"PROMENADES DE PAPIER : DESSINS DU XVIIIE SI\u00c8CLE DE LA BNF - Librairie 7L","og_description":"Cet ouvrage propose une exploration illustr\u00e9e de la collection largement in\u00e9dite de dessins, d&#8217;albums et de carnets de croquis fran\u00e7ais du XVIIIe si\u00e8cle, conserv\u00e9s \u00e0 la Biblioth\u00e8que nationale de France. Parmi les 50 artistes pr\u00e9sent\u00e9s figurent certains des plus c\u00e9l\u00e8bres dessinateurs fran\u00e7ais du XVIIIe si\u00e8cle, dont Madeleine Basseporte (1701-1780), Fran\u00e7ois Boucher (1703-1770), Gabriel de Saint [&hellip;]","og_url":"https:\/\/librairie7l.com\/en\/produit\/promenades-de-papier-dessins-du-xviiie-siecle-de-la-bnf\/","og_site_name":"Librairie 7L","article_modified_time":"2026-04-30T02:18:29+00:00","og_image":[{"width":600,"height":688,"url":"https:\/\/librairie7l.com\/wp-content\/uploads\/2023\/02\/9782717729320_1_75.jpg","type":"image\/jpeg"}],"twitter_card":"summary_large_image","twitter_misc":{"Est. reading time":"1 minute"},"schema":{"@context":"https:\/\/schema.org","@graph":[{"@type":"WebPage","@id":"https:\/\/librairie7l.com\/en\/produit\/promenades-de-papier-dessins-du-xviiie-siecle-de-la-bnf\/","url":"https:\/\/librairie7l.com\/en\/produit\/promenades-de-papier-dessins-du-xviiie-siecle-de-la-bnf\/","name":"PROMENADES DE PAPIER : DESSINS DU XVIIIE SI\u00c8CLE DE LA BNF - Librairie 7L","isPartOf":{"@id":"https:\/\/librairie7l.com\/en\/#website"},"datePublished":"2023-05-10T10:16:19+00:00","dateModified":"2026-04-30T02:18:29+00:00","breadcrumb":{"@id":"https:\/\/librairie7l.com\/en\/produit\/promenades-de-papier-dessins-du-xviiie-siecle-de-la-bnf\/#breadcrumb"},"inLanguage":"en-US","potentialAction":[{"@type":"ReadAction","target":["https:\/\/librairie7l.com\/en\/produit\/promenades-de-papier-dessins-du-xviiie-siecle-de-la-bnf\/"]}]},{"@type":"BreadcrumbList","@id":"https:\/\/librairie7l.com\/en\/produit\/promenades-de-papier-dessins-du-xviiie-siecle-de-la-bnf\/#breadcrumb","itemListElement":[{"@type":"ListItem","position":1,"name":"Accueil","item":"https:\/\/librairie7l.com\/en\/"},{"@type":"ListItem","position":2,"name":"Shop","item":"https:\/\/librairie7l.com\/en\/shop\/"},{"@type":"ListItem","position":3,"name":"PROMENADES DE PAPIER : DESSINS DU XVIIIE SI\u00c8CLE DE LA BNF"}]},{"@type":"WebSite","@id":"https:\/\/librairie7l.com\/en\/#website","url":"https:\/\/librairie7l.com\/en\/","name":"Librairie 7L","description":"Librairie fond\u00e9e en 1999 par Karl Lagerfeld \u00e0 Paris","publisher":{"@id":"https:\/\/librairie7l.com\/en\/#organization"},"potentialAction":[{"@type":"SearchAction","target":{"@type":"EntryPoint","urlTemplate":"https:\/\/librairie7l.com\/en\/?s={search_term_string}"},"query-input":"required name=search_term_string"}],"inLanguage":"en-US"},{"@type":"Organization","@id":"https:\/\/librairie7l.com\/en\/#organization","name":"Librairie 7L","url":"https:\/\/librairie7l.com\/en\/","logo":{"@type":"ImageObject","inLanguage":"en-US","@id":"https:\/\/librairie7l.com\/en\/#\/schema\/logo\/image\/","url":"https:\/\/librairie7l.com\/wp-content\/uploads\/2022\/08\/logo-1.png","contentUrl":"https:\/\/librairie7l.com\/wp-content\/uploads\/2022\/08\/logo-1.png","width":227,"height":301,"caption":"Librairie 7L"},"image":{"@id":"https:\/\/librairie7l.com\/en\/#\/schema\/logo\/image\/"}}]}},"_links":{"self":[{"href":"https:\/\/librairie7l.com\/en\/wp-json\/wp\/v2\/product\/26647"}],"collection":[{"href":"https:\/\/librairie7l.com\/en\/wp-json\/wp\/v2\/product"}],"about":[{"href":"https:\/\/librairie7l.com\/en\/wp-json\/wp\/v2\/types\/product"}],"wp:featuredmedia":[{"embeddable":true,"href":"https:\/\/librairie7l.com\/en\/wp-json\/wp\/v2\/media\/26645"}],"wp:attachment":[{"href":"https:\/\/librairie7l.com\/en\/wp-json\/wp\/v2\/media?parent=26647"}],"wp:term":[{"taxonomy":"product_cat","embeddable":true,"href":"https:\/\/librairie7l.com\/en\/wp-json\/wp\/v2\/product_cat?post=26647"},{"taxonomy":"product_tag","embeddable":true,"href":"https:\/\/librairie7l.com\/en\/wp-json\/wp\/v2\/product_tag?post=26647"}],"curies":[{"name":"wp","href":"https:\/\/api.w.org\/{rel}","templated":true}]}}