{"id":26655,"date":"2023-05-10T12:16:49","date_gmt":"2023-05-10T10:16:49","guid":{"rendered":"https:\/\/librairie7l.com\/?post_type=product&#038;p=26655"},"modified":"2026-04-17T18:07:14","modified_gmt":"2026-04-17T16:07:14","slug":"la-folie-des-trains-de-luxe","status":"publish","type":"product","link":"https:\/\/librairie7l.com\/en\/produit\/la-folie-des-trains-de-luxe\/","title":{"rendered":"LA FOLIE DES TRAINS DE LUXE"},"content":{"rendered":"<p>Depuis toujours les trains de luxe fascinent. Ils sont la source d&#8217;un imaginaire de voyage, de volupt\u00e9 et de beaut\u00e9 qui ne tarit pas, au point que des compagnies, \u00e0 travers le monde, font na\u00eetre de nouveaux palaces sur rail.<br \/>\nLongeant la lagune de Venise confortablement install\u00e9 dans la voiture-restaurant du Venice Simplon &#8211; Orient-Express, admirant les splendeurs du Machu Picchu au bar du Hiram Bingham, profitant d&#8217;un onsen \u00e0 bord du Shiki-Shima, le lecteur de ce livre embarque pour un tour du monde de r\u00eave.<br \/>\n\u00c9vocation \u00e9galement des grands trains disparus qui ont marqu\u00e9 l&#8217;histoire ferroviaire internationale, de l&#8217;Orient-Express au Train Bleu, cet ouvrage propose un double voyage dans l&#8217;espace et dans le temps, un instant de folie d&#8217;un train de luxe \u00e0 l&#8217;autre.<\/p>\n","protected":false},"excerpt":{"rendered":"<p>Depuis toujours les trains de luxe fascinent. Ils sont la source d&#8217;un imaginaire de voyage, de volupt\u00e9 et de beaut\u00e9 qui ne tarit pas, au point que des compagnies, \u00e0 travers le monde, font na\u00eetre de nouveaux palaces sur rail. Longeant la lagune de Venise confortablement install\u00e9 dans la voiture-restaurant du Venice Simplon &#8211; Orient-Express, [&hellip;]<\/p>\n","protected":false},"featured_media":26653,"template":"","meta":[],"product_cat":[55,2948,46,2951],"product_tag":[],"acf":[],"yoast_head":"<!-- This site is optimized with the Yoast SEO plugin v20.11 - https:\/\/yoast.com\/wordpress\/plugins\/seo\/ -->\n<title>LA FOLIE DES TRAINS DE LUXE - Librairie 7L<\/title>\n<meta name=\"robots\" content=\"index, follow, max-snippet:-1, max-image-preview:large, max-video-preview:-1\" \/>\n<link rel=\"canonical\" href=\"https:\/\/librairie7l.com\/en\/produit\/la-folie-des-trains-de-luxe\/\" \/>\n<meta property=\"og:locale\" content=\"en_US\" \/>\n<meta property=\"og:type\" content=\"article\" \/>\n<meta property=\"og:title\" content=\"LA FOLIE DES TRAINS DE LUXE - Librairie 7L\" \/>\n<meta property=\"og:description\" content=\"Depuis toujours les trains de luxe fascinent. Ils sont la source d&#8217;un imaginaire de voyage, de volupt\u00e9 et de beaut\u00e9 qui ne tarit pas, au point que des compagnies, \u00e0 travers le monde, font na\u00eetre de nouveaux palaces sur rail. Longeant la lagune de Venise confortablement install\u00e9 dans la voiture-restaurant du Venice Simplon &#8211; Orient-Express, [&hellip;]\" \/>\n<meta property=\"og:url\" content=\"https:\/\/librairie7l.com\/en\/produit\/la-folie-des-trains-de-luxe\/\" \/>\n<meta property=\"og:site_name\" content=\"Librairie 7L\" \/>\n<meta property=\"article:modified_time\" content=\"2026-04-17T16:07:14+00:00\" \/>\n<meta property=\"og:image\" content=\"https:\/\/librairie7l.com\/wp-content\/uploads\/2022\/05\/9782376712503_1_75.jpg\" \/>\n\t<meta property=\"og:image:width\" content=\"600\" \/>\n\t<meta property=\"og:image:height\" content=\"721\" \/>\n\t<meta property=\"og:image:type\" content=\"image\/jpeg\" \/>\n<meta name=\"twitter:card\" content=\"summary_large_image\" \/>\n<meta name=\"twitter:label1\" content=\"Est. reading time\" \/>\n\t<meta name=\"twitter:data1\" content=\"1 minute\" \/>\n<script type=\"application\/ld+json\" class=\"yoast-schema-graph\">{\"@context\":\"https:\/\/schema.org\",\"@graph\":[{\"@type\":\"WebPage\",\"@id\":\"https:\/\/librairie7l.com\/en\/produit\/la-folie-des-trains-de-luxe\/\",\"url\":\"https:\/\/librairie7l.com\/en\/produit\/la-folie-des-trains-de-luxe\/\",\"name\":\"LA FOLIE DES TRAINS DE LUXE - Librairie 7L\",\"isPartOf\":{\"@id\":\"https:\/\/librairie7l.com\/en\/#website\"},\"datePublished\":\"2023-05-10T10:16:49+00:00\",\"dateModified\":\"2026-04-17T16:07:14+00:00\",\"breadcrumb\":{\"@id\":\"https:\/\/librairie7l.com\/en\/produit\/la-folie-des-trains-de-luxe\/#breadcrumb\"},\"inLanguage\":\"en-US\",\"potentialAction\":[{\"@type\":\"ReadAction\",\"target\":[\"https:\/\/librairie7l.com\/en\/produit\/la-folie-des-trains-de-luxe\/\"]}]},{\"@type\":\"BreadcrumbList\",\"@id\":\"https:\/\/librairie7l.com\/en\/produit\/la-folie-des-trains-de-luxe\/#breadcrumb\",\"itemListElement\":[{\"@type\":\"ListItem\",\"position\":1,\"name\":\"Accueil\",\"item\":\"https:\/\/librairie7l.com\/en\/\"},{\"@type\":\"ListItem\",\"position\":2,\"name\":\"Shop\",\"item\":\"https:\/\/librairie7l.com\/en\/shop\/\"},{\"@type\":\"ListItem\",\"position\":3,\"name\":\"LA FOLIE DES TRAINS DE LUXE\"}]},{\"@type\":\"WebSite\",\"@id\":\"https:\/\/librairie7l.com\/en\/#website\",\"url\":\"https:\/\/librairie7l.com\/en\/\",\"name\":\"Librairie 7L\",\"description\":\"Librairie fond\u00e9e en 1999 par Karl Lagerfeld \u00e0 Paris\",\"publisher\":{\"@id\":\"https:\/\/librairie7l.com\/en\/#organization\"},\"potentialAction\":[{\"@type\":\"SearchAction\",\"target\":{\"@type\":\"EntryPoint\",\"urlTemplate\":\"https:\/\/librairie7l.com\/en\/?s={search_term_string}\"},\"query-input\":\"required name=search_term_string\"}],\"inLanguage\":\"en-US\"},{\"@type\":\"Organization\",\"@id\":\"https:\/\/librairie7l.com\/en\/#organization\",\"name\":\"Librairie 7L\",\"url\":\"https:\/\/librairie7l.com\/en\/\",\"logo\":{\"@type\":\"ImageObject\",\"inLanguage\":\"en-US\",\"@id\":\"https:\/\/librairie7l.com\/en\/#\/schema\/logo\/image\/\",\"url\":\"https:\/\/librairie7l.com\/wp-content\/uploads\/2022\/08\/logo-1.png\",\"contentUrl\":\"https:\/\/librairie7l.com\/wp-content\/uploads\/2022\/08\/logo-1.png\",\"width\":227,\"height\":301,\"caption\":\"Librairie 7L\"},\"image\":{\"@id\":\"https:\/\/librairie7l.com\/en\/#\/schema\/logo\/image\/\"}}]}<\/script>\n<!-- \/ Yoast SEO plugin. -->","yoast_head_json":{"title":"LA FOLIE DES TRAINS DE LUXE - Librairie 7L","robots":{"index":"index","follow":"follow","max-snippet":"max-snippet:-1","max-image-preview":"max-image-preview:large","max-video-preview":"max-video-preview:-1"},"canonical":"https:\/\/librairie7l.com\/en\/produit\/la-folie-des-trains-de-luxe\/","og_locale":"en_US","og_type":"article","og_title":"LA FOLIE DES TRAINS DE LUXE - Librairie 7L","og_description":"Depuis toujours les trains de luxe fascinent. Ils sont la source d&#8217;un imaginaire de voyage, de volupt\u00e9 et de beaut\u00e9 qui ne tarit pas, au point que des compagnies, \u00e0 travers le monde, font na\u00eetre de nouveaux palaces sur rail. Longeant la lagune de Venise confortablement install\u00e9 dans la voiture-restaurant du Venice Simplon &#8211; Orient-Express, [&hellip;]","og_url":"https:\/\/librairie7l.com\/en\/produit\/la-folie-des-trains-de-luxe\/","og_site_name":"Librairie 7L","article_modified_time":"2026-04-17T16:07:14+00:00","og_image":[{"width":600,"height":721,"url":"https:\/\/librairie7l.com\/wp-content\/uploads\/2022\/05\/9782376712503_1_75.jpg","type":"image\/jpeg"}],"twitter_card":"summary_large_image","twitter_misc":{"Est. reading time":"1 minute"},"schema":{"@context":"https:\/\/schema.org","@graph":[{"@type":"WebPage","@id":"https:\/\/librairie7l.com\/en\/produit\/la-folie-des-trains-de-luxe\/","url":"https:\/\/librairie7l.com\/en\/produit\/la-folie-des-trains-de-luxe\/","name":"LA FOLIE DES TRAINS DE LUXE - Librairie 7L","isPartOf":{"@id":"https:\/\/librairie7l.com\/en\/#website"},"datePublished":"2023-05-10T10:16:49+00:00","dateModified":"2026-04-17T16:07:14+00:00","breadcrumb":{"@id":"https:\/\/librairie7l.com\/en\/produit\/la-folie-des-trains-de-luxe\/#breadcrumb"},"inLanguage":"en-US","potentialAction":[{"@type":"ReadAction","target":["https:\/\/librairie7l.com\/en\/produit\/la-folie-des-trains-de-luxe\/"]}]},{"@type":"BreadcrumbList","@id":"https:\/\/librairie7l.com\/en\/produit\/la-folie-des-trains-de-luxe\/#breadcrumb","itemListElement":[{"@type":"ListItem","position":1,"name":"Accueil","item":"https:\/\/librairie7l.com\/en\/"},{"@type":"ListItem","position":2,"name":"Shop","item":"https:\/\/librairie7l.com\/en\/shop\/"},{"@type":"ListItem","position":3,"name":"LA FOLIE DES TRAINS DE LUXE"}]},{"@type":"WebSite","@id":"https:\/\/librairie7l.com\/en\/#website","url":"https:\/\/librairie7l.com\/en\/","name":"Librairie 7L","description":"Librairie fond\u00e9e en 1999 par Karl Lagerfeld \u00e0 Paris","publisher":{"@id":"https:\/\/librairie7l.com\/en\/#organization"},"potentialAction":[{"@type":"SearchAction","target":{"@type":"EntryPoint","urlTemplate":"https:\/\/librairie7l.com\/en\/?s={search_term_string}"},"query-input":"required name=search_term_string"}],"inLanguage":"en-US"},{"@type":"Organization","@id":"https:\/\/librairie7l.com\/en\/#organization","name":"Librairie 7L","url":"https:\/\/librairie7l.com\/en\/","logo":{"@type":"ImageObject","inLanguage":"en-US","@id":"https:\/\/librairie7l.com\/en\/#\/schema\/logo\/image\/","url":"https:\/\/librairie7l.com\/wp-content\/uploads\/2022\/08\/logo-1.png","contentUrl":"https:\/\/librairie7l.com\/wp-content\/uploads\/2022\/08\/logo-1.png","width":227,"height":301,"caption":"Librairie 7L"},"image":{"@id":"https:\/\/librairie7l.com\/en\/#\/schema\/logo\/image\/"}}]}},"_links":{"self":[{"href":"https:\/\/librairie7l.com\/en\/wp-json\/wp\/v2\/product\/26655"}],"collection":[{"href":"https:\/\/librairie7l.com\/en\/wp-json\/wp\/v2\/product"}],"about":[{"href":"https:\/\/librairie7l.com\/en\/wp-json\/wp\/v2\/types\/product"}],"wp:featuredmedia":[{"embeddable":true,"href":"https:\/\/librairie7l.com\/en\/wp-json\/wp\/v2\/media\/26653"}],"wp:attachment":[{"href":"https:\/\/librairie7l.com\/en\/wp-json\/wp\/v2\/media?parent=26655"}],"wp:term":[{"taxonomy":"product_cat","embeddable":true,"href":"https:\/\/librairie7l.com\/en\/wp-json\/wp\/v2\/product_cat?post=26655"},{"taxonomy":"product_tag","embeddable":true,"href":"https:\/\/librairie7l.com\/en\/wp-json\/wp\/v2\/product_tag?post=26655"}],"curies":[{"name":"wp","href":"https:\/\/api.w.org\/{rel}","templated":true}]}}