{"id":26659,"date":"2023-05-10T12:16:52","date_gmt":"2023-05-10T10:16:52","guid":{"rendered":"https:\/\/librairie7l.com\/?post_type=product&#038;p=26659"},"modified":"2026-04-07T16:07:57","modified_gmt":"2026-04-07T14:07:57","slug":"la-robe-une-histoire-culturelle-du-moyen-age-a-aujourdhui","status":"publish","type":"product","link":"https:\/\/librairie7l.com\/en\/produit\/la-robe-une-histoire-culturelle-du-moyen-age-a-aujourdhui\/","title":{"rendered":"LA ROBE ; UNE HISTOIRE CULTURELLE ; DU MOYEN \u00c2GE \u00c0 AUJOURD&#8217;HUI"},"content":{"rendered":"<p>Dans cet ouvrage, o\u00f9 une large place est laiss\u00e9e \u00e0 l&#8217;iconographie (peintures, gravures, photographies), Georges Vigarello s&#8217;attache \u00e0 montrer comment l&#8217;\u00e9volution de la robe est intiment li\u00e9e au contexte social et culturel de chaque \u00e9poque. Ainsi, du Moyen \u00c2ge \u00e0 aujourd&#8217;hui, il retrace cette histoire faite de ruptures et de r\u00e9volutions, pour mettre en lumi\u00e8re combien les profils et les modes sugg\u00e8rent une sensibilit\u00e9 culturelle, \u00e9pousent une vision du monde, incarnent l&#8217;\u00e9volution des moeurs. Car l&#8217;apparence de la femme traduit bien souvent ce qui est attendu d&#8217;elle, d&#8217;o\u00f9 l&#8217;enjeu d&#8217;une histoire des robes.<\/p>\n<p>D\u00e9coup\u00e9 en six grandes parties, l&#8217;ouvrage remonte d&#8217;abord au XIIIe si\u00e8cle avec les premiers bustes lac\u00e9s, pour ensuite s&#8217;attarder au XVIe, mais surtout aux XVIIe et XVIIIe si\u00e8cles, durant lesquels la g\u00e9om\u00e9trie des lignes et des silhouettes ne va faire que s&#8217;accentuer : le buste est corset\u00e9, la ceinture \u00e9trangl\u00e9e et le bas du corps enti\u00e8rement noy\u00e9 dans les plis. La femme est avant tout un \u00ab d\u00e9cor \u00bb et cet artifice est con\u00e7u en priorit\u00e9 pour la pause, non pour l&#8217;activit\u00e9. Mais l&#8217;\u00e9poque des Lumi\u00e8res en fera la critique, amplifi\u00e9e par la R\u00e9volution fran\u00e7aise. La nouvelle \u00ab citoyenne \u00bb gagne en droits et en libert\u00e9, et son v\u00eatement doit en t\u00e9moigner. Pourtant, le premier quart du XIXe si\u00e8cle, s&#8217;attache \u00e0 restaurer pour un temps ces formes et d\u00e9pendances pass\u00e9es : c&#8217;est alors l&#8217;apog\u00e9e de la crinoline, avant qu&#8217;elle-m\u00eame ne s&#8217;efface au profit du fourreau d\u00e9but XXe, tandis que la robe se fait plus collante, d\u00e9voilant davantage le bas du corps. Puis, le XXe marque l&#8217;\u00e9lancement : la ligne se redessine et la rupture s&#8217;op\u00e8re sur l&#8217;ensemble de la silhouette. Les formes s&#8217;installent, plus onduleuses. La mode \u00ab gar\u00e7onne \u00bb des ann\u00e9es 30 marque de fa\u00e7on d\u00e9cisive l&#8217;affirmation d&#8217;un corps mobile. De m\u00eame, \u00e0 travers les bouleversements contemporains, triomphe une libert\u00e9 assum\u00e9e : la mini-jupe, le legging, le pantalon, sont autant de rep\u00e8res forts, \u00e0 partir desquels la robe est r\u00e9volutionn\u00e9e.<\/p>\n","protected":false},"excerpt":{"rendered":"<p>Dans cet ouvrage, o\u00f9 une large place est laiss\u00e9e \u00e0 l&#8217;iconographie (peintures, gravures, photographies), Georges Vigarello s&#8217;attache \u00e0 montrer comment l&#8217;\u00e9volution de la robe est intiment li\u00e9e au contexte social et culturel de chaque \u00e9poque. Ainsi, du Moyen \u00c2ge \u00e0 aujourd&#8217;hui, il retrace cette histoire faite de ruptures et de r\u00e9volutions, pour mettre en lumi\u00e8re [&hellip;]<\/p>\n","protected":false},"featured_media":26657,"template":"","meta":[],"product_cat":[55,2948,2957,19],"product_tag":[],"acf":[],"yoast_head":"<!-- This site is optimized with the Yoast SEO plugin v20.11 - https:\/\/yoast.com\/wordpress\/plugins\/seo\/ -->\n<title>LA ROBE ; UNE HISTOIRE CULTURELLE ; DU MOYEN \u00c2GE \u00c0 AUJOURD&#039;HUI - Librairie 7L<\/title>\n<meta name=\"robots\" content=\"index, follow, max-snippet:-1, max-image-preview:large, max-video-preview:-1\" \/>\n<link rel=\"canonical\" href=\"https:\/\/librairie7l.com\/en\/produit\/la-robe-une-histoire-culturelle-du-moyen-age-a-aujourdhui\/\" \/>\n<meta property=\"og:locale\" content=\"en_US\" \/>\n<meta property=\"og:type\" content=\"article\" \/>\n<meta property=\"og:title\" content=\"LA ROBE ; UNE HISTOIRE CULTURELLE ; DU MOYEN \u00c2GE \u00c0 AUJOURD&#039;HUI - Librairie 7L\" \/>\n<meta property=\"og:description\" content=\"Dans cet ouvrage, o\u00f9 une large place est laiss\u00e9e \u00e0 l&#8217;iconographie (peintures, gravures, photographies), Georges Vigarello s&#8217;attache \u00e0 montrer comment l&#8217;\u00e9volution de la robe est intiment li\u00e9e au contexte social et culturel de chaque \u00e9poque. Ainsi, du Moyen \u00c2ge \u00e0 aujourd&#8217;hui, il retrace cette histoire faite de ruptures et de r\u00e9volutions, pour mettre en lumi\u00e8re [&hellip;]\" \/>\n<meta property=\"og:url\" content=\"https:\/\/librairie7l.com\/en\/produit\/la-robe-une-histoire-culturelle-du-moyen-age-a-aujourdhui\/\" \/>\n<meta property=\"og:site_name\" content=\"Librairie 7L\" \/>\n<meta property=\"article:modified_time\" content=\"2026-04-07T14:07:57+00:00\" \/>\n<meta property=\"og:image\" content=\"https:\/\/librairie7l.com\/wp-content\/uploads\/2017\/07\/9782021354416_1_75.jpg\" \/>\n\t<meta property=\"og:image:width\" content=\"1000\" \/>\n\t<meta property=\"og:image:height\" content=\"1088\" \/>\n\t<meta property=\"og:image:type\" content=\"image\/jpeg\" \/>\n<meta name=\"twitter:card\" content=\"summary_large_image\" \/>\n<meta name=\"twitter:label1\" content=\"Est. reading time\" \/>\n\t<meta name=\"twitter:data1\" content=\"2 minutes\" \/>\n<script type=\"application\/ld+json\" class=\"yoast-schema-graph\">{\"@context\":\"https:\/\/schema.org\",\"@graph\":[{\"@type\":\"WebPage\",\"@id\":\"https:\/\/librairie7l.com\/en\/produit\/la-robe-une-histoire-culturelle-du-moyen-age-a-aujourdhui\/\",\"url\":\"https:\/\/librairie7l.com\/en\/produit\/la-robe-une-histoire-culturelle-du-moyen-age-a-aujourdhui\/\",\"name\":\"LA ROBE ; UNE HISTOIRE CULTURELLE ; DU MOYEN \u00c2GE \u00c0 AUJOURD'HUI - Librairie 7L\",\"isPartOf\":{\"@id\":\"https:\/\/librairie7l.com\/en\/#website\"},\"datePublished\":\"2023-05-10T10:16:52+00:00\",\"dateModified\":\"2026-04-07T14:07:57+00:00\",\"breadcrumb\":{\"@id\":\"https:\/\/librairie7l.com\/en\/produit\/la-robe-une-histoire-culturelle-du-moyen-age-a-aujourdhui\/#breadcrumb\"},\"inLanguage\":\"en-US\",\"potentialAction\":[{\"@type\":\"ReadAction\",\"target\":[\"https:\/\/librairie7l.com\/en\/produit\/la-robe-une-histoire-culturelle-du-moyen-age-a-aujourdhui\/\"]}]},{\"@type\":\"BreadcrumbList\",\"@id\":\"https:\/\/librairie7l.com\/en\/produit\/la-robe-une-histoire-culturelle-du-moyen-age-a-aujourdhui\/#breadcrumb\",\"itemListElement\":[{\"@type\":\"ListItem\",\"position\":1,\"name\":\"Accueil\",\"item\":\"https:\/\/librairie7l.com\/en\/\"},{\"@type\":\"ListItem\",\"position\":2,\"name\":\"Shop\",\"item\":\"https:\/\/librairie7l.com\/en\/shop\/\"},{\"@type\":\"ListItem\",\"position\":3,\"name\":\"LA ROBE ; UNE HISTOIRE CULTURELLE ; DU MOYEN \u00c2GE \u00c0 AUJOURD&#8217;HUI\"}]},{\"@type\":\"WebSite\",\"@id\":\"https:\/\/librairie7l.com\/en\/#website\",\"url\":\"https:\/\/librairie7l.com\/en\/\",\"name\":\"Librairie 7L\",\"description\":\"Librairie fond\u00e9e en 1999 par Karl Lagerfeld \u00e0 Paris\",\"publisher\":{\"@id\":\"https:\/\/librairie7l.com\/en\/#organization\"},\"potentialAction\":[{\"@type\":\"SearchAction\",\"target\":{\"@type\":\"EntryPoint\",\"urlTemplate\":\"https:\/\/librairie7l.com\/en\/?s={search_term_string}\"},\"query-input\":\"required name=search_term_string\"}],\"inLanguage\":\"en-US\"},{\"@type\":\"Organization\",\"@id\":\"https:\/\/librairie7l.com\/en\/#organization\",\"name\":\"Librairie 7L\",\"url\":\"https:\/\/librairie7l.com\/en\/\",\"logo\":{\"@type\":\"ImageObject\",\"inLanguage\":\"en-US\",\"@id\":\"https:\/\/librairie7l.com\/en\/#\/schema\/logo\/image\/\",\"url\":\"https:\/\/librairie7l.com\/wp-content\/uploads\/2022\/08\/logo-1.png\",\"contentUrl\":\"https:\/\/librairie7l.com\/wp-content\/uploads\/2022\/08\/logo-1.png\",\"width\":227,\"height\":301,\"caption\":\"Librairie 7L\"},\"image\":{\"@id\":\"https:\/\/librairie7l.com\/en\/#\/schema\/logo\/image\/\"}}]}<\/script>\n<!-- \/ Yoast SEO plugin. -->","yoast_head_json":{"title":"LA ROBE ; UNE HISTOIRE CULTURELLE ; DU MOYEN \u00c2GE \u00c0 AUJOURD'HUI - Librairie 7L","robots":{"index":"index","follow":"follow","max-snippet":"max-snippet:-1","max-image-preview":"max-image-preview:large","max-video-preview":"max-video-preview:-1"},"canonical":"https:\/\/librairie7l.com\/en\/produit\/la-robe-une-histoire-culturelle-du-moyen-age-a-aujourdhui\/","og_locale":"en_US","og_type":"article","og_title":"LA ROBE ; UNE HISTOIRE CULTURELLE ; DU MOYEN \u00c2GE \u00c0 AUJOURD'HUI - Librairie 7L","og_description":"Dans cet ouvrage, o\u00f9 une large place est laiss\u00e9e \u00e0 l&#8217;iconographie (peintures, gravures, photographies), Georges Vigarello s&#8217;attache \u00e0 montrer comment l&#8217;\u00e9volution de la robe est intiment li\u00e9e au contexte social et culturel de chaque \u00e9poque. Ainsi, du Moyen \u00c2ge \u00e0 aujourd&#8217;hui, il retrace cette histoire faite de ruptures et de r\u00e9volutions, pour mettre en lumi\u00e8re [&hellip;]","og_url":"https:\/\/librairie7l.com\/en\/produit\/la-robe-une-histoire-culturelle-du-moyen-age-a-aujourdhui\/","og_site_name":"Librairie 7L","article_modified_time":"2026-04-07T14:07:57+00:00","og_image":[{"width":1000,"height":1088,"url":"https:\/\/librairie7l.com\/wp-content\/uploads\/2017\/07\/9782021354416_1_75.jpg","type":"image\/jpeg"}],"twitter_card":"summary_large_image","twitter_misc":{"Est. reading time":"2 minutes"},"schema":{"@context":"https:\/\/schema.org","@graph":[{"@type":"WebPage","@id":"https:\/\/librairie7l.com\/en\/produit\/la-robe-une-histoire-culturelle-du-moyen-age-a-aujourdhui\/","url":"https:\/\/librairie7l.com\/en\/produit\/la-robe-une-histoire-culturelle-du-moyen-age-a-aujourdhui\/","name":"LA ROBE ; UNE HISTOIRE CULTURELLE ; DU MOYEN \u00c2GE \u00c0 AUJOURD'HUI - Librairie 7L","isPartOf":{"@id":"https:\/\/librairie7l.com\/en\/#website"},"datePublished":"2023-05-10T10:16:52+00:00","dateModified":"2026-04-07T14:07:57+00:00","breadcrumb":{"@id":"https:\/\/librairie7l.com\/en\/produit\/la-robe-une-histoire-culturelle-du-moyen-age-a-aujourdhui\/#breadcrumb"},"inLanguage":"en-US","potentialAction":[{"@type":"ReadAction","target":["https:\/\/librairie7l.com\/en\/produit\/la-robe-une-histoire-culturelle-du-moyen-age-a-aujourdhui\/"]}]},{"@type":"BreadcrumbList","@id":"https:\/\/librairie7l.com\/en\/produit\/la-robe-une-histoire-culturelle-du-moyen-age-a-aujourdhui\/#breadcrumb","itemListElement":[{"@type":"ListItem","position":1,"name":"Accueil","item":"https:\/\/librairie7l.com\/en\/"},{"@type":"ListItem","position":2,"name":"Shop","item":"https:\/\/librairie7l.com\/en\/shop\/"},{"@type":"ListItem","position":3,"name":"LA ROBE ; UNE HISTOIRE CULTURELLE ; DU MOYEN \u00c2GE \u00c0 AUJOURD&#8217;HUI"}]},{"@type":"WebSite","@id":"https:\/\/librairie7l.com\/en\/#website","url":"https:\/\/librairie7l.com\/en\/","name":"Librairie 7L","description":"Librairie fond\u00e9e en 1999 par Karl Lagerfeld \u00e0 Paris","publisher":{"@id":"https:\/\/librairie7l.com\/en\/#organization"},"potentialAction":[{"@type":"SearchAction","target":{"@type":"EntryPoint","urlTemplate":"https:\/\/librairie7l.com\/en\/?s={search_term_string}"},"query-input":"required name=search_term_string"}],"inLanguage":"en-US"},{"@type":"Organization","@id":"https:\/\/librairie7l.com\/en\/#organization","name":"Librairie 7L","url":"https:\/\/librairie7l.com\/en\/","logo":{"@type":"ImageObject","inLanguage":"en-US","@id":"https:\/\/librairie7l.com\/en\/#\/schema\/logo\/image\/","url":"https:\/\/librairie7l.com\/wp-content\/uploads\/2022\/08\/logo-1.png","contentUrl":"https:\/\/librairie7l.com\/wp-content\/uploads\/2022\/08\/logo-1.png","width":227,"height":301,"caption":"Librairie 7L"},"image":{"@id":"https:\/\/librairie7l.com\/en\/#\/schema\/logo\/image\/"}}]}},"_links":{"self":[{"href":"https:\/\/librairie7l.com\/en\/wp-json\/wp\/v2\/product\/26659"}],"collection":[{"href":"https:\/\/librairie7l.com\/en\/wp-json\/wp\/v2\/product"}],"about":[{"href":"https:\/\/librairie7l.com\/en\/wp-json\/wp\/v2\/types\/product"}],"wp:featuredmedia":[{"embeddable":true,"href":"https:\/\/librairie7l.com\/en\/wp-json\/wp\/v2\/media\/26657"}],"wp:attachment":[{"href":"https:\/\/librairie7l.com\/en\/wp-json\/wp\/v2\/media?parent=26659"}],"wp:term":[{"taxonomy":"product_cat","embeddable":true,"href":"https:\/\/librairie7l.com\/en\/wp-json\/wp\/v2\/product_cat?post=26659"},{"taxonomy":"product_tag","embeddable":true,"href":"https:\/\/librairie7l.com\/en\/wp-json\/wp\/v2\/product_tag?post=26659"}],"curies":[{"name":"wp","href":"https:\/\/api.w.org\/{rel}","templated":true}]}}