{"id":26667,"date":"2023-05-10T12:17:18","date_gmt":"2023-05-10T10:17:18","guid":{"rendered":"https:\/\/librairie7l.com\/?post_type=product&#038;p=26667"},"modified":"2026-05-09T14:06:27","modified_gmt":"2026-05-09T12:06:27","slug":"doisneau","status":"publish","type":"product","link":"https:\/\/librairie7l.com\/en\/produit\/doisneau\/","title":{"rendered":"DOISNEAU"},"content":{"rendered":"<p>Un roman-fleuve, plein de vitamines et riche en images (600 photographies), o\u00f9 flottent les doux souvenirs des jours heureux, mais \u00e9galement un roman-photo de toute une g\u00e9n\u00e9ration immortalis\u00e9e sur papier et transform\u00e9e, par la gr\u00e2ce de Robert Doisneau, en une mappemonde visuelle du genre humain.<\/p>\n<p>Longtemps class\u00e9 dans la cat\u00e9gorie des reporters au petit bonheur la chance \u00e0 cause de son inlassable curiosit\u00e9, qui lui fit arpenter le pav\u00e9 parisien avec la r\u00e9gularit\u00e9 d&#8217;un coucou suisse, Robert Doisneau (1912-1994) a lui-m\u00eame mis de c\u00f4t\u00e9, presque effac\u00e9, comme par une excessive discr\u00e9tion, toute une partie de son travail glan\u00e9 au hasard des rues, dans ces territoires ouvriers qu&#8217;il affectionnait au temps o\u00f9 la bagnole n&#8217;avait pas encore piqu\u00e9 la place aux pi\u00e9tons.<\/p>\n<p>C&#8217;est cette m\u00e9moire retrouv\u00e9e que ce livre propose, nouvelle lecture d&#8217;une oeuvre rebondissante en ce qu&#8217;elle r\u00e9v\u00e8le, par son abondance m\u00eame, l&#8217;originalit\u00e9 d&#8217;un homme au vocabulaire gouleyant et qui fut aussi bien l&#8217;ami des po\u00e8tes que des ivrognes. \u00c0 c\u00f4t\u00e9 des images devenues classiques, comme le timide minois de Mademoiselle Anita, voici l&#8217;occasion de d\u00e9couvrir un Doisneau intrigu\u00e9 par tout ce qui bouge. Tout ce qui vit. Tout ce qui lui rappelle un peu de son enfance \u00e0 Gentilly (Val-de-Marne) quand, avec le gros Marcel et Jean-Fran\u00e7ois, le jeune Robert imaginait des r\u00eaves de famille.<\/p>\n<p>C&#8217;est un roman-fleuve, plein de vitamines et riche en images, o\u00f9 flottent les doux souvenirs des jours heureux. C&#8217;est aussi le roman-photo de toute une g\u00e9n\u00e9ration immortalis\u00e9e sur papier et transform\u00e9e, par la gr\u00e2ce de Robert Doisneau, en une mappemonde visuelle du genre humain.<\/p>\n","protected":false},"excerpt":{"rendered":"<p>Un roman-fleuve, plein de vitamines et riche en images (600 photographies), o\u00f9 flottent les doux souvenirs des jours heureux, mais \u00e9galement un roman-photo de toute une g\u00e9n\u00e9ration immortalis\u00e9e sur papier et transform\u00e9e, par la gr\u00e2ce de Robert Doisneau, en une mappemonde visuelle du genre humain. Longtemps class\u00e9 dans la cat\u00e9gorie des reporters au petit bonheur [&hellip;]<\/p>\n","protected":false},"featured_media":26665,"template":"","meta":[],"product_cat":[55,2948,2958,17],"product_tag":[],"acf":[],"yoast_head":"<!-- This site is optimized with the Yoast SEO plugin v20.11 - https:\/\/yoast.com\/wordpress\/plugins\/seo\/ -->\n<title>DOISNEAU - Librairie 7L<\/title>\n<meta name=\"robots\" content=\"index, follow, max-snippet:-1, max-image-preview:large, max-video-preview:-1\" \/>\n<link rel=\"canonical\" href=\"https:\/\/librairie7l.com\/en\/produit\/doisneau\/\" \/>\n<meta property=\"og:locale\" content=\"en_US\" \/>\n<meta property=\"og:type\" content=\"article\" \/>\n<meta property=\"og:title\" content=\"DOISNEAU - Librairie 7L\" \/>\n<meta property=\"og:description\" content=\"Un roman-fleuve, plein de vitamines et riche en images (600 photographies), o\u00f9 flottent les doux souvenirs des jours heureux, mais \u00e9galement un roman-photo de toute une g\u00e9n\u00e9ration immortalis\u00e9e sur papier et transform\u00e9e, par la gr\u00e2ce de Robert Doisneau, en une mappemonde visuelle du genre humain. Longtemps class\u00e9 dans la cat\u00e9gorie des reporters au petit bonheur [&hellip;]\" \/>\n<meta property=\"og:url\" content=\"https:\/\/librairie7l.com\/en\/produit\/doisneau\/\" \/>\n<meta property=\"og:site_name\" content=\"Librairie 7L\" \/>\n<meta property=\"article:modified_time\" content=\"2026-05-09T12:06:27+00:00\" \/>\n<meta property=\"og:image\" content=\"https:\/\/librairie7l.com\/wp-content\/uploads\/2021\/06\/9782754111959_1_75.jpg\" \/>\n\t<meta property=\"og:image:width\" content=\"600\" \/>\n\t<meta property=\"og:image:height\" content=\"681\" \/>\n\t<meta property=\"og:image:type\" content=\"image\/jpeg\" \/>\n<meta name=\"twitter:card\" content=\"summary_large_image\" \/>\n<meta name=\"twitter:label1\" content=\"Est. reading time\" \/>\n\t<meta name=\"twitter:data1\" content=\"1 minute\" \/>\n<script type=\"application\/ld+json\" class=\"yoast-schema-graph\">{\"@context\":\"https:\/\/schema.org\",\"@graph\":[{\"@type\":\"WebPage\",\"@id\":\"https:\/\/librairie7l.com\/en\/produit\/doisneau\/\",\"url\":\"https:\/\/librairie7l.com\/en\/produit\/doisneau\/\",\"name\":\"DOISNEAU - Librairie 7L\",\"isPartOf\":{\"@id\":\"https:\/\/librairie7l.com\/en\/#website\"},\"datePublished\":\"2023-05-10T10:17:18+00:00\",\"dateModified\":\"2026-05-09T12:06:27+00:00\",\"breadcrumb\":{\"@id\":\"https:\/\/librairie7l.com\/en\/produit\/doisneau\/#breadcrumb\"},\"inLanguage\":\"en-US\",\"potentialAction\":[{\"@type\":\"ReadAction\",\"target\":[\"https:\/\/librairie7l.com\/en\/produit\/doisneau\/\"]}]},{\"@type\":\"BreadcrumbList\",\"@id\":\"https:\/\/librairie7l.com\/en\/produit\/doisneau\/#breadcrumb\",\"itemListElement\":[{\"@type\":\"ListItem\",\"position\":1,\"name\":\"Accueil\",\"item\":\"https:\/\/librairie7l.com\/en\/\"},{\"@type\":\"ListItem\",\"position\":2,\"name\":\"Shop\",\"item\":\"https:\/\/librairie7l.com\/en\/shop\/\"},{\"@type\":\"ListItem\",\"position\":3,\"name\":\"DOISNEAU\"}]},{\"@type\":\"WebSite\",\"@id\":\"https:\/\/librairie7l.com\/en\/#website\",\"url\":\"https:\/\/librairie7l.com\/en\/\",\"name\":\"Librairie 7L\",\"description\":\"Librairie fond\u00e9e en 1999 par Karl Lagerfeld \u00e0 Paris\",\"publisher\":{\"@id\":\"https:\/\/librairie7l.com\/en\/#organization\"},\"potentialAction\":[{\"@type\":\"SearchAction\",\"target\":{\"@type\":\"EntryPoint\",\"urlTemplate\":\"https:\/\/librairie7l.com\/en\/?s={search_term_string}\"},\"query-input\":\"required name=search_term_string\"}],\"inLanguage\":\"en-US\"},{\"@type\":\"Organization\",\"@id\":\"https:\/\/librairie7l.com\/en\/#organization\",\"name\":\"Librairie 7L\",\"url\":\"https:\/\/librairie7l.com\/en\/\",\"logo\":{\"@type\":\"ImageObject\",\"inLanguage\":\"en-US\",\"@id\":\"https:\/\/librairie7l.com\/en\/#\/schema\/logo\/image\/\",\"url\":\"https:\/\/librairie7l.com\/wp-content\/uploads\/2022\/08\/logo-1.png\",\"contentUrl\":\"https:\/\/librairie7l.com\/wp-content\/uploads\/2022\/08\/logo-1.png\",\"width\":227,\"height\":301,\"caption\":\"Librairie 7L\"},\"image\":{\"@id\":\"https:\/\/librairie7l.com\/en\/#\/schema\/logo\/image\/\"}}]}<\/script>\n<!-- \/ Yoast SEO plugin. -->","yoast_head_json":{"title":"DOISNEAU - Librairie 7L","robots":{"index":"index","follow":"follow","max-snippet":"max-snippet:-1","max-image-preview":"max-image-preview:large","max-video-preview":"max-video-preview:-1"},"canonical":"https:\/\/librairie7l.com\/en\/produit\/doisneau\/","og_locale":"en_US","og_type":"article","og_title":"DOISNEAU - Librairie 7L","og_description":"Un roman-fleuve, plein de vitamines et riche en images (600 photographies), o\u00f9 flottent les doux souvenirs des jours heureux, mais \u00e9galement un roman-photo de toute une g\u00e9n\u00e9ration immortalis\u00e9e sur papier et transform\u00e9e, par la gr\u00e2ce de Robert Doisneau, en une mappemonde visuelle du genre humain. Longtemps class\u00e9 dans la cat\u00e9gorie des reporters au petit bonheur [&hellip;]","og_url":"https:\/\/librairie7l.com\/en\/produit\/doisneau\/","og_site_name":"Librairie 7L","article_modified_time":"2026-05-09T12:06:27+00:00","og_image":[{"width":600,"height":681,"url":"https:\/\/librairie7l.com\/wp-content\/uploads\/2021\/06\/9782754111959_1_75.jpg","type":"image\/jpeg"}],"twitter_card":"summary_large_image","twitter_misc":{"Est. reading time":"1 minute"},"schema":{"@context":"https:\/\/schema.org","@graph":[{"@type":"WebPage","@id":"https:\/\/librairie7l.com\/en\/produit\/doisneau\/","url":"https:\/\/librairie7l.com\/en\/produit\/doisneau\/","name":"DOISNEAU - Librairie 7L","isPartOf":{"@id":"https:\/\/librairie7l.com\/en\/#website"},"datePublished":"2023-05-10T10:17:18+00:00","dateModified":"2026-05-09T12:06:27+00:00","breadcrumb":{"@id":"https:\/\/librairie7l.com\/en\/produit\/doisneau\/#breadcrumb"},"inLanguage":"en-US","potentialAction":[{"@type":"ReadAction","target":["https:\/\/librairie7l.com\/en\/produit\/doisneau\/"]}]},{"@type":"BreadcrumbList","@id":"https:\/\/librairie7l.com\/en\/produit\/doisneau\/#breadcrumb","itemListElement":[{"@type":"ListItem","position":1,"name":"Accueil","item":"https:\/\/librairie7l.com\/en\/"},{"@type":"ListItem","position":2,"name":"Shop","item":"https:\/\/librairie7l.com\/en\/shop\/"},{"@type":"ListItem","position":3,"name":"DOISNEAU"}]},{"@type":"WebSite","@id":"https:\/\/librairie7l.com\/en\/#website","url":"https:\/\/librairie7l.com\/en\/","name":"Librairie 7L","description":"Librairie fond\u00e9e en 1999 par Karl Lagerfeld \u00e0 Paris","publisher":{"@id":"https:\/\/librairie7l.com\/en\/#organization"},"potentialAction":[{"@type":"SearchAction","target":{"@type":"EntryPoint","urlTemplate":"https:\/\/librairie7l.com\/en\/?s={search_term_string}"},"query-input":"required name=search_term_string"}],"inLanguage":"en-US"},{"@type":"Organization","@id":"https:\/\/librairie7l.com\/en\/#organization","name":"Librairie 7L","url":"https:\/\/librairie7l.com\/en\/","logo":{"@type":"ImageObject","inLanguage":"en-US","@id":"https:\/\/librairie7l.com\/en\/#\/schema\/logo\/image\/","url":"https:\/\/librairie7l.com\/wp-content\/uploads\/2022\/08\/logo-1.png","contentUrl":"https:\/\/librairie7l.com\/wp-content\/uploads\/2022\/08\/logo-1.png","width":227,"height":301,"caption":"Librairie 7L"},"image":{"@id":"https:\/\/librairie7l.com\/en\/#\/schema\/logo\/image\/"}}]}},"_links":{"self":[{"href":"https:\/\/librairie7l.com\/en\/wp-json\/wp\/v2\/product\/26667"}],"collection":[{"href":"https:\/\/librairie7l.com\/en\/wp-json\/wp\/v2\/product"}],"about":[{"href":"https:\/\/librairie7l.com\/en\/wp-json\/wp\/v2\/types\/product"}],"wp:featuredmedia":[{"embeddable":true,"href":"https:\/\/librairie7l.com\/en\/wp-json\/wp\/v2\/media\/26665"}],"wp:attachment":[{"href":"https:\/\/librairie7l.com\/en\/wp-json\/wp\/v2\/media?parent=26667"}],"wp:term":[{"taxonomy":"product_cat","embeddable":true,"href":"https:\/\/librairie7l.com\/en\/wp-json\/wp\/v2\/product_cat?post=26667"},{"taxonomy":"product_tag","embeddable":true,"href":"https:\/\/librairie7l.com\/en\/wp-json\/wp\/v2\/product_tag?post=26667"}],"curies":[{"name":"wp","href":"https:\/\/api.w.org\/{rel}","templated":true}]}}