{"id":26703,"date":"2023-05-10T12:18:40","date_gmt":"2023-05-10T10:18:40","guid":{"rendered":"https:\/\/librairie7l.com\/?post_type=product&#038;p=26703"},"modified":"2026-04-07T03:05:47","modified_gmt":"2026-04-07T01:05:47","slug":"louis-xv-gouts-et-passions-dun-roi","status":"publish","type":"product","link":"https:\/\/librairie7l.com\/en\/produit\/louis-xv-gouts-et-passions-dun-roi\/","title":{"rendered":"LOUIS XV : GO\u00dbTS ET PASSIONS D&#8217;UN ROI"},"content":{"rendered":"<p>Le 15 juin 1722, durant l&#8217;interm\u00e8de de la R\u00e9gence commenc\u00e9 au d\u00e9c\u00e8s de Louis XIV le 1er septembre 1715, la Cour revient \u00e0 Versailles et Louis XV, alors \u00e2g\u00e9 de douze ans, retrouve les lieux qui ont berc\u00e9 sa premi\u00e8re enfance. Quelques mois plus tard, le 25 octobre, le sacre du jeune roi \u00e0 Reims ouvre un long r\u00e8gne de plus de cinquante ans qui voit l&#8217;affirmation du mod\u00e8le culturel et artistique fran\u00e7ais dans le reste de l&#8217;Europe et ce grand basculement vers la modernit\u00e9 dont Louis XV est le h\u00e9ros m\u00e9lancolique.Au-del\u00e0 de l&#8217;image publique du roi, cet ouvrage publi\u00e9 \u00e0 l&#8217;occasion du tricentenaire du retour de la Cour \u00e0 Versailles  s&#8217;attache, au travers de la r\u00e9union d&#8217;oeuvres exceptionnelles provenant de collections du monde entier, pour beaucoup in\u00e9dites ou jamais encore pr\u00e9sent\u00e9es en France, \u00e0 apporter une lumi\u00e8re nouvelle sur le personnage et \u00e0 saisir toute la complexit\u00e9 de l&#8217;homme derri\u00e8re le monarque. Qui est Louis XV, quelle \u00e9tait sa personnalit\u00e9, son mode de vie ? Qui composait son entourage ? O\u00f9 le portaient ses passions ? Quels \u00e9taient les arts de son temps, son go\u00fbt personnel et dans quel univers \u00e9voluait-il au quotidien ?<\/p>\n","protected":false},"excerpt":{"rendered":"<p>Le 15 juin 1722, durant l&#8217;interm\u00e8de de la R\u00e9gence commenc\u00e9 au d\u00e9c\u00e8s de Louis XIV le 1er septembre 1715, la Cour revient \u00e0 Versailles et Louis XV, alors \u00e2g\u00e9 de douze ans, retrouve les lieux qui ont berc\u00e9 sa premi\u00e8re enfance. Quelques mois plus tard, le 25 octobre, le sacre du jeune roi \u00e0 Reims [&hellip;]<\/p>\n","protected":false},"featured_media":26701,"template":"","meta":[],"product_cat":[55,2948,47,2953],"product_tag":[],"acf":[],"yoast_head":"<!-- This site is optimized with the Yoast SEO plugin v20.11 - https:\/\/yoast.com\/wordpress\/plugins\/seo\/ -->\n<title>LOUIS XV : GO\u00dbTS ET PASSIONS D&#039;UN ROI - Librairie 7L<\/title>\n<meta name=\"robots\" content=\"index, follow, max-snippet:-1, max-image-preview:large, max-video-preview:-1\" \/>\n<link rel=\"canonical\" href=\"https:\/\/librairie7l.com\/en\/produit\/louis-xv-gouts-et-passions-dun-roi\/\" \/>\n<meta property=\"og:locale\" content=\"en_US\" \/>\n<meta property=\"og:type\" content=\"article\" \/>\n<meta property=\"og:title\" content=\"LOUIS XV : GO\u00dbTS ET PASSIONS D&#039;UN ROI - Librairie 7L\" \/>\n<meta property=\"og:description\" content=\"Le 15 juin 1722, durant l&#8217;interm\u00e8de de la R\u00e9gence commenc\u00e9 au d\u00e9c\u00e8s de Louis XIV le 1er septembre 1715, la Cour revient \u00e0 Versailles et Louis XV, alors \u00e2g\u00e9 de douze ans, retrouve les lieux qui ont berc\u00e9 sa premi\u00e8re enfance. Quelques mois plus tard, le 25 octobre, le sacre du jeune roi \u00e0 Reims [&hellip;]\" \/>\n<meta property=\"og:url\" content=\"https:\/\/librairie7l.com\/en\/produit\/louis-xv-gouts-et-passions-dun-roi\/\" \/>\n<meta property=\"og:site_name\" content=\"Librairie 7L\" \/>\n<meta property=\"article:modified_time\" content=\"2026-04-07T01:05:47+00:00\" \/>\n<meta property=\"og:image\" content=\"https:\/\/librairie7l.com\/wp-content\/uploads\/2022\/07\/9782382030769_1_75.jpg\" \/>\n\t<meta property=\"og:image:width\" content=\"600\" \/>\n\t<meta property=\"og:image:height\" content=\"731\" \/>\n\t<meta property=\"og:image:type\" content=\"image\/jpeg\" \/>\n<meta name=\"twitter:card\" content=\"summary_large_image\" \/>\n<meta name=\"twitter:label1\" content=\"Est. reading time\" \/>\n\t<meta name=\"twitter:data1\" content=\"1 minute\" \/>\n<script type=\"application\/ld+json\" class=\"yoast-schema-graph\">{\"@context\":\"https:\/\/schema.org\",\"@graph\":[{\"@type\":\"WebPage\",\"@id\":\"https:\/\/librairie7l.com\/en\/produit\/louis-xv-gouts-et-passions-dun-roi\/\",\"url\":\"https:\/\/librairie7l.com\/en\/produit\/louis-xv-gouts-et-passions-dun-roi\/\",\"name\":\"LOUIS XV : GO\u00dbTS ET PASSIONS D'UN ROI - Librairie 7L\",\"isPartOf\":{\"@id\":\"https:\/\/librairie7l.com\/en\/#website\"},\"datePublished\":\"2023-05-10T10:18:40+00:00\",\"dateModified\":\"2026-04-07T01:05:47+00:00\",\"breadcrumb\":{\"@id\":\"https:\/\/librairie7l.com\/en\/produit\/louis-xv-gouts-et-passions-dun-roi\/#breadcrumb\"},\"inLanguage\":\"en-US\",\"potentialAction\":[{\"@type\":\"ReadAction\",\"target\":[\"https:\/\/librairie7l.com\/en\/produit\/louis-xv-gouts-et-passions-dun-roi\/\"]}]},{\"@type\":\"BreadcrumbList\",\"@id\":\"https:\/\/librairie7l.com\/en\/produit\/louis-xv-gouts-et-passions-dun-roi\/#breadcrumb\",\"itemListElement\":[{\"@type\":\"ListItem\",\"position\":1,\"name\":\"Accueil\",\"item\":\"https:\/\/librairie7l.com\/en\/\"},{\"@type\":\"ListItem\",\"position\":2,\"name\":\"Shop\",\"item\":\"https:\/\/librairie7l.com\/en\/shop\/\"},{\"@type\":\"ListItem\",\"position\":3,\"name\":\"LOUIS XV : GO\u00dbTS ET PASSIONS D&#8217;UN ROI\"}]},{\"@type\":\"WebSite\",\"@id\":\"https:\/\/librairie7l.com\/en\/#website\",\"url\":\"https:\/\/librairie7l.com\/en\/\",\"name\":\"Librairie 7L\",\"description\":\"Librairie fond\u00e9e en 1999 par Karl Lagerfeld \u00e0 Paris\",\"publisher\":{\"@id\":\"https:\/\/librairie7l.com\/en\/#organization\"},\"potentialAction\":[{\"@type\":\"SearchAction\",\"target\":{\"@type\":\"EntryPoint\",\"urlTemplate\":\"https:\/\/librairie7l.com\/en\/?s={search_term_string}\"},\"query-input\":\"required name=search_term_string\"}],\"inLanguage\":\"en-US\"},{\"@type\":\"Organization\",\"@id\":\"https:\/\/librairie7l.com\/en\/#organization\",\"name\":\"Librairie 7L\",\"url\":\"https:\/\/librairie7l.com\/en\/\",\"logo\":{\"@type\":\"ImageObject\",\"inLanguage\":\"en-US\",\"@id\":\"https:\/\/librairie7l.com\/en\/#\/schema\/logo\/image\/\",\"url\":\"https:\/\/librairie7l.com\/wp-content\/uploads\/2022\/08\/logo-1.png\",\"contentUrl\":\"https:\/\/librairie7l.com\/wp-content\/uploads\/2022\/08\/logo-1.png\",\"width\":227,\"height\":301,\"caption\":\"Librairie 7L\"},\"image\":{\"@id\":\"https:\/\/librairie7l.com\/en\/#\/schema\/logo\/image\/\"}}]}<\/script>\n<!-- \/ Yoast SEO plugin. -->","yoast_head_json":{"title":"LOUIS XV : GO\u00dbTS ET PASSIONS D'UN ROI - Librairie 7L","robots":{"index":"index","follow":"follow","max-snippet":"max-snippet:-1","max-image-preview":"max-image-preview:large","max-video-preview":"max-video-preview:-1"},"canonical":"https:\/\/librairie7l.com\/en\/produit\/louis-xv-gouts-et-passions-dun-roi\/","og_locale":"en_US","og_type":"article","og_title":"LOUIS XV : GO\u00dbTS ET PASSIONS D'UN ROI - Librairie 7L","og_description":"Le 15 juin 1722, durant l&#8217;interm\u00e8de de la R\u00e9gence commenc\u00e9 au d\u00e9c\u00e8s de Louis XIV le 1er septembre 1715, la Cour revient \u00e0 Versailles et Louis XV, alors \u00e2g\u00e9 de douze ans, retrouve les lieux qui ont berc\u00e9 sa premi\u00e8re enfance. Quelques mois plus tard, le 25 octobre, le sacre du jeune roi \u00e0 Reims [&hellip;]","og_url":"https:\/\/librairie7l.com\/en\/produit\/louis-xv-gouts-et-passions-dun-roi\/","og_site_name":"Librairie 7L","article_modified_time":"2026-04-07T01:05:47+00:00","og_image":[{"width":600,"height":731,"url":"https:\/\/librairie7l.com\/wp-content\/uploads\/2022\/07\/9782382030769_1_75.jpg","type":"image\/jpeg"}],"twitter_card":"summary_large_image","twitter_misc":{"Est. reading time":"1 minute"},"schema":{"@context":"https:\/\/schema.org","@graph":[{"@type":"WebPage","@id":"https:\/\/librairie7l.com\/en\/produit\/louis-xv-gouts-et-passions-dun-roi\/","url":"https:\/\/librairie7l.com\/en\/produit\/louis-xv-gouts-et-passions-dun-roi\/","name":"LOUIS XV : GO\u00dbTS ET PASSIONS D'UN ROI - Librairie 7L","isPartOf":{"@id":"https:\/\/librairie7l.com\/en\/#website"},"datePublished":"2023-05-10T10:18:40+00:00","dateModified":"2026-04-07T01:05:47+00:00","breadcrumb":{"@id":"https:\/\/librairie7l.com\/en\/produit\/louis-xv-gouts-et-passions-dun-roi\/#breadcrumb"},"inLanguage":"en-US","potentialAction":[{"@type":"ReadAction","target":["https:\/\/librairie7l.com\/en\/produit\/louis-xv-gouts-et-passions-dun-roi\/"]}]},{"@type":"BreadcrumbList","@id":"https:\/\/librairie7l.com\/en\/produit\/louis-xv-gouts-et-passions-dun-roi\/#breadcrumb","itemListElement":[{"@type":"ListItem","position":1,"name":"Accueil","item":"https:\/\/librairie7l.com\/en\/"},{"@type":"ListItem","position":2,"name":"Shop","item":"https:\/\/librairie7l.com\/en\/shop\/"},{"@type":"ListItem","position":3,"name":"LOUIS XV : GO\u00dbTS ET PASSIONS D&#8217;UN ROI"}]},{"@type":"WebSite","@id":"https:\/\/librairie7l.com\/en\/#website","url":"https:\/\/librairie7l.com\/en\/","name":"Librairie 7L","description":"Librairie fond\u00e9e en 1999 par Karl Lagerfeld \u00e0 Paris","publisher":{"@id":"https:\/\/librairie7l.com\/en\/#organization"},"potentialAction":[{"@type":"SearchAction","target":{"@type":"EntryPoint","urlTemplate":"https:\/\/librairie7l.com\/en\/?s={search_term_string}"},"query-input":"required name=search_term_string"}],"inLanguage":"en-US"},{"@type":"Organization","@id":"https:\/\/librairie7l.com\/en\/#organization","name":"Librairie 7L","url":"https:\/\/librairie7l.com\/en\/","logo":{"@type":"ImageObject","inLanguage":"en-US","@id":"https:\/\/librairie7l.com\/en\/#\/schema\/logo\/image\/","url":"https:\/\/librairie7l.com\/wp-content\/uploads\/2022\/08\/logo-1.png","contentUrl":"https:\/\/librairie7l.com\/wp-content\/uploads\/2022\/08\/logo-1.png","width":227,"height":301,"caption":"Librairie 7L"},"image":{"@id":"https:\/\/librairie7l.com\/en\/#\/schema\/logo\/image\/"}}]}},"_links":{"self":[{"href":"https:\/\/librairie7l.com\/en\/wp-json\/wp\/v2\/product\/26703"}],"collection":[{"href":"https:\/\/librairie7l.com\/en\/wp-json\/wp\/v2\/product"}],"about":[{"href":"https:\/\/librairie7l.com\/en\/wp-json\/wp\/v2\/types\/product"}],"wp:featuredmedia":[{"embeddable":true,"href":"https:\/\/librairie7l.com\/en\/wp-json\/wp\/v2\/media\/26701"}],"wp:attachment":[{"href":"https:\/\/librairie7l.com\/en\/wp-json\/wp\/v2\/media?parent=26703"}],"wp:term":[{"taxonomy":"product_cat","embeddable":true,"href":"https:\/\/librairie7l.com\/en\/wp-json\/wp\/v2\/product_cat?post=26703"},{"taxonomy":"product_tag","embeddable":true,"href":"https:\/\/librairie7l.com\/en\/wp-json\/wp\/v2\/product_tag?post=26703"}],"curies":[{"name":"wp","href":"https:\/\/api.w.org\/{rel}","templated":true}]}}