{"id":26707,"date":"2023-05-10T12:18:50","date_gmt":"2023-05-10T10:18:50","guid":{"rendered":"https:\/\/librairie7l.com\/?post_type=product&#038;p=26707"},"modified":"2026-04-07T16:06:55","modified_gmt":"2026-04-07T14:06:55","slug":"voyage-en-egypte-ancienne-4e-edition","status":"publish","type":"product","link":"https:\/\/librairie7l.com\/en\/produit\/voyage-en-egypte-ancienne-4e-edition\/","title":{"rendered":"VOYAGE EN EGYPTE ANCIENNE (4E \u00c9DITION)"},"content":{"rendered":"<p>Descendre le Nil au temps des pharaons, d&#8217;Abou Simbel \u00e0 Alexandrie, devient un r\u00eave enfin accessible gr\u00e2ce au talent incontestable de Jean-Claude Golvin. Une \u00c9gypte fastueuse, totalement in\u00e9dite, qui redonne vie aux ruines les plus grandioses comme aux vestiges les plus anodins. Chaque image &#8211; environ une centaine d&#8217;aquarelles &#8211; est accompagn\u00e9e de commentaires sur l&#8217;architecture et les d\u00e9couvertes arch\u00e9ologiques, ainsi que de nombreux textes retra\u00e7ant le contexte mythologique, politique et historique, qui permettent d&#8217;appr\u00e9hender le site dans sa totalit\u00e9. Une quatri\u00e8me \u00e9dition, totalement corrig\u00e9e, revue et augment\u00e9e de deux cahiers suppl\u00e9mentaires.<\/p>\n","protected":false},"excerpt":{"rendered":"<p>Descendre le Nil au temps des pharaons, d&#8217;Abou Simbel \u00e0 Alexandrie, devient un r\u00eave enfin accessible gr\u00e2ce au talent incontestable de Jean-Claude Golvin. Une \u00c9gypte fastueuse, totalement in\u00e9dite, qui redonne vie aux ruines les plus grandioses comme aux vestiges les plus anodins. Chaque image &#8211; environ une centaine d&#8217;aquarelles &#8211; est accompagn\u00e9e de commentaires sur [&hellip;]<\/p>\n","protected":false},"featured_media":26705,"template":"","meta":[],"product_cat":[55,2948,47,2953],"product_tag":[],"acf":[],"yoast_head":"<!-- This site is optimized with the Yoast SEO plugin v20.11 - https:\/\/yoast.com\/wordpress\/plugins\/seo\/ -->\n<title>VOYAGE EN EGYPTE ANCIENNE (4E \u00c9DITION) - Librairie 7L<\/title>\n<meta name=\"robots\" content=\"index, follow, max-snippet:-1, max-image-preview:large, max-video-preview:-1\" \/>\n<link rel=\"canonical\" href=\"https:\/\/librairie7l.com\/en\/produit\/voyage-en-egypte-ancienne-4e-edition\/\" \/>\n<meta property=\"og:locale\" content=\"en_US\" \/>\n<meta property=\"og:type\" content=\"article\" \/>\n<meta property=\"og:title\" content=\"VOYAGE EN EGYPTE ANCIENNE (4E \u00c9DITION) - Librairie 7L\" \/>\n<meta property=\"og:description\" content=\"Descendre le Nil au temps des pharaons, d&#8217;Abou Simbel \u00e0 Alexandrie, devient un r\u00eave enfin accessible gr\u00e2ce au talent incontestable de Jean-Claude Golvin. Une \u00c9gypte fastueuse, totalement in\u00e9dite, qui redonne vie aux ruines les plus grandioses comme aux vestiges les plus anodins. Chaque image &#8211; environ une centaine d&#8217;aquarelles &#8211; est accompagn\u00e9e de commentaires sur [&hellip;]\" \/>\n<meta property=\"og:url\" content=\"https:\/\/librairie7l.com\/en\/produit\/voyage-en-egypte-ancienne-4e-edition\/\" \/>\n<meta property=\"og:site_name\" content=\"Librairie 7L\" \/>\n<meta property=\"article:modified_time\" content=\"2026-04-07T14:06:55+00:00\" \/>\n<meta property=\"og:image\" content=\"https:\/\/librairie7l.com\/wp-content\/uploads\/2022\/01\/9782877729970_1_75.jpg\" \/>\n\t<meta property=\"og:image:width\" content=\"600\" \/>\n\t<meta property=\"og:image:height\" content=\"785\" \/>\n\t<meta property=\"og:image:type\" content=\"image\/jpeg\" \/>\n<meta name=\"twitter:card\" content=\"summary_large_image\" \/>\n<meta name=\"twitter:label1\" content=\"Est. reading time\" \/>\n\t<meta name=\"twitter:data1\" content=\"1 minute\" \/>\n<script type=\"application\/ld+json\" class=\"yoast-schema-graph\">{\"@context\":\"https:\/\/schema.org\",\"@graph\":[{\"@type\":\"WebPage\",\"@id\":\"https:\/\/librairie7l.com\/en\/produit\/voyage-en-egypte-ancienne-4e-edition\/\",\"url\":\"https:\/\/librairie7l.com\/en\/produit\/voyage-en-egypte-ancienne-4e-edition\/\",\"name\":\"VOYAGE EN EGYPTE ANCIENNE (4E \u00c9DITION) - Librairie 7L\",\"isPartOf\":{\"@id\":\"https:\/\/librairie7l.com\/en\/#website\"},\"datePublished\":\"2023-05-10T10:18:50+00:00\",\"dateModified\":\"2026-04-07T14:06:55+00:00\",\"breadcrumb\":{\"@id\":\"https:\/\/librairie7l.com\/en\/produit\/voyage-en-egypte-ancienne-4e-edition\/#breadcrumb\"},\"inLanguage\":\"en-US\",\"potentialAction\":[{\"@type\":\"ReadAction\",\"target\":[\"https:\/\/librairie7l.com\/en\/produit\/voyage-en-egypte-ancienne-4e-edition\/\"]}]},{\"@type\":\"BreadcrumbList\",\"@id\":\"https:\/\/librairie7l.com\/en\/produit\/voyage-en-egypte-ancienne-4e-edition\/#breadcrumb\",\"itemListElement\":[{\"@type\":\"ListItem\",\"position\":1,\"name\":\"Accueil\",\"item\":\"https:\/\/librairie7l.com\/en\/\"},{\"@type\":\"ListItem\",\"position\":2,\"name\":\"Shop\",\"item\":\"https:\/\/librairie7l.com\/en\/shop\/\"},{\"@type\":\"ListItem\",\"position\":3,\"name\":\"VOYAGE EN EGYPTE ANCIENNE (4E \u00c9DITION)\"}]},{\"@type\":\"WebSite\",\"@id\":\"https:\/\/librairie7l.com\/en\/#website\",\"url\":\"https:\/\/librairie7l.com\/en\/\",\"name\":\"Librairie 7L\",\"description\":\"Librairie fond\u00e9e en 1999 par Karl Lagerfeld \u00e0 Paris\",\"publisher\":{\"@id\":\"https:\/\/librairie7l.com\/en\/#organization\"},\"potentialAction\":[{\"@type\":\"SearchAction\",\"target\":{\"@type\":\"EntryPoint\",\"urlTemplate\":\"https:\/\/librairie7l.com\/en\/?s={search_term_string}\"},\"query-input\":\"required name=search_term_string\"}],\"inLanguage\":\"en-US\"},{\"@type\":\"Organization\",\"@id\":\"https:\/\/librairie7l.com\/en\/#organization\",\"name\":\"Librairie 7L\",\"url\":\"https:\/\/librairie7l.com\/en\/\",\"logo\":{\"@type\":\"ImageObject\",\"inLanguage\":\"en-US\",\"@id\":\"https:\/\/librairie7l.com\/en\/#\/schema\/logo\/image\/\",\"url\":\"https:\/\/librairie7l.com\/wp-content\/uploads\/2022\/08\/logo-1.png\",\"contentUrl\":\"https:\/\/librairie7l.com\/wp-content\/uploads\/2022\/08\/logo-1.png\",\"width\":227,\"height\":301,\"caption\":\"Librairie 7L\"},\"image\":{\"@id\":\"https:\/\/librairie7l.com\/en\/#\/schema\/logo\/image\/\"}}]}<\/script>\n<!-- \/ Yoast SEO plugin. -->","yoast_head_json":{"title":"VOYAGE EN EGYPTE ANCIENNE (4E \u00c9DITION) - Librairie 7L","robots":{"index":"index","follow":"follow","max-snippet":"max-snippet:-1","max-image-preview":"max-image-preview:large","max-video-preview":"max-video-preview:-1"},"canonical":"https:\/\/librairie7l.com\/en\/produit\/voyage-en-egypte-ancienne-4e-edition\/","og_locale":"en_US","og_type":"article","og_title":"VOYAGE EN EGYPTE ANCIENNE (4E \u00c9DITION) - Librairie 7L","og_description":"Descendre le Nil au temps des pharaons, d&#8217;Abou Simbel \u00e0 Alexandrie, devient un r\u00eave enfin accessible gr\u00e2ce au talent incontestable de Jean-Claude Golvin. Une \u00c9gypte fastueuse, totalement in\u00e9dite, qui redonne vie aux ruines les plus grandioses comme aux vestiges les plus anodins. Chaque image &#8211; environ une centaine d&#8217;aquarelles &#8211; est accompagn\u00e9e de commentaires sur [&hellip;]","og_url":"https:\/\/librairie7l.com\/en\/produit\/voyage-en-egypte-ancienne-4e-edition\/","og_site_name":"Librairie 7L","article_modified_time":"2026-04-07T14:06:55+00:00","og_image":[{"width":600,"height":785,"url":"https:\/\/librairie7l.com\/wp-content\/uploads\/2022\/01\/9782877729970_1_75.jpg","type":"image\/jpeg"}],"twitter_card":"summary_large_image","twitter_misc":{"Est. reading time":"1 minute"},"schema":{"@context":"https:\/\/schema.org","@graph":[{"@type":"WebPage","@id":"https:\/\/librairie7l.com\/en\/produit\/voyage-en-egypte-ancienne-4e-edition\/","url":"https:\/\/librairie7l.com\/en\/produit\/voyage-en-egypte-ancienne-4e-edition\/","name":"VOYAGE EN EGYPTE ANCIENNE (4E \u00c9DITION) - Librairie 7L","isPartOf":{"@id":"https:\/\/librairie7l.com\/en\/#website"},"datePublished":"2023-05-10T10:18:50+00:00","dateModified":"2026-04-07T14:06:55+00:00","breadcrumb":{"@id":"https:\/\/librairie7l.com\/en\/produit\/voyage-en-egypte-ancienne-4e-edition\/#breadcrumb"},"inLanguage":"en-US","potentialAction":[{"@type":"ReadAction","target":["https:\/\/librairie7l.com\/en\/produit\/voyage-en-egypte-ancienne-4e-edition\/"]}]},{"@type":"BreadcrumbList","@id":"https:\/\/librairie7l.com\/en\/produit\/voyage-en-egypte-ancienne-4e-edition\/#breadcrumb","itemListElement":[{"@type":"ListItem","position":1,"name":"Accueil","item":"https:\/\/librairie7l.com\/en\/"},{"@type":"ListItem","position":2,"name":"Shop","item":"https:\/\/librairie7l.com\/en\/shop\/"},{"@type":"ListItem","position":3,"name":"VOYAGE EN EGYPTE ANCIENNE (4E \u00c9DITION)"}]},{"@type":"WebSite","@id":"https:\/\/librairie7l.com\/en\/#website","url":"https:\/\/librairie7l.com\/en\/","name":"Librairie 7L","description":"Librairie fond\u00e9e en 1999 par Karl Lagerfeld \u00e0 Paris","publisher":{"@id":"https:\/\/librairie7l.com\/en\/#organization"},"potentialAction":[{"@type":"SearchAction","target":{"@type":"EntryPoint","urlTemplate":"https:\/\/librairie7l.com\/en\/?s={search_term_string}"},"query-input":"required name=search_term_string"}],"inLanguage":"en-US"},{"@type":"Organization","@id":"https:\/\/librairie7l.com\/en\/#organization","name":"Librairie 7L","url":"https:\/\/librairie7l.com\/en\/","logo":{"@type":"ImageObject","inLanguage":"en-US","@id":"https:\/\/librairie7l.com\/en\/#\/schema\/logo\/image\/","url":"https:\/\/librairie7l.com\/wp-content\/uploads\/2022\/08\/logo-1.png","contentUrl":"https:\/\/librairie7l.com\/wp-content\/uploads\/2022\/08\/logo-1.png","width":227,"height":301,"caption":"Librairie 7L"},"image":{"@id":"https:\/\/librairie7l.com\/en\/#\/schema\/logo\/image\/"}}]}},"_links":{"self":[{"href":"https:\/\/librairie7l.com\/en\/wp-json\/wp\/v2\/product\/26707"}],"collection":[{"href":"https:\/\/librairie7l.com\/en\/wp-json\/wp\/v2\/product"}],"about":[{"href":"https:\/\/librairie7l.com\/en\/wp-json\/wp\/v2\/types\/product"}],"wp:featuredmedia":[{"embeddable":true,"href":"https:\/\/librairie7l.com\/en\/wp-json\/wp\/v2\/media\/26705"}],"wp:attachment":[{"href":"https:\/\/librairie7l.com\/en\/wp-json\/wp\/v2\/media?parent=26707"}],"wp:term":[{"taxonomy":"product_cat","embeddable":true,"href":"https:\/\/librairie7l.com\/en\/wp-json\/wp\/v2\/product_cat?post=26707"},{"taxonomy":"product_tag","embeddable":true,"href":"https:\/\/librairie7l.com\/en\/wp-json\/wp\/v2\/product_tag?post=26707"}],"curies":[{"name":"wp","href":"https:\/\/api.w.org\/{rel}","templated":true}]}}