{"id":26719,"date":"2023-05-10T12:19:05","date_gmt":"2023-05-10T10:19:05","guid":{"rendered":"https:\/\/librairie7l.com\/?post_type=product&#038;p=26719"},"modified":"2026-04-18T17:59:14","modified_gmt":"2026-04-18T15:59:14","slug":"couleurs-histoire-usages-secrets-le-guide-complet-de-la-couleur-dans-lart","status":"publish","type":"product","link":"https:\/\/librairie7l.com\/en\/produit\/couleurs-histoire-usages-secrets-le-guide-complet-de-la-couleur-dans-lart\/","title":{"rendered":"COULEURS : HISTOIRE, USAGES, SECRETS : LE GUIDE COMPLET DE LA COULEUR DANS L&#8217;ART ET LE DESIGN"},"content":{"rendered":"<p>Explorez un monde fascinant \u00e0 travers 100 couleurs majeures Couleurs : histoire, usages, secrets est un ouvrage essentiel pour tous les cr\u00e9atifs qui travaillent avec la couleur. La couleur fait partie int\u00e9grante de l&#8217;exp\u00e9rience humaine. Tout au long de notre vie, les rep\u00e8res visuels qu&#8217;elle s\u00e8me dans notre subconscient ne cessent de nous guider. Un bon usage des couleurs dans un design ou une oeuvre d&#8217;art instille une atmosph\u00e8re et cr\u00e9e un effet psychologique, voire physiologique. Ce manuel contemporain vous invite \u00e0 explorer ce monde fascinant.<br \/>\nIl pr\u00e9sente cent couleurs majeures, abord\u00e9es \u00e0 travers :<br \/>\n&#8211; un bref historique de chacune d&#8217;entre elles ;<br \/>\n&#8211; des associations de couleurs cl\u00e9s, provenant de toutes les r\u00e9gions du monde ;<br \/>\n&#8211; leurs connotations contemporaines et leur usage dans la cr\u00e9ation d&#8217;images de marques ;<br \/>\n&#8211; des conseils pratiques pour les utiliser et les combiner dans vos propres cr\u00e9ations.<\/p>\n","protected":false},"excerpt":{"rendered":"<p>Explorez un monde fascinant \u00e0 travers 100 couleurs majeures Couleurs : histoire, usages, secrets est un ouvrage essentiel pour tous les cr\u00e9atifs qui travaillent avec la couleur. La couleur fait partie int\u00e9grante de l&#8217;exp\u00e9rience humaine. Tout au long de notre vie, les rep\u00e8res visuels qu&#8217;elle s\u00e8me dans notre subconscient ne cessent de nous guider. Un [&hellip;]<\/p>\n","protected":false},"featured_media":26717,"template":"","meta":[],"product_cat":[2948,2952],"product_tag":[],"acf":[],"yoast_head":"<!-- This site is optimized with the Yoast SEO plugin v20.11 - https:\/\/yoast.com\/wordpress\/plugins\/seo\/ -->\n<title>COULEURS : HISTOIRE, USAGES, SECRETS : LE GUIDE COMPLET DE LA COULEUR DANS L&#039;ART ET LE DESIGN - Librairie 7L<\/title>\n<meta name=\"robots\" content=\"index, follow, max-snippet:-1, max-image-preview:large, max-video-preview:-1\" \/>\n<link rel=\"canonical\" href=\"https:\/\/librairie7l.com\/en\/produit\/couleurs-histoire-usages-secrets-le-guide-complet-de-la-couleur-dans-lart\/\" \/>\n<meta property=\"og:locale\" content=\"en_US\" \/>\n<meta property=\"og:type\" content=\"article\" \/>\n<meta property=\"og:title\" content=\"COULEURS : HISTOIRE, USAGES, SECRETS : LE GUIDE COMPLET DE LA COULEUR DANS L&#039;ART ET LE DESIGN - Librairie 7L\" \/>\n<meta property=\"og:description\" content=\"Explorez un monde fascinant \u00e0 travers 100 couleurs majeures Couleurs : histoire, usages, secrets est un ouvrage essentiel pour tous les cr\u00e9atifs qui travaillent avec la couleur. La couleur fait partie int\u00e9grante de l&#8217;exp\u00e9rience humaine. Tout au long de notre vie, les rep\u00e8res visuels qu&#8217;elle s\u00e8me dans notre subconscient ne cessent de nous guider. Un [&hellip;]\" \/>\n<meta property=\"og:url\" content=\"https:\/\/librairie7l.com\/en\/produit\/couleurs-histoire-usages-secrets-le-guide-complet-de-la-couleur-dans-lart\/\" \/>\n<meta property=\"og:site_name\" content=\"Librairie 7L\" \/>\n<meta property=\"article:modified_time\" content=\"2026-04-18T15:59:14+00:00\" \/>\n<meta property=\"og:image\" content=\"https:\/\/librairie7l.com\/wp-content\/uploads\/2021\/06\/9782350175195_1_75.jpg\" \/>\n\t<meta property=\"og:image:width\" content=\"400\" \/>\n\t<meta property=\"og:image:height\" content=\"510\" \/>\n\t<meta property=\"og:image:type\" content=\"image\/jpeg\" \/>\n<meta name=\"twitter:card\" content=\"summary_large_image\" \/>\n<meta name=\"twitter:label1\" content=\"Est. reading time\" \/>\n\t<meta name=\"twitter:data1\" content=\"1 minute\" \/>\n<script type=\"application\/ld+json\" class=\"yoast-schema-graph\">{\"@context\":\"https:\/\/schema.org\",\"@graph\":[{\"@type\":\"WebPage\",\"@id\":\"https:\/\/librairie7l.com\/en\/produit\/couleurs-histoire-usages-secrets-le-guide-complet-de-la-couleur-dans-lart\/\",\"url\":\"https:\/\/librairie7l.com\/en\/produit\/couleurs-histoire-usages-secrets-le-guide-complet-de-la-couleur-dans-lart\/\",\"name\":\"COULEURS : HISTOIRE, USAGES, SECRETS : LE GUIDE COMPLET DE LA COULEUR DANS L'ART ET LE DESIGN - Librairie 7L\",\"isPartOf\":{\"@id\":\"https:\/\/librairie7l.com\/en\/#website\"},\"datePublished\":\"2023-05-10T10:19:05+00:00\",\"dateModified\":\"2026-04-18T15:59:14+00:00\",\"breadcrumb\":{\"@id\":\"https:\/\/librairie7l.com\/en\/produit\/couleurs-histoire-usages-secrets-le-guide-complet-de-la-couleur-dans-lart\/#breadcrumb\"},\"inLanguage\":\"en-US\",\"potentialAction\":[{\"@type\":\"ReadAction\",\"target\":[\"https:\/\/librairie7l.com\/en\/produit\/couleurs-histoire-usages-secrets-le-guide-complet-de-la-couleur-dans-lart\/\"]}]},{\"@type\":\"BreadcrumbList\",\"@id\":\"https:\/\/librairie7l.com\/en\/produit\/couleurs-histoire-usages-secrets-le-guide-complet-de-la-couleur-dans-lart\/#breadcrumb\",\"itemListElement\":[{\"@type\":\"ListItem\",\"position\":1,\"name\":\"Accueil\",\"item\":\"https:\/\/librairie7l.com\/en\/\"},{\"@type\":\"ListItem\",\"position\":2,\"name\":\"Shop\",\"item\":\"https:\/\/librairie7l.com\/en\/shop\/\"},{\"@type\":\"ListItem\",\"position\":3,\"name\":\"COULEURS : HISTOIRE, USAGES, SECRETS : LE GUIDE COMPLET DE LA COULEUR DANS L&#8217;ART ET LE DESIGN\"}]},{\"@type\":\"WebSite\",\"@id\":\"https:\/\/librairie7l.com\/en\/#website\",\"url\":\"https:\/\/librairie7l.com\/en\/\",\"name\":\"Librairie 7L\",\"description\":\"Librairie fond\u00e9e en 1999 par Karl Lagerfeld \u00e0 Paris\",\"publisher\":{\"@id\":\"https:\/\/librairie7l.com\/en\/#organization\"},\"potentialAction\":[{\"@type\":\"SearchAction\",\"target\":{\"@type\":\"EntryPoint\",\"urlTemplate\":\"https:\/\/librairie7l.com\/en\/?s={search_term_string}\"},\"query-input\":\"required name=search_term_string\"}],\"inLanguage\":\"en-US\"},{\"@type\":\"Organization\",\"@id\":\"https:\/\/librairie7l.com\/en\/#organization\",\"name\":\"Librairie 7L\",\"url\":\"https:\/\/librairie7l.com\/en\/\",\"logo\":{\"@type\":\"ImageObject\",\"inLanguage\":\"en-US\",\"@id\":\"https:\/\/librairie7l.com\/en\/#\/schema\/logo\/image\/\",\"url\":\"https:\/\/librairie7l.com\/wp-content\/uploads\/2022\/08\/logo-1.png\",\"contentUrl\":\"https:\/\/librairie7l.com\/wp-content\/uploads\/2022\/08\/logo-1.png\",\"width\":227,\"height\":301,\"caption\":\"Librairie 7L\"},\"image\":{\"@id\":\"https:\/\/librairie7l.com\/en\/#\/schema\/logo\/image\/\"}}]}<\/script>\n<!-- \/ Yoast SEO plugin. -->","yoast_head_json":{"title":"COULEURS : HISTOIRE, USAGES, SECRETS : LE GUIDE COMPLET DE LA COULEUR DANS L'ART ET LE DESIGN - Librairie 7L","robots":{"index":"index","follow":"follow","max-snippet":"max-snippet:-1","max-image-preview":"max-image-preview:large","max-video-preview":"max-video-preview:-1"},"canonical":"https:\/\/librairie7l.com\/en\/produit\/couleurs-histoire-usages-secrets-le-guide-complet-de-la-couleur-dans-lart\/","og_locale":"en_US","og_type":"article","og_title":"COULEURS : HISTOIRE, USAGES, SECRETS : LE GUIDE COMPLET DE LA COULEUR DANS L'ART ET LE DESIGN - Librairie 7L","og_description":"Explorez un monde fascinant \u00e0 travers 100 couleurs majeures Couleurs : histoire, usages, secrets est un ouvrage essentiel pour tous les cr\u00e9atifs qui travaillent avec la couleur. La couleur fait partie int\u00e9grante de l&#8217;exp\u00e9rience humaine. Tout au long de notre vie, les rep\u00e8res visuels qu&#8217;elle s\u00e8me dans notre subconscient ne cessent de nous guider. Un [&hellip;]","og_url":"https:\/\/librairie7l.com\/en\/produit\/couleurs-histoire-usages-secrets-le-guide-complet-de-la-couleur-dans-lart\/","og_site_name":"Librairie 7L","article_modified_time":"2026-04-18T15:59:14+00:00","og_image":[{"width":400,"height":510,"url":"https:\/\/librairie7l.com\/wp-content\/uploads\/2021\/06\/9782350175195_1_75.jpg","type":"image\/jpeg"}],"twitter_card":"summary_large_image","twitter_misc":{"Est. reading time":"1 minute"},"schema":{"@context":"https:\/\/schema.org","@graph":[{"@type":"WebPage","@id":"https:\/\/librairie7l.com\/en\/produit\/couleurs-histoire-usages-secrets-le-guide-complet-de-la-couleur-dans-lart\/","url":"https:\/\/librairie7l.com\/en\/produit\/couleurs-histoire-usages-secrets-le-guide-complet-de-la-couleur-dans-lart\/","name":"COULEURS : HISTOIRE, USAGES, SECRETS : LE GUIDE COMPLET DE LA COULEUR DANS L'ART ET LE DESIGN - Librairie 7L","isPartOf":{"@id":"https:\/\/librairie7l.com\/en\/#website"},"datePublished":"2023-05-10T10:19:05+00:00","dateModified":"2026-04-18T15:59:14+00:00","breadcrumb":{"@id":"https:\/\/librairie7l.com\/en\/produit\/couleurs-histoire-usages-secrets-le-guide-complet-de-la-couleur-dans-lart\/#breadcrumb"},"inLanguage":"en-US","potentialAction":[{"@type":"ReadAction","target":["https:\/\/librairie7l.com\/en\/produit\/couleurs-histoire-usages-secrets-le-guide-complet-de-la-couleur-dans-lart\/"]}]},{"@type":"BreadcrumbList","@id":"https:\/\/librairie7l.com\/en\/produit\/couleurs-histoire-usages-secrets-le-guide-complet-de-la-couleur-dans-lart\/#breadcrumb","itemListElement":[{"@type":"ListItem","position":1,"name":"Accueil","item":"https:\/\/librairie7l.com\/en\/"},{"@type":"ListItem","position":2,"name":"Shop","item":"https:\/\/librairie7l.com\/en\/shop\/"},{"@type":"ListItem","position":3,"name":"COULEURS : HISTOIRE, USAGES, SECRETS : LE GUIDE COMPLET DE LA COULEUR DANS L&#8217;ART ET LE DESIGN"}]},{"@type":"WebSite","@id":"https:\/\/librairie7l.com\/en\/#website","url":"https:\/\/librairie7l.com\/en\/","name":"Librairie 7L","description":"Librairie fond\u00e9e en 1999 par Karl Lagerfeld \u00e0 Paris","publisher":{"@id":"https:\/\/librairie7l.com\/en\/#organization"},"potentialAction":[{"@type":"SearchAction","target":{"@type":"EntryPoint","urlTemplate":"https:\/\/librairie7l.com\/en\/?s={search_term_string}"},"query-input":"required name=search_term_string"}],"inLanguage":"en-US"},{"@type":"Organization","@id":"https:\/\/librairie7l.com\/en\/#organization","name":"Librairie 7L","url":"https:\/\/librairie7l.com\/en\/","logo":{"@type":"ImageObject","inLanguage":"en-US","@id":"https:\/\/librairie7l.com\/en\/#\/schema\/logo\/image\/","url":"https:\/\/librairie7l.com\/wp-content\/uploads\/2022\/08\/logo-1.png","contentUrl":"https:\/\/librairie7l.com\/wp-content\/uploads\/2022\/08\/logo-1.png","width":227,"height":301,"caption":"Librairie 7L"},"image":{"@id":"https:\/\/librairie7l.com\/en\/#\/schema\/logo\/image\/"}}]}},"_links":{"self":[{"href":"https:\/\/librairie7l.com\/en\/wp-json\/wp\/v2\/product\/26719"}],"collection":[{"href":"https:\/\/librairie7l.com\/en\/wp-json\/wp\/v2\/product"}],"about":[{"href":"https:\/\/librairie7l.com\/en\/wp-json\/wp\/v2\/types\/product"}],"wp:featuredmedia":[{"embeddable":true,"href":"https:\/\/librairie7l.com\/en\/wp-json\/wp\/v2\/media\/26717"}],"wp:attachment":[{"href":"https:\/\/librairie7l.com\/en\/wp-json\/wp\/v2\/media?parent=26719"}],"wp:term":[{"taxonomy":"product_cat","embeddable":true,"href":"https:\/\/librairie7l.com\/en\/wp-json\/wp\/v2\/product_cat?post=26719"},{"taxonomy":"product_tag","embeddable":true,"href":"https:\/\/librairie7l.com\/en\/wp-json\/wp\/v2\/product_tag?post=26719"}],"curies":[{"name":"wp","href":"https:\/\/api.w.org\/{rel}","templated":true}]}}