{"id":26723,"date":"2023-05-10T12:19:08","date_gmt":"2023-05-10T10:19:08","guid":{"rendered":"https:\/\/librairie7l.com\/?post_type=product&#038;p=26723"},"modified":"2026-04-13T18:10:33","modified_gmt":"2026-04-13T16:10:33","slug":"lexique-des-regles-typographiques-en-usage-a-limprimerie-nationale","status":"publish","type":"product","link":"https:\/\/librairie7l.com\/en\/produit\/lexique-des-regles-typographiques-en-usage-a-limprimerie-nationale\/","title":{"rendered":"LEXIQUE DES R\u00c8GLES TYPOGRAPHIQUES EN USAGE \u00c0 L&#8217;IMPRIMERIE NATIONALE"},"content":{"rendered":"<p>Quatri\u00e8me de couverture &#8211; O\u00f9 mettre les capitales dans un nom d&#8217;organisme ?<br \/>\n&#8211; Les sigles ont-ils besoin de points ?<br \/>\n&#8211; Madame, mademoiselle, monsieur : quand peut-on les abr\u00e9ger ?<br \/>\n&#8211; Chiffres arabes, chiffres romains, nombres en toutes lettres : dans quel contexte ?<br \/>\n&#8211; Quelle est la diff\u00e9rence entre deuxi\u00e8me et second ?<br \/>\n&#8211; \u00c0 quoi servent les petites capitales ?<br \/>\n&#8211; Comment pr\u00e9senter une bibliographie ?<br \/>\nVous qui devez r\u00e9diger ou corriger, saisir ou \u00ab pr\u00e9parer\u00bb un. texte, vous vous posez souvent ces questions&#8230; et bien d&#8217;autres aussi d\u00e9licates. Gr\u00e2ce \u00e0 une formule d&#8217;utilisation simple, par entr\u00e9es alphab\u00e9tiques avec un index \u00e0 plusieurs niveaux, ce lexique vous aidera \u00e0 y r\u00e9pondre.<\/p>\n","protected":false},"excerpt":{"rendered":"<p>Quatri\u00e8me de couverture &#8211; O\u00f9 mettre les capitales dans un nom d&#8217;organisme ? &#8211; Les sigles ont-ils besoin de points ? &#8211; Madame, mademoiselle, monsieur : quand peut-on les abr\u00e9ger ? &#8211; Chiffres arabes, chiffres romains, nombres en toutes lettres : dans quel contexte ? &#8211; Quelle est la diff\u00e9rence entre deuxi\u00e8me et second ? [&hellip;]<\/p>\n","protected":false},"featured_media":26721,"template":"","meta":[],"product_cat":[55,2948,18,2952],"product_tag":[],"acf":[],"yoast_head":"<!-- This site is optimized with the Yoast SEO plugin v20.11 - https:\/\/yoast.com\/wordpress\/plugins\/seo\/ -->\n<title>LEXIQUE DES R\u00c8GLES TYPOGRAPHIQUES EN USAGE \u00c0 L&#039;IMPRIMERIE NATIONALE - Librairie 7L<\/title>\n<meta name=\"robots\" content=\"index, follow, max-snippet:-1, max-image-preview:large, max-video-preview:-1\" \/>\n<link rel=\"canonical\" href=\"https:\/\/librairie7l.com\/en\/produit\/lexique-des-regles-typographiques-en-usage-a-limprimerie-nationale\/\" \/>\n<meta property=\"og:locale\" content=\"en_US\" \/>\n<meta property=\"og:type\" content=\"article\" \/>\n<meta property=\"og:title\" content=\"LEXIQUE DES R\u00c8GLES TYPOGRAPHIQUES EN USAGE \u00c0 L&#039;IMPRIMERIE NATIONALE - Librairie 7L\" \/>\n<meta property=\"og:description\" content=\"Quatri\u00e8me de couverture &#8211; O\u00f9 mettre les capitales dans un nom d&#8217;organisme ? &#8211; Les sigles ont-ils besoin de points ? &#8211; Madame, mademoiselle, monsieur : quand peut-on les abr\u00e9ger ? &#8211; Chiffres arabes, chiffres romains, nombres en toutes lettres : dans quel contexte ? &#8211; Quelle est la diff\u00e9rence entre deuxi\u00e8me et second ? [&hellip;]\" \/>\n<meta property=\"og:url\" content=\"https:\/\/librairie7l.com\/en\/produit\/lexique-des-regles-typographiques-en-usage-a-limprimerie-nationale\/\" \/>\n<meta property=\"og:site_name\" content=\"Librairie 7L\" \/>\n<meta property=\"article:modified_time\" content=\"2026-04-13T16:10:33+00:00\" \/>\n<meta property=\"og:image\" content=\"https:\/\/librairie7l.com\/wp-content\/uploads\/2002\/05\/9782743304829_1_75.jpg\" \/>\n\t<meta property=\"og:image:width\" content=\"600\" \/>\n\t<meta property=\"og:image:height\" content=\"848\" \/>\n\t<meta property=\"og:image:type\" content=\"image\/jpeg\" \/>\n<meta name=\"twitter:card\" content=\"summary_large_image\" \/>\n<meta name=\"twitter:label1\" content=\"Est. reading time\" \/>\n\t<meta name=\"twitter:data1\" content=\"1 minute\" \/>\n<script type=\"application\/ld+json\" class=\"yoast-schema-graph\">{\"@context\":\"https:\/\/schema.org\",\"@graph\":[{\"@type\":\"WebPage\",\"@id\":\"https:\/\/librairie7l.com\/en\/produit\/lexique-des-regles-typographiques-en-usage-a-limprimerie-nationale\/\",\"url\":\"https:\/\/librairie7l.com\/en\/produit\/lexique-des-regles-typographiques-en-usage-a-limprimerie-nationale\/\",\"name\":\"LEXIQUE DES R\u00c8GLES TYPOGRAPHIQUES EN USAGE \u00c0 L'IMPRIMERIE NATIONALE - Librairie 7L\",\"isPartOf\":{\"@id\":\"https:\/\/librairie7l.com\/en\/#website\"},\"datePublished\":\"2023-05-10T10:19:08+00:00\",\"dateModified\":\"2026-04-13T16:10:33+00:00\",\"breadcrumb\":{\"@id\":\"https:\/\/librairie7l.com\/en\/produit\/lexique-des-regles-typographiques-en-usage-a-limprimerie-nationale\/#breadcrumb\"},\"inLanguage\":\"en-US\",\"potentialAction\":[{\"@type\":\"ReadAction\",\"target\":[\"https:\/\/librairie7l.com\/en\/produit\/lexique-des-regles-typographiques-en-usage-a-limprimerie-nationale\/\"]}]},{\"@type\":\"BreadcrumbList\",\"@id\":\"https:\/\/librairie7l.com\/en\/produit\/lexique-des-regles-typographiques-en-usage-a-limprimerie-nationale\/#breadcrumb\",\"itemListElement\":[{\"@type\":\"ListItem\",\"position\":1,\"name\":\"Accueil\",\"item\":\"https:\/\/librairie7l.com\/en\/\"},{\"@type\":\"ListItem\",\"position\":2,\"name\":\"Shop\",\"item\":\"https:\/\/librairie7l.com\/en\/shop\/\"},{\"@type\":\"ListItem\",\"position\":3,\"name\":\"LEXIQUE DES R\u00c8GLES TYPOGRAPHIQUES EN USAGE \u00c0 L&#8217;IMPRIMERIE NATIONALE\"}]},{\"@type\":\"WebSite\",\"@id\":\"https:\/\/librairie7l.com\/en\/#website\",\"url\":\"https:\/\/librairie7l.com\/en\/\",\"name\":\"Librairie 7L\",\"description\":\"Librairie fond\u00e9e en 1999 par Karl Lagerfeld \u00e0 Paris\",\"publisher\":{\"@id\":\"https:\/\/librairie7l.com\/en\/#organization\"},\"potentialAction\":[{\"@type\":\"SearchAction\",\"target\":{\"@type\":\"EntryPoint\",\"urlTemplate\":\"https:\/\/librairie7l.com\/en\/?s={search_term_string}\"},\"query-input\":\"required name=search_term_string\"}],\"inLanguage\":\"en-US\"},{\"@type\":\"Organization\",\"@id\":\"https:\/\/librairie7l.com\/en\/#organization\",\"name\":\"Librairie 7L\",\"url\":\"https:\/\/librairie7l.com\/en\/\",\"logo\":{\"@type\":\"ImageObject\",\"inLanguage\":\"en-US\",\"@id\":\"https:\/\/librairie7l.com\/en\/#\/schema\/logo\/image\/\",\"url\":\"https:\/\/librairie7l.com\/wp-content\/uploads\/2022\/08\/logo-1.png\",\"contentUrl\":\"https:\/\/librairie7l.com\/wp-content\/uploads\/2022\/08\/logo-1.png\",\"width\":227,\"height\":301,\"caption\":\"Librairie 7L\"},\"image\":{\"@id\":\"https:\/\/librairie7l.com\/en\/#\/schema\/logo\/image\/\"}}]}<\/script>\n<!-- \/ Yoast SEO plugin. -->","yoast_head_json":{"title":"LEXIQUE DES R\u00c8GLES TYPOGRAPHIQUES EN USAGE \u00c0 L'IMPRIMERIE NATIONALE - Librairie 7L","robots":{"index":"index","follow":"follow","max-snippet":"max-snippet:-1","max-image-preview":"max-image-preview:large","max-video-preview":"max-video-preview:-1"},"canonical":"https:\/\/librairie7l.com\/en\/produit\/lexique-des-regles-typographiques-en-usage-a-limprimerie-nationale\/","og_locale":"en_US","og_type":"article","og_title":"LEXIQUE DES R\u00c8GLES TYPOGRAPHIQUES EN USAGE \u00c0 L'IMPRIMERIE NATIONALE - Librairie 7L","og_description":"Quatri\u00e8me de couverture &#8211; O\u00f9 mettre les capitales dans un nom d&#8217;organisme ? &#8211; Les sigles ont-ils besoin de points ? &#8211; Madame, mademoiselle, monsieur : quand peut-on les abr\u00e9ger ? &#8211; Chiffres arabes, chiffres romains, nombres en toutes lettres : dans quel contexte ? &#8211; Quelle est la diff\u00e9rence entre deuxi\u00e8me et second ? [&hellip;]","og_url":"https:\/\/librairie7l.com\/en\/produit\/lexique-des-regles-typographiques-en-usage-a-limprimerie-nationale\/","og_site_name":"Librairie 7L","article_modified_time":"2026-04-13T16:10:33+00:00","og_image":[{"width":600,"height":848,"url":"https:\/\/librairie7l.com\/wp-content\/uploads\/2002\/05\/9782743304829_1_75.jpg","type":"image\/jpeg"}],"twitter_card":"summary_large_image","twitter_misc":{"Est. reading time":"1 minute"},"schema":{"@context":"https:\/\/schema.org","@graph":[{"@type":"WebPage","@id":"https:\/\/librairie7l.com\/en\/produit\/lexique-des-regles-typographiques-en-usage-a-limprimerie-nationale\/","url":"https:\/\/librairie7l.com\/en\/produit\/lexique-des-regles-typographiques-en-usage-a-limprimerie-nationale\/","name":"LEXIQUE DES R\u00c8GLES TYPOGRAPHIQUES EN USAGE \u00c0 L'IMPRIMERIE NATIONALE - Librairie 7L","isPartOf":{"@id":"https:\/\/librairie7l.com\/en\/#website"},"datePublished":"2023-05-10T10:19:08+00:00","dateModified":"2026-04-13T16:10:33+00:00","breadcrumb":{"@id":"https:\/\/librairie7l.com\/en\/produit\/lexique-des-regles-typographiques-en-usage-a-limprimerie-nationale\/#breadcrumb"},"inLanguage":"en-US","potentialAction":[{"@type":"ReadAction","target":["https:\/\/librairie7l.com\/en\/produit\/lexique-des-regles-typographiques-en-usage-a-limprimerie-nationale\/"]}]},{"@type":"BreadcrumbList","@id":"https:\/\/librairie7l.com\/en\/produit\/lexique-des-regles-typographiques-en-usage-a-limprimerie-nationale\/#breadcrumb","itemListElement":[{"@type":"ListItem","position":1,"name":"Accueil","item":"https:\/\/librairie7l.com\/en\/"},{"@type":"ListItem","position":2,"name":"Shop","item":"https:\/\/librairie7l.com\/en\/shop\/"},{"@type":"ListItem","position":3,"name":"LEXIQUE DES R\u00c8GLES TYPOGRAPHIQUES EN USAGE \u00c0 L&#8217;IMPRIMERIE NATIONALE"}]},{"@type":"WebSite","@id":"https:\/\/librairie7l.com\/en\/#website","url":"https:\/\/librairie7l.com\/en\/","name":"Librairie 7L","description":"Librairie fond\u00e9e en 1999 par Karl Lagerfeld \u00e0 Paris","publisher":{"@id":"https:\/\/librairie7l.com\/en\/#organization"},"potentialAction":[{"@type":"SearchAction","target":{"@type":"EntryPoint","urlTemplate":"https:\/\/librairie7l.com\/en\/?s={search_term_string}"},"query-input":"required name=search_term_string"}],"inLanguage":"en-US"},{"@type":"Organization","@id":"https:\/\/librairie7l.com\/en\/#organization","name":"Librairie 7L","url":"https:\/\/librairie7l.com\/en\/","logo":{"@type":"ImageObject","inLanguage":"en-US","@id":"https:\/\/librairie7l.com\/en\/#\/schema\/logo\/image\/","url":"https:\/\/librairie7l.com\/wp-content\/uploads\/2022\/08\/logo-1.png","contentUrl":"https:\/\/librairie7l.com\/wp-content\/uploads\/2022\/08\/logo-1.png","width":227,"height":301,"caption":"Librairie 7L"},"image":{"@id":"https:\/\/librairie7l.com\/en\/#\/schema\/logo\/image\/"}}]}},"_links":{"self":[{"href":"https:\/\/librairie7l.com\/en\/wp-json\/wp\/v2\/product\/26723"}],"collection":[{"href":"https:\/\/librairie7l.com\/en\/wp-json\/wp\/v2\/product"}],"about":[{"href":"https:\/\/librairie7l.com\/en\/wp-json\/wp\/v2\/types\/product"}],"wp:featuredmedia":[{"embeddable":true,"href":"https:\/\/librairie7l.com\/en\/wp-json\/wp\/v2\/media\/26721"}],"wp:attachment":[{"href":"https:\/\/librairie7l.com\/en\/wp-json\/wp\/v2\/media?parent=26723"}],"wp:term":[{"taxonomy":"product_cat","embeddable":true,"href":"https:\/\/librairie7l.com\/en\/wp-json\/wp\/v2\/product_cat?post=26723"},{"taxonomy":"product_tag","embeddable":true,"href":"https:\/\/librairie7l.com\/en\/wp-json\/wp\/v2\/product_tag?post=26723"}],"curies":[{"name":"wp","href":"https:\/\/api.w.org\/{rel}","templated":true}]}}