{"id":26727,"date":"2023-05-10T12:19:15","date_gmt":"2023-05-10T10:19:15","guid":{"rendered":"https:\/\/librairie7l.com\/?post_type=product&#038;p=26727"},"modified":"2026-05-05T10:01:25","modified_gmt":"2026-05-05T08:01:25","slug":"design-au-feminin-100-ans-200-designeuses","status":"publish","type":"product","link":"https:\/\/librairie7l.com\/en\/produit\/design-au-feminin-100-ans-200-designeuses\/","title":{"rendered":"DESIGN AU F\u00c9MININ : 100 ANS, 200 DESIGNEUSES"},"content":{"rendered":"<p>Une c\u00e9l\u00e9bration visuelle de plus de 200 designeuses du d\u00e9but du XXe si\u00e8cle \u00e0 nos jours.<\/p>\n<p>Cette magnifique c\u00e9l\u00e9bration des designs les plus incroyables et les plus marquants produits par des femmes rebat les cartes dans un univers historiquement consid\u00e9r\u00e9 comme masculin.<br \/>\nPr\u00e9sentant plus de 200 designeuses originaires de plus de 50 pays, Design au f\u00e9minin retrace l&#8217;histoire fascinante et souvent m\u00e9connue des femmes qui se sont illustr\u00e9es dans le domaine du design et met en lumi\u00e8re les objets les plus inestimables du design du si\u00e8cle dernier.<\/p>\n","protected":false},"excerpt":{"rendered":"<p>Une c\u00e9l\u00e9bration visuelle de plus de 200 designeuses du d\u00e9but du XXe si\u00e8cle \u00e0 nos jours. Cette magnifique c\u00e9l\u00e9bration des designs les plus incroyables et les plus marquants produits par des femmes rebat les cartes dans un univers historiquement consid\u00e9r\u00e9 comme masculin. Pr\u00e9sentant plus de 200 designeuses originaires de plus de 50 pays, Design au [&hellip;]<\/p>\n","protected":false},"featured_media":26725,"template":"","meta":[],"product_cat":[2948,2952],"product_tag":[],"acf":[],"yoast_head":"<!-- This site is optimized with the Yoast SEO plugin v20.11 - https:\/\/yoast.com\/wordpress\/plugins\/seo\/ -->\n<title>DESIGN AU F\u00c9MININ : 100 ANS, 200 DESIGNEUSES - Librairie 7L<\/title>\n<meta name=\"robots\" content=\"index, follow, max-snippet:-1, max-image-preview:large, max-video-preview:-1\" \/>\n<link rel=\"canonical\" href=\"https:\/\/librairie7l.com\/en\/produit\/design-au-feminin-100-ans-200-designeuses\/\" \/>\n<meta property=\"og:locale\" content=\"en_US\" \/>\n<meta property=\"og:type\" content=\"article\" \/>\n<meta property=\"og:title\" content=\"DESIGN AU F\u00c9MININ : 100 ANS, 200 DESIGNEUSES - Librairie 7L\" \/>\n<meta property=\"og:description\" content=\"Une c\u00e9l\u00e9bration visuelle de plus de 200 designeuses du d\u00e9but du XXe si\u00e8cle \u00e0 nos jours. Cette magnifique c\u00e9l\u00e9bration des designs les plus incroyables et les plus marquants produits par des femmes rebat les cartes dans un univers historiquement consid\u00e9r\u00e9 comme masculin. Pr\u00e9sentant plus de 200 designeuses originaires de plus de 50 pays, Design au [&hellip;]\" \/>\n<meta property=\"og:url\" content=\"https:\/\/librairie7l.com\/en\/produit\/design-au-feminin-100-ans-200-designeuses\/\" \/>\n<meta property=\"og:site_name\" content=\"Librairie 7L\" \/>\n<meta property=\"article:modified_time\" content=\"2026-05-05T08:01:25+00:00\" \/>\n<meta property=\"og:image\" content=\"https:\/\/librairie7l.com\/wp-content\/uploads\/2021\/05\/9781838663476_1_75.jpg\" \/>\n\t<meta property=\"og:image:width\" content=\"600\" \/>\n\t<meta property=\"og:image:height\" content=\"677\" \/>\n\t<meta property=\"og:image:type\" content=\"image\/jpeg\" \/>\n<meta name=\"twitter:card\" content=\"summary_large_image\" \/>\n<script type=\"application\/ld+json\" class=\"yoast-schema-graph\">{\"@context\":\"https:\/\/schema.org\",\"@graph\":[{\"@type\":\"WebPage\",\"@id\":\"https:\/\/librairie7l.com\/en\/produit\/design-au-feminin-100-ans-200-designeuses\/\",\"url\":\"https:\/\/librairie7l.com\/en\/produit\/design-au-feminin-100-ans-200-designeuses\/\",\"name\":\"DESIGN AU F\u00c9MININ : 100 ANS, 200 DESIGNEUSES - Librairie 7L\",\"isPartOf\":{\"@id\":\"https:\/\/librairie7l.com\/en\/#website\"},\"datePublished\":\"2023-05-10T10:19:15+00:00\",\"dateModified\":\"2026-05-05T08:01:25+00:00\",\"breadcrumb\":{\"@id\":\"https:\/\/librairie7l.com\/en\/produit\/design-au-feminin-100-ans-200-designeuses\/#breadcrumb\"},\"inLanguage\":\"en-US\",\"potentialAction\":[{\"@type\":\"ReadAction\",\"target\":[\"https:\/\/librairie7l.com\/en\/produit\/design-au-feminin-100-ans-200-designeuses\/\"]}]},{\"@type\":\"BreadcrumbList\",\"@id\":\"https:\/\/librairie7l.com\/en\/produit\/design-au-feminin-100-ans-200-designeuses\/#breadcrumb\",\"itemListElement\":[{\"@type\":\"ListItem\",\"position\":1,\"name\":\"Accueil\",\"item\":\"https:\/\/librairie7l.com\/en\/\"},{\"@type\":\"ListItem\",\"position\":2,\"name\":\"Shop\",\"item\":\"https:\/\/librairie7l.com\/en\/shop\/\"},{\"@type\":\"ListItem\",\"position\":3,\"name\":\"DESIGN AU F\u00c9MININ : 100 ANS, 200 DESIGNEUSES\"}]},{\"@type\":\"WebSite\",\"@id\":\"https:\/\/librairie7l.com\/en\/#website\",\"url\":\"https:\/\/librairie7l.com\/en\/\",\"name\":\"Librairie 7L\",\"description\":\"Librairie fond\u00e9e en 1999 par Karl Lagerfeld \u00e0 Paris\",\"publisher\":{\"@id\":\"https:\/\/librairie7l.com\/en\/#organization\"},\"potentialAction\":[{\"@type\":\"SearchAction\",\"target\":{\"@type\":\"EntryPoint\",\"urlTemplate\":\"https:\/\/librairie7l.com\/en\/?s={search_term_string}\"},\"query-input\":\"required name=search_term_string\"}],\"inLanguage\":\"en-US\"},{\"@type\":\"Organization\",\"@id\":\"https:\/\/librairie7l.com\/en\/#organization\",\"name\":\"Librairie 7L\",\"url\":\"https:\/\/librairie7l.com\/en\/\",\"logo\":{\"@type\":\"ImageObject\",\"inLanguage\":\"en-US\",\"@id\":\"https:\/\/librairie7l.com\/en\/#\/schema\/logo\/image\/\",\"url\":\"https:\/\/librairie7l.com\/wp-content\/uploads\/2022\/08\/logo-1.png\",\"contentUrl\":\"https:\/\/librairie7l.com\/wp-content\/uploads\/2022\/08\/logo-1.png\",\"width\":227,\"height\":301,\"caption\":\"Librairie 7L\"},\"image\":{\"@id\":\"https:\/\/librairie7l.com\/en\/#\/schema\/logo\/image\/\"}}]}<\/script>\n<!-- \/ Yoast SEO plugin. -->","yoast_head_json":{"title":"DESIGN AU F\u00c9MININ : 100 ANS, 200 DESIGNEUSES - Librairie 7L","robots":{"index":"index","follow":"follow","max-snippet":"max-snippet:-1","max-image-preview":"max-image-preview:large","max-video-preview":"max-video-preview:-1"},"canonical":"https:\/\/librairie7l.com\/en\/produit\/design-au-feminin-100-ans-200-designeuses\/","og_locale":"en_US","og_type":"article","og_title":"DESIGN AU F\u00c9MININ : 100 ANS, 200 DESIGNEUSES - Librairie 7L","og_description":"Une c\u00e9l\u00e9bration visuelle de plus de 200 designeuses du d\u00e9but du XXe si\u00e8cle \u00e0 nos jours. Cette magnifique c\u00e9l\u00e9bration des designs les plus incroyables et les plus marquants produits par des femmes rebat les cartes dans un univers historiquement consid\u00e9r\u00e9 comme masculin. Pr\u00e9sentant plus de 200 designeuses originaires de plus de 50 pays, Design au [&hellip;]","og_url":"https:\/\/librairie7l.com\/en\/produit\/design-au-feminin-100-ans-200-designeuses\/","og_site_name":"Librairie 7L","article_modified_time":"2026-05-05T08:01:25+00:00","og_image":[{"width":600,"height":677,"url":"https:\/\/librairie7l.com\/wp-content\/uploads\/2021\/05\/9781838663476_1_75.jpg","type":"image\/jpeg"}],"twitter_card":"summary_large_image","schema":{"@context":"https:\/\/schema.org","@graph":[{"@type":"WebPage","@id":"https:\/\/librairie7l.com\/en\/produit\/design-au-feminin-100-ans-200-designeuses\/","url":"https:\/\/librairie7l.com\/en\/produit\/design-au-feminin-100-ans-200-designeuses\/","name":"DESIGN AU F\u00c9MININ : 100 ANS, 200 DESIGNEUSES - Librairie 7L","isPartOf":{"@id":"https:\/\/librairie7l.com\/en\/#website"},"datePublished":"2023-05-10T10:19:15+00:00","dateModified":"2026-05-05T08:01:25+00:00","breadcrumb":{"@id":"https:\/\/librairie7l.com\/en\/produit\/design-au-feminin-100-ans-200-designeuses\/#breadcrumb"},"inLanguage":"en-US","potentialAction":[{"@type":"ReadAction","target":["https:\/\/librairie7l.com\/en\/produit\/design-au-feminin-100-ans-200-designeuses\/"]}]},{"@type":"BreadcrumbList","@id":"https:\/\/librairie7l.com\/en\/produit\/design-au-feminin-100-ans-200-designeuses\/#breadcrumb","itemListElement":[{"@type":"ListItem","position":1,"name":"Accueil","item":"https:\/\/librairie7l.com\/en\/"},{"@type":"ListItem","position":2,"name":"Shop","item":"https:\/\/librairie7l.com\/en\/shop\/"},{"@type":"ListItem","position":3,"name":"DESIGN AU F\u00c9MININ : 100 ANS, 200 DESIGNEUSES"}]},{"@type":"WebSite","@id":"https:\/\/librairie7l.com\/en\/#website","url":"https:\/\/librairie7l.com\/en\/","name":"Librairie 7L","description":"Librairie fond\u00e9e en 1999 par Karl Lagerfeld \u00e0 Paris","publisher":{"@id":"https:\/\/librairie7l.com\/en\/#organization"},"potentialAction":[{"@type":"SearchAction","target":{"@type":"EntryPoint","urlTemplate":"https:\/\/librairie7l.com\/en\/?s={search_term_string}"},"query-input":"required name=search_term_string"}],"inLanguage":"en-US"},{"@type":"Organization","@id":"https:\/\/librairie7l.com\/en\/#organization","name":"Librairie 7L","url":"https:\/\/librairie7l.com\/en\/","logo":{"@type":"ImageObject","inLanguage":"en-US","@id":"https:\/\/librairie7l.com\/en\/#\/schema\/logo\/image\/","url":"https:\/\/librairie7l.com\/wp-content\/uploads\/2022\/08\/logo-1.png","contentUrl":"https:\/\/librairie7l.com\/wp-content\/uploads\/2022\/08\/logo-1.png","width":227,"height":301,"caption":"Librairie 7L"},"image":{"@id":"https:\/\/librairie7l.com\/en\/#\/schema\/logo\/image\/"}}]}},"_links":{"self":[{"href":"https:\/\/librairie7l.com\/en\/wp-json\/wp\/v2\/product\/26727"}],"collection":[{"href":"https:\/\/librairie7l.com\/en\/wp-json\/wp\/v2\/product"}],"about":[{"href":"https:\/\/librairie7l.com\/en\/wp-json\/wp\/v2\/types\/product"}],"wp:featuredmedia":[{"embeddable":true,"href":"https:\/\/librairie7l.com\/en\/wp-json\/wp\/v2\/media\/26725"}],"wp:attachment":[{"href":"https:\/\/librairie7l.com\/en\/wp-json\/wp\/v2\/media?parent=26727"}],"wp:term":[{"taxonomy":"product_cat","embeddable":true,"href":"https:\/\/librairie7l.com\/en\/wp-json\/wp\/v2\/product_cat?post=26727"},{"taxonomy":"product_tag","embeddable":true,"href":"https:\/\/librairie7l.com\/en\/wp-json\/wp\/v2\/product_tag?post=26727"}],"curies":[{"name":"wp","href":"https:\/\/api.w.org\/{rel}","templated":true}]}}