{"id":26735,"date":"2023-05-10T12:19:29","date_gmt":"2023-05-10T10:19:29","guid":{"rendered":"https:\/\/librairie7l.com\/?post_type=product&#038;p=26735"},"modified":"2026-04-07T17:53:25","modified_gmt":"2026-04-07T15:53:25","slug":"lherbier-merveilleux-notes-sur-le-sens-cache-des-fleurs-du-louvre","status":"publish","type":"product","link":"https:\/\/librairie7l.com\/en\/produit\/lherbier-merveilleux-notes-sur-le-sens-cache-des-fleurs-du-louvre\/","title":{"rendered":"L&#8217;HERBIER MERVEILLEUX ; NOTES SUR LE SENS CACH\u00c9 DES FLEURS DU LOUVRE"},"content":{"rendered":"<p>\u00c0\u00a0l&#8217;occasion du trenti\u00e8me\u00a0anniversaire de la Pyramide du Louvre,\u00a0Jean-Michel Othoniel a \u00e9t\u00e9 invit\u00e9 par le mus\u00e9e \u00e0 r\u00e9aliser un ouvrage t\u00e9moignant de l&#8217;importance des fleurs dans les\u00a0huit d\u00e9partements que compte celui-ci. L&#8217;artiste\u00a0compose un\u00a0herbier in\u00e9dit accompagn\u00e9 des\u00a0notes qu&#8217;il\u00a0a \u00e9crites\u00a0sur\u00a0le langage secret\u00a0des fleurs et sur leur symbolique dans la peinture ancienne. Il\u00a0en r\u00e9v\u00e8le ainsi leur sens cach\u00e9 en contant leurs histoires et leurs mythologies. Cet ouvrage se\u00a0pr\u00e9sente comme un carnet ab\u00e9c\u00e9daire que l&#8217;artiste a nourri\u00a0au fil des salles du mus\u00e9e du Louvre o\u00f9 on retrouve le\u00a0chardon dans l&#8217;autoportrait de Durer, le pavot dans la st\u00e8le\u00a0fun\u00e9raire de Paros, la pomme pos\u00e9e sur le tabouret dans le verrou de Fragonard, ou encore la pivoine dans la chemise d\u00e9graf\u00e9e de la jeune fille \u00e0 la cruche cass\u00e9e de Greuze.<\/p>\n","protected":false},"excerpt":{"rendered":"<p>\u00c0\u00a0l&#8217;occasion du trenti\u00e8me\u00a0anniversaire de la Pyramide du Louvre,\u00a0Jean-Michel Othoniel a \u00e9t\u00e9 invit\u00e9 par le mus\u00e9e \u00e0 r\u00e9aliser un ouvrage t\u00e9moignant de l&#8217;importance des fleurs dans les\u00a0huit d\u00e9partements que compte celui-ci. L&#8217;artiste\u00a0compose un\u00a0herbier in\u00e9dit accompagn\u00e9 des\u00a0notes qu&#8217;il\u00a0a \u00e9crites\u00a0sur\u00a0le langage secret\u00a0des fleurs et sur leur symbolique dans la peinture ancienne. Il\u00a0en r\u00e9v\u00e8le ainsi leur sens cach\u00e9 en [&hellip;]<\/p>\n","protected":false},"featured_media":26733,"template":"","meta":[],"product_cat":[55,2948,47,2953],"product_tag":[],"acf":[],"yoast_head":"<!-- This site is optimized with the Yoast SEO plugin v20.11 - https:\/\/yoast.com\/wordpress\/plugins\/seo\/ -->\n<title>L&#039;HERBIER MERVEILLEUX ; NOTES SUR LE SENS CACH\u00c9 DES FLEURS DU LOUVRE - Librairie 7L<\/title>\n<meta name=\"robots\" content=\"index, follow, max-snippet:-1, max-image-preview:large, max-video-preview:-1\" \/>\n<link rel=\"canonical\" href=\"https:\/\/librairie7l.com\/en\/produit\/lherbier-merveilleux-notes-sur-le-sens-cache-des-fleurs-du-louvre\/\" \/>\n<meta property=\"og:locale\" content=\"en_US\" \/>\n<meta property=\"og:type\" content=\"article\" \/>\n<meta property=\"og:title\" content=\"L&#039;HERBIER MERVEILLEUX ; NOTES SUR LE SENS CACH\u00c9 DES FLEURS DU LOUVRE - Librairie 7L\" \/>\n<meta property=\"og:description\" content=\"\u00c0\u00a0l&#8217;occasion du trenti\u00e8me\u00a0anniversaire de la Pyramide du Louvre,\u00a0Jean-Michel Othoniel a \u00e9t\u00e9 invit\u00e9 par le mus\u00e9e \u00e0 r\u00e9aliser un ouvrage t\u00e9moignant de l&#8217;importance des fleurs dans les\u00a0huit d\u00e9partements que compte celui-ci. L&#8217;artiste\u00a0compose un\u00a0herbier in\u00e9dit accompagn\u00e9 des\u00a0notes qu&#8217;il\u00a0a \u00e9crites\u00a0sur\u00a0le langage secret\u00a0des fleurs et sur leur symbolique dans la peinture ancienne. Il\u00a0en r\u00e9v\u00e8le ainsi leur sens cach\u00e9 en [&hellip;]\" \/>\n<meta property=\"og:url\" content=\"https:\/\/librairie7l.com\/en\/produit\/lherbier-merveilleux-notes-sur-le-sens-cache-des-fleurs-du-louvre\/\" \/>\n<meta property=\"og:site_name\" content=\"Librairie 7L\" \/>\n<meta property=\"article:modified_time\" content=\"2026-04-07T15:53:25+00:00\" \/>\n<meta property=\"og:image\" content=\"https:\/\/librairie7l.com\/wp-content\/uploads\/2018\/12\/9782330120139_1_75.jpg\" \/>\n\t<meta property=\"og:image:width\" content=\"570\" \/>\n\t<meta property=\"og:image:height\" content=\"914\" \/>\n\t<meta property=\"og:image:type\" content=\"image\/jpeg\" \/>\n<meta name=\"twitter:card\" content=\"summary_large_image\" \/>\n<meta name=\"twitter:label1\" content=\"Est. reading time\" \/>\n\t<meta name=\"twitter:data1\" content=\"1 minute\" \/>\n<script type=\"application\/ld+json\" class=\"yoast-schema-graph\">{\"@context\":\"https:\/\/schema.org\",\"@graph\":[{\"@type\":\"WebPage\",\"@id\":\"https:\/\/librairie7l.com\/en\/produit\/lherbier-merveilleux-notes-sur-le-sens-cache-des-fleurs-du-louvre\/\",\"url\":\"https:\/\/librairie7l.com\/en\/produit\/lherbier-merveilleux-notes-sur-le-sens-cache-des-fleurs-du-louvre\/\",\"name\":\"L'HERBIER MERVEILLEUX ; NOTES SUR LE SENS CACH\u00c9 DES FLEURS DU LOUVRE - Librairie 7L\",\"isPartOf\":{\"@id\":\"https:\/\/librairie7l.com\/en\/#website\"},\"datePublished\":\"2023-05-10T10:19:29+00:00\",\"dateModified\":\"2026-04-07T15:53:25+00:00\",\"breadcrumb\":{\"@id\":\"https:\/\/librairie7l.com\/en\/produit\/lherbier-merveilleux-notes-sur-le-sens-cache-des-fleurs-du-louvre\/#breadcrumb\"},\"inLanguage\":\"en-US\",\"potentialAction\":[{\"@type\":\"ReadAction\",\"target\":[\"https:\/\/librairie7l.com\/en\/produit\/lherbier-merveilleux-notes-sur-le-sens-cache-des-fleurs-du-louvre\/\"]}]},{\"@type\":\"BreadcrumbList\",\"@id\":\"https:\/\/librairie7l.com\/en\/produit\/lherbier-merveilleux-notes-sur-le-sens-cache-des-fleurs-du-louvre\/#breadcrumb\",\"itemListElement\":[{\"@type\":\"ListItem\",\"position\":1,\"name\":\"Accueil\",\"item\":\"https:\/\/librairie7l.com\/en\/\"},{\"@type\":\"ListItem\",\"position\":2,\"name\":\"Shop\",\"item\":\"https:\/\/librairie7l.com\/en\/shop\/\"},{\"@type\":\"ListItem\",\"position\":3,\"name\":\"L&#8217;HERBIER MERVEILLEUX ; NOTES SUR LE SENS CACH\u00c9 DES FLEURS DU LOUVRE\"}]},{\"@type\":\"WebSite\",\"@id\":\"https:\/\/librairie7l.com\/en\/#website\",\"url\":\"https:\/\/librairie7l.com\/en\/\",\"name\":\"Librairie 7L\",\"description\":\"Librairie fond\u00e9e en 1999 par Karl Lagerfeld \u00e0 Paris\",\"publisher\":{\"@id\":\"https:\/\/librairie7l.com\/en\/#organization\"},\"potentialAction\":[{\"@type\":\"SearchAction\",\"target\":{\"@type\":\"EntryPoint\",\"urlTemplate\":\"https:\/\/librairie7l.com\/en\/?s={search_term_string}\"},\"query-input\":\"required name=search_term_string\"}],\"inLanguage\":\"en-US\"},{\"@type\":\"Organization\",\"@id\":\"https:\/\/librairie7l.com\/en\/#organization\",\"name\":\"Librairie 7L\",\"url\":\"https:\/\/librairie7l.com\/en\/\",\"logo\":{\"@type\":\"ImageObject\",\"inLanguage\":\"en-US\",\"@id\":\"https:\/\/librairie7l.com\/en\/#\/schema\/logo\/image\/\",\"url\":\"https:\/\/librairie7l.com\/wp-content\/uploads\/2022\/08\/logo-1.png\",\"contentUrl\":\"https:\/\/librairie7l.com\/wp-content\/uploads\/2022\/08\/logo-1.png\",\"width\":227,\"height\":301,\"caption\":\"Librairie 7L\"},\"image\":{\"@id\":\"https:\/\/librairie7l.com\/en\/#\/schema\/logo\/image\/\"}}]}<\/script>\n<!-- \/ Yoast SEO plugin. -->","yoast_head_json":{"title":"L'HERBIER MERVEILLEUX ; NOTES SUR LE SENS CACH\u00c9 DES FLEURS DU LOUVRE - Librairie 7L","robots":{"index":"index","follow":"follow","max-snippet":"max-snippet:-1","max-image-preview":"max-image-preview:large","max-video-preview":"max-video-preview:-1"},"canonical":"https:\/\/librairie7l.com\/en\/produit\/lherbier-merveilleux-notes-sur-le-sens-cache-des-fleurs-du-louvre\/","og_locale":"en_US","og_type":"article","og_title":"L'HERBIER MERVEILLEUX ; NOTES SUR LE SENS CACH\u00c9 DES FLEURS DU LOUVRE - Librairie 7L","og_description":"\u00c0\u00a0l&#8217;occasion du trenti\u00e8me\u00a0anniversaire de la Pyramide du Louvre,\u00a0Jean-Michel Othoniel a \u00e9t\u00e9 invit\u00e9 par le mus\u00e9e \u00e0 r\u00e9aliser un ouvrage t\u00e9moignant de l&#8217;importance des fleurs dans les\u00a0huit d\u00e9partements que compte celui-ci. L&#8217;artiste\u00a0compose un\u00a0herbier in\u00e9dit accompagn\u00e9 des\u00a0notes qu&#8217;il\u00a0a \u00e9crites\u00a0sur\u00a0le langage secret\u00a0des fleurs et sur leur symbolique dans la peinture ancienne. Il\u00a0en r\u00e9v\u00e8le ainsi leur sens cach\u00e9 en [&hellip;]","og_url":"https:\/\/librairie7l.com\/en\/produit\/lherbier-merveilleux-notes-sur-le-sens-cache-des-fleurs-du-louvre\/","og_site_name":"Librairie 7L","article_modified_time":"2026-04-07T15:53:25+00:00","og_image":[{"width":570,"height":914,"url":"https:\/\/librairie7l.com\/wp-content\/uploads\/2018\/12\/9782330120139_1_75.jpg","type":"image\/jpeg"}],"twitter_card":"summary_large_image","twitter_misc":{"Est. reading time":"1 minute"},"schema":{"@context":"https:\/\/schema.org","@graph":[{"@type":"WebPage","@id":"https:\/\/librairie7l.com\/en\/produit\/lherbier-merveilleux-notes-sur-le-sens-cache-des-fleurs-du-louvre\/","url":"https:\/\/librairie7l.com\/en\/produit\/lherbier-merveilleux-notes-sur-le-sens-cache-des-fleurs-du-louvre\/","name":"L'HERBIER MERVEILLEUX ; NOTES SUR LE SENS CACH\u00c9 DES FLEURS DU LOUVRE - Librairie 7L","isPartOf":{"@id":"https:\/\/librairie7l.com\/en\/#website"},"datePublished":"2023-05-10T10:19:29+00:00","dateModified":"2026-04-07T15:53:25+00:00","breadcrumb":{"@id":"https:\/\/librairie7l.com\/en\/produit\/lherbier-merveilleux-notes-sur-le-sens-cache-des-fleurs-du-louvre\/#breadcrumb"},"inLanguage":"en-US","potentialAction":[{"@type":"ReadAction","target":["https:\/\/librairie7l.com\/en\/produit\/lherbier-merveilleux-notes-sur-le-sens-cache-des-fleurs-du-louvre\/"]}]},{"@type":"BreadcrumbList","@id":"https:\/\/librairie7l.com\/en\/produit\/lherbier-merveilleux-notes-sur-le-sens-cache-des-fleurs-du-louvre\/#breadcrumb","itemListElement":[{"@type":"ListItem","position":1,"name":"Accueil","item":"https:\/\/librairie7l.com\/en\/"},{"@type":"ListItem","position":2,"name":"Shop","item":"https:\/\/librairie7l.com\/en\/shop\/"},{"@type":"ListItem","position":3,"name":"L&#8217;HERBIER MERVEILLEUX ; NOTES SUR LE SENS CACH\u00c9 DES FLEURS DU LOUVRE"}]},{"@type":"WebSite","@id":"https:\/\/librairie7l.com\/en\/#website","url":"https:\/\/librairie7l.com\/en\/","name":"Librairie 7L","description":"Librairie fond\u00e9e en 1999 par Karl Lagerfeld \u00e0 Paris","publisher":{"@id":"https:\/\/librairie7l.com\/en\/#organization"},"potentialAction":[{"@type":"SearchAction","target":{"@type":"EntryPoint","urlTemplate":"https:\/\/librairie7l.com\/en\/?s={search_term_string}"},"query-input":"required name=search_term_string"}],"inLanguage":"en-US"},{"@type":"Organization","@id":"https:\/\/librairie7l.com\/en\/#organization","name":"Librairie 7L","url":"https:\/\/librairie7l.com\/en\/","logo":{"@type":"ImageObject","inLanguage":"en-US","@id":"https:\/\/librairie7l.com\/en\/#\/schema\/logo\/image\/","url":"https:\/\/librairie7l.com\/wp-content\/uploads\/2022\/08\/logo-1.png","contentUrl":"https:\/\/librairie7l.com\/wp-content\/uploads\/2022\/08\/logo-1.png","width":227,"height":301,"caption":"Librairie 7L"},"image":{"@id":"https:\/\/librairie7l.com\/en\/#\/schema\/logo\/image\/"}}]}},"_links":{"self":[{"href":"https:\/\/librairie7l.com\/en\/wp-json\/wp\/v2\/product\/26735"}],"collection":[{"href":"https:\/\/librairie7l.com\/en\/wp-json\/wp\/v2\/product"}],"about":[{"href":"https:\/\/librairie7l.com\/en\/wp-json\/wp\/v2\/types\/product"}],"wp:featuredmedia":[{"embeddable":true,"href":"https:\/\/librairie7l.com\/en\/wp-json\/wp\/v2\/media\/26733"}],"wp:attachment":[{"href":"https:\/\/librairie7l.com\/en\/wp-json\/wp\/v2\/media?parent=26735"}],"wp:term":[{"taxonomy":"product_cat","embeddable":true,"href":"https:\/\/librairie7l.com\/en\/wp-json\/wp\/v2\/product_cat?post=26735"},{"taxonomy":"product_tag","embeddable":true,"href":"https:\/\/librairie7l.com\/en\/wp-json\/wp\/v2\/product_tag?post=26735"}],"curies":[{"name":"wp","href":"https:\/\/api.w.org\/{rel}","templated":true}]}}