{"id":26743,"date":"2023-05-10T12:19:40","date_gmt":"2023-05-10T10:19:40","guid":{"rendered":"https:\/\/librairie7l.com\/?post_type=product&#038;p=26743"},"modified":"2026-05-09T07:06:42","modified_gmt":"2026-05-09T05:06:42","slug":"michael-kenna-arbres","status":"publish","type":"product","link":"https:\/\/librairie7l.com\/en\/produit\/michael-kenna-arbres\/","title":{"rendered":"MICHAEL KENNA : ARBRES"},"content":{"rendered":"<p>Michael Kenna au Domaine de Chaumont-sur-Loire Publi\u00e9 \u00e0 l&#8217;occasion de l&#8217;exposition &#8220;Arbres&#8221; organis\u00e9e au Domaine de Chaumont-sur-Loire, ce catalogue rassemble les plus belles photographies d&#8217;arbres de Michael Kenna.<br \/>\nLe c\u00e9l\u00e8bre photographe parcourt le monde, depuis la France jusqu&#8217;en Nouvelle Z\u00e9lande en passant par les \u00c9tats-Unis et la Cor\u00e9e du sud, pour immortaliser arbres et for\u00eats. Dans cet ouvrage, les for\u00eats denses et leurs trou\u00e9es de lumi\u00e8re tout comme les arbres minuscules isol\u00e9s au sein de paysages idylliques mettent en valeur la diversit\u00e9 des sp\u00e9cimens photographi\u00e9s tout autant que la pluralit\u00e9 des compositions.<br \/>\nExclusivement en noir et blanc, ces photographies permettent de traverser les saisons tout en r\u00e9inventant les couleurs qui leur sont traditionnellement associ\u00e9es pour se concentrer sur l&#8217;interaction entre le noir opaque et d\u00e9licat de l&#8217;arbre et une lumi\u00e8re souvent ouateuse g\u00e9n\u00e9rant de formidables effets atmosph\u00e9riques.<br \/>\nEn de rares occurrences se manifeste l&#8217;existence des civilisations humaines : quelques morceaux de route, des constructions, des barri\u00e8res et des pieux ou, de mani\u00e8re plus anecdotique, des pantoufles, constituent les seules traces de notre pr\u00e9sence.<br \/>\nAilleurs, l&#8217;alignement parfaitement r\u00e9gulier d&#8217;arbres le long d&#8217;une route manifeste l&#8217;intervention humaine.<br \/>\nCet ouvrage permet l&#8217;appr\u00e9hension du travail de l&#8217;un des grands ma\u00eetres de la photographie de paysage en noir et blanc pour une vision magnifi\u00e9e de la Nature.<\/p>\n","protected":false},"excerpt":{"rendered":"<p>Michael Kenna au Domaine de Chaumont-sur-Loire Publi\u00e9 \u00e0 l&#8217;occasion de l&#8217;exposition &#8220;Arbres&#8221; organis\u00e9e au Domaine de Chaumont-sur-Loire, ce catalogue rassemble les plus belles photographies d&#8217;arbres de Michael Kenna. Le c\u00e9l\u00e8bre photographe parcourt le monde, depuis la France jusqu&#8217;en Nouvelle Z\u00e9lande en passant par les \u00c9tats-Unis et la Cor\u00e9e du sud, pour immortaliser arbres et for\u00eats. [&hellip;]<\/p>\n","protected":false},"featured_media":26741,"template":"","meta":[],"product_cat":[55,2948,2958,17],"product_tag":[],"acf":[],"yoast_head":"<!-- This site is optimized with the Yoast SEO plugin v20.11 - https:\/\/yoast.com\/wordpress\/plugins\/seo\/ -->\n<title>MICHAEL KENNA : ARBRES - Librairie 7L<\/title>\n<meta name=\"robots\" content=\"index, follow, max-snippet:-1, max-image-preview:large, max-video-preview:-1\" \/>\n<link rel=\"canonical\" href=\"https:\/\/librairie7l.com\/en\/produit\/michael-kenna-arbres\/\" \/>\n<meta property=\"og:locale\" content=\"en_US\" \/>\n<meta property=\"og:type\" content=\"article\" \/>\n<meta property=\"og:title\" content=\"MICHAEL KENNA : ARBRES - Librairie 7L\" \/>\n<meta property=\"og:description\" content=\"Michael Kenna au Domaine de Chaumont-sur-Loire Publi\u00e9 \u00e0 l&#8217;occasion de l&#8217;exposition &#8220;Arbres&#8221; organis\u00e9e au Domaine de Chaumont-sur-Loire, ce catalogue rassemble les plus belles photographies d&#8217;arbres de Michael Kenna. Le c\u00e9l\u00e8bre photographe parcourt le monde, depuis la France jusqu&#8217;en Nouvelle Z\u00e9lande en passant par les \u00c9tats-Unis et la Cor\u00e9e du sud, pour immortaliser arbres et for\u00eats. [&hellip;]\" \/>\n<meta property=\"og:url\" content=\"https:\/\/librairie7l.com\/en\/produit\/michael-kenna-arbres\/\" \/>\n<meta property=\"og:site_name\" content=\"Librairie 7L\" \/>\n<meta property=\"article:modified_time\" content=\"2026-05-09T05:06:42+00:00\" \/>\n<meta property=\"og:image\" content=\"https:\/\/librairie7l.com\/wp-content\/uploads\/2022\/05\/9782370741943_1_75.jpg\" \/>\n\t<meta property=\"og:image:width\" content=\"400\" \/>\n\t<meta property=\"og:image:height\" content=\"485\" \/>\n\t<meta property=\"og:image:type\" content=\"image\/jpeg\" \/>\n<meta name=\"twitter:card\" content=\"summary_large_image\" \/>\n<meta name=\"twitter:label1\" content=\"Est. reading time\" \/>\n\t<meta name=\"twitter:data1\" content=\"1 minute\" \/>\n<script type=\"application\/ld+json\" class=\"yoast-schema-graph\">{\"@context\":\"https:\/\/schema.org\",\"@graph\":[{\"@type\":\"WebPage\",\"@id\":\"https:\/\/librairie7l.com\/en\/produit\/michael-kenna-arbres\/\",\"url\":\"https:\/\/librairie7l.com\/en\/produit\/michael-kenna-arbres\/\",\"name\":\"MICHAEL KENNA : ARBRES - Librairie 7L\",\"isPartOf\":{\"@id\":\"https:\/\/librairie7l.com\/en\/#website\"},\"datePublished\":\"2023-05-10T10:19:40+00:00\",\"dateModified\":\"2026-05-09T05:06:42+00:00\",\"breadcrumb\":{\"@id\":\"https:\/\/librairie7l.com\/en\/produit\/michael-kenna-arbres\/#breadcrumb\"},\"inLanguage\":\"en-US\",\"potentialAction\":[{\"@type\":\"ReadAction\",\"target\":[\"https:\/\/librairie7l.com\/en\/produit\/michael-kenna-arbres\/\"]}]},{\"@type\":\"BreadcrumbList\",\"@id\":\"https:\/\/librairie7l.com\/en\/produit\/michael-kenna-arbres\/#breadcrumb\",\"itemListElement\":[{\"@type\":\"ListItem\",\"position\":1,\"name\":\"Accueil\",\"item\":\"https:\/\/librairie7l.com\/en\/\"},{\"@type\":\"ListItem\",\"position\":2,\"name\":\"Shop\",\"item\":\"https:\/\/librairie7l.com\/en\/shop\/\"},{\"@type\":\"ListItem\",\"position\":3,\"name\":\"MICHAEL KENNA : ARBRES\"}]},{\"@type\":\"WebSite\",\"@id\":\"https:\/\/librairie7l.com\/en\/#website\",\"url\":\"https:\/\/librairie7l.com\/en\/\",\"name\":\"Librairie 7L\",\"description\":\"Librairie fond\u00e9e en 1999 par Karl Lagerfeld \u00e0 Paris\",\"publisher\":{\"@id\":\"https:\/\/librairie7l.com\/en\/#organization\"},\"potentialAction\":[{\"@type\":\"SearchAction\",\"target\":{\"@type\":\"EntryPoint\",\"urlTemplate\":\"https:\/\/librairie7l.com\/en\/?s={search_term_string}\"},\"query-input\":\"required name=search_term_string\"}],\"inLanguage\":\"en-US\"},{\"@type\":\"Organization\",\"@id\":\"https:\/\/librairie7l.com\/en\/#organization\",\"name\":\"Librairie 7L\",\"url\":\"https:\/\/librairie7l.com\/en\/\",\"logo\":{\"@type\":\"ImageObject\",\"inLanguage\":\"en-US\",\"@id\":\"https:\/\/librairie7l.com\/en\/#\/schema\/logo\/image\/\",\"url\":\"https:\/\/librairie7l.com\/wp-content\/uploads\/2022\/08\/logo-1.png\",\"contentUrl\":\"https:\/\/librairie7l.com\/wp-content\/uploads\/2022\/08\/logo-1.png\",\"width\":227,\"height\":301,\"caption\":\"Librairie 7L\"},\"image\":{\"@id\":\"https:\/\/librairie7l.com\/en\/#\/schema\/logo\/image\/\"}}]}<\/script>\n<!-- \/ Yoast SEO plugin. -->","yoast_head_json":{"title":"MICHAEL KENNA : ARBRES - Librairie 7L","robots":{"index":"index","follow":"follow","max-snippet":"max-snippet:-1","max-image-preview":"max-image-preview:large","max-video-preview":"max-video-preview:-1"},"canonical":"https:\/\/librairie7l.com\/en\/produit\/michael-kenna-arbres\/","og_locale":"en_US","og_type":"article","og_title":"MICHAEL KENNA : ARBRES - Librairie 7L","og_description":"Michael Kenna au Domaine de Chaumont-sur-Loire Publi\u00e9 \u00e0 l&#8217;occasion de l&#8217;exposition &#8220;Arbres&#8221; organis\u00e9e au Domaine de Chaumont-sur-Loire, ce catalogue rassemble les plus belles photographies d&#8217;arbres de Michael Kenna. Le c\u00e9l\u00e8bre photographe parcourt le monde, depuis la France jusqu&#8217;en Nouvelle Z\u00e9lande en passant par les \u00c9tats-Unis et la Cor\u00e9e du sud, pour immortaliser arbres et for\u00eats. [&hellip;]","og_url":"https:\/\/librairie7l.com\/en\/produit\/michael-kenna-arbres\/","og_site_name":"Librairie 7L","article_modified_time":"2026-05-09T05:06:42+00:00","og_image":[{"width":400,"height":485,"url":"https:\/\/librairie7l.com\/wp-content\/uploads\/2022\/05\/9782370741943_1_75.jpg","type":"image\/jpeg"}],"twitter_card":"summary_large_image","twitter_misc":{"Est. reading time":"1 minute"},"schema":{"@context":"https:\/\/schema.org","@graph":[{"@type":"WebPage","@id":"https:\/\/librairie7l.com\/en\/produit\/michael-kenna-arbres\/","url":"https:\/\/librairie7l.com\/en\/produit\/michael-kenna-arbres\/","name":"MICHAEL KENNA : ARBRES - Librairie 7L","isPartOf":{"@id":"https:\/\/librairie7l.com\/en\/#website"},"datePublished":"2023-05-10T10:19:40+00:00","dateModified":"2026-05-09T05:06:42+00:00","breadcrumb":{"@id":"https:\/\/librairie7l.com\/en\/produit\/michael-kenna-arbres\/#breadcrumb"},"inLanguage":"en-US","potentialAction":[{"@type":"ReadAction","target":["https:\/\/librairie7l.com\/en\/produit\/michael-kenna-arbres\/"]}]},{"@type":"BreadcrumbList","@id":"https:\/\/librairie7l.com\/en\/produit\/michael-kenna-arbres\/#breadcrumb","itemListElement":[{"@type":"ListItem","position":1,"name":"Accueil","item":"https:\/\/librairie7l.com\/en\/"},{"@type":"ListItem","position":2,"name":"Shop","item":"https:\/\/librairie7l.com\/en\/shop\/"},{"@type":"ListItem","position":3,"name":"MICHAEL KENNA : ARBRES"}]},{"@type":"WebSite","@id":"https:\/\/librairie7l.com\/en\/#website","url":"https:\/\/librairie7l.com\/en\/","name":"Librairie 7L","description":"Librairie fond\u00e9e en 1999 par Karl Lagerfeld \u00e0 Paris","publisher":{"@id":"https:\/\/librairie7l.com\/en\/#organization"},"potentialAction":[{"@type":"SearchAction","target":{"@type":"EntryPoint","urlTemplate":"https:\/\/librairie7l.com\/en\/?s={search_term_string}"},"query-input":"required name=search_term_string"}],"inLanguage":"en-US"},{"@type":"Organization","@id":"https:\/\/librairie7l.com\/en\/#organization","name":"Librairie 7L","url":"https:\/\/librairie7l.com\/en\/","logo":{"@type":"ImageObject","inLanguage":"en-US","@id":"https:\/\/librairie7l.com\/en\/#\/schema\/logo\/image\/","url":"https:\/\/librairie7l.com\/wp-content\/uploads\/2022\/08\/logo-1.png","contentUrl":"https:\/\/librairie7l.com\/wp-content\/uploads\/2022\/08\/logo-1.png","width":227,"height":301,"caption":"Librairie 7L"},"image":{"@id":"https:\/\/librairie7l.com\/en\/#\/schema\/logo\/image\/"}}]}},"_links":{"self":[{"href":"https:\/\/librairie7l.com\/en\/wp-json\/wp\/v2\/product\/26743"}],"collection":[{"href":"https:\/\/librairie7l.com\/en\/wp-json\/wp\/v2\/product"}],"about":[{"href":"https:\/\/librairie7l.com\/en\/wp-json\/wp\/v2\/types\/product"}],"wp:featuredmedia":[{"embeddable":true,"href":"https:\/\/librairie7l.com\/en\/wp-json\/wp\/v2\/media\/26741"}],"wp:attachment":[{"href":"https:\/\/librairie7l.com\/en\/wp-json\/wp\/v2\/media?parent=26743"}],"wp:term":[{"taxonomy":"product_cat","embeddable":true,"href":"https:\/\/librairie7l.com\/en\/wp-json\/wp\/v2\/product_cat?post=26743"},{"taxonomy":"product_tag","embeddable":true,"href":"https:\/\/librairie7l.com\/en\/wp-json\/wp\/v2\/product_tag?post=26743"}],"curies":[{"name":"wp","href":"https:\/\/api.w.org\/{rel}","templated":true}]}}