{"id":26747,"date":"2023-05-10T12:19:43","date_gmt":"2023-05-10T10:19:43","guid":{"rendered":"https:\/\/librairie7l.com\/?post_type=product&#038;p=26747"},"modified":"2026-04-13T18:10:35","modified_gmt":"2026-04-13T16:10:35","slug":"family","status":"publish","type":"product","link":"https:\/\/librairie7l.com\/en\/produit\/family\/","title":{"rendered":"FAMILY"},"content":{"rendered":"<p>Bringing together the world of Parisian fashion house AMI with the singular gaze of photographers from the internationally acclaimed Magnum Photos agency and two guest artists, FAMILY presents a contemporary, intimate, and poignant vision of what family, in the broadest sense, means today.Foreword by Le\u00efla Slimani, author of The Perfect Nanny, for which she was awarded the Prix Goncourt.N\u00e9 de la rencontre entre la maison de mode AMI et le regard singulier des photographes de l&#8217;agence Magnum Photos et de deux artistes invit\u00e9s, FAMILY propose une vision contemporaine, intime et poignante de la famille dans son sens le plus large.Pr\u00e9face de Le\u00efla Slimani, prix Goncourt pour Une chanson douce.Magnum Photos:Alec Soth, Alessandra Sanguinetti et Jim Goldberg, Alex Majoli, Antoine d&#8217;Agata, Bieke Depoorter, Bruce Gilden, Christina de Middel, Hiroji Kubota, Lindokhule Sobekwa, Nanna Heitmann, Sabiha \u00c7imen, Yael Martinez.Guests:Cao Fei, Young Joo Lee.<\/p>\n","protected":false},"excerpt":{"rendered":"<p>Bringing together the world of Parisian fashion house AMI with the singular gaze of photographers from the internationally acclaimed Magnum Photos agency and two guest artists, FAMILY presents a contemporary, intimate, and poignant vision of what family, in the broadest sense, means today.Foreword by Le\u00efla Slimani, author of The Perfect Nanny, for which she was [&hellip;]<\/p>\n","protected":false},"featured_media":26745,"template":"","meta":[],"product_cat":[55,2948,2958,17],"product_tag":[],"acf":[],"yoast_head":"<!-- This site is optimized with the Yoast SEO plugin v20.11 - https:\/\/yoast.com\/wordpress\/plugins\/seo\/ -->\n<title>FAMILY - Librairie 7L<\/title>\n<meta name=\"robots\" content=\"index, follow, max-snippet:-1, max-image-preview:large, max-video-preview:-1\" \/>\n<link rel=\"canonical\" href=\"https:\/\/librairie7l.com\/en\/produit\/family\/\" \/>\n<meta property=\"og:locale\" content=\"en_US\" \/>\n<meta property=\"og:type\" content=\"article\" \/>\n<meta property=\"og:title\" content=\"FAMILY - Librairie 7L\" \/>\n<meta property=\"og:description\" content=\"Bringing together the world of Parisian fashion house AMI with the singular gaze of photographers from the internationally acclaimed Magnum Photos agency and two guest artists, FAMILY presents a contemporary, intimate, and poignant vision of what family, in the broadest sense, means today.Foreword by Le\u00efla Slimani, author of The Perfect Nanny, for which she was [&hellip;]\" \/>\n<meta property=\"og:url\" content=\"https:\/\/librairie7l.com\/en\/produit\/family\/\" \/>\n<meta property=\"og:site_name\" content=\"Librairie 7L\" \/>\n<meta property=\"article:modified_time\" content=\"2026-04-13T16:10:35+00:00\" \/>\n<meta property=\"og:image\" content=\"https:\/\/librairie7l.com\/wp-content\/uploads\/2022\/07\/9782080289254_1_75.jpg\" \/>\n\t<meta property=\"og:image:width\" content=\"600\" \/>\n\t<meta property=\"og:image:height\" content=\"851\" \/>\n\t<meta property=\"og:image:type\" content=\"image\/jpeg\" \/>\n<meta name=\"twitter:card\" content=\"summary_large_image\" \/>\n<meta name=\"twitter:label1\" content=\"Est. reading time\" \/>\n\t<meta name=\"twitter:data1\" content=\"1 minute\" \/>\n<script type=\"application\/ld+json\" class=\"yoast-schema-graph\">{\"@context\":\"https:\/\/schema.org\",\"@graph\":[{\"@type\":\"WebPage\",\"@id\":\"https:\/\/librairie7l.com\/en\/produit\/family\/\",\"url\":\"https:\/\/librairie7l.com\/en\/produit\/family\/\",\"name\":\"FAMILY - Librairie 7L\",\"isPartOf\":{\"@id\":\"https:\/\/librairie7l.com\/en\/#website\"},\"datePublished\":\"2023-05-10T10:19:43+00:00\",\"dateModified\":\"2026-04-13T16:10:35+00:00\",\"breadcrumb\":{\"@id\":\"https:\/\/librairie7l.com\/en\/produit\/family\/#breadcrumb\"},\"inLanguage\":\"en-US\",\"potentialAction\":[{\"@type\":\"ReadAction\",\"target\":[\"https:\/\/librairie7l.com\/en\/produit\/family\/\"]}]},{\"@type\":\"BreadcrumbList\",\"@id\":\"https:\/\/librairie7l.com\/en\/produit\/family\/#breadcrumb\",\"itemListElement\":[{\"@type\":\"ListItem\",\"position\":1,\"name\":\"Accueil\",\"item\":\"https:\/\/librairie7l.com\/en\/\"},{\"@type\":\"ListItem\",\"position\":2,\"name\":\"Shop\",\"item\":\"https:\/\/librairie7l.com\/en\/shop\/\"},{\"@type\":\"ListItem\",\"position\":3,\"name\":\"FAMILY\"}]},{\"@type\":\"WebSite\",\"@id\":\"https:\/\/librairie7l.com\/en\/#website\",\"url\":\"https:\/\/librairie7l.com\/en\/\",\"name\":\"Librairie 7L\",\"description\":\"Librairie fond\u00e9e en 1999 par Karl Lagerfeld \u00e0 Paris\",\"publisher\":{\"@id\":\"https:\/\/librairie7l.com\/en\/#organization\"},\"potentialAction\":[{\"@type\":\"SearchAction\",\"target\":{\"@type\":\"EntryPoint\",\"urlTemplate\":\"https:\/\/librairie7l.com\/en\/?s={search_term_string}\"},\"query-input\":\"required name=search_term_string\"}],\"inLanguage\":\"en-US\"},{\"@type\":\"Organization\",\"@id\":\"https:\/\/librairie7l.com\/en\/#organization\",\"name\":\"Librairie 7L\",\"url\":\"https:\/\/librairie7l.com\/en\/\",\"logo\":{\"@type\":\"ImageObject\",\"inLanguage\":\"en-US\",\"@id\":\"https:\/\/librairie7l.com\/en\/#\/schema\/logo\/image\/\",\"url\":\"https:\/\/librairie7l.com\/wp-content\/uploads\/2022\/08\/logo-1.png\",\"contentUrl\":\"https:\/\/librairie7l.com\/wp-content\/uploads\/2022\/08\/logo-1.png\",\"width\":227,\"height\":301,\"caption\":\"Librairie 7L\"},\"image\":{\"@id\":\"https:\/\/librairie7l.com\/en\/#\/schema\/logo\/image\/\"}}]}<\/script>\n<!-- \/ Yoast SEO plugin. -->","yoast_head_json":{"title":"FAMILY - Librairie 7L","robots":{"index":"index","follow":"follow","max-snippet":"max-snippet:-1","max-image-preview":"max-image-preview:large","max-video-preview":"max-video-preview:-1"},"canonical":"https:\/\/librairie7l.com\/en\/produit\/family\/","og_locale":"en_US","og_type":"article","og_title":"FAMILY - Librairie 7L","og_description":"Bringing together the world of Parisian fashion house AMI with the singular gaze of photographers from the internationally acclaimed Magnum Photos agency and two guest artists, FAMILY presents a contemporary, intimate, and poignant vision of what family, in the broadest sense, means today.Foreword by Le\u00efla Slimani, author of The Perfect Nanny, for which she was [&hellip;]","og_url":"https:\/\/librairie7l.com\/en\/produit\/family\/","og_site_name":"Librairie 7L","article_modified_time":"2026-04-13T16:10:35+00:00","og_image":[{"width":600,"height":851,"url":"https:\/\/librairie7l.com\/wp-content\/uploads\/2022\/07\/9782080289254_1_75.jpg","type":"image\/jpeg"}],"twitter_card":"summary_large_image","twitter_misc":{"Est. reading time":"1 minute"},"schema":{"@context":"https:\/\/schema.org","@graph":[{"@type":"WebPage","@id":"https:\/\/librairie7l.com\/en\/produit\/family\/","url":"https:\/\/librairie7l.com\/en\/produit\/family\/","name":"FAMILY - Librairie 7L","isPartOf":{"@id":"https:\/\/librairie7l.com\/en\/#website"},"datePublished":"2023-05-10T10:19:43+00:00","dateModified":"2026-04-13T16:10:35+00:00","breadcrumb":{"@id":"https:\/\/librairie7l.com\/en\/produit\/family\/#breadcrumb"},"inLanguage":"en-US","potentialAction":[{"@type":"ReadAction","target":["https:\/\/librairie7l.com\/en\/produit\/family\/"]}]},{"@type":"BreadcrumbList","@id":"https:\/\/librairie7l.com\/en\/produit\/family\/#breadcrumb","itemListElement":[{"@type":"ListItem","position":1,"name":"Accueil","item":"https:\/\/librairie7l.com\/en\/"},{"@type":"ListItem","position":2,"name":"Shop","item":"https:\/\/librairie7l.com\/en\/shop\/"},{"@type":"ListItem","position":3,"name":"FAMILY"}]},{"@type":"WebSite","@id":"https:\/\/librairie7l.com\/en\/#website","url":"https:\/\/librairie7l.com\/en\/","name":"Librairie 7L","description":"Librairie fond\u00e9e en 1999 par Karl Lagerfeld \u00e0 Paris","publisher":{"@id":"https:\/\/librairie7l.com\/en\/#organization"},"potentialAction":[{"@type":"SearchAction","target":{"@type":"EntryPoint","urlTemplate":"https:\/\/librairie7l.com\/en\/?s={search_term_string}"},"query-input":"required name=search_term_string"}],"inLanguage":"en-US"},{"@type":"Organization","@id":"https:\/\/librairie7l.com\/en\/#organization","name":"Librairie 7L","url":"https:\/\/librairie7l.com\/en\/","logo":{"@type":"ImageObject","inLanguage":"en-US","@id":"https:\/\/librairie7l.com\/en\/#\/schema\/logo\/image\/","url":"https:\/\/librairie7l.com\/wp-content\/uploads\/2022\/08\/logo-1.png","contentUrl":"https:\/\/librairie7l.com\/wp-content\/uploads\/2022\/08\/logo-1.png","width":227,"height":301,"caption":"Librairie 7L"},"image":{"@id":"https:\/\/librairie7l.com\/en\/#\/schema\/logo\/image\/"}}]}},"_links":{"self":[{"href":"https:\/\/librairie7l.com\/en\/wp-json\/wp\/v2\/product\/26747"}],"collection":[{"href":"https:\/\/librairie7l.com\/en\/wp-json\/wp\/v2\/product"}],"about":[{"href":"https:\/\/librairie7l.com\/en\/wp-json\/wp\/v2\/types\/product"}],"wp:featuredmedia":[{"embeddable":true,"href":"https:\/\/librairie7l.com\/en\/wp-json\/wp\/v2\/media\/26745"}],"wp:attachment":[{"href":"https:\/\/librairie7l.com\/en\/wp-json\/wp\/v2\/media?parent=26747"}],"wp:term":[{"taxonomy":"product_cat","embeddable":true,"href":"https:\/\/librairie7l.com\/en\/wp-json\/wp\/v2\/product_cat?post=26747"},{"taxonomy":"product_tag","embeddable":true,"href":"https:\/\/librairie7l.com\/en\/wp-json\/wp\/v2\/product_tag?post=26747"}],"curies":[{"name":"wp","href":"https:\/\/api.w.org\/{rel}","templated":true}]}}