{"id":26751,"date":"2023-05-10T12:19:57","date_gmt":"2023-05-10T10:19:57","guid":{"rendered":"https:\/\/librairie7l.com\/?post_type=product&#038;p=26751"},"modified":"2026-04-07T17:06:47","modified_gmt":"2026-04-07T15:06:47","slug":"larchitecture-est-un-sport-de-combat","status":"publish","type":"product","link":"https:\/\/librairie7l.com\/en\/produit\/larchitecture-est-un-sport-de-combat\/","title":{"rendered":"L&#8217;ARCHITECTURE EST UN SPORT DE COMBAT"},"content":{"rendered":"<p>Rudy Ricciotti est un architecte qui a le sens des mots et le go\u00fbt des sens et qui aime \u00e0 se faufiler entre deux id\u00e9es re\u00e7ues.<br \/>\nDans cet ouvrage, l&#8217;architecte internationalement reconnu explicite les principaux combats qu&#8217;il m\u00e8ne depuis plusieurs d\u00e9cennies, interrogeant de mani\u00e8re iconoclaste les enjeux et les perspectives de sa profession. Avec un r\u00e9alisme \u00e9loign\u00e9 de toute langue de bois, il est question :<br \/>\nDu salafisme architectural dominant les constructions contemporaines : une architecture qui refuse les signes de toute expression personnelle, pratiquant ainsi une forme d&#8217;exclusion contre les projets qui ne s&#8217;inscriraient pas dans le strict respect d&#8217;un minimalisme utilitaire \u00e0 l&#8217;anglo-saxonne.<br \/>\nDe la fourrure verte dont se drapent tous les &#8221; tartuffes &#8221; au chevet de l&#8217;environnement avec comme \u00e9tendard la norme HQE, alors qu&#8217;ils massacrent all\u00e8grement les savoirs faire des constructeurs, l&#8217;\u00e9conomie locale et la nature qu&#8217;ils s&#8217;imaginent d\u00e9fendre.<br \/>\nDe la pornographie de la r\u00e9glementation dont les d\u00e9fenseurs et principaux b\u00e9n\u00e9ficiaires renouvellent le champ de pouvoir en multipliant r\u00e8gles et cadres normatifs, sans aucune concertation sur les r\u00e9alit\u00e9s du m\u00e9tier.<br \/>\nDe la ma\u00eetrise d&#8217;ouvrage du Louvre et des coulisses du chantier du d\u00e9partement des Arts de l&#8217;Islam, projet qui vit d\u00e9filer trois Pr\u00e9sidents de la R\u00e9publique.<br \/>\nAu gr\u00e9 des sujets, seront \u00e9galement abord\u00e9s le lien entre art et architecture et quelques avis corrosifs sur d&#8217;autres travaux comme ceux de Rem Koolhaas.<\/p>\n","protected":false},"excerpt":{"rendered":"<p>Rudy Ricciotti est un architecte qui a le sens des mots et le go\u00fbt des sens et qui aime \u00e0 se faufiler entre deux id\u00e9es re\u00e7ues. Dans cet ouvrage, l&#8217;architecte internationalement reconnu explicite les principaux combats qu&#8217;il m\u00e8ne depuis plusieurs d\u00e9cennies, interrogeant de mani\u00e8re iconoclaste les enjeux et les perspectives de sa profession. Avec un [&hellip;]<\/p>\n","protected":false},"featured_media":26749,"template":"","meta":[],"product_cat":[55,2948,22,2950],"product_tag":[],"acf":[],"yoast_head":"<!-- This site is optimized with the Yoast SEO plugin v20.11 - https:\/\/yoast.com\/wordpress\/plugins\/seo\/ -->\n<title>L&#039;ARCHITECTURE EST UN SPORT DE COMBAT - Librairie 7L<\/title>\n<meta name=\"robots\" content=\"index, follow, max-snippet:-1, max-image-preview:large, max-video-preview:-1\" \/>\n<link rel=\"canonical\" href=\"https:\/\/librairie7l.com\/en\/produit\/larchitecture-est-un-sport-de-combat\/\" \/>\n<meta property=\"og:locale\" content=\"en_US\" \/>\n<meta property=\"og:type\" content=\"article\" \/>\n<meta property=\"og:title\" content=\"L&#039;ARCHITECTURE EST UN SPORT DE COMBAT - Librairie 7L\" \/>\n<meta property=\"og:description\" content=\"Rudy Ricciotti est un architecte qui a le sens des mots et le go\u00fbt des sens et qui aime \u00e0 se faufiler entre deux id\u00e9es re\u00e7ues. Dans cet ouvrage, l&#8217;architecte internationalement reconnu explicite les principaux combats qu&#8217;il m\u00e8ne depuis plusieurs d\u00e9cennies, interrogeant de mani\u00e8re iconoclaste les enjeux et les perspectives de sa profession. Avec un [&hellip;]\" \/>\n<meta property=\"og:url\" content=\"https:\/\/librairie7l.com\/en\/produit\/larchitecture-est-un-sport-de-combat\/\" \/>\n<meta property=\"og:site_name\" content=\"Librairie 7L\" \/>\n<meta property=\"article:modified_time\" content=\"2026-04-07T15:06:47+00:00\" \/>\n<meta property=\"og:image\" content=\"https:\/\/librairie7l.com\/wp-content\/uploads\/2012\/11\/9782845974623_1_75.jpg\" \/>\n\t<meta property=\"og:image:width\" content=\"618\" \/>\n\t<meta property=\"og:image:height\" content=\"1179\" \/>\n\t<meta property=\"og:image:type\" content=\"image\/jpeg\" \/>\n<meta name=\"twitter:card\" content=\"summary_large_image\" \/>\n<meta name=\"twitter:label1\" content=\"Est. reading time\" \/>\n\t<meta name=\"twitter:data1\" content=\"1 minute\" \/>\n<script type=\"application\/ld+json\" class=\"yoast-schema-graph\">{\"@context\":\"https:\/\/schema.org\",\"@graph\":[{\"@type\":\"WebPage\",\"@id\":\"https:\/\/librairie7l.com\/en\/produit\/larchitecture-est-un-sport-de-combat\/\",\"url\":\"https:\/\/librairie7l.com\/en\/produit\/larchitecture-est-un-sport-de-combat\/\",\"name\":\"L'ARCHITECTURE EST UN SPORT DE COMBAT - Librairie 7L\",\"isPartOf\":{\"@id\":\"https:\/\/librairie7l.com\/en\/#website\"},\"datePublished\":\"2023-05-10T10:19:57+00:00\",\"dateModified\":\"2026-04-07T15:06:47+00:00\",\"breadcrumb\":{\"@id\":\"https:\/\/librairie7l.com\/en\/produit\/larchitecture-est-un-sport-de-combat\/#breadcrumb\"},\"inLanguage\":\"en-US\",\"potentialAction\":[{\"@type\":\"ReadAction\",\"target\":[\"https:\/\/librairie7l.com\/en\/produit\/larchitecture-est-un-sport-de-combat\/\"]}]},{\"@type\":\"BreadcrumbList\",\"@id\":\"https:\/\/librairie7l.com\/en\/produit\/larchitecture-est-un-sport-de-combat\/#breadcrumb\",\"itemListElement\":[{\"@type\":\"ListItem\",\"position\":1,\"name\":\"Accueil\",\"item\":\"https:\/\/librairie7l.com\/en\/\"},{\"@type\":\"ListItem\",\"position\":2,\"name\":\"Shop\",\"item\":\"https:\/\/librairie7l.com\/en\/shop\/\"},{\"@type\":\"ListItem\",\"position\":3,\"name\":\"L&#8217;ARCHITECTURE EST UN SPORT DE COMBAT\"}]},{\"@type\":\"WebSite\",\"@id\":\"https:\/\/librairie7l.com\/en\/#website\",\"url\":\"https:\/\/librairie7l.com\/en\/\",\"name\":\"Librairie 7L\",\"description\":\"Librairie fond\u00e9e en 1999 par Karl Lagerfeld \u00e0 Paris\",\"publisher\":{\"@id\":\"https:\/\/librairie7l.com\/en\/#organization\"},\"potentialAction\":[{\"@type\":\"SearchAction\",\"target\":{\"@type\":\"EntryPoint\",\"urlTemplate\":\"https:\/\/librairie7l.com\/en\/?s={search_term_string}\"},\"query-input\":\"required name=search_term_string\"}],\"inLanguage\":\"en-US\"},{\"@type\":\"Organization\",\"@id\":\"https:\/\/librairie7l.com\/en\/#organization\",\"name\":\"Librairie 7L\",\"url\":\"https:\/\/librairie7l.com\/en\/\",\"logo\":{\"@type\":\"ImageObject\",\"inLanguage\":\"en-US\",\"@id\":\"https:\/\/librairie7l.com\/en\/#\/schema\/logo\/image\/\",\"url\":\"https:\/\/librairie7l.com\/wp-content\/uploads\/2022\/08\/logo-1.png\",\"contentUrl\":\"https:\/\/librairie7l.com\/wp-content\/uploads\/2022\/08\/logo-1.png\",\"width\":227,\"height\":301,\"caption\":\"Librairie 7L\"},\"image\":{\"@id\":\"https:\/\/librairie7l.com\/en\/#\/schema\/logo\/image\/\"}}]}<\/script>\n<!-- \/ Yoast SEO plugin. -->","yoast_head_json":{"title":"L'ARCHITECTURE EST UN SPORT DE COMBAT - Librairie 7L","robots":{"index":"index","follow":"follow","max-snippet":"max-snippet:-1","max-image-preview":"max-image-preview:large","max-video-preview":"max-video-preview:-1"},"canonical":"https:\/\/librairie7l.com\/en\/produit\/larchitecture-est-un-sport-de-combat\/","og_locale":"en_US","og_type":"article","og_title":"L'ARCHITECTURE EST UN SPORT DE COMBAT - Librairie 7L","og_description":"Rudy Ricciotti est un architecte qui a le sens des mots et le go\u00fbt des sens et qui aime \u00e0 se faufiler entre deux id\u00e9es re\u00e7ues. Dans cet ouvrage, l&#8217;architecte internationalement reconnu explicite les principaux combats qu&#8217;il m\u00e8ne depuis plusieurs d\u00e9cennies, interrogeant de mani\u00e8re iconoclaste les enjeux et les perspectives de sa profession. Avec un [&hellip;]","og_url":"https:\/\/librairie7l.com\/en\/produit\/larchitecture-est-un-sport-de-combat\/","og_site_name":"Librairie 7L","article_modified_time":"2026-04-07T15:06:47+00:00","og_image":[{"width":618,"height":1179,"url":"https:\/\/librairie7l.com\/wp-content\/uploads\/2012\/11\/9782845974623_1_75.jpg","type":"image\/jpeg"}],"twitter_card":"summary_large_image","twitter_misc":{"Est. reading time":"1 minute"},"schema":{"@context":"https:\/\/schema.org","@graph":[{"@type":"WebPage","@id":"https:\/\/librairie7l.com\/en\/produit\/larchitecture-est-un-sport-de-combat\/","url":"https:\/\/librairie7l.com\/en\/produit\/larchitecture-est-un-sport-de-combat\/","name":"L'ARCHITECTURE EST UN SPORT DE COMBAT - Librairie 7L","isPartOf":{"@id":"https:\/\/librairie7l.com\/en\/#website"},"datePublished":"2023-05-10T10:19:57+00:00","dateModified":"2026-04-07T15:06:47+00:00","breadcrumb":{"@id":"https:\/\/librairie7l.com\/en\/produit\/larchitecture-est-un-sport-de-combat\/#breadcrumb"},"inLanguage":"en-US","potentialAction":[{"@type":"ReadAction","target":["https:\/\/librairie7l.com\/en\/produit\/larchitecture-est-un-sport-de-combat\/"]}]},{"@type":"BreadcrumbList","@id":"https:\/\/librairie7l.com\/en\/produit\/larchitecture-est-un-sport-de-combat\/#breadcrumb","itemListElement":[{"@type":"ListItem","position":1,"name":"Accueil","item":"https:\/\/librairie7l.com\/en\/"},{"@type":"ListItem","position":2,"name":"Shop","item":"https:\/\/librairie7l.com\/en\/shop\/"},{"@type":"ListItem","position":3,"name":"L&#8217;ARCHITECTURE EST UN SPORT DE COMBAT"}]},{"@type":"WebSite","@id":"https:\/\/librairie7l.com\/en\/#website","url":"https:\/\/librairie7l.com\/en\/","name":"Librairie 7L","description":"Librairie fond\u00e9e en 1999 par Karl Lagerfeld \u00e0 Paris","publisher":{"@id":"https:\/\/librairie7l.com\/en\/#organization"},"potentialAction":[{"@type":"SearchAction","target":{"@type":"EntryPoint","urlTemplate":"https:\/\/librairie7l.com\/en\/?s={search_term_string}"},"query-input":"required name=search_term_string"}],"inLanguage":"en-US"},{"@type":"Organization","@id":"https:\/\/librairie7l.com\/en\/#organization","name":"Librairie 7L","url":"https:\/\/librairie7l.com\/en\/","logo":{"@type":"ImageObject","inLanguage":"en-US","@id":"https:\/\/librairie7l.com\/en\/#\/schema\/logo\/image\/","url":"https:\/\/librairie7l.com\/wp-content\/uploads\/2022\/08\/logo-1.png","contentUrl":"https:\/\/librairie7l.com\/wp-content\/uploads\/2022\/08\/logo-1.png","width":227,"height":301,"caption":"Librairie 7L"},"image":{"@id":"https:\/\/librairie7l.com\/en\/#\/schema\/logo\/image\/"}}]}},"_links":{"self":[{"href":"https:\/\/librairie7l.com\/en\/wp-json\/wp\/v2\/product\/26751"}],"collection":[{"href":"https:\/\/librairie7l.com\/en\/wp-json\/wp\/v2\/product"}],"about":[{"href":"https:\/\/librairie7l.com\/en\/wp-json\/wp\/v2\/types\/product"}],"wp:featuredmedia":[{"embeddable":true,"href":"https:\/\/librairie7l.com\/en\/wp-json\/wp\/v2\/media\/26749"}],"wp:attachment":[{"href":"https:\/\/librairie7l.com\/en\/wp-json\/wp\/v2\/media?parent=26751"}],"wp:term":[{"taxonomy":"product_cat","embeddable":true,"href":"https:\/\/librairie7l.com\/en\/wp-json\/wp\/v2\/product_cat?post=26751"},{"taxonomy":"product_tag","embeddable":true,"href":"https:\/\/librairie7l.com\/en\/wp-json\/wp\/v2\/product_tag?post=26751"}],"curies":[{"name":"wp","href":"https:\/\/api.w.org\/{rel}","templated":true}]}}