{"id":26755,"date":"2023-05-10T12:20:04","date_gmt":"2023-05-10T10:20:04","guid":{"rendered":"https:\/\/librairie7l.com\/?post_type=product&#038;p=26755"},"modified":"2026-05-05T08:23:51","modified_gmt":"2026-05-05T06:23:51","slug":"des-oiseaux-4","status":"publish","type":"product","link":"https:\/\/librairie7l.com\/en\/produit\/des-oiseaux-4\/","title":{"rendered":"DES OISEAUX"},"content":{"rendered":"<p>Ses oeuvres \u00e9tranges invitent le spectateur \u00e0 p\u00e9n\u00e9trer dans son esprit pour un voyage extr\u00eame : l&#8217;exploration des recoins de l&#8217;inconscient et de ses pulsions secr\u00e8tes. Pour la collection Des oiseaux, Ballen a r\u00e9alis\u00e9 une s\u00e9rie de photographies sp\u00e9cialement pour l&#8217;ouvrage. Dans des univers clos, o\u00f9 s&#8217;accumulent graffiti, signes, ombres et fragments, se jouent des histoires qui viennent bousculer notre regard. La fronti\u00e8re entre fantaisie et drame se floute. Le monde non logique d&#8217;une Alice au pays des merveilles, malicieuse et parfois pas si gentille, semble s&#8217;animer sous nos yeux. Oiseaux sagement pos\u00e9s parmi un d\u00e9cor de poup\u00e9e, surgissant derri\u00e8re un mur de carton p\u00e2te, \u00e9voluant au milieu de jouets abandonn\u00e9s et bris\u00e9s par un enfant m\u00e9content, ou encore jouant \u00e0 l&#8217;\u00e9quilibriste sur des ballons, s&#8217;acoquinant avec des ours en peluche, r\u00e9els ou dessin\u00e9s : tous participent au d\u00e9lire amus\u00e9 de l&#8217;artiste. Un g\u00e9ant patibulaire tient d\u00e9licatement dans sa main une colombe, deux pigeons semblent \u00e9lire pour leur future nich\u00e9e une perruque d&#8217;inspiration surr\u00e9aliste, ailleurs, deux tourterelles sont perch\u00e9es sur une cage \u00e0 oiseau dans laquelle se tient&#8230; un chien. Mains, pieds et bouches percent les murs, surgissent de mani\u00e8re incongrue. Entre effroi et rire, fantastique et po\u00e9sie de l&#8217;absurde, l&#8217;univers de Roger Ballen rappelle celui des films de Cocteau o\u00f9 se m\u00ealent lyrisme et sentiment de l&#8217;\u00e9trange.<br \/>\nLes oiseaux de Roger Ballen pulv\u00e9risent les codes de la repr\u00e9sentation, mais l&#8217;absurde n&#8217;est-il pas le miroir de nos songes ?<\/p>\n","protected":false},"excerpt":{"rendered":"<p>Ses oeuvres \u00e9tranges invitent le spectateur \u00e0 p\u00e9n\u00e9trer dans son esprit pour un voyage extr\u00eame : l&#8217;exploration des recoins de l&#8217;inconscient et de ses pulsions secr\u00e8tes. Pour la collection Des oiseaux, Ballen a r\u00e9alis\u00e9 une s\u00e9rie de photographies sp\u00e9cialement pour l&#8217;ouvrage. Dans des univers clos, o\u00f9 s&#8217;accumulent graffiti, signes, ombres et fragments, se jouent des [&hellip;]<\/p>\n","protected":false},"featured_media":26753,"template":"","meta":[],"product_cat":[55,2948,2958,17],"product_tag":[],"acf":[],"yoast_head":"<!-- This site is optimized with the Yoast SEO plugin v20.11 - https:\/\/yoast.com\/wordpress\/plugins\/seo\/ -->\n<title>DES OISEAUX - Librairie 7L<\/title>\n<meta name=\"robots\" content=\"index, follow, max-snippet:-1, max-image-preview:large, max-video-preview:-1\" \/>\n<link rel=\"canonical\" href=\"https:\/\/librairie7l.com\/en\/produit\/des-oiseaux-4\/\" \/>\n<meta property=\"og:locale\" content=\"en_US\" \/>\n<meta property=\"og:type\" content=\"article\" \/>\n<meta property=\"og:title\" content=\"DES OISEAUX - Librairie 7L\" \/>\n<meta property=\"og:description\" content=\"Ses oeuvres \u00e9tranges invitent le spectateur \u00e0 p\u00e9n\u00e9trer dans son esprit pour un voyage extr\u00eame : l&#8217;exploration des recoins de l&#8217;inconscient et de ses pulsions secr\u00e8tes. Pour la collection Des oiseaux, Ballen a r\u00e9alis\u00e9 une s\u00e9rie de photographies sp\u00e9cialement pour l&#8217;ouvrage. Dans des univers clos, o\u00f9 s&#8217;accumulent graffiti, signes, ombres et fragments, se jouent des [&hellip;]\" \/>\n<meta property=\"og:url\" content=\"https:\/\/librairie7l.com\/en\/produit\/des-oiseaux-4\/\" \/>\n<meta property=\"og:site_name\" content=\"Librairie 7L\" \/>\n<meta property=\"article:modified_time\" content=\"2026-05-05T06:23:51+00:00\" \/>\n<meta property=\"og:image\" content=\"https:\/\/librairie7l.com\/wp-content\/uploads\/2022\/04\/9782365113335_1_75.jpg\" \/>\n\t<meta property=\"og:image:width\" content=\"400\" \/>\n\t<meta property=\"og:image:height\" content=\"504\" \/>\n\t<meta property=\"og:image:type\" content=\"image\/jpeg\" \/>\n<meta name=\"twitter:card\" content=\"summary_large_image\" \/>\n<meta name=\"twitter:label1\" content=\"Est. reading time\" \/>\n\t<meta name=\"twitter:data1\" content=\"1 minute\" \/>\n<script type=\"application\/ld+json\" class=\"yoast-schema-graph\">{\"@context\":\"https:\/\/schema.org\",\"@graph\":[{\"@type\":\"WebPage\",\"@id\":\"https:\/\/librairie7l.com\/en\/produit\/des-oiseaux-4\/\",\"url\":\"https:\/\/librairie7l.com\/en\/produit\/des-oiseaux-4\/\",\"name\":\"DES OISEAUX - Librairie 7L\",\"isPartOf\":{\"@id\":\"https:\/\/librairie7l.com\/en\/#website\"},\"datePublished\":\"2023-05-10T10:20:04+00:00\",\"dateModified\":\"2026-05-05T06:23:51+00:00\",\"breadcrumb\":{\"@id\":\"https:\/\/librairie7l.com\/en\/produit\/des-oiseaux-4\/#breadcrumb\"},\"inLanguage\":\"en-US\",\"potentialAction\":[{\"@type\":\"ReadAction\",\"target\":[\"https:\/\/librairie7l.com\/en\/produit\/des-oiseaux-4\/\"]}]},{\"@type\":\"BreadcrumbList\",\"@id\":\"https:\/\/librairie7l.com\/en\/produit\/des-oiseaux-4\/#breadcrumb\",\"itemListElement\":[{\"@type\":\"ListItem\",\"position\":1,\"name\":\"Accueil\",\"item\":\"https:\/\/librairie7l.com\/en\/\"},{\"@type\":\"ListItem\",\"position\":2,\"name\":\"Shop\",\"item\":\"https:\/\/librairie7l.com\/en\/shop\/\"},{\"@type\":\"ListItem\",\"position\":3,\"name\":\"DES OISEAUX\"}]},{\"@type\":\"WebSite\",\"@id\":\"https:\/\/librairie7l.com\/en\/#website\",\"url\":\"https:\/\/librairie7l.com\/en\/\",\"name\":\"Librairie 7L\",\"description\":\"Librairie fond\u00e9e en 1999 par Karl Lagerfeld \u00e0 Paris\",\"publisher\":{\"@id\":\"https:\/\/librairie7l.com\/en\/#organization\"},\"potentialAction\":[{\"@type\":\"SearchAction\",\"target\":{\"@type\":\"EntryPoint\",\"urlTemplate\":\"https:\/\/librairie7l.com\/en\/?s={search_term_string}\"},\"query-input\":\"required name=search_term_string\"}],\"inLanguage\":\"en-US\"},{\"@type\":\"Organization\",\"@id\":\"https:\/\/librairie7l.com\/en\/#organization\",\"name\":\"Librairie 7L\",\"url\":\"https:\/\/librairie7l.com\/en\/\",\"logo\":{\"@type\":\"ImageObject\",\"inLanguage\":\"en-US\",\"@id\":\"https:\/\/librairie7l.com\/en\/#\/schema\/logo\/image\/\",\"url\":\"https:\/\/librairie7l.com\/wp-content\/uploads\/2022\/08\/logo-1.png\",\"contentUrl\":\"https:\/\/librairie7l.com\/wp-content\/uploads\/2022\/08\/logo-1.png\",\"width\":227,\"height\":301,\"caption\":\"Librairie 7L\"},\"image\":{\"@id\":\"https:\/\/librairie7l.com\/en\/#\/schema\/logo\/image\/\"}}]}<\/script>\n<!-- \/ Yoast SEO plugin. -->","yoast_head_json":{"title":"DES OISEAUX - Librairie 7L","robots":{"index":"index","follow":"follow","max-snippet":"max-snippet:-1","max-image-preview":"max-image-preview:large","max-video-preview":"max-video-preview:-1"},"canonical":"https:\/\/librairie7l.com\/en\/produit\/des-oiseaux-4\/","og_locale":"en_US","og_type":"article","og_title":"DES OISEAUX - Librairie 7L","og_description":"Ses oeuvres \u00e9tranges invitent le spectateur \u00e0 p\u00e9n\u00e9trer dans son esprit pour un voyage extr\u00eame : l&#8217;exploration des recoins de l&#8217;inconscient et de ses pulsions secr\u00e8tes. Pour la collection Des oiseaux, Ballen a r\u00e9alis\u00e9 une s\u00e9rie de photographies sp\u00e9cialement pour l&#8217;ouvrage. Dans des univers clos, o\u00f9 s&#8217;accumulent graffiti, signes, ombres et fragments, se jouent des [&hellip;]","og_url":"https:\/\/librairie7l.com\/en\/produit\/des-oiseaux-4\/","og_site_name":"Librairie 7L","article_modified_time":"2026-05-05T06:23:51+00:00","og_image":[{"width":400,"height":504,"url":"https:\/\/librairie7l.com\/wp-content\/uploads\/2022\/04\/9782365113335_1_75.jpg","type":"image\/jpeg"}],"twitter_card":"summary_large_image","twitter_misc":{"Est. reading time":"1 minute"},"schema":{"@context":"https:\/\/schema.org","@graph":[{"@type":"WebPage","@id":"https:\/\/librairie7l.com\/en\/produit\/des-oiseaux-4\/","url":"https:\/\/librairie7l.com\/en\/produit\/des-oiseaux-4\/","name":"DES OISEAUX - Librairie 7L","isPartOf":{"@id":"https:\/\/librairie7l.com\/en\/#website"},"datePublished":"2023-05-10T10:20:04+00:00","dateModified":"2026-05-05T06:23:51+00:00","breadcrumb":{"@id":"https:\/\/librairie7l.com\/en\/produit\/des-oiseaux-4\/#breadcrumb"},"inLanguage":"en-US","potentialAction":[{"@type":"ReadAction","target":["https:\/\/librairie7l.com\/en\/produit\/des-oiseaux-4\/"]}]},{"@type":"BreadcrumbList","@id":"https:\/\/librairie7l.com\/en\/produit\/des-oiseaux-4\/#breadcrumb","itemListElement":[{"@type":"ListItem","position":1,"name":"Accueil","item":"https:\/\/librairie7l.com\/en\/"},{"@type":"ListItem","position":2,"name":"Shop","item":"https:\/\/librairie7l.com\/en\/shop\/"},{"@type":"ListItem","position":3,"name":"DES OISEAUX"}]},{"@type":"WebSite","@id":"https:\/\/librairie7l.com\/en\/#website","url":"https:\/\/librairie7l.com\/en\/","name":"Librairie 7L","description":"Librairie fond\u00e9e en 1999 par Karl Lagerfeld \u00e0 Paris","publisher":{"@id":"https:\/\/librairie7l.com\/en\/#organization"},"potentialAction":[{"@type":"SearchAction","target":{"@type":"EntryPoint","urlTemplate":"https:\/\/librairie7l.com\/en\/?s={search_term_string}"},"query-input":"required name=search_term_string"}],"inLanguage":"en-US"},{"@type":"Organization","@id":"https:\/\/librairie7l.com\/en\/#organization","name":"Librairie 7L","url":"https:\/\/librairie7l.com\/en\/","logo":{"@type":"ImageObject","inLanguage":"en-US","@id":"https:\/\/librairie7l.com\/en\/#\/schema\/logo\/image\/","url":"https:\/\/librairie7l.com\/wp-content\/uploads\/2022\/08\/logo-1.png","contentUrl":"https:\/\/librairie7l.com\/wp-content\/uploads\/2022\/08\/logo-1.png","width":227,"height":301,"caption":"Librairie 7L"},"image":{"@id":"https:\/\/librairie7l.com\/en\/#\/schema\/logo\/image\/"}}]}},"_links":{"self":[{"href":"https:\/\/librairie7l.com\/en\/wp-json\/wp\/v2\/product\/26755"}],"collection":[{"href":"https:\/\/librairie7l.com\/en\/wp-json\/wp\/v2\/product"}],"about":[{"href":"https:\/\/librairie7l.com\/en\/wp-json\/wp\/v2\/types\/product"}],"wp:featuredmedia":[{"embeddable":true,"href":"https:\/\/librairie7l.com\/en\/wp-json\/wp\/v2\/media\/26753"}],"wp:attachment":[{"href":"https:\/\/librairie7l.com\/en\/wp-json\/wp\/v2\/media?parent=26755"}],"wp:term":[{"taxonomy":"product_cat","embeddable":true,"href":"https:\/\/librairie7l.com\/en\/wp-json\/wp\/v2\/product_cat?post=26755"},{"taxonomy":"product_tag","embeddable":true,"href":"https:\/\/librairie7l.com\/en\/wp-json\/wp\/v2\/product_tag?post=26755"}],"curies":[{"name":"wp","href":"https:\/\/api.w.org\/{rel}","templated":true}]}}