{"id":26767,"date":"2023-05-10T12:20:40","date_gmt":"2023-05-10T10:20:40","guid":{"rendered":"https:\/\/librairie7l.com\/?post_type=product&#038;p=26767"},"modified":"2026-04-07T03:43:29","modified_gmt":"2026-04-07T01:43:29","slug":"sam-szafran-un-gamin-des-halles-entretien-de-jean-clair-et-louis-deledicq","status":"publish","type":"product","link":"https:\/\/librairie7l.com\/en\/produit\/sam-szafran-un-gamin-des-halles-entretien-de-jean-clair-et-louis-deledicq\/","title":{"rendered":"SAM SZAFRAN : UN GAMIN DES HALLES, ENTRETIEN DE JEAN CLAIR ET LOUIS DELEDICQ"},"content":{"rendered":"<p>Nous avons tenu \u00e0 garder de cet \u00e9change avec Sam Szafran, qui eut lieu en 1999 dans son atelier, son caract\u00e8re propre, sans rien modifier de son vocabulaire, de sa syntaxe, sans effacer ses \u00e9carts, ses exc\u00e8s, ou toute incorrection de ton, de style ou de grammaire. C&#8217;\u00e9tait l\u00e0 respecter la singularit\u00e9 de l&#8217;artiste, en faire saisir la complexit\u00e9, entre raffinement et grossi\u00e8ret\u00e9, en faire r\u00e9entendre la voix, et retrouver la cadence. Samy, le gamin des rues, \u00e9tait le familier des Halles avant leur destruction, quand elles \u00e9taient encore le repaire de la faune brutale des vendeurs, voleurs et prostitu\u00e9es. Petit \u00e0 petit, lentement, il a \u00e9labor\u00e9 une peinture \u00e0 la sensibilit\u00e9 raffin\u00e9e, d&#8217;une grande \u00e9rudition. Le barbouilleur, ignorant tout de l&#8217;enseignement de sa pratique, deviendra l&#8217;un des plus grands peintres de son temps.Jean Clair<\/p>\n","protected":false},"excerpt":{"rendered":"<p>Nous avons tenu \u00e0 garder de cet \u00e9change avec Sam Szafran, qui eut lieu en 1999 dans son atelier, son caract\u00e8re propre, sans rien modifier de son vocabulaire, de sa syntaxe, sans effacer ses \u00e9carts, ses exc\u00e8s, ou toute incorrection de ton, de style ou de grammaire. C&#8217;\u00e9tait l\u00e0 respecter la singularit\u00e9 de l&#8217;artiste, en [&hellip;]<\/p>\n","protected":false},"featured_media":26765,"template":"","meta":[],"product_cat":[55,2948,47,2953],"product_tag":[],"acf":[],"yoast_head":"<!-- This site is optimized with the Yoast SEO plugin v20.11 - https:\/\/yoast.com\/wordpress\/plugins\/seo\/ -->\n<title>SAM SZAFRAN : UN GAMIN DES HALLES, ENTRETIEN DE JEAN CLAIR ET LOUIS DELEDICQ - Librairie 7L<\/title>\n<meta name=\"robots\" content=\"index, follow, max-snippet:-1, max-image-preview:large, max-video-preview:-1\" \/>\n<link rel=\"canonical\" href=\"https:\/\/librairie7l.com\/en\/produit\/sam-szafran-un-gamin-des-halles-entretien-de-jean-clair-et-louis-deledicq\/\" \/>\n<meta property=\"og:locale\" content=\"en_US\" \/>\n<meta property=\"og:type\" content=\"article\" \/>\n<meta property=\"og:title\" content=\"SAM SZAFRAN : UN GAMIN DES HALLES, ENTRETIEN DE JEAN CLAIR ET LOUIS DELEDICQ - Librairie 7L\" \/>\n<meta property=\"og:description\" content=\"Nous avons tenu \u00e0 garder de cet \u00e9change avec Sam Szafran, qui eut lieu en 1999 dans son atelier, son caract\u00e8re propre, sans rien modifier de son vocabulaire, de sa syntaxe, sans effacer ses \u00e9carts, ses exc\u00e8s, ou toute incorrection de ton, de style ou de grammaire. C&#8217;\u00e9tait l\u00e0 respecter la singularit\u00e9 de l&#8217;artiste, en [&hellip;]\" \/>\n<meta property=\"og:url\" content=\"https:\/\/librairie7l.com\/en\/produit\/sam-szafran-un-gamin-des-halles-entretien-de-jean-clair-et-louis-deledicq\/\" \/>\n<meta property=\"og:site_name\" content=\"Librairie 7L\" \/>\n<meta property=\"article:modified_time\" content=\"2026-04-07T01:43:29+00:00\" \/>\n<meta property=\"og:image\" content=\"https:\/\/librairie7l.com\/wp-content\/uploads\/2022\/04\/9782080291097_1_75.jpg\" \/>\n\t<meta property=\"og:image:width\" content=\"600\" \/>\n\t<meta property=\"og:image:height\" content=\"930\" \/>\n\t<meta property=\"og:image:type\" content=\"image\/jpeg\" \/>\n<meta name=\"twitter:card\" content=\"summary_large_image\" \/>\n<meta name=\"twitter:label1\" content=\"Est. reading time\" \/>\n\t<meta name=\"twitter:data1\" content=\"1 minute\" \/>\n<script type=\"application\/ld+json\" class=\"yoast-schema-graph\">{\"@context\":\"https:\/\/schema.org\",\"@graph\":[{\"@type\":\"WebPage\",\"@id\":\"https:\/\/librairie7l.com\/en\/produit\/sam-szafran-un-gamin-des-halles-entretien-de-jean-clair-et-louis-deledicq\/\",\"url\":\"https:\/\/librairie7l.com\/en\/produit\/sam-szafran-un-gamin-des-halles-entretien-de-jean-clair-et-louis-deledicq\/\",\"name\":\"SAM SZAFRAN : UN GAMIN DES HALLES, ENTRETIEN DE JEAN CLAIR ET LOUIS DELEDICQ - Librairie 7L\",\"isPartOf\":{\"@id\":\"https:\/\/librairie7l.com\/en\/#website\"},\"datePublished\":\"2023-05-10T10:20:40+00:00\",\"dateModified\":\"2026-04-07T01:43:29+00:00\",\"breadcrumb\":{\"@id\":\"https:\/\/librairie7l.com\/en\/produit\/sam-szafran-un-gamin-des-halles-entretien-de-jean-clair-et-louis-deledicq\/#breadcrumb\"},\"inLanguage\":\"en-US\",\"potentialAction\":[{\"@type\":\"ReadAction\",\"target\":[\"https:\/\/librairie7l.com\/en\/produit\/sam-szafran-un-gamin-des-halles-entretien-de-jean-clair-et-louis-deledicq\/\"]}]},{\"@type\":\"BreadcrumbList\",\"@id\":\"https:\/\/librairie7l.com\/en\/produit\/sam-szafran-un-gamin-des-halles-entretien-de-jean-clair-et-louis-deledicq\/#breadcrumb\",\"itemListElement\":[{\"@type\":\"ListItem\",\"position\":1,\"name\":\"Accueil\",\"item\":\"https:\/\/librairie7l.com\/en\/\"},{\"@type\":\"ListItem\",\"position\":2,\"name\":\"Shop\",\"item\":\"https:\/\/librairie7l.com\/en\/shop\/\"},{\"@type\":\"ListItem\",\"position\":3,\"name\":\"SAM SZAFRAN : UN GAMIN DES HALLES, ENTRETIEN DE JEAN CLAIR ET LOUIS DELEDICQ\"}]},{\"@type\":\"WebSite\",\"@id\":\"https:\/\/librairie7l.com\/en\/#website\",\"url\":\"https:\/\/librairie7l.com\/en\/\",\"name\":\"Librairie 7L\",\"description\":\"Librairie fond\u00e9e en 1999 par Karl Lagerfeld \u00e0 Paris\",\"publisher\":{\"@id\":\"https:\/\/librairie7l.com\/en\/#organization\"},\"potentialAction\":[{\"@type\":\"SearchAction\",\"target\":{\"@type\":\"EntryPoint\",\"urlTemplate\":\"https:\/\/librairie7l.com\/en\/?s={search_term_string}\"},\"query-input\":\"required name=search_term_string\"}],\"inLanguage\":\"en-US\"},{\"@type\":\"Organization\",\"@id\":\"https:\/\/librairie7l.com\/en\/#organization\",\"name\":\"Librairie 7L\",\"url\":\"https:\/\/librairie7l.com\/en\/\",\"logo\":{\"@type\":\"ImageObject\",\"inLanguage\":\"en-US\",\"@id\":\"https:\/\/librairie7l.com\/en\/#\/schema\/logo\/image\/\",\"url\":\"https:\/\/librairie7l.com\/wp-content\/uploads\/2022\/08\/logo-1.png\",\"contentUrl\":\"https:\/\/librairie7l.com\/wp-content\/uploads\/2022\/08\/logo-1.png\",\"width\":227,\"height\":301,\"caption\":\"Librairie 7L\"},\"image\":{\"@id\":\"https:\/\/librairie7l.com\/en\/#\/schema\/logo\/image\/\"}}]}<\/script>\n<!-- \/ Yoast SEO plugin. -->","yoast_head_json":{"title":"SAM SZAFRAN : UN GAMIN DES HALLES, ENTRETIEN DE JEAN CLAIR ET LOUIS DELEDICQ - Librairie 7L","robots":{"index":"index","follow":"follow","max-snippet":"max-snippet:-1","max-image-preview":"max-image-preview:large","max-video-preview":"max-video-preview:-1"},"canonical":"https:\/\/librairie7l.com\/en\/produit\/sam-szafran-un-gamin-des-halles-entretien-de-jean-clair-et-louis-deledicq\/","og_locale":"en_US","og_type":"article","og_title":"SAM SZAFRAN : UN GAMIN DES HALLES, ENTRETIEN DE JEAN CLAIR ET LOUIS DELEDICQ - Librairie 7L","og_description":"Nous avons tenu \u00e0 garder de cet \u00e9change avec Sam Szafran, qui eut lieu en 1999 dans son atelier, son caract\u00e8re propre, sans rien modifier de son vocabulaire, de sa syntaxe, sans effacer ses \u00e9carts, ses exc\u00e8s, ou toute incorrection de ton, de style ou de grammaire. C&#8217;\u00e9tait l\u00e0 respecter la singularit\u00e9 de l&#8217;artiste, en [&hellip;]","og_url":"https:\/\/librairie7l.com\/en\/produit\/sam-szafran-un-gamin-des-halles-entretien-de-jean-clair-et-louis-deledicq\/","og_site_name":"Librairie 7L","article_modified_time":"2026-04-07T01:43:29+00:00","og_image":[{"width":600,"height":930,"url":"https:\/\/librairie7l.com\/wp-content\/uploads\/2022\/04\/9782080291097_1_75.jpg","type":"image\/jpeg"}],"twitter_card":"summary_large_image","twitter_misc":{"Est. reading time":"1 minute"},"schema":{"@context":"https:\/\/schema.org","@graph":[{"@type":"WebPage","@id":"https:\/\/librairie7l.com\/en\/produit\/sam-szafran-un-gamin-des-halles-entretien-de-jean-clair-et-louis-deledicq\/","url":"https:\/\/librairie7l.com\/en\/produit\/sam-szafran-un-gamin-des-halles-entretien-de-jean-clair-et-louis-deledicq\/","name":"SAM SZAFRAN : UN GAMIN DES HALLES, ENTRETIEN DE JEAN CLAIR ET LOUIS DELEDICQ - Librairie 7L","isPartOf":{"@id":"https:\/\/librairie7l.com\/en\/#website"},"datePublished":"2023-05-10T10:20:40+00:00","dateModified":"2026-04-07T01:43:29+00:00","breadcrumb":{"@id":"https:\/\/librairie7l.com\/en\/produit\/sam-szafran-un-gamin-des-halles-entretien-de-jean-clair-et-louis-deledicq\/#breadcrumb"},"inLanguage":"en-US","potentialAction":[{"@type":"ReadAction","target":["https:\/\/librairie7l.com\/en\/produit\/sam-szafran-un-gamin-des-halles-entretien-de-jean-clair-et-louis-deledicq\/"]}]},{"@type":"BreadcrumbList","@id":"https:\/\/librairie7l.com\/en\/produit\/sam-szafran-un-gamin-des-halles-entretien-de-jean-clair-et-louis-deledicq\/#breadcrumb","itemListElement":[{"@type":"ListItem","position":1,"name":"Accueil","item":"https:\/\/librairie7l.com\/en\/"},{"@type":"ListItem","position":2,"name":"Shop","item":"https:\/\/librairie7l.com\/en\/shop\/"},{"@type":"ListItem","position":3,"name":"SAM SZAFRAN : UN GAMIN DES HALLES, ENTRETIEN DE JEAN CLAIR ET LOUIS DELEDICQ"}]},{"@type":"WebSite","@id":"https:\/\/librairie7l.com\/en\/#website","url":"https:\/\/librairie7l.com\/en\/","name":"Librairie 7L","description":"Librairie fond\u00e9e en 1999 par Karl Lagerfeld \u00e0 Paris","publisher":{"@id":"https:\/\/librairie7l.com\/en\/#organization"},"potentialAction":[{"@type":"SearchAction","target":{"@type":"EntryPoint","urlTemplate":"https:\/\/librairie7l.com\/en\/?s={search_term_string}"},"query-input":"required name=search_term_string"}],"inLanguage":"en-US"},{"@type":"Organization","@id":"https:\/\/librairie7l.com\/en\/#organization","name":"Librairie 7L","url":"https:\/\/librairie7l.com\/en\/","logo":{"@type":"ImageObject","inLanguage":"en-US","@id":"https:\/\/librairie7l.com\/en\/#\/schema\/logo\/image\/","url":"https:\/\/librairie7l.com\/wp-content\/uploads\/2022\/08\/logo-1.png","contentUrl":"https:\/\/librairie7l.com\/wp-content\/uploads\/2022\/08\/logo-1.png","width":227,"height":301,"caption":"Librairie 7L"},"image":{"@id":"https:\/\/librairie7l.com\/en\/#\/schema\/logo\/image\/"}}]}},"_links":{"self":[{"href":"https:\/\/librairie7l.com\/en\/wp-json\/wp\/v2\/product\/26767"}],"collection":[{"href":"https:\/\/librairie7l.com\/en\/wp-json\/wp\/v2\/product"}],"about":[{"href":"https:\/\/librairie7l.com\/en\/wp-json\/wp\/v2\/types\/product"}],"wp:featuredmedia":[{"embeddable":true,"href":"https:\/\/librairie7l.com\/en\/wp-json\/wp\/v2\/media\/26765"}],"wp:attachment":[{"href":"https:\/\/librairie7l.com\/en\/wp-json\/wp\/v2\/media?parent=26767"}],"wp:term":[{"taxonomy":"product_cat","embeddable":true,"href":"https:\/\/librairie7l.com\/en\/wp-json\/wp\/v2\/product_cat?post=26767"},{"taxonomy":"product_tag","embeddable":true,"href":"https:\/\/librairie7l.com\/en\/wp-json\/wp\/v2\/product_tag?post=26767"}],"curies":[{"name":"wp","href":"https:\/\/api.w.org\/{rel}","templated":true}]}}